{"id":4772,"date":"2025-10-12T13:35:12","date_gmt":"2025-10-12T11:35:12","guid":{"rendered":"https:\/\/www.fuss-ev.de\/lindau\/?page_id=4772"},"modified":"2025-10-12T13:35:12","modified_gmt":"2025-10-12T11:35:12","slug":"gehcheck-hafenplatz-lindau-bodensee","status":"publish","type":"page","link":"https:\/\/www.fuss-ev.de\/lindau\/gehcheck-hafenplatz-lindau-bodensee\/","title":{"rendered":"Gehcheck Hafenplatz &#8211; Lindau (Bodensee)"},"content":{"rendered":"<p><span style=\"font-size: 18pt\"><strong>Gehcheck Hafenplatz<\/strong><\/span><\/p>\n<p><img loading=\"lazy\" decoding=\"async\" class=\"alignnone wp-image-4775\" src=\"https:\/\/www.fuss-ev.de\/lindau\/wp-content\/uploads\/sites\/31\/2025\/10\/Hafenplatz-Lindau-Eingang-West-300x112.jpg\" alt=\"\" width=\"402\" height=\"150\" srcset=\"https:\/\/www.fuss-ev.de\/lindau\/wp-content\/uploads\/sites\/31\/2025\/10\/Hafenplatz-Lindau-Eingang-West-300x112.jpg 300w, https:\/\/www.fuss-ev.de\/lindau\/wp-content\/uploads\/sites\/31\/2025\/10\/Hafenplatz-Lindau-Eingang-West-1024x384.jpg 1024w, https:\/\/www.fuss-ev.de\/lindau\/wp-content\/uploads\/sites\/31\/2025\/10\/Hafenplatz-Lindau-Eingang-West-768x288.jpg 768w, https:\/\/www.fuss-ev.de\/lindau\/wp-content\/uploads\/sites\/31\/2025\/10\/Hafenplatz-Lindau-Eingang-West-1536x576.jpg 1536w, https:\/\/www.fuss-ev.de\/lindau\/wp-content\/uploads\/sites\/31\/2025\/10\/Hafenplatz-Lindau-Eingang-West.jpg 1628w\" sizes=\"auto, (max-width: 402px) 100vw, 402px\" \/>\u00a0 \u00a0 <img loading=\"lazy\" decoding=\"async\" class=\"alignnone wp-image-4778\" src=\"https:\/\/www.fuss-ev.de\/lindau\/wp-content\/uploads\/sites\/31\/2025\/10\/Hafenplatz-Lindau-2-Formen-des-Radverkehrs-300x187.jpg\" alt=\"\" width=\"240\" height=\"150\" srcset=\"https:\/\/www.fuss-ev.de\/lindau\/wp-content\/uploads\/sites\/31\/2025\/10\/Hafenplatz-Lindau-2-Formen-des-Radverkehrs-300x187.jpg 300w, https:\/\/www.fuss-ev.de\/lindau\/wp-content\/uploads\/sites\/31\/2025\/10\/Hafenplatz-Lindau-2-Formen-des-Radverkehrs-1024x637.jpg 1024w, https:\/\/www.fuss-ev.de\/lindau\/wp-content\/uploads\/sites\/31\/2025\/10\/Hafenplatz-Lindau-2-Formen-des-Radverkehrs-768x478.jpg 768w, https:\/\/www.fuss-ev.de\/lindau\/wp-content\/uploads\/sites\/31\/2025\/10\/Hafenplatz-Lindau-2-Formen-des-Radverkehrs-1536x956.jpg 1536w, https:\/\/www.fuss-ev.de\/lindau\/wp-content\/uploads\/sites\/31\/2025\/10\/Hafenplatz-Lindau-2-Formen-des-Radverkehrs-2048x1275.jpg 2048w\" sizes=\"auto, (max-width: 240px) 100vw, 240px\" \/><\/p>\n<p><span style=\"font-family: georgia, palatino, serif\">Der Hafenplatz ist einer der wichtigsten Orte in Lindau und zieht viele Touristen an. Das hohe Fu\u00dfverkehrsaufkommen gepaart mit dem am Hafenplatz unerlaubten Zweiradverkehr sorgt f\u00fcr regelm\u00e4\u00dfige Konflikte. Dar\u00fcber hinaus gibt es<\/span><span style=\"font-family: georgia, palatino, serif\">\u00a0in diesem Bereich viel zu verbessern. In diesem Gehcheck werden 9 Standorte unter Ber\u00fccksichtigung der folgenden Aspekte untersucht:<\/span><\/p>\n<p><span style=\"font-family: georgia, palatino, serif\">&#8211; Sicherheit,<\/span><\/p>\n<p><span style=\"font-family: georgia, palatino, serif\">&#8211; Aufenthaltsqualit\u00e4t,<\/span><\/p>\n<p><span style=\"font-family: georgia, palatino, serif\">&#8211; Analyse der aktuellen Verkehrssituation (Fu\u00df-, Zweirad- und Autoverkehr).<\/span><\/p>\n<p><span style=\"font-family: georgia, palatino, serif\">Entsprechende Verbesserungsvorschl\u00e4ge werden formuliert.<\/span><\/p>\n<p>Eine detaillierte Protokollierung befindet sich unter dem folgenden Link:<\/p>\n<p><a href=\"https:\/\/www.fuss-ev.de\/lindau\/wp-content\/uploads\/sites\/31\/2025\/10\/Gehcheck-Hafenplatz.pdf\" rel=\"attachment wp-att-4774\">Gehcheck Hafenplatz<\/a><\/p>\n<p><img loading=\"lazy\" decoding=\"async\" class=\"alignnone wp-image-4777\" src=\"https:\/\/www.fuss-ev.de\/lindau\/wp-content\/uploads\/sites\/31\/2025\/10\/Hafenplatz-Lindau-Rueberplatz-Brunnen-300x93.jpg\" alt=\"\" width=\"342\" height=\"106\" srcset=\"https:\/\/www.fuss-ev.de\/lindau\/wp-content\/uploads\/sites\/31\/2025\/10\/Hafenplatz-Lindau-Rueberplatz-Brunnen-300x93.jpg 300w, https:\/\/www.fuss-ev.de\/lindau\/wp-content\/uploads\/sites\/31\/2025\/10\/Hafenplatz-Lindau-Rueberplatz-Brunnen-1024x316.jpg 1024w, https:\/\/www.fuss-ev.de\/lindau\/wp-content\/uploads\/sites\/31\/2025\/10\/Hafenplatz-Lindau-Rueberplatz-Brunnen-768x237.jpg 768w, https:\/\/www.fuss-ev.de\/lindau\/wp-content\/uploads\/sites\/31\/2025\/10\/Hafenplatz-Lindau-Rueberplatz-Brunnen-1536x475.jpg 1536w, https:\/\/www.fuss-ev.de\/lindau\/wp-content\/uploads\/sites\/31\/2025\/10\/Hafenplatz-Lindau-Rueberplatz-Brunnen-2048x633.jpg 2048w\" sizes=\"auto, (max-width: 342px) 100vw, 342px\" \/>\u00a0 \u00a0 \u00a0 \u00a0 <img loading=\"lazy\" decoding=\"async\" class=\"alignnone wp-image-4776\" src=\"https:\/\/www.fuss-ev.de\/lindau\/wp-content\/uploads\/sites\/31\/2025\/10\/Hafenplatz-Lindau-Historische-Tafeln-1-300x124.jpg\" alt=\"\" width=\"256\" height=\"106\" srcset=\"https:\/\/www.fuss-ev.de\/lindau\/wp-content\/uploads\/sites\/31\/2025\/10\/Hafenplatz-Lindau-Historische-Tafeln-1-300x124.jpg 300w, https:\/\/www.fuss-ev.de\/lindau\/wp-content\/uploads\/sites\/31\/2025\/10\/Hafenplatz-Lindau-Historische-Tafeln-1-1024x423.jpg 1024w, https:\/\/www.fuss-ev.de\/lindau\/wp-content\/uploads\/sites\/31\/2025\/10\/Hafenplatz-Lindau-Historische-Tafeln-1-768x317.jpg 768w, https:\/\/www.fuss-ev.de\/lindau\/wp-content\/uploads\/sites\/31\/2025\/10\/Hafenplatz-Lindau-Historische-Tafeln-1-1536x634.jpg 1536w, https:\/\/www.fuss-ev.de\/lindau\/wp-content\/uploads\/sites\/31\/2025\/10\/Hafenplatz-Lindau-Historische-Tafeln-1.jpg 1894w\" sizes=\"auto, (max-width: 256px) 100vw, 256px\" \/><\/p>\n","protected":false},"excerpt":{"rendered":"<p>Gehcheck Hafenplatz \u00a0 \u00a0 Der Hafenplatz ist einer der wichtigsten Orte in Lindau und zieht viele Touristen an. Das hohe Fu\u00dfverkehrsaufkommen gepaart mit dem am Hafenplatz unerlaubten Zweiradverkehr sorgt f\u00fcr regelm\u00e4\u00dfige Konflikte. Dar\u00fcber hinaus gibt [&hellip;]<\/p>\n","protected":false},"author":72,"featured_media":0,"parent":0,"menu_order":1,"comment_status":"closed","ping_status":"closed","template":"","meta":{"_acf_changed":false,"_relevanssi_hide_post":"","_relevanssi_hide_content":"","_relevanssi_pin_for_all":"","_relevanssi_pin_keywords":"","_relevanssi_unpin_keywords":"","_relevanssi_related_keywords":"","_relevanssi_related_include_ids":"","_relevanssi_related_exclude_ids":"","_relevanssi_related_no_append":"","_relevanssi_related_not_related":"","_relevanssi_related_posts":"","_relevanssi_noindex_reason":"","footnotes":""},"class_list":["post-4772","page","type-page","status-publish","hentry"],"acf":[],"yoast_head":"<!-- This site is optimized with the Yoast SEO plugin v27.4 - https:\/\/yoast.com\/product\/yoast-seo-wordpress\/ -->\n<title>Gehcheck Hafenplatz - Lindau (Bodensee) - FUSS e.V. Lindau<\/title>\n<meta name=\"description\" content=\"Gehcheck Marktplatz Sicherheit Fu\u00dfverkehr Radverkehr Barrierefreiheit Parkpl\u00e4tze Spielplatz Museum\" \/>\n<meta name=\"robots\" content=\"noindex, follow, max-snippet:-1, max-image-preview:large, max-video-preview:-1\" \/>\n<meta property=\"og:locale\" content=\"de_DE\" \/>\n<meta property=\"og:type\" content=\"article\" \/>\n<meta property=\"og:title\" content=\"Gehcheck Hafenplatz - Lindau (Bodensee) - FUSS e.V. Lindau\" \/>\n<meta property=\"og:description\" content=\"Gehcheck Marktplatz Sicherheit Fu\u00dfverkehr Radverkehr Barrierefreiheit Parkpl\u00e4tze Spielplatz Museum\" \/>\n<meta property=\"og:url\" content=\"https:\/\/www.fuss-ev.de\/lindau\/gehcheck-hafenplatz-lindau-bodensee\/\" \/>\n<meta property=\"og:site_name\" content=\"FUSS e.V. Lindau\" \/>\n<meta property=\"og:image\" content=\"https:\/\/www.fuss-ev.de\/lindau\/wp-content\/uploads\/sites\/31\/2025\/10\/Hafenplatz-Lindau-Eingang-West.jpg\" \/>\n\t<meta property=\"og:image:width\" content=\"1628\" \/>\n\t<meta property=\"og:image:height\" content=\"610\" \/>\n\t<meta property=\"og:image:type\" content=\"image\/jpeg\" \/>\n<meta name=\"twitter:card\" content=\"summary_large_image\" \/>\n<meta name=\"twitter:label1\" content=\"Gesch\u00e4tzte Lesezeit\" \/>\n\t<meta name=\"twitter:data1\" content=\"2\u00a0Minuten\" \/>\n<script type=\"application\/ld+json\" class=\"yoast-schema-graph\">{\"@context\":\"https:\\\/\\\/schema.org\",\"@graph\":[{\"@type\":\"WebPage\",\"@id\":\"https:\\\/\\\/www.fuss-ev.de\\\/lindau\\\/gehcheck-hafenplatz-lindau-bodensee\\\/\",\"url\":\"https:\\\/\\\/www.fuss-ev.de\\\/lindau\\\/gehcheck-hafenplatz-lindau-bodensee\\\/\",\"name\":\"Gehcheck Hafenplatz - Lindau (Bodensee) - FUSS e.V. Lindau\",\"isPartOf\":{\"@id\":\"https:\\\/\\\/www.fuss-ev.de\\\/lindau\\\/#website\"},\"primaryImageOfPage\":{\"@id\":\"https:\\\/\\\/www.fuss-ev.de\\\/lindau\\\/gehcheck-hafenplatz-lindau-bodensee\\\/#primaryimage\"},\"image\":{\"@id\":\"https:\\\/\\\/www.fuss-ev.de\\\/lindau\\\/gehcheck-hafenplatz-lindau-bodensee\\\/#primaryimage\"},\"thumbnailUrl\":\"https:\\\/\\\/www.fuss-ev.de\\\/lindau\\\/wp-content\\\/uploads\\\/sites\\\/31\\\/2025\\\/10\\\/Hafenplatz-Lindau-Eingang-West-300x112.jpg\",\"datePublished\":\"2025-10-12T11:35:12+00:00\",\"description\":\"Gehcheck Marktplatz Sicherheit Fu\u00dfverkehr Radverkehr Barrierefreiheit Parkpl\u00e4tze Spielplatz Museum\",\"breadcrumb\":{\"@id\":\"https:\\\/\\\/www.fuss-ev.de\\\/lindau\\\/gehcheck-hafenplatz-lindau-bodensee\\\/#breadcrumb\"},\"inLanguage\":\"de\",\"potentialAction\":[{\"@type\":\"ReadAction\",\"target\":[\"https:\\\/\\\/www.fuss-ev.de\\\/lindau\\\/gehcheck-hafenplatz-lindau-bodensee\\\/\"]}]},{\"@type\":\"ImageObject\",\"inLanguage\":\"de\",\"@id\":\"https:\\\/\\\/www.fuss-ev.de\\\/lindau\\\/gehcheck-hafenplatz-lindau-bodensee\\\/#primaryimage\",\"url\":\"https:\\\/\\\/www.fuss-ev.de\\\/lindau\\\/wp-content\\\/uploads\\\/sites\\\/31\\\/2025\\\/10\\\/Hafenplatz-Lindau-Eingang-West.jpg\",\"contentUrl\":\"https:\\\/\\\/www.fuss-ev.de\\\/lindau\\\/wp-content\\\/uploads\\\/sites\\\/31\\\/2025\\\/10\\\/Hafenplatz-Lindau-Eingang-West.jpg\",\"width\":1628,\"height\":610},{\"@type\":\"BreadcrumbList\",\"@id\":\"https:\\\/\\\/www.fuss-ev.de\\\/lindau\\\/gehcheck-hafenplatz-lindau-bodensee\\\/#breadcrumb\",\"itemListElement\":[{\"@type\":\"ListItem\",\"position\":1,\"name\":\"Startseite\",\"item\":\"https:\\\/\\\/www.fuss-ev.de\\\/lindau\\\/\"},{\"@type\":\"ListItem\",\"position\":2,\"name\":\"Gehcheck Hafenplatz &#8211; Lindau (Bodensee)\"}]},{\"@type\":\"WebSite\",\"@id\":\"https:\\\/\\\/www.fuss-ev.de\\\/lindau\\\/#website\",\"url\":\"https:\\\/\\\/www.fuss-ev.de\\\/lindau\\\/\",\"name\":\"FUSS e.V. Lindau\",\"description\":\"\",\"publisher\":{\"@id\":\"https:\\\/\\\/www.fuss-ev.de\\\/lindau\\\/#organization\"},\"potentialAction\":[{\"@type\":\"SearchAction\",\"target\":{\"@type\":\"EntryPoint\",\"urlTemplate\":\"https:\\\/\\\/www.fuss-ev.de\\\/lindau\\\/?s={search_term_string}\"},\"query-input\":{\"@type\":\"PropertyValueSpecification\",\"valueRequired\":true,\"valueName\":\"search_term_string\"}}],\"inLanguage\":\"de\"},{\"@type\":\"Organization\",\"@id\":\"https:\\\/\\\/www.fuss-ev.de\\\/lindau\\\/#organization\",\"name\":\"FUSS e.V. Lindau\",\"url\":\"https:\\\/\\\/www.fuss-ev.de\\\/lindau\\\/\",\"logo\":{\"@type\":\"ImageObject\",\"inLanguage\":\"de\",\"@id\":\"https:\\\/\\\/www.fuss-ev.de\\\/lindau\\\/#\\\/schema\\\/logo\\\/image\\\/\",\"url\":\"https:\\\/\\\/www.fuss-ev.de\\\/lindau\\\/wp-content\\\/uploads\\\/sites\\\/31\\\/2025\\\/01\\\/FUSS_Logo.jpg\",\"contentUrl\":\"https:\\\/\\\/www.fuss-ev.de\\\/lindau\\\/wp-content\\\/uploads\\\/sites\\\/31\\\/2025\\\/01\\\/FUSS_Logo.jpg\",\"width\":2082,\"height\":979,\"caption\":\"FUSS e.V. Lindau\"},\"image\":{\"@id\":\"https:\\\/\\\/www.fuss-ev.de\\\/lindau\\\/#\\\/schema\\\/logo\\\/image\\\/\"}}]}<\/script>\n<!-- \/ Yoast SEO plugin. -->","yoast_head_json":{"title":"Gehcheck Hafenplatz - Lindau (Bodensee) - FUSS e.V. Lindau","description":"Gehcheck Marktplatz Sicherheit Fu\u00dfverkehr Radverkehr Barrierefreiheit Parkpl\u00e4tze Spielplatz Museum","robots":{"index":"noindex","follow":"follow","max-snippet":"max-snippet:-1","max-image-preview":"max-image-preview:large","max-video-preview":"max-video-preview:-1"},"og_locale":"de_DE","og_type":"article","og_title":"Gehcheck Hafenplatz - Lindau (Bodensee) - FUSS e.V. Lindau","og_description":"Gehcheck Marktplatz Sicherheit Fu\u00dfverkehr Radverkehr Barrierefreiheit Parkpl\u00e4tze Spielplatz Museum","og_url":"https:\/\/www.fuss-ev.de\/lindau\/gehcheck-hafenplatz-lindau-bodensee\/","og_site_name":"FUSS e.V. Lindau","og_image":[{"width":1628,"height":610,"url":"https:\/\/www.fuss-ev.de\/lindau\/wp-content\/uploads\/sites\/31\/2025\/10\/Hafenplatz-Lindau-Eingang-West.jpg","type":"image\/jpeg"}],"twitter_card":"summary_large_image","twitter_misc":{"Gesch\u00e4tzte Lesezeit":"2\u00a0Minuten"},"schema":{"@context":"https:\/\/schema.org","@graph":[{"@type":"WebPage","@id":"https:\/\/www.fuss-ev.de\/lindau\/gehcheck-hafenplatz-lindau-bodensee\/","url":"https:\/\/www.fuss-ev.de\/lindau\/gehcheck-hafenplatz-lindau-bodensee\/","name":"Gehcheck Hafenplatz - Lindau (Bodensee) - FUSS e.V. Lindau","isPartOf":{"@id":"https:\/\/www.fuss-ev.de\/lindau\/#website"},"primaryImageOfPage":{"@id":"https:\/\/www.fuss-ev.de\/lindau\/gehcheck-hafenplatz-lindau-bodensee\/#primaryimage"},"image":{"@id":"https:\/\/www.fuss-ev.de\/lindau\/gehcheck-hafenplatz-lindau-bodensee\/#primaryimage"},"thumbnailUrl":"https:\/\/www.fuss-ev.de\/lindau\/wp-content\/uploads\/sites\/31\/2025\/10\/Hafenplatz-Lindau-Eingang-West-300x112.jpg","datePublished":"2025-10-12T11:35:12+00:00","description":"Gehcheck Marktplatz Sicherheit Fu\u00dfverkehr Radverkehr Barrierefreiheit Parkpl\u00e4tze Spielplatz Museum","breadcrumb":{"@id":"https:\/\/www.fuss-ev.de\/lindau\/gehcheck-hafenplatz-lindau-bodensee\/#breadcrumb"},"inLanguage":"de","potentialAction":[{"@type":"ReadAction","target":["https:\/\/www.fuss-ev.de\/lindau\/gehcheck-hafenplatz-lindau-bodensee\/"]}]},{"@type":"ImageObject","inLanguage":"de","@id":"https:\/\/www.fuss-ev.de\/lindau\/gehcheck-hafenplatz-lindau-bodensee\/#primaryimage","url":"https:\/\/www.fuss-ev.de\/lindau\/wp-content\/uploads\/sites\/31\/2025\/10\/Hafenplatz-Lindau-Eingang-West.jpg","contentUrl":"https:\/\/www.fuss-ev.de\/lindau\/wp-content\/uploads\/sites\/31\/2025\/10\/Hafenplatz-Lindau-Eingang-West.jpg","width":1628,"height":610},{"@type":"BreadcrumbList","@id":"https:\/\/www.fuss-ev.de\/lindau\/gehcheck-hafenplatz-lindau-bodensee\/#breadcrumb","itemListElement":[{"@type":"ListItem","position":1,"name":"Startseite","item":"https:\/\/www.fuss-ev.de\/lindau\/"},{"@type":"ListItem","position":2,"name":"Gehcheck Hafenplatz &#8211; Lindau (Bodensee)"}]},{"@type":"WebSite","@id":"https:\/\/www.fuss-ev.de\/lindau\/#website","url":"https:\/\/www.fuss-ev.de\/lindau\/","name":"FUSS e.V. Lindau","description":"","publisher":{"@id":"https:\/\/www.fuss-ev.de\/lindau\/#organization"},"potentialAction":[{"@type":"SearchAction","target":{"@type":"EntryPoint","urlTemplate":"https:\/\/www.fuss-ev.de\/lindau\/?s={search_term_string}"},"query-input":{"@type":"PropertyValueSpecification","valueRequired":true,"valueName":"search_term_string"}}],"inLanguage":"de"},{"@type":"Organization","@id":"https:\/\/www.fuss-ev.de\/lindau\/#organization","name":"FUSS e.V. Lindau","url":"https:\/\/www.fuss-ev.de\/lindau\/","logo":{"@type":"ImageObject","inLanguage":"de","@id":"https:\/\/www.fuss-ev.de\/lindau\/#\/schema\/logo\/image\/","url":"https:\/\/www.fuss-ev.de\/lindau\/wp-content\/uploads\/sites\/31\/2025\/01\/FUSS_Logo.jpg","contentUrl":"https:\/\/www.fuss-ev.de\/lindau\/wp-content\/uploads\/sites\/31\/2025\/01\/FUSS_Logo.jpg","width":2082,"height":979,"caption":"FUSS e.V. Lindau"},"image":{"@id":"https:\/\/www.fuss-ev.de\/lindau\/#\/schema\/logo\/image\/"}}]}},"publishpress_future_action":{"enabled":false,"date":"2026-05-08 11:26:51","action":"change-status","newStatus":"draft","terms":[],"taxonomy":"","extraData":[]},"publishpress_future_workflow_manual_trigger":{"enabledWorkflows":[]},"_links":{"self":[{"href":"https:\/\/www.fuss-ev.de\/lindau\/wp-json\/wp\/v2\/pages\/4772","targetHints":{"allow":["GET"]}}],"collection":[{"href":"https:\/\/www.fuss-ev.de\/lindau\/wp-json\/wp\/v2\/pages"}],"about":[{"href":"https:\/\/www.fuss-ev.de\/lindau\/wp-json\/wp\/v2\/types\/page"}],"author":[{"embeddable":true,"href":"https:\/\/www.fuss-ev.de\/lindau\/wp-json\/wp\/v2\/users\/72"}],"replies":[{"embeddable":true,"href":"https:\/\/www.fuss-ev.de\/lindau\/wp-json\/wp\/v2\/comments?post=4772"}],"version-history":[{"count":2,"href":"https:\/\/www.fuss-ev.de\/lindau\/wp-json\/wp\/v2\/pages\/4772\/revisions"}],"predecessor-version":[{"id":4779,"href":"https:\/\/www.fuss-ev.de\/lindau\/wp-json\/wp\/v2\/pages\/4772\/revisions\/4779"}],"wp:attachment":[{"href":"https:\/\/www.fuss-ev.de\/lindau\/wp-json\/wp\/v2\/media?parent=4772"}],"curies":[{"name":"wp","href":"https:\/\/api.w.org\/{rel}","templated":true}]}}