{"id":4732,"date":"2025-10-11T11:15:12","date_gmt":"2025-10-11T09:15:12","guid":{"rendered":"https:\/\/www.fuss-ev.de\/lindau\/?page_id=4732"},"modified":"2025-10-11T11:15:12","modified_gmt":"2025-10-11T09:15:12","slug":"gehcheck","status":"publish","type":"page","link":"https:\/\/www.fuss-ev.de\/lindau\/gehcheck\/","title":{"rendered":"Gehcheck"},"content":{"rendered":"<div class=\"wpb-content-wrapper\"><p><img loading=\"lazy\" decoding=\"async\" class=\"alignnone wp-image-4746\" src=\"https:\/\/www.fuss-ev.de\/lindau\/wp-content\/uploads\/sites\/31\/2025\/10\/Gehcheck.jpg\" alt=\"\" width=\"297\" height=\"170\" \/>\u00a0 <img loading=\"lazy\" decoding=\"async\" class=\"alignnone wp-image-4747\" src=\"https:\/\/www.fuss-ev.de\/lindau\/wp-content\/uploads\/sites\/31\/2025\/10\/Gehcheck2.jpg\" alt=\"\" width=\"255\" height=\"170\" \/><\/p>\n<p>[vc_row][vc_column][vc_column_text]<\/p>\n<p>Ein Gehcheck ist eine Methode, um Schwachstellen wie Hindernisse und Gefahrenstellen auf Wegen zu identifizieren, aber auch positive Qualit\u00e4ten des Fu\u00dfverkehrs zu erfassen.<\/p>\n<p>Der Gehcheck dient dazu, die Bedingungen f\u00fcr Fu\u00dfg\u00e4ngerinnen und Fu\u00dfg\u00e4nger zu verbessern, indem er detaillierte Informationen \u00fcber die Qualit\u00e4t des Fu\u00dfverkehrsnetzes liefert.<\/p>\n<p><span data-huuid=\"3954257431673729231\">Der Gehcheck ist kein klassischer M\u00e4ngelmelder, der Probleme automatisch an die zust\u00e4ndigen Beh\u00f6rden weiterleitet. <\/span><span data-huuid=\"3954257431673732846\">Vielmehr handelt es sich um ein verkehrspolitisches Werkzeug, das die B\u00fcrgerinnen und B\u00fcrger aktiv in die Analyse und Verbesserung der Fu\u00dfverkehrsqualit\u00e4t einbindet.<\/span><\/p>\n<p>[\/vc_column_text][\/vc_column][\/vc_row]<\/p>\n<\/div>","protected":false},"excerpt":{"rendered":"<p>\u00a0 [vc_row][vc_column][vc_column_text] Ein Gehcheck ist eine Methode, um Schwachstellen wie Hindernisse und Gefahrenstellen auf Wegen zu identifizieren, aber auch positive Qualit\u00e4ten des Fu\u00dfverkehrs zu erfassen. Der Gehcheck dient dazu, die Bedingungen f\u00fcr Fu\u00dfg\u00e4ngerinnen und Fu\u00dfg\u00e4nger [&hellip;]<\/p>\n","protected":false},"author":72,"featured_media":0,"parent":0,"menu_order":0,"comment_status":"closed","ping_status":"closed","template":"","meta":{"_acf_changed":false,"_relevanssi_hide_post":"","_relevanssi_hide_content":"","_relevanssi_pin_for_all":"","_relevanssi_pin_keywords":"","_relevanssi_unpin_keywords":"","_relevanssi_related_keywords":"","_relevanssi_related_include_ids":"","_relevanssi_related_exclude_ids":"","_relevanssi_related_no_append":"","_relevanssi_related_not_related":"","_relevanssi_related_posts":"","_relevanssi_noindex_reason":"","footnotes":""},"class_list":["post-4732","page","type-page","status-publish","hentry"],"acf":[],"yoast_head":"<!-- This site is optimized with the Yoast SEO plugin v27.4 - https:\/\/yoast.com\/product\/yoast-seo-wordpress\/ -->\n<title>Gehcheck - FUSS e.V. Lindau<\/title>\n<meta name=\"robots\" content=\"noindex, follow, max-snippet:-1, max-image-preview:large, max-video-preview:-1\" \/>\n<meta property=\"og:locale\" content=\"de_DE\" \/>\n<meta property=\"og:type\" content=\"article\" \/>\n<meta property=\"og:title\" content=\"Gehcheck - FUSS e.V. Lindau\" \/>\n<meta property=\"og:description\" content=\"\u00a0 [vc_row][vc_column][vc_column_text] Ein Gehcheck ist eine Methode, um Schwachstellen wie Hindernisse und Gefahrenstellen auf Wegen zu identifizieren, aber auch positive Qualit\u00e4ten des Fu\u00dfverkehrs zu erfassen. Der Gehcheck dient dazu, die Bedingungen f\u00fcr Fu\u00dfg\u00e4ngerinnen und Fu\u00dfg\u00e4nger [&hellip;]\" \/>\n<meta property=\"og:url\" content=\"https:\/\/www.fuss-ev.de\/lindau\/gehcheck\/\" \/>\n<meta property=\"og:site_name\" content=\"FUSS e.V. Lindau\" \/>\n<meta property=\"og:image\" content=\"https:\/\/www.fuss-ev.de\/lindau\/wp-content\/uploads\/sites\/31\/2025\/10\/Gehcheck.jpg\" \/>\n\t<meta property=\"og:image:width\" content=\"297\" \/>\n\t<meta property=\"og:image:height\" content=\"170\" \/>\n\t<meta property=\"og:image:type\" content=\"image\/jpeg\" \/>\n<meta name=\"twitter:card\" content=\"summary_large_image\" \/>\n<meta name=\"twitter:label1\" content=\"Gesch\u00e4tzte Lesezeit\" \/>\n\t<meta name=\"twitter:data1\" content=\"1\u00a0Minute\" \/>\n<script type=\"application\/ld+json\" class=\"yoast-schema-graph\">{\"@context\":\"https:\\\/\\\/schema.org\",\"@graph\":[{\"@type\":\"WebPage\",\"@id\":\"https:\\\/\\\/www.fuss-ev.de\\\/lindau\\\/gehcheck\\\/\",\"url\":\"https:\\\/\\\/www.fuss-ev.de\\\/lindau\\\/gehcheck\\\/\",\"name\":\"Gehcheck - FUSS e.V. Lindau\",\"isPartOf\":{\"@id\":\"https:\\\/\\\/www.fuss-ev.de\\\/lindau\\\/#website\"},\"primaryImageOfPage\":{\"@id\":\"https:\\\/\\\/www.fuss-ev.de\\\/lindau\\\/gehcheck\\\/#primaryimage\"},\"image\":{\"@id\":\"https:\\\/\\\/www.fuss-ev.de\\\/lindau\\\/gehcheck\\\/#primaryimage\"},\"thumbnailUrl\":\"https:\\\/\\\/www.fuss-ev.de\\\/lindau\\\/wp-content\\\/uploads\\\/sites\\\/31\\\/2025\\\/10\\\/Gehcheck.jpg\",\"datePublished\":\"2025-10-11T09:15:12+00:00\",\"breadcrumb\":{\"@id\":\"https:\\\/\\\/www.fuss-ev.de\\\/lindau\\\/gehcheck\\\/#breadcrumb\"},\"inLanguage\":\"de\",\"potentialAction\":[{\"@type\":\"ReadAction\",\"target\":[\"https:\\\/\\\/www.fuss-ev.de\\\/lindau\\\/gehcheck\\\/\"]}]},{\"@type\":\"ImageObject\",\"inLanguage\":\"de\",\"@id\":\"https:\\\/\\\/www.fuss-ev.de\\\/lindau\\\/gehcheck\\\/#primaryimage\",\"url\":\"https:\\\/\\\/www.fuss-ev.de\\\/lindau\\\/wp-content\\\/uploads\\\/sites\\\/31\\\/2025\\\/10\\\/Gehcheck.jpg\",\"contentUrl\":\"https:\\\/\\\/www.fuss-ev.de\\\/lindau\\\/wp-content\\\/uploads\\\/sites\\\/31\\\/2025\\\/10\\\/Gehcheck.jpg\",\"width\":297,\"height\":170},{\"@type\":\"BreadcrumbList\",\"@id\":\"https:\\\/\\\/www.fuss-ev.de\\\/lindau\\\/gehcheck\\\/#breadcrumb\",\"itemListElement\":[{\"@type\":\"ListItem\",\"position\":1,\"name\":\"Startseite\",\"item\":\"https:\\\/\\\/www.fuss-ev.de\\\/lindau\\\/\"},{\"@type\":\"ListItem\",\"position\":2,\"name\":\"Gehcheck\"}]},{\"@type\":\"WebSite\",\"@id\":\"https:\\\/\\\/www.fuss-ev.de\\\/lindau\\\/#website\",\"url\":\"https:\\\/\\\/www.fuss-ev.de\\\/lindau\\\/\",\"name\":\"FUSS e.V. Lindau\",\"description\":\"\",\"publisher\":{\"@id\":\"https:\\\/\\\/www.fuss-ev.de\\\/lindau\\\/#organization\"},\"potentialAction\":[{\"@type\":\"SearchAction\",\"target\":{\"@type\":\"EntryPoint\",\"urlTemplate\":\"https:\\\/\\\/www.fuss-ev.de\\\/lindau\\\/?s={search_term_string}\"},\"query-input\":{\"@type\":\"PropertyValueSpecification\",\"valueRequired\":true,\"valueName\":\"search_term_string\"}}],\"inLanguage\":\"de\"},{\"@type\":\"Organization\",\"@id\":\"https:\\\/\\\/www.fuss-ev.de\\\/lindau\\\/#organization\",\"name\":\"FUSS e.V. Lindau\",\"url\":\"https:\\\/\\\/www.fuss-ev.de\\\/lindau\\\/\",\"logo\":{\"@type\":\"ImageObject\",\"inLanguage\":\"de\",\"@id\":\"https:\\\/\\\/www.fuss-ev.de\\\/lindau\\\/#\\\/schema\\\/logo\\\/image\\\/\",\"url\":\"https:\\\/\\\/www.fuss-ev.de\\\/lindau\\\/wp-content\\\/uploads\\\/sites\\\/31\\\/2025\\\/01\\\/FUSS_Logo.jpg\",\"contentUrl\":\"https:\\\/\\\/www.fuss-ev.de\\\/lindau\\\/wp-content\\\/uploads\\\/sites\\\/31\\\/2025\\\/01\\\/FUSS_Logo.jpg\",\"width\":2082,\"height\":979,\"caption\":\"FUSS e.V. Lindau\"},\"image\":{\"@id\":\"https:\\\/\\\/www.fuss-ev.de\\\/lindau\\\/#\\\/schema\\\/logo\\\/image\\\/\"}}]}<\/script>\n<!-- \/ Yoast SEO plugin. -->","yoast_head_json":{"title":"Gehcheck - FUSS e.V. Lindau","robots":{"index":"noindex","follow":"follow","max-snippet":"max-snippet:-1","max-image-preview":"max-image-preview:large","max-video-preview":"max-video-preview:-1"},"og_locale":"de_DE","og_type":"article","og_title":"Gehcheck - FUSS e.V. Lindau","og_description":"\u00a0 [vc_row][vc_column][vc_column_text] Ein Gehcheck ist eine Methode, um Schwachstellen wie Hindernisse und Gefahrenstellen auf Wegen zu identifizieren, aber auch positive Qualit\u00e4ten des Fu\u00dfverkehrs zu erfassen. Der Gehcheck dient dazu, die Bedingungen f\u00fcr Fu\u00dfg\u00e4ngerinnen und Fu\u00dfg\u00e4nger [&hellip;]","og_url":"https:\/\/www.fuss-ev.de\/lindau\/gehcheck\/","og_site_name":"FUSS e.V. Lindau","og_image":[{"width":297,"height":170,"url":"https:\/\/www.fuss-ev.de\/lindau\/wp-content\/uploads\/sites\/31\/2025\/10\/Gehcheck.jpg","type":"image\/jpeg"}],"twitter_card":"summary_large_image","twitter_misc":{"Gesch\u00e4tzte Lesezeit":"1\u00a0Minute"},"schema":{"@context":"https:\/\/schema.org","@graph":[{"@type":"WebPage","@id":"https:\/\/www.fuss-ev.de\/lindau\/gehcheck\/","url":"https:\/\/www.fuss-ev.de\/lindau\/gehcheck\/","name":"Gehcheck - FUSS e.V. Lindau","isPartOf":{"@id":"https:\/\/www.fuss-ev.de\/lindau\/#website"},"primaryImageOfPage":{"@id":"https:\/\/www.fuss-ev.de\/lindau\/gehcheck\/#primaryimage"},"image":{"@id":"https:\/\/www.fuss-ev.de\/lindau\/gehcheck\/#primaryimage"},"thumbnailUrl":"https:\/\/www.fuss-ev.de\/lindau\/wp-content\/uploads\/sites\/31\/2025\/10\/Gehcheck.jpg","datePublished":"2025-10-11T09:15:12+00:00","breadcrumb":{"@id":"https:\/\/www.fuss-ev.de\/lindau\/gehcheck\/#breadcrumb"},"inLanguage":"de","potentialAction":[{"@type":"ReadAction","target":["https:\/\/www.fuss-ev.de\/lindau\/gehcheck\/"]}]},{"@type":"ImageObject","inLanguage":"de","@id":"https:\/\/www.fuss-ev.de\/lindau\/gehcheck\/#primaryimage","url":"https:\/\/www.fuss-ev.de\/lindau\/wp-content\/uploads\/sites\/31\/2025\/10\/Gehcheck.jpg","contentUrl":"https:\/\/www.fuss-ev.de\/lindau\/wp-content\/uploads\/sites\/31\/2025\/10\/Gehcheck.jpg","width":297,"height":170},{"@type":"BreadcrumbList","@id":"https:\/\/www.fuss-ev.de\/lindau\/gehcheck\/#breadcrumb","itemListElement":[{"@type":"ListItem","position":1,"name":"Startseite","item":"https:\/\/www.fuss-ev.de\/lindau\/"},{"@type":"ListItem","position":2,"name":"Gehcheck"}]},{"@type":"WebSite","@id":"https:\/\/www.fuss-ev.de\/lindau\/#website","url":"https:\/\/www.fuss-ev.de\/lindau\/","name":"FUSS e.V. Lindau","description":"","publisher":{"@id":"https:\/\/www.fuss-ev.de\/lindau\/#organization"},"potentialAction":[{"@type":"SearchAction","target":{"@type":"EntryPoint","urlTemplate":"https:\/\/www.fuss-ev.de\/lindau\/?s={search_term_string}"},"query-input":{"@type":"PropertyValueSpecification","valueRequired":true,"valueName":"search_term_string"}}],"inLanguage":"de"},{"@type":"Organization","@id":"https:\/\/www.fuss-ev.de\/lindau\/#organization","name":"FUSS e.V. Lindau","url":"https:\/\/www.fuss-ev.de\/lindau\/","logo":{"@type":"ImageObject","inLanguage":"de","@id":"https:\/\/www.fuss-ev.de\/lindau\/#\/schema\/logo\/image\/","url":"https:\/\/www.fuss-ev.de\/lindau\/wp-content\/uploads\/sites\/31\/2025\/01\/FUSS_Logo.jpg","contentUrl":"https:\/\/www.fuss-ev.de\/lindau\/wp-content\/uploads\/sites\/31\/2025\/01\/FUSS_Logo.jpg","width":2082,"height":979,"caption":"FUSS e.V. Lindau"},"image":{"@id":"https:\/\/www.fuss-ev.de\/lindau\/#\/schema\/logo\/image\/"}}]}},"publishpress_future_action":{"enabled":false,"date":"2026-05-08 11:26:20","action":"change-status","newStatus":"draft","terms":[],"taxonomy":"","extraData":[]},"publishpress_future_workflow_manual_trigger":{"enabledWorkflows":[]},"_links":{"self":[{"href":"https:\/\/www.fuss-ev.de\/lindau\/wp-json\/wp\/v2\/pages\/4732","targetHints":{"allow":["GET"]}}],"collection":[{"href":"https:\/\/www.fuss-ev.de\/lindau\/wp-json\/wp\/v2\/pages"}],"about":[{"href":"https:\/\/www.fuss-ev.de\/lindau\/wp-json\/wp\/v2\/types\/page"}],"author":[{"embeddable":true,"href":"https:\/\/www.fuss-ev.de\/lindau\/wp-json\/wp\/v2\/users\/72"}],"replies":[{"embeddable":true,"href":"https:\/\/www.fuss-ev.de\/lindau\/wp-json\/wp\/v2\/comments?post=4732"}],"version-history":[{"count":4,"href":"https:\/\/www.fuss-ev.de\/lindau\/wp-json\/wp\/v2\/pages\/4732\/revisions"}],"predecessor-version":[{"id":4748,"href":"https:\/\/www.fuss-ev.de\/lindau\/wp-json\/wp\/v2\/pages\/4732\/revisions\/4748"}],"wp:attachment":[{"href":"https:\/\/www.fuss-ev.de\/lindau\/wp-json\/wp\/v2\/media?parent=4732"}],"curies":[{"name":"wp","href":"https:\/\/api.w.org\/{rel}","templated":true}]}}