{"id":4701,"date":"2025-04-16T12:19:52","date_gmt":"2025-04-16T10:19:52","guid":{"rendered":"https:\/\/www.fuss-ev.de\/land-brandenburg\/?page_id=4701"},"modified":"2025-04-17T12:03:02","modified_gmt":"2025-04-17T10:03:02","slug":"nahverkehr-und-bahnhoefe","status":"publish","type":"page","link":"https:\/\/www.fuss-ev.de\/land-brandenburg\/nahverkehr-und-bahnhoefe\/","title":{"rendered":"Nahverkehr und Bahnh\u00f6fe"},"content":{"rendered":"<div class=\"wpb-content-wrapper\"><p>[vc_row][vc_column][vc_column_text css=&#8221;&#8221;]<\/p>\n<h1>Engagiert f\u00fcr Bahn und Bus<\/h1>\n<p>[\/vc_column_text][\/vc_column][\/vc_row][vc_row][vc_column width=&#8221;2\/3&#8243;][vc_column_text css=&#8221;&#8221;]<\/p>\n<h2><strong>Nahverkehrsbeirat Overhavel<\/strong><\/h2>\n<p>FUSS e.V. ist seit <strong>1996<\/strong> Mitglied im <strong>Nahverkehrsbeirat<\/strong> des Landkreises Oberhavel OHV und begleitete \/ begleitet kontinuierlich die Beschlussvorlagen und Fortschreibungen des Nahverkehrsplans.<\/p>\n<p>Nach dem Landes-\u00d6PNV-Gesetz sind Nahverkehrsbeir\u00e4te eine freiwillige Aufgabe und deshalb gibt es sie l\u00e4ngst nicht mehr in allen Kreisen. In OHV ist es dagegen \u00fcblich, in diesem Gremium auch den Fu\u00df- und Radverkehr in die Beratungen einzubeziehen.<\/p>\n<p>Infos: <a href=\"https:\/\/www.oberhavel.de\/B%C3%BCrgerservice\/Auto-und-Verkehr\/Nahverkehrsbeirat\">www.oberhavel.de&gt;B\u00fcrgerservice&gt;Auto-und-Verkehr\/Nahverkehrsbeirat <\/a>[\/vc_column_text][\/vc_column][vc_column width=&#8221;1\/3&#8243;][vc_single_image image=&#8221;4670&#8243; alignment=&#8221;right&#8221; css=&#8221;&#8221;][vc_column_text css=&#8221;&#8221;]Protest gegen touristische Busse im Stadtteil Bornstedt\/Potsdam &#8211; verst\u00e4ndlich, aber als Parole auch sehr fragw\u00fcrdig. (Foto: Bernd Herzog-Schlagk, FUSS e.V.)[\/vc_column_text][\/vc_column][\/vc_row][vc_row][vc_column width=&#8221;1\/3&#8243;][vc_single_image image=&#8221;4672&#8243; css=&#8221;&#8221;][vc_column_text css=&#8221;&#8221;]Hauptgeb\u00e4ude des Bahnhofes Dannenwalde (Gransee) (Foto: Bernd Herzog-Schlagk, FUSS e.V.)[\/vc_column_text][\/vc_column][vc_column width=&#8221;2\/3&#8243;][vc_column_text css=&#8221;&#8221;]<\/p>\n<h2><strong>Rettet die kleinen Bahnh\u00f6fe!<\/strong><\/h2>\n<p>Im Jahre 1995 starteten der FUSS e.V. und der Verein UMKEHR e.V. die Kampagne \u201e<strong>Rettet die kleinen Bahnh\u00f6fe in Brandenburg<\/strong>\u201c und erreichte 1996 die Wiederer\u00f6ffnung des Bahnhofes Dannenwalde (Gransee).<\/p>\n<p>Diese Initiative war nachhaltig, der Bahnhof wurde zum bundesweiten Modellfall f\u00fcr den Erhalt von Bahnh\u00f6fen und zum Ausgangspunkt zahlreicher weiterf\u00fchrender Aktivit\u00e4ten, insbesondere f\u00fcr den umweltgerechten Tourismus in der Region. Das unter Denkmalschutz stehende Geb\u00e4udeensemble wird heute vom Verein Umweltbahnhof Dannenwalde UBD e.V. betreut, der mit dem FUSS e.V. Brandenburg, dem VCD-Brandenburg und kommunalen Vereinen kooperiert.<\/p>\n<p>Infos:\u00a0<a href=\"http:\/\/www.umweltbahnhof-dannenwalde.de\">www.umweltbahnhof-dannenwalde.de<\/a>[\/vc_column_text][\/vc_column][\/vc_row]<\/p>\n<\/div>","protected":false},"excerpt":{"rendered":"<p>[vc_row][vc_column][vc_column_text css=&#8221;&#8221;] Engagiert f\u00fcr Bahn und Bus [\/vc_column_text][\/vc_column][\/vc_row][vc_row][vc_column width=&#8221;2\/3&#8243;][vc_column_text css=&#8221;&#8221;] Nahverkehrsbeirat Overhavel FUSS e.V. ist seit 1996 Mitglied im Nahverkehrsbeirat des Landkreises Oberhavel OHV und begleitete \/ begleitet kontinuierlich die Beschlussvorlagen und Fortschreibungen des Nahverkehrsplans. [&hellip;]<\/p>\n","protected":false},"author":6,"featured_media":0,"parent":0,"menu_order":0,"comment_status":"closed","ping_status":"closed","template":"","meta":{"_acf_changed":false,"_relevanssi_hide_post":"","_relevanssi_hide_content":"","_relevanssi_pin_for_all":"","_relevanssi_pin_keywords":"","_relevanssi_unpin_keywords":"","_relevanssi_related_keywords":"","_relevanssi_related_include_ids":"","_relevanssi_related_exclude_ids":"","_relevanssi_related_no_append":"","_relevanssi_related_not_related":"","_relevanssi_related_posts":"","_relevanssi_noindex_reason":"","footnotes":""},"class_list":["post-4701","page","type-page","status-publish","hentry"],"acf":[],"yoast_head":"<!-- This site is optimized with the Yoast SEO plugin v27.4 - https:\/\/yoast.com\/product\/yoast-seo-wordpress\/ -->\n<title>Nahverkehr und Bahnh\u00f6fe - FUSS e.V. Land Brandenburg<\/title>\n<meta name=\"description\" content=\"Im Jahre 1995 starteten die Vereine FUSS und UMKEHR e.V. die Kampagne \u201eRettet die kleinen Bahnh\u00f6fe in Brandenburg\u201c und erreichte die Wiederer\u00f6ffnung des Bahnhofes Dannenwalde (Gransee). Zudem ist FUSS e.V. seit 1996 Mitglied im Nahverkehrsbeirat des Landkreises Oberhavel.\" \/>\n<meta name=\"robots\" content=\"noindex, follow, max-snippet:-1, max-image-preview:large, max-video-preview:-1\" \/>\n<meta property=\"og:locale\" content=\"de_DE\" \/>\n<meta property=\"og:type\" content=\"article\" \/>\n<meta property=\"og:title\" content=\"Nahverkehr und Bahnh\u00f6fe - FUSS e.V. Land Brandenburg\" \/>\n<meta property=\"og:description\" content=\"Im Jahre 1995 starteten die Vereine FUSS und UMKEHR e.V. die Kampagne \u201eRettet die kleinen Bahnh\u00f6fe in Brandenburg\u201c und erreichte die Wiederer\u00f6ffnung des Bahnhofes Dannenwalde (Gransee). Zudem ist FUSS e.V. seit 1996 Mitglied im Nahverkehrsbeirat des Landkreises Oberhavel.\" \/>\n<meta property=\"og:url\" content=\"https:\/\/www.fuss-ev.de\/land-brandenburg\/nahverkehr-und-bahnhoefe\/\" \/>\n<meta property=\"og:site_name\" content=\"FUSS e.V. Land Brandenburg\" \/>\n<meta property=\"article:modified_time\" content=\"2025-04-17T10:03:02+00:00\" \/>\n<meta name=\"twitter:card\" content=\"summary_large_image\" \/>\n<meta name=\"twitter:label1\" content=\"Gesch\u00e4tzte Lesezeit\" \/>\n\t<meta name=\"twitter:data1\" content=\"2\u00a0Minuten\" \/>\n<script type=\"application\/ld+json\" class=\"yoast-schema-graph\">{\"@context\":\"https:\\\/\\\/schema.org\",\"@graph\":[{\"@type\":\"WebPage\",\"@id\":\"https:\\\/\\\/www.fuss-ev.de\\\/land-brandenburg\\\/nahverkehr-und-bahnhoefe\\\/\",\"url\":\"https:\\\/\\\/www.fuss-ev.de\\\/land-brandenburg\\\/nahverkehr-und-bahnhoefe\\\/\",\"name\":\"Nahverkehr und Bahnh\u00f6fe - FUSS e.V. Land Brandenburg\",\"isPartOf\":{\"@id\":\"https:\\\/\\\/www.fuss-ev.de\\\/land-brandenburg\\\/#website\"},\"datePublished\":\"2025-04-16T10:19:52+00:00\",\"dateModified\":\"2025-04-17T10:03:02+00:00\",\"description\":\"Im Jahre 1995 starteten die Vereine FUSS und UMKEHR e.V. die Kampagne \u201eRettet die kleinen Bahnh\u00f6fe in Brandenburg\u201c und erreichte die Wiederer\u00f6ffnung des Bahnhofes Dannenwalde (Gransee). Zudem ist FUSS e.V. seit 1996 Mitglied im Nahverkehrsbeirat des Landkreises Oberhavel.\",\"breadcrumb\":{\"@id\":\"https:\\\/\\\/www.fuss-ev.de\\\/land-brandenburg\\\/nahverkehr-und-bahnhoefe\\\/#breadcrumb\"},\"inLanguage\":\"de\",\"potentialAction\":[{\"@type\":\"ReadAction\",\"target\":[\"https:\\\/\\\/www.fuss-ev.de\\\/land-brandenburg\\\/nahverkehr-und-bahnhoefe\\\/\"]}]},{\"@type\":\"BreadcrumbList\",\"@id\":\"https:\\\/\\\/www.fuss-ev.de\\\/land-brandenburg\\\/nahverkehr-und-bahnhoefe\\\/#breadcrumb\",\"itemListElement\":[{\"@type\":\"ListItem\",\"position\":1,\"name\":\"Startseite\",\"item\":\"https:\\\/\\\/www.fuss-ev.de\\\/land-brandenburg\\\/\"},{\"@type\":\"ListItem\",\"position\":2,\"name\":\"Nahverkehr und Bahnh\u00f6fe\"}]},{\"@type\":\"WebSite\",\"@id\":\"https:\\\/\\\/www.fuss-ev.de\\\/land-brandenburg\\\/#website\",\"url\":\"https:\\\/\\\/www.fuss-ev.de\\\/land-brandenburg\\\/\",\"name\":\"FUSS e.V. Land Brandenburg\",\"description\":\"\",\"publisher\":{\"@id\":\"https:\\\/\\\/www.fuss-ev.de\\\/land-brandenburg\\\/#organization\"},\"potentialAction\":[{\"@type\":\"SearchAction\",\"target\":{\"@type\":\"EntryPoint\",\"urlTemplate\":\"https:\\\/\\\/www.fuss-ev.de\\\/land-brandenburg\\\/?s={search_term_string}\"},\"query-input\":{\"@type\":\"PropertyValueSpecification\",\"valueRequired\":true,\"valueName\":\"search_term_string\"}}],\"inLanguage\":\"de\"},{\"@type\":\"Organization\",\"@id\":\"https:\\\/\\\/www.fuss-ev.de\\\/land-brandenburg\\\/#organization\",\"name\":\"FUSS e.V. Land Brandenburg\",\"url\":\"https:\\\/\\\/www.fuss-ev.de\\\/land-brandenburg\\\/\",\"logo\":{\"@type\":\"ImageObject\",\"inLanguage\":\"de\",\"@id\":\"https:\\\/\\\/www.fuss-ev.de\\\/land-brandenburg\\\/#\\\/schema\\\/logo\\\/image\\\/\",\"url\":\"https:\\\/\\\/www.fuss-ev.de\\\/land-brandenburg\\\/wp-content\\\/uploads\\\/sites\\\/22\\\/2025\\\/04\\\/cropped-FUSS-Logo_Brandenburg_web_300pxbreit.png\",\"contentUrl\":\"https:\\\/\\\/www.fuss-ev.de\\\/land-brandenburg\\\/wp-content\\\/uploads\\\/sites\\\/22\\\/2025\\\/04\\\/cropped-FUSS-Logo_Brandenburg_web_300pxbreit.png\",\"width\":300,\"height\":110,\"caption\":\"FUSS e.V. Land Brandenburg\"},\"image\":{\"@id\":\"https:\\\/\\\/www.fuss-ev.de\\\/land-brandenburg\\\/#\\\/schema\\\/logo\\\/image\\\/\"}}]}<\/script>\n<!-- \/ Yoast SEO plugin. -->","yoast_head_json":{"title":"Nahverkehr und Bahnh\u00f6fe - FUSS e.V. Land Brandenburg","description":"Im Jahre 1995 starteten die Vereine FUSS und UMKEHR e.V. die Kampagne \u201eRettet die kleinen Bahnh\u00f6fe in Brandenburg\u201c und erreichte die Wiederer\u00f6ffnung des Bahnhofes Dannenwalde (Gransee). Zudem ist FUSS e.V. seit 1996 Mitglied im Nahverkehrsbeirat des Landkreises Oberhavel.","robots":{"index":"noindex","follow":"follow","max-snippet":"max-snippet:-1","max-image-preview":"max-image-preview:large","max-video-preview":"max-video-preview:-1"},"og_locale":"de_DE","og_type":"article","og_title":"Nahverkehr und Bahnh\u00f6fe - FUSS e.V. Land Brandenburg","og_description":"Im Jahre 1995 starteten die Vereine FUSS und UMKEHR e.V. die Kampagne \u201eRettet die kleinen Bahnh\u00f6fe in Brandenburg\u201c und erreichte die Wiederer\u00f6ffnung des Bahnhofes Dannenwalde (Gransee). Zudem ist FUSS e.V. seit 1996 Mitglied im Nahverkehrsbeirat des Landkreises Oberhavel.","og_url":"https:\/\/www.fuss-ev.de\/land-brandenburg\/nahverkehr-und-bahnhoefe\/","og_site_name":"FUSS e.V. Land Brandenburg","article_modified_time":"2025-04-17T10:03:02+00:00","twitter_card":"summary_large_image","twitter_misc":{"Gesch\u00e4tzte Lesezeit":"2\u00a0Minuten"},"schema":{"@context":"https:\/\/schema.org","@graph":[{"@type":"WebPage","@id":"https:\/\/www.fuss-ev.de\/land-brandenburg\/nahverkehr-und-bahnhoefe\/","url":"https:\/\/www.fuss-ev.de\/land-brandenburg\/nahverkehr-und-bahnhoefe\/","name":"Nahverkehr und Bahnh\u00f6fe - FUSS e.V. Land Brandenburg","isPartOf":{"@id":"https:\/\/www.fuss-ev.de\/land-brandenburg\/#website"},"datePublished":"2025-04-16T10:19:52+00:00","dateModified":"2025-04-17T10:03:02+00:00","description":"Im Jahre 1995 starteten die Vereine FUSS und UMKEHR e.V. die Kampagne \u201eRettet die kleinen Bahnh\u00f6fe in Brandenburg\u201c und erreichte die Wiederer\u00f6ffnung des Bahnhofes Dannenwalde (Gransee). Zudem ist FUSS e.V. seit 1996 Mitglied im Nahverkehrsbeirat des Landkreises Oberhavel.","breadcrumb":{"@id":"https:\/\/www.fuss-ev.de\/land-brandenburg\/nahverkehr-und-bahnhoefe\/#breadcrumb"},"inLanguage":"de","potentialAction":[{"@type":"ReadAction","target":["https:\/\/www.fuss-ev.de\/land-brandenburg\/nahverkehr-und-bahnhoefe\/"]}]},{"@type":"BreadcrumbList","@id":"https:\/\/www.fuss-ev.de\/land-brandenburg\/nahverkehr-und-bahnhoefe\/#breadcrumb","itemListElement":[{"@type":"ListItem","position":1,"name":"Startseite","item":"https:\/\/www.fuss-ev.de\/land-brandenburg\/"},{"@type":"ListItem","position":2,"name":"Nahverkehr und Bahnh\u00f6fe"}]},{"@type":"WebSite","@id":"https:\/\/www.fuss-ev.de\/land-brandenburg\/#website","url":"https:\/\/www.fuss-ev.de\/land-brandenburg\/","name":"FUSS e.V. Land Brandenburg","description":"","publisher":{"@id":"https:\/\/www.fuss-ev.de\/land-brandenburg\/#organization"},"potentialAction":[{"@type":"SearchAction","target":{"@type":"EntryPoint","urlTemplate":"https:\/\/www.fuss-ev.de\/land-brandenburg\/?s={search_term_string}"},"query-input":{"@type":"PropertyValueSpecification","valueRequired":true,"valueName":"search_term_string"}}],"inLanguage":"de"},{"@type":"Organization","@id":"https:\/\/www.fuss-ev.de\/land-brandenburg\/#organization","name":"FUSS e.V. Land Brandenburg","url":"https:\/\/www.fuss-ev.de\/land-brandenburg\/","logo":{"@type":"ImageObject","inLanguage":"de","@id":"https:\/\/www.fuss-ev.de\/land-brandenburg\/#\/schema\/logo\/image\/","url":"https:\/\/www.fuss-ev.de\/land-brandenburg\/wp-content\/uploads\/sites\/22\/2025\/04\/cropped-FUSS-Logo_Brandenburg_web_300pxbreit.png","contentUrl":"https:\/\/www.fuss-ev.de\/land-brandenburg\/wp-content\/uploads\/sites\/22\/2025\/04\/cropped-FUSS-Logo_Brandenburg_web_300pxbreit.png","width":300,"height":110,"caption":"FUSS e.V. Land Brandenburg"},"image":{"@id":"https:\/\/www.fuss-ev.de\/land-brandenburg\/#\/schema\/logo\/image\/"}}]}},"publishpress_future_action":{"enabled":false,"date":"2026-05-08 11:29:15","action":"change-status","newStatus":"draft","terms":[],"taxonomy":"","extraData":[]},"publishpress_future_workflow_manual_trigger":{"enabledWorkflows":[]},"_links":{"self":[{"href":"https:\/\/www.fuss-ev.de\/land-brandenburg\/wp-json\/wp\/v2\/pages\/4701","targetHints":{"allow":["GET"]}}],"collection":[{"href":"https:\/\/www.fuss-ev.de\/land-brandenburg\/wp-json\/wp\/v2\/pages"}],"about":[{"href":"https:\/\/www.fuss-ev.de\/land-brandenburg\/wp-json\/wp\/v2\/types\/page"}],"author":[{"embeddable":true,"href":"https:\/\/www.fuss-ev.de\/land-brandenburg\/wp-json\/wp\/v2\/users\/6"}],"replies":[{"embeddable":true,"href":"https:\/\/www.fuss-ev.de\/land-brandenburg\/wp-json\/wp\/v2\/comments?post=4701"}],"version-history":[{"count":3,"href":"https:\/\/www.fuss-ev.de\/land-brandenburg\/wp-json\/wp\/v2\/pages\/4701\/revisions"}],"predecessor-version":[{"id":4820,"href":"https:\/\/www.fuss-ev.de\/land-brandenburg\/wp-json\/wp\/v2\/pages\/4701\/revisions\/4820"}],"wp:attachment":[{"href":"https:\/\/www.fuss-ev.de\/land-brandenburg\/wp-json\/wp\/v2\/media?parent=4701"}],"curies":[{"name":"wp","href":"https:\/\/api.w.org\/{rel}","templated":true}]}}