{"id":85,"date":"2025-01-29T11:35:07","date_gmt":"2025-01-29T10:35:49","guid":{"rendered":"https:\/\/www.fuss-ev.de\/hannover\/?page_id=85"},"modified":"2025-07-22T16:44:37","modified_gmt":"2025-07-22T14:44:37","slug":"unsere-forderungen-fuer-querungen","status":"publish","type":"page","link":"https:\/\/www.fuss-ev.de\/hannover\/unsere-forderungen-fuer-querungen\/","title":{"rendered":"Unsere Forderungen f\u00fcr Querungen"},"content":{"rendered":"<div class=\"wpb-content-wrapper\"><p>[vc_row][vc_column][vc_column_text css=&#8221;&#8221;]<\/p>\n<h1><span style=\"text-decoration: underline\"><span style=\"color: #167479;text-decoration: underline\">Unsere Forderungen f\u00fcr Fu\u00dfg\u00e4nger\u00fcberwege (Querungen)<\/span><\/span><\/h1>\n<p>&nbsp;<\/p>\n<h4><span style=\"font-size: 18pt\"><strong>Durchg\u00e4ngigkeit von Fu\u00dfwegen gew\u00e4hrleisten<\/strong><\/span><\/h4>\n<p><strong>a) Verl\u00e4ssliche Querungsm\u00f6glichkeiten l\u00e4ngs der Stra\u00dfen\u00a0<\/strong><\/p>\n<p><a href=\"https:\/\/www.fuss-ev.de\/hannover\/wp-content\/uploads\/sites\/12\/2025\/03\/2a-Verlassliche-Querungsmoglichkeiten-langs-der-Strassen.jpg\"><img loading=\"lazy\" decoding=\"async\" class=\"alignnone wp-image-4681 size-full\" src=\"https:\/\/www.fuss-ev.de\/hannover\/wp-content\/uploads\/sites\/12\/2025\/03\/2a-Verlassliche-Querungsmoglichkeiten-langs-der-Strassen.jpg\" alt=\"Skizze, wie Fussg\u00e4nger mit Querungshilfen Strassen sicher \u00fcberqueren k\u00f6nnen\" width=\"732\" height=\"281\" srcset=\"https:\/\/www.fuss-ev.de\/hannover\/wp-content\/uploads\/sites\/12\/2025\/03\/2a-Verlassliche-Querungsmoglichkeiten-langs-der-Strassen.jpg 732w, https:\/\/www.fuss-ev.de\/hannover\/wp-content\/uploads\/sites\/12\/2025\/03\/2a-Verlassliche-Querungsmoglichkeiten-langs-der-Strassen-300x115.jpg 300w\" sizes=\"auto, (max-width: 732px) 100vw, 732px\" \/><\/a><\/p>\n<p>&nbsp;<\/p>\n<p><strong>b) Verl\u00e4ssliche Querungen an Einm\u00fcndungen<\/strong><\/p>\n<p><strong>\u00a0<\/strong><a href=\"https:\/\/www.fuss-ev.de\/hannover\/wp-content\/uploads\/sites\/12\/2025\/03\/2b-Verlassliche-Querungen-an-Einmundungen.jpg\"><img loading=\"lazy\" decoding=\"async\" class=\"alignnone wp-image-4682 size-full\" src=\"https:\/\/www.fuss-ev.de\/hannover\/wp-content\/uploads\/sites\/12\/2025\/03\/2b-Verlassliche-Querungen-an-Einmundungen.jpg\" alt=\"Skizze: Verl\u00e4ssliche Querungen an Einm\u00fcndungen\" width=\"732\" height=\"281\" srcset=\"https:\/\/www.fuss-ev.de\/hannover\/wp-content\/uploads\/sites\/12\/2025\/03\/2b-Verlassliche-Querungen-an-Einmundungen.jpg 732w, https:\/\/www.fuss-ev.de\/hannover\/wp-content\/uploads\/sites\/12\/2025\/03\/2b-Verlassliche-Querungen-an-Einmundungen-300x115.jpg 300w\" sizes=\"auto, (max-width: 732px) 100vw, 732px\" \/><\/a><\/p>\n<p>&nbsp;<\/p>\n<p><strong>c) Verl\u00e4ssliche Zuwegungen von Fahrr\u00e4dern von Radabstellanlagen auf die Fahrbahn<\/strong><\/p>\n<p><strong>\u00a0<\/strong><a href=\"https:\/\/www.fuss-ev.de\/hannover\/wp-content\/uploads\/sites\/12\/2025\/03\/2c-Verlassliche-Zuwegungen-von-Fahrradern-von-Radabstellanlagen-auf-die-Fahrbahn.jpg\"><img loading=\"lazy\" decoding=\"async\" class=\"alignnone wp-image-4683 size-full\" src=\"https:\/\/www.fuss-ev.de\/hannover\/wp-content\/uploads\/sites\/12\/2025\/03\/2c-Verlassliche-Zuwegungen-von-Fahrradern-von-Radabstellanlagen-auf-die-Fahrbahn.jpg\" alt=\"Skizze: Verl\u00e4ssliche Zuwegungen von Fahrr\u00e4dern von Radabstellanlagen auf die Fahrbahn\" width=\"732\" height=\"281\" srcset=\"https:\/\/www.fuss-ev.de\/hannover\/wp-content\/uploads\/sites\/12\/2025\/03\/2c-Verlassliche-Zuwegungen-von-Fahrradern-von-Radabstellanlagen-auf-die-Fahrbahn.jpg 732w, https:\/\/www.fuss-ev.de\/hannover\/wp-content\/uploads\/sites\/12\/2025\/03\/2c-Verlassliche-Zuwegungen-von-Fahrradern-von-Radabstellanlagen-auf-die-Fahrbahn-300x115.jpg 300w\" sizes=\"auto, (max-width: 732px) 100vw, 732px\" \/><\/a><\/p>\n<p>&nbsp;<\/p>\n<p><strong>d) Neue Fahrradabstellanlagen nur im Multifunktionsstreifen, ebenso f\u00fcr Leihr\u00e4der und E-Scooter\u00a0<\/strong><\/p>\n<p><strong> <a href=\"https:\/\/www.fuss-ev.de\/hannover\/wp-content\/uploads\/sites\/12\/2025\/03\/2d-Neue-Fahrradabstellanlagen-nur-im-Multifunktionsstreifen-ebenso-fur-Leihrader-und-E-Scooter.jpg\"><img loading=\"lazy\" decoding=\"async\" class=\"alignnone wp-image-4684 size-full\" src=\"https:\/\/www.fuss-ev.de\/hannover\/wp-content\/uploads\/sites\/12\/2025\/03\/2d-Neue-Fahrradabstellanlagen-nur-im-Multifunktionsstreifen-ebenso-fur-Leihrader-und-E-Scooter.jpg\" alt=\"Skizze: Neue Fahrradabstellanlagen nur im Multifunktionsstreifen, ebenso f\u00fcr Leihr\u00e4der und E-Scooter\" width=\"711\" height=\"142\" srcset=\"https:\/\/www.fuss-ev.de\/hannover\/wp-content\/uploads\/sites\/12\/2025\/03\/2d-Neue-Fahrradabstellanlagen-nur-im-Multifunktionsstreifen-ebenso-fur-Leihrader-und-E-Scooter.jpg 711w, https:\/\/www.fuss-ev.de\/hannover\/wp-content\/uploads\/sites\/12\/2025\/03\/2d-Neue-Fahrradabstellanlagen-nur-im-Multifunktionsstreifen-ebenso-fur-Leihrader-und-E-Scooter-300x60.jpg 300w\" sizes=\"auto, (max-width: 711px) 100vw, 711px\" \/><\/a><br \/>\n<\/strong><\/p>\n<p>&nbsp;<\/p>\n<p><strong>e) Verlegung von Radb\u00fcgeln vom Gehweg in den Multifunktionsbereich<\/strong><\/p>\n<p><strong>\u00a0<\/strong><a href=\"https:\/\/www.fuss-ev.de\/hannover\/wp-content\/uploads\/sites\/12\/2025\/03\/2e-Verlegung-von-Radbugeln-vom-Gehweg-in-den-Multifunktionsbereich.jpg\"><img loading=\"lazy\" decoding=\"async\" class=\"alignnone wp-image-4685 size-full\" src=\"https:\/\/www.fuss-ev.de\/hannover\/wp-content\/uploads\/sites\/12\/2025\/03\/2e-Verlegung-von-Radbugeln-vom-Gehweg-in-den-Multifunktionsbereich.jpg\" alt=\"Skizze: 2e. Verlegung von Radb\u00fcgeln vom Gehweg in den Multifunktionsbereich\" width=\"732\" height=\"281\" srcset=\"https:\/\/www.fuss-ev.de\/hannover\/wp-content\/uploads\/sites\/12\/2025\/03\/2e-Verlegung-von-Radbugeln-vom-Gehweg-in-den-Multifunktionsbereich.jpg 732w, https:\/\/www.fuss-ev.de\/hannover\/wp-content\/uploads\/sites\/12\/2025\/03\/2e-Verlegung-von-Radbugeln-vom-Gehweg-in-den-Multifunktionsbereich-300x115.jpg 300w\" sizes=\"auto, (max-width: 732px) 100vw, 732px\" \/><\/a>[\/vc_column_text][\/vc_column][\/vc_row][vc_row disable_element=&#8221;yes&#8221;][vc_column][vc_column_text css=&#8221;&#8221;]<\/p>\n<h4><span style=\"font-size: 18pt\"><strong>2.\u00a0Notwendige Verbesserungen f\u00fcr den Fu\u00dfverkehr: Durchg\u00e4ngigkeit von Fu\u00dfwegen gew\u00e4hrleisten<\/strong><\/span><\/h4>\n<p>[\/vc_column_text][vc_row_inner][vc_column_inner width=&#8221;1\/3&#8243;][vc_column_text css=&#8221;&#8221;]<strong>2a. Verl\u00e4ssliche Querungsm\u00f6glichkeiten l\u00e4ngs der Stra\u00dfen<\/strong>[\/vc_column_text][\/vc_column_inner][vc_column_inner width=&#8221;1\/2&#8243;][vc_column_text css=&#8221;&#8221;]<a href=\"https:\/\/www.fuss-ev.de\/hannover\/wp-content\/uploads\/sites\/12\/2025\/03\/2a-Verlassliche-Querungsmoglichkeiten-langs-der-Strassen.jpg\"><img loading=\"lazy\" decoding=\"async\" class=\"alignnone wp-image-4681 size-full\" src=\"https:\/\/www.fuss-ev.de\/hannover\/wp-content\/uploads\/sites\/12\/2025\/03\/2a-Verlassliche-Querungsmoglichkeiten-langs-der-Strassen.jpg\" alt=\"Skizze, wie Fussg\u00e4nger mit Querungshilfen Strassen sicher \u00fcberqueren k\u00f6nnen\" width=\"732\" height=\"281\" srcset=\"https:\/\/www.fuss-ev.de\/hannover\/wp-content\/uploads\/sites\/12\/2025\/03\/2a-Verlassliche-Querungsmoglichkeiten-langs-der-Strassen.jpg 732w, https:\/\/www.fuss-ev.de\/hannover\/wp-content\/uploads\/sites\/12\/2025\/03\/2a-Verlassliche-Querungsmoglichkeiten-langs-der-Strassen-300x115.jpg 300w\" sizes=\"auto, (max-width: 732px) 100vw, 732px\" \/><\/a>[\/vc_column_text][\/vc_column_inner][vc_column_inner width=&#8221;1\/6&#8243;][\/vc_column_inner][\/vc_row_inner][vc_row_inner][vc_column_inner width=&#8221;1\/3&#8243;][vc_column_text css=&#8221;&#8221;]<strong>2b. Verl\u00e4ssliche Querungen an Einm\u00fcndungen<\/strong>[\/vc_column_text][\/vc_column_inner][vc_column_inner width=&#8221;1\/2&#8243;][vc_column_text css=&#8221;&#8221;]<\/p>\n<div id=\"attachment_4682\" style=\"width: 742px\" class=\"wp-caption alignnone\"><a href=\"https:\/\/www.fuss-ev.de\/hannover\/wp-content\/uploads\/sites\/12\/2025\/03\/2b-Verlassliche-Querungen-an-Einmundungen.jpg\"><img loading=\"lazy\" decoding=\"async\" aria-describedby=\"caption-attachment-4682\" class=\"wp-image-4682 size-full\" src=\"https:\/\/www.fuss-ev.de\/hannover\/wp-content\/uploads\/sites\/12\/2025\/03\/2b-Verlassliche-Querungen-an-Einmundungen.jpg\" alt=\"Skizze: Verl\u00e4ssliche Querungen an Einm\u00fcndungen\" width=\"732\" height=\"281\" srcset=\"https:\/\/www.fuss-ev.de\/hannover\/wp-content\/uploads\/sites\/12\/2025\/03\/2b-Verlassliche-Querungen-an-Einmundungen.jpg 732w, https:\/\/www.fuss-ev.de\/hannover\/wp-content\/uploads\/sites\/12\/2025\/03\/2b-Verlassliche-Querungen-an-Einmundungen-300x115.jpg 300w\" sizes=\"auto, (max-width: 732px) 100vw, 732px\" \/><\/a><p id=\"caption-attachment-4682\" class=\"wp-caption-text\">Quelle: Fuss e.V.<\/p><\/div>\n<p>[\/vc_column_text][\/vc_column_inner][vc_column_inner width=&#8221;1\/6&#8243;][\/vc_column_inner][\/vc_row_inner][vc_row_inner][vc_column_inner][\/vc_column_inner][\/vc_row_inner][vc_row_inner][vc_column_inner width=&#8221;1\/3&#8243;][vc_column_text css=&#8221;&#8221;]<strong>2a. Verl\u00e4ssliche Querungsm\u00f6glichkeiten l\u00e4ngs der Stra\u00dfen<\/strong>[\/vc_column_text][\/vc_column_inner][vc_column_inner width=&#8221;1\/2&#8243;][vc_column_text css=&#8221;&#8221;]<a href=\"https:\/\/www.fuss-ev.de\/hannover\/wp-content\/uploads\/sites\/12\/2025\/03\/2a-Verlassliche-Querungsmoglichkeiten-langs-der-Strassen.jpg\"><img loading=\"lazy\" decoding=\"async\" class=\"alignnone wp-image-4681 size-full\" src=\"https:\/\/www.fuss-ev.de\/hannover\/wp-content\/uploads\/sites\/12\/2025\/03\/2a-Verlassliche-Querungsmoglichkeiten-langs-der-Strassen.jpg\" alt=\"Skizze, wie Fussg\u00e4nger mit Querungshilfen Strassen sicher \u00fcberqueren k\u00f6nnen\" width=\"732\" height=\"281\" srcset=\"https:\/\/www.fuss-ev.de\/hannover\/wp-content\/uploads\/sites\/12\/2025\/03\/2a-Verlassliche-Querungsmoglichkeiten-langs-der-Strassen.jpg 732w, https:\/\/www.fuss-ev.de\/hannover\/wp-content\/uploads\/sites\/12\/2025\/03\/2a-Verlassliche-Querungsmoglichkeiten-langs-der-Strassen-300x115.jpg 300w\" sizes=\"auto, (max-width: 732px) 100vw, 732px\" \/><\/a>[\/vc_column_text][\/vc_column_inner][vc_column_inner width=&#8221;1\/6&#8243;][\/vc_column_inner][\/vc_row_inner][vc_row_inner][vc_column_inner][\/vc_column_inner][\/vc_row_inner][vc_row_inner][vc_column_inner width=&#8221;1\/3&#8243;][vc_column_text css=&#8221;&#8221;]<strong>2a. Verl\u00e4ssliche Querungsm\u00f6glichkeiten l\u00e4ngs der Stra\u00dfen<\/strong>[\/vc_column_text][\/vc_column_inner][vc_column_inner width=&#8221;1\/2&#8243;][vc_column_text css=&#8221;&#8221;]<a href=\"https:\/\/www.fuss-ev.de\/hannover\/wp-content\/uploads\/sites\/12\/2025\/03\/2a-Verlassliche-Querungsmoglichkeiten-langs-der-Strassen.jpg\"><img loading=\"lazy\" decoding=\"async\" class=\"alignnone wp-image-4681 size-full\" src=\"https:\/\/www.fuss-ev.de\/hannover\/wp-content\/uploads\/sites\/12\/2025\/03\/2a-Verlassliche-Querungsmoglichkeiten-langs-der-Strassen.jpg\" alt=\"Skizze, wie Fussg\u00e4nger mit Querungshilfen Strassen sicher \u00fcberqueren k\u00f6nnen\" width=\"732\" height=\"281\" srcset=\"https:\/\/www.fuss-ev.de\/hannover\/wp-content\/uploads\/sites\/12\/2025\/03\/2a-Verlassliche-Querungsmoglichkeiten-langs-der-Strassen.jpg 732w, https:\/\/www.fuss-ev.de\/hannover\/wp-content\/uploads\/sites\/12\/2025\/03\/2a-Verlassliche-Querungsmoglichkeiten-langs-der-Strassen-300x115.jpg 300w\" sizes=\"auto, (max-width: 732px) 100vw, 732px\" \/><\/a>[\/vc_column_text][\/vc_column_inner][vc_column_inner width=&#8221;1\/6&#8243;][\/vc_column_inner][\/vc_row_inner][vc_row_inner][vc_column_inner][\/vc_column_inner][\/vc_row_inner][vc_row_inner][vc_column_inner width=&#8221;1\/3&#8243;][vc_column_text css=&#8221;&#8221;]<strong>2a. Verl\u00e4ssliche Querungsm\u00f6glichkeiten l\u00e4ngs der Stra\u00dfen<\/strong>[\/vc_column_text][\/vc_column_inner][vc_column_inner width=&#8221;1\/2&#8243;][vc_column_text css=&#8221;&#8221;]<a href=\"https:\/\/www.fuss-ev.de\/hannover\/wp-content\/uploads\/sites\/12\/2025\/03\/2a-Verlassliche-Querungsmoglichkeiten-langs-der-Strassen.jpg\"><img loading=\"lazy\" decoding=\"async\" class=\"alignnone wp-image-4681 size-full\" src=\"https:\/\/www.fuss-ev.de\/hannover\/wp-content\/uploads\/sites\/12\/2025\/03\/2a-Verlassliche-Querungsmoglichkeiten-langs-der-Strassen.jpg\" alt=\"Skizze, wie Fussg\u00e4nger mit Querungshilfen Strassen sicher \u00fcberqueren k\u00f6nnen\" width=\"732\" height=\"281\" srcset=\"https:\/\/www.fuss-ev.de\/hannover\/wp-content\/uploads\/sites\/12\/2025\/03\/2a-Verlassliche-Querungsmoglichkeiten-langs-der-Strassen.jpg 732w, https:\/\/www.fuss-ev.de\/hannover\/wp-content\/uploads\/sites\/12\/2025\/03\/2a-Verlassliche-Querungsmoglichkeiten-langs-der-Strassen-300x115.jpg 300w\" sizes=\"auto, (max-width: 732px) 100vw, 732px\" \/><\/a>[\/vc_column_text][\/vc_column_inner][vc_column_inner width=&#8221;1\/6&#8243;][\/vc_column_inner][\/vc_row_inner][vc_row_inner][vc_column_inner][\/vc_column_inner][\/vc_row_inner][vc_row_inner][vc_column_inner width=&#8221;1\/3&#8243;][vc_column_text css=&#8221;&#8221;]<strong>2a. Verl\u00e4ssliche Querungsm\u00f6glichkeiten l\u00e4ngs der Stra\u00dfen<\/strong>[\/vc_column_text][\/vc_column_inner][vc_column_inner width=&#8221;1\/2&#8243;][vc_column_text css=&#8221;&#8221;]<a href=\"https:\/\/www.fuss-ev.de\/hannover\/wp-content\/uploads\/sites\/12\/2025\/03\/2a-Verlassliche-Querungsmoglichkeiten-langs-der-Strassen.jpg\"><img loading=\"lazy\" decoding=\"async\" class=\"alignnone wp-image-4681 size-full\" src=\"https:\/\/www.fuss-ev.de\/hannover\/wp-content\/uploads\/sites\/12\/2025\/03\/2a-Verlassliche-Querungsmoglichkeiten-langs-der-Strassen.jpg\" alt=\"Skizze, wie Fussg\u00e4nger mit Querungshilfen Strassen sicher \u00fcberqueren k\u00f6nnen\" width=\"732\" height=\"281\" srcset=\"https:\/\/www.fuss-ev.de\/hannover\/wp-content\/uploads\/sites\/12\/2025\/03\/2a-Verlassliche-Querungsmoglichkeiten-langs-der-Strassen.jpg 732w, https:\/\/www.fuss-ev.de\/hannover\/wp-content\/uploads\/sites\/12\/2025\/03\/2a-Verlassliche-Querungsmoglichkeiten-langs-der-Strassen-300x115.jpg 300w\" sizes=\"auto, (max-width: 732px) 100vw, 732px\" \/><\/a>[\/vc_column_text][\/vc_column_inner][vc_column_inner width=&#8221;1\/6&#8243;][\/vc_column_inner][\/vc_row_inner][\/vc_column][\/vc_row]<\/p>\n<\/div>","protected":false},"excerpt":{"rendered":"<p>[vc_row][vc_column][vc_column_text css=&#8221;&#8221;] Unsere Forderungen f\u00fcr Fu\u00dfg\u00e4nger\u00fcberwege (Querungen) &nbsp; Durchg\u00e4ngigkeit von Fu\u00dfwegen gew\u00e4hrleisten a) Verl\u00e4ssliche Querungsm\u00f6glichkeiten l\u00e4ngs der Stra\u00dfen\u00a0 &nbsp; b) Verl\u00e4ssliche Querungen an Einm\u00fcndungen \u00a0 &nbsp; c) Verl\u00e4ssliche Zuwegungen von Fahrr\u00e4dern von Radabstellanlagen auf die [&hellip;]<\/p>\n","protected":false},"author":1,"featured_media":0,"parent":0,"menu_order":2,"comment_status":"closed","ping_status":"closed","template":"","meta":{"_acf_changed":false,"_relevanssi_hide_post":"","_relevanssi_hide_content":"","_relevanssi_pin_for_all":"","_relevanssi_pin_keywords":"","_relevanssi_unpin_keywords":"","_relevanssi_related_keywords":"","_relevanssi_related_include_ids":"","_relevanssi_related_exclude_ids":"","_relevanssi_related_no_append":"","_relevanssi_related_not_related":"","_relevanssi_related_posts":"","_relevanssi_noindex_reason":"","footnotes":""},"class_list":["post-85","page","type-page","status-publish","hentry"],"acf":[],"yoast_head":"<!-- This site is optimized with the Yoast SEO plugin v27.5 - https:\/\/yoast.com\/product\/yoast-seo-wordpress\/ -->\n<title>Unsere Forderungen f\u00fcr Querungen - Hannover - FUSS e.V.<\/title>\n<meta name=\"robots\" content=\"index, follow, max-snippet:-1, max-image-preview:large, max-video-preview:-1\" \/>\n<link rel=\"canonical\" href=\"https:\/\/www.fuss-ev.de\/hannover\/unsere-forderungen-fuer-querungen\/\" \/>\n<meta property=\"og:locale\" content=\"de_DE\" \/>\n<meta property=\"og:type\" content=\"article\" \/>\n<meta property=\"og:title\" content=\"Unsere Forderungen f\u00fcr Querungen - Hannover - FUSS e.V.\" \/>\n<meta property=\"og:description\" content=\"[vc_row][vc_column][vc_column_text css=&#8221;&#8221;] Unsere Forderungen f\u00fcr Fu\u00dfg\u00e4nger\u00fcberwege (Querungen) &nbsp; Durchg\u00e4ngigkeit von Fu\u00dfwegen gew\u00e4hrleisten a) Verl\u00e4ssliche Querungsm\u00f6glichkeiten l\u00e4ngs der Stra\u00dfen\u00a0 &nbsp; b) Verl\u00e4ssliche Querungen an Einm\u00fcndungen \u00a0 &nbsp; c) Verl\u00e4ssliche Zuwegungen von Fahrr\u00e4dern von Radabstellanlagen auf die [&hellip;]\" \/>\n<meta property=\"og:url\" content=\"https:\/\/www.fuss-ev.de\/hannover\/unsere-forderungen-fuer-querungen\/\" \/>\n<meta property=\"og:site_name\" content=\"Hannover - FUSS e.V.\" \/>\n<meta property=\"article:modified_time\" content=\"2025-07-22T14:44:37+00:00\" \/>\n<meta property=\"og:image\" content=\"https:\/\/www.fuss-ev.de\/hannover\/wp-content\/uploads\/sites\/12\/2025\/03\/2a-Verlassliche-Querungsmoglichkeiten-langs-der-Strassen.jpg\" \/>\n\t<meta property=\"og:image:width\" content=\"732\" \/>\n\t<meta property=\"og:image:height\" content=\"281\" \/>\n\t<meta property=\"og:image:type\" content=\"image\/jpeg\" \/>\n<meta name=\"twitter:card\" content=\"summary_large_image\" \/>\n<meta name=\"twitter:label1\" content=\"Gesch\u00e4tzte Lesezeit\" \/>\n\t<meta name=\"twitter:data1\" content=\"4\u00a0Minuten\" \/>\n<script type=\"application\/ld+json\" class=\"yoast-schema-graph\">{\"@context\":\"https:\\\/\\\/schema.org\",\"@graph\":[{\"@type\":\"WebPage\",\"@id\":\"https:\\\/\\\/www.fuss-ev.de\\\/hannover\\\/unsere-forderungen-fuer-querungen\\\/\",\"url\":\"https:\\\/\\\/www.fuss-ev.de\\\/hannover\\\/unsere-forderungen-fuer-querungen\\\/\",\"name\":\"Unsere Forderungen f\u00fcr Querungen - Hannover - FUSS e.V.\",\"isPartOf\":{\"@id\":\"https:\\\/\\\/www.fuss-ev.de\\\/hannover\\\/#website\"},\"primaryImageOfPage\":{\"@id\":\"https:\\\/\\\/www.fuss-ev.de\\\/hannover\\\/unsere-forderungen-fuer-querungen\\\/#primaryimage\"},\"image\":{\"@id\":\"https:\\\/\\\/www.fuss-ev.de\\\/hannover\\\/unsere-forderungen-fuer-querungen\\\/#primaryimage\"},\"thumbnailUrl\":\"https:\\\/\\\/www.fuss-ev.de\\\/hannover\\\/wp-content\\\/uploads\\\/sites\\\/12\\\/2025\\\/03\\\/2a-Verlassliche-Querungsmoglichkeiten-langs-der-Strassen.jpg\",\"datePublished\":\"2025-01-29T10:35:49+00:00\",\"dateModified\":\"2025-07-22T14:44:37+00:00\",\"breadcrumb\":{\"@id\":\"https:\\\/\\\/www.fuss-ev.de\\\/hannover\\\/unsere-forderungen-fuer-querungen\\\/#breadcrumb\"},\"inLanguage\":\"de\",\"potentialAction\":[{\"@type\":\"ReadAction\",\"target\":[\"https:\\\/\\\/www.fuss-ev.de\\\/hannover\\\/unsere-forderungen-fuer-querungen\\\/\"]}]},{\"@type\":\"ImageObject\",\"inLanguage\":\"de\",\"@id\":\"https:\\\/\\\/www.fuss-ev.de\\\/hannover\\\/unsere-forderungen-fuer-querungen\\\/#primaryimage\",\"url\":\"https:\\\/\\\/www.fuss-ev.de\\\/hannover\\\/wp-content\\\/uploads\\\/sites\\\/12\\\/2025\\\/03\\\/2a-Verlassliche-Querungsmoglichkeiten-langs-der-Strassen.jpg\",\"contentUrl\":\"https:\\\/\\\/www.fuss-ev.de\\\/hannover\\\/wp-content\\\/uploads\\\/sites\\\/12\\\/2025\\\/03\\\/2a-Verlassliche-Querungsmoglichkeiten-langs-der-Strassen.jpg\",\"width\":732,\"height\":281,\"caption\":\"Skizze, wie Fussg\u00e4nger mit Querungshilfen Strassen sicher \u00fcberqueren k\u00f6nnen\"},{\"@type\":\"BreadcrumbList\",\"@id\":\"https:\\\/\\\/www.fuss-ev.de\\\/hannover\\\/unsere-forderungen-fuer-querungen\\\/#breadcrumb\",\"itemListElement\":[{\"@type\":\"ListItem\",\"position\":1,\"name\":\"Startseite\",\"item\":\"https:\\\/\\\/www.fuss-ev.de\\\/hannover\\\/\"},{\"@type\":\"ListItem\",\"position\":2,\"name\":\"Unsere Forderungen f\u00fcr Querungen\"}]},{\"@type\":\"WebSite\",\"@id\":\"https:\\\/\\\/www.fuss-ev.de\\\/hannover\\\/#website\",\"url\":\"https:\\\/\\\/www.fuss-ev.de\\\/hannover\\\/\",\"name\":\"Hannover - FUSS e.V.\",\"description\":\"\",\"publisher\":{\"@id\":\"https:\\\/\\\/www.fuss-ev.de\\\/hannover\\\/#organization\"},\"potentialAction\":[{\"@type\":\"SearchAction\",\"target\":{\"@type\":\"EntryPoint\",\"urlTemplate\":\"https:\\\/\\\/www.fuss-ev.de\\\/hannover\\\/?s={search_term_string}\"},\"query-input\":{\"@type\":\"PropertyValueSpecification\",\"valueRequired\":true,\"valueName\":\"search_term_string\"}}],\"inLanguage\":\"de\"},{\"@type\":\"Organization\",\"@id\":\"https:\\\/\\\/www.fuss-ev.de\\\/hannover\\\/#organization\",\"name\":\"Hannover - FUSS e.V.\",\"url\":\"https:\\\/\\\/www.fuss-ev.de\\\/hannover\\\/\",\"logo\":{\"@type\":\"ImageObject\",\"inLanguage\":\"de\",\"@id\":\"https:\\\/\\\/www.fuss-ev.de\\\/hannover\\\/#\\\/schema\\\/logo\\\/image\\\/\",\"url\":\"https:\\\/\\\/www.fuss-ev.de\\\/hannover\\\/wp-content\\\/uploads\\\/sites\\\/12\\\/2025\\\/03\\\/cropped-Logo-Fuss-e-V-Hannover-klein.jpg\",\"contentUrl\":\"https:\\\/\\\/www.fuss-ev.de\\\/hannover\\\/wp-content\\\/uploads\\\/sites\\\/12\\\/2025\\\/03\\\/cropped-Logo-Fuss-e-V-Hannover-klein.jpg\",\"width\":375,\"height\":138,\"caption\":\"Hannover - FUSS e.V.\"},\"image\":{\"@id\":\"https:\\\/\\\/www.fuss-ev.de\\\/hannover\\\/#\\\/schema\\\/logo\\\/image\\\/\"}}]}<\/script>\n<!-- \/ Yoast SEO plugin. -->","yoast_head_json":{"title":"Unsere Forderungen f\u00fcr Querungen - Hannover - FUSS e.V.","robots":{"index":"index","follow":"follow","max-snippet":"max-snippet:-1","max-image-preview":"max-image-preview:large","max-video-preview":"max-video-preview:-1"},"canonical":"https:\/\/www.fuss-ev.de\/hannover\/unsere-forderungen-fuer-querungen\/","og_locale":"de_DE","og_type":"article","og_title":"Unsere Forderungen f\u00fcr Querungen - Hannover - FUSS e.V.","og_description":"[vc_row][vc_column][vc_column_text css=&#8221;&#8221;] Unsere Forderungen f\u00fcr Fu\u00dfg\u00e4nger\u00fcberwege (Querungen) &nbsp; Durchg\u00e4ngigkeit von Fu\u00dfwegen gew\u00e4hrleisten a) Verl\u00e4ssliche Querungsm\u00f6glichkeiten l\u00e4ngs der Stra\u00dfen\u00a0 &nbsp; b) Verl\u00e4ssliche Querungen an Einm\u00fcndungen \u00a0 &nbsp; c) Verl\u00e4ssliche Zuwegungen von Fahrr\u00e4dern von Radabstellanlagen auf die [&hellip;]","og_url":"https:\/\/www.fuss-ev.de\/hannover\/unsere-forderungen-fuer-querungen\/","og_site_name":"Hannover - FUSS e.V.","article_modified_time":"2025-07-22T14:44:37+00:00","og_image":[{"width":732,"height":281,"url":"https:\/\/www.fuss-ev.de\/hannover\/wp-content\/uploads\/sites\/12\/2025\/03\/2a-Verlassliche-Querungsmoglichkeiten-langs-der-Strassen.jpg","type":"image\/jpeg"}],"twitter_card":"summary_large_image","twitter_misc":{"Gesch\u00e4tzte Lesezeit":"4\u00a0Minuten"},"schema":{"@context":"https:\/\/schema.org","@graph":[{"@type":"WebPage","@id":"https:\/\/www.fuss-ev.de\/hannover\/unsere-forderungen-fuer-querungen\/","url":"https:\/\/www.fuss-ev.de\/hannover\/unsere-forderungen-fuer-querungen\/","name":"Unsere Forderungen f\u00fcr Querungen - Hannover - FUSS e.V.","isPartOf":{"@id":"https:\/\/www.fuss-ev.de\/hannover\/#website"},"primaryImageOfPage":{"@id":"https:\/\/www.fuss-ev.de\/hannover\/unsere-forderungen-fuer-querungen\/#primaryimage"},"image":{"@id":"https:\/\/www.fuss-ev.de\/hannover\/unsere-forderungen-fuer-querungen\/#primaryimage"},"thumbnailUrl":"https:\/\/www.fuss-ev.de\/hannover\/wp-content\/uploads\/sites\/12\/2025\/03\/2a-Verlassliche-Querungsmoglichkeiten-langs-der-Strassen.jpg","datePublished":"2025-01-29T10:35:49+00:00","dateModified":"2025-07-22T14:44:37+00:00","breadcrumb":{"@id":"https:\/\/www.fuss-ev.de\/hannover\/unsere-forderungen-fuer-querungen\/#breadcrumb"},"inLanguage":"de","potentialAction":[{"@type":"ReadAction","target":["https:\/\/www.fuss-ev.de\/hannover\/unsere-forderungen-fuer-querungen\/"]}]},{"@type":"ImageObject","inLanguage":"de","@id":"https:\/\/www.fuss-ev.de\/hannover\/unsere-forderungen-fuer-querungen\/#primaryimage","url":"https:\/\/www.fuss-ev.de\/hannover\/wp-content\/uploads\/sites\/12\/2025\/03\/2a-Verlassliche-Querungsmoglichkeiten-langs-der-Strassen.jpg","contentUrl":"https:\/\/www.fuss-ev.de\/hannover\/wp-content\/uploads\/sites\/12\/2025\/03\/2a-Verlassliche-Querungsmoglichkeiten-langs-der-Strassen.jpg","width":732,"height":281,"caption":"Skizze, wie Fussg\u00e4nger mit Querungshilfen Strassen sicher \u00fcberqueren k\u00f6nnen"},{"@type":"BreadcrumbList","@id":"https:\/\/www.fuss-ev.de\/hannover\/unsere-forderungen-fuer-querungen\/#breadcrumb","itemListElement":[{"@type":"ListItem","position":1,"name":"Startseite","item":"https:\/\/www.fuss-ev.de\/hannover\/"},{"@type":"ListItem","position":2,"name":"Unsere Forderungen f\u00fcr Querungen"}]},{"@type":"WebSite","@id":"https:\/\/www.fuss-ev.de\/hannover\/#website","url":"https:\/\/www.fuss-ev.de\/hannover\/","name":"Hannover - FUSS e.V.","description":"","publisher":{"@id":"https:\/\/www.fuss-ev.de\/hannover\/#organization"},"potentialAction":[{"@type":"SearchAction","target":{"@type":"EntryPoint","urlTemplate":"https:\/\/www.fuss-ev.de\/hannover\/?s={search_term_string}"},"query-input":{"@type":"PropertyValueSpecification","valueRequired":true,"valueName":"search_term_string"}}],"inLanguage":"de"},{"@type":"Organization","@id":"https:\/\/www.fuss-ev.de\/hannover\/#organization","name":"Hannover - FUSS e.V.","url":"https:\/\/www.fuss-ev.de\/hannover\/","logo":{"@type":"ImageObject","inLanguage":"de","@id":"https:\/\/www.fuss-ev.de\/hannover\/#\/schema\/logo\/image\/","url":"https:\/\/www.fuss-ev.de\/hannover\/wp-content\/uploads\/sites\/12\/2025\/03\/cropped-Logo-Fuss-e-V-Hannover-klein.jpg","contentUrl":"https:\/\/www.fuss-ev.de\/hannover\/wp-content\/uploads\/sites\/12\/2025\/03\/cropped-Logo-Fuss-e-V-Hannover-klein.jpg","width":375,"height":138,"caption":"Hannover - FUSS e.V."},"image":{"@id":"https:\/\/www.fuss-ev.de\/hannover\/#\/schema\/logo\/image\/"}}]}},"publishpress_future_action":{"enabled":false,"date":"2026-05-20 14:27:35","action":"change-status","newStatus":"draft","terms":[],"taxonomy":"","extraData":[]},"publishpress_future_workflow_manual_trigger":{"enabledWorkflows":[]},"_links":{"self":[{"href":"https:\/\/www.fuss-ev.de\/hannover\/wp-json\/wp\/v2\/pages\/85","targetHints":{"allow":["GET"]}}],"collection":[{"href":"https:\/\/www.fuss-ev.de\/hannover\/wp-json\/wp\/v2\/pages"}],"about":[{"href":"https:\/\/www.fuss-ev.de\/hannover\/wp-json\/wp\/v2\/types\/page"}],"author":[{"embeddable":true,"href":"https:\/\/www.fuss-ev.de\/hannover\/wp-json\/wp\/v2\/users\/1"}],"replies":[{"embeddable":true,"href":"https:\/\/www.fuss-ev.de\/hannover\/wp-json\/wp\/v2\/comments?post=85"}],"version-history":[{"count":21,"href":"https:\/\/www.fuss-ev.de\/hannover\/wp-json\/wp\/v2\/pages\/85\/revisions"}],"predecessor-version":[{"id":5286,"href":"https:\/\/www.fuss-ev.de\/hannover\/wp-json\/wp\/v2\/pages\/85\/revisions\/5286"}],"wp:attachment":[{"href":"https:\/\/www.fuss-ev.de\/hannover\/wp-json\/wp\/v2\/media?parent=85"}],"curies":[{"name":"wp","href":"https:\/\/api.w.org\/{rel}","templated":true}]}}