{"id":5049,"date":"2025-04-02T11:38:17","date_gmt":"2025-04-02T09:38:17","guid":{"rendered":"https:\/\/www.fuss-ev.de\/hannover\/?page_id=5049"},"modified":"2025-05-13T16:56:42","modified_gmt":"2025-05-13T14:56:42","slug":"was-wir-tun","status":"publish","type":"page","link":"https:\/\/www.fuss-ev.de\/hannover\/was-wir-tun\/","title":{"rendered":"Was wir tun"},"content":{"rendered":"<div class=\"wpb-content-wrapper\"><p>[vc_row][vc_column][vc_single_image image=&#8221;5159&#8243; alignment=&#8221;center&#8221; css=&#8221;&#8221;][\/vc_column][\/vc_row][vc_row][vc_column width=&#8221;2\/3&#8243;][vc_column_text css=&#8221;&#8221;]<\/p>\n<h1><span style=\"text-decoration: underline\"><span style=\"color: #167479;text-decoration: underline\">Was wir tun<\/span><\/span><\/h1>\n<ul>\n<li>Wir <strong>mischen uns ein in die lokale Politik<\/strong> und bringen bei der <strong>Verwaltung der Landeshaupt Hannover\u00a0die Interessen von Zufu\u00dfgehenden in Erinnerung<\/strong><\/li>\n<li><strong>Unterwegs mit FUSS e.V.:<\/strong> Wir laden alle Interessierten ein zu <a href=\"https:\/\/www.fuss-ev.de\/hannover\/2025\/04\/23\/unterwegs-mit-fuss-e-v\/\" target=\"_blank\" rel=\"noopener\"><strong>Stadtspazierg\u00e4ngen<\/strong><\/a><\/li>\n<li>Wir sind lokaler Partner im bundesweiten <strong>Modellprojekt<\/strong> von FUSS e.V. <a href=\"https:\/\/www.fuss-ev.de\/ueber-uns\/projekte\/besseres-klima-in-kommunen-geht-gut\/\" target=\"_blank\" rel=\"noopener\"><strong>&#8220;Besseres Klima in Kommunen geht gut&#8221;<\/strong><\/a><\/li>\n<li>Als <strong>Tr\u00e4ger \u00f6ffentlicher Belange<\/strong> geben wir Stellungnahmen zu Bauleitplanungen der Landeshauptstadt Hannover ab<\/li>\n<li>Wir arbeiten mit an der &#8220;<a href=\"https:\/\/www.hannover.de\/Leben-in-der-Region-Hannover\/Mobilit%C3%A4t\/Verkehrsplanung-entwicklung\/Fortschreibung-Masterplan-Mobilit%C3%A4t\" target=\"_blank\" rel=\"noopener\"><strong>Fortschreibung des Masterplans Mobilit\u00e4t der Landeshauptstadt Hannover 2025 bis 2035<\/strong><\/a>&#8220;<\/li>\n<li>Wir sind beteiligt an der Erarbeitung eines Leitbilds f\u00fcr das &#8220;<strong><a href=\"https:\/\/www.lnvg.de\/spnv\/spnv-konzept-2030-2040\" target=\"_blank\" rel=\"noopener\">Mobilit\u00e4tskonzept Niedersachsen 2040<\/a><\/strong>&#8220;<\/li>\n<li>Wir machen \u00d6ffentlichkeitsarbeit u.a. durch Pressemitteilungen, Vortr\u00e4ge und Infost\u00e4nde und sind <a href=\"https:\/\/www.fuss-ev.de\/hannover\/kontakt-zu-uns\/\" target=\"_blank\" rel=\"noopener\"><strong>f\u00fcr alle ansprechbar, die Fragen oder Anliegen zum Fu\u00dfverkehr in Hannover haben<\/strong>.<\/a><\/li>\n<\/ul>\n<p>[\/vc_column_text][\/vc_column][vc_column width=&#8221;1\/3&#8243;][vc_message message_box_style=&#8221;outline&#8221; style=&#8221;round&#8221; message_box_color=&#8221;white&#8221; css=&#8221;.vc_custom_1746027062473{border-radius: 35px !important;border-color: #A6D81C !important;}&#8221;]<\/p>\n<h1><span style=\"text-decoration: underline\"><span style=\"color: #167479;text-decoration: underline\">Mach mit!<\/span><\/span><\/h1>\n<p><span style=\"color: #167479\">Kommt gern zu unseren Treffen! Oder werdet Mitglied oder unterst\u00fctzt unsere Arbeit mit einer Spende!<\/span><\/p>\n<p><span style=\"color: #167479\">Alle Infos dazu <a href=\"https:\/\/www.fuss-ev.de\/hannover\/mach-mit\/\" target=\"_blank\" rel=\"noopener\">hier<\/a><\/span>[\/vc_message][\/vc_column][\/vc_row][vc_row][vc_column][vc_column_text css=&#8221;&#8221;]<\/p>\n<h1><span style=\"text-decoration: underline\"><span style=\"color: #167479;text-decoration: underline\">Unser Netzwerk<\/span><\/span><\/h1>\n<ul>\n<li>Wir sind Partner\n<ul>\n<li>des <a href=\"https:\/\/mobilnetzwerk.de\/network\" target=\"_blank\" rel=\"noopener\"><strong>Mobilnetzwerks der Region Hannover<\/strong><\/a> und<\/li>\n<li>von <a href=\"https:\/\/hannovair-connection.de\/\" target=\"_blank\" rel=\"noopener\"><strong>HannovAIR Connection<\/strong>\u00a0<\/a><\/li>\n<\/ul>\n<\/li>\n<li>und aktiv im\n<ul>\n<li>Netzwerk des <a href=\"https:\/\/umweltzentrum-hannover.de\/\" target=\"_blank\" rel=\"noopener\"><strong>Umweltzentrums Hannover<\/strong><\/a><\/li>\n<\/ul>\n<\/li>\n<\/ul>\n<p>[\/vc_column_text][\/vc_column][\/vc_row]<\/p>\n<\/div>","protected":false},"excerpt":{"rendered":"<p>[vc_row][vc_column][vc_single_image image=&#8221;5159&#8243; alignment=&#8221;center&#8221; css=&#8221;&#8221;][\/vc_column][\/vc_row][vc_row][vc_column width=&#8221;2\/3&#8243;][vc_column_text css=&#8221;&#8221;] Was wir tun Wir mischen uns ein in die lokale Politik und bringen bei der Verwaltung der Landeshaupt Hannover\u00a0die Interessen von Zufu\u00dfgehenden in Erinnerung Unterwegs mit FUSS e.V.: Wir [&hellip;]<\/p>\n","protected":false},"author":36,"featured_media":5159,"parent":0,"menu_order":3,"comment_status":"closed","ping_status":"closed","template":"","meta":{"_acf_changed":false,"_relevanssi_hide_post":"","_relevanssi_hide_content":"","_relevanssi_pin_for_all":"","_relevanssi_pin_keywords":"","_relevanssi_unpin_keywords":"","_relevanssi_related_keywords":"","_relevanssi_related_include_ids":"","_relevanssi_related_exclude_ids":"","_relevanssi_related_no_append":"","_relevanssi_related_not_related":"","_relevanssi_related_posts":"","_relevanssi_noindex_reason":"","inline_featured_image":false,"footnotes":""},"class_list":["post-5049","page","type-page","status-publish","has-post-thumbnail","hentry"],"acf":[],"yoast_head":"<!-- This site is optimized with the Yoast SEO plugin v27.4 - https:\/\/yoast.com\/product\/yoast-seo-wordpress\/ -->\n<title>Was wir tun - Hannover - FUSS e.V.<\/title>\n<meta name=\"robots\" content=\"index, follow, max-snippet:-1, max-image-preview:large, max-video-preview:-1\" \/>\n<link rel=\"canonical\" href=\"https:\/\/www.fuss-ev.de\/hannover\/was-wir-tun\/\" \/>\n<meta property=\"og:locale\" content=\"de_DE\" \/>\n<meta property=\"og:type\" content=\"article\" \/>\n<meta property=\"og:title\" content=\"Was wir tun - Hannover - FUSS e.V.\" \/>\n<meta property=\"og:description\" content=\"[vc_row][vc_column][vc_single_image image=&#8221;5159&#8243; alignment=&#8221;center&#8221; css=&#8221;&#8221;][\/vc_column][\/vc_row][vc_row][vc_column width=&#8221;2\/3&#8243;][vc_column_text css=&#8221;&#8221;] Was wir tun Wir mischen uns ein in die lokale Politik und bringen bei der Verwaltung der Landeshaupt Hannover\u00a0die Interessen von Zufu\u00dfgehenden in Erinnerung Unterwegs mit FUSS e.V.: Wir [&hellip;]\" \/>\n<meta property=\"og:url\" content=\"https:\/\/www.fuss-ev.de\/hannover\/was-wir-tun\/\" \/>\n<meta property=\"og:site_name\" content=\"Hannover - FUSS e.V.\" \/>\n<meta property=\"article:modified_time\" content=\"2025-05-13T14:56:42+00:00\" \/>\n<meta property=\"og:image\" content=\"https:\/\/www.fuss-ev.de\/hannover\/wp-content\/uploads\/sites\/12\/2025\/04\/piktogramm-fussgaengerzone.jpg\" \/>\n\t<meta property=\"og:image:width\" content=\"1000\" \/>\n\t<meta property=\"og:image:height\" content=\"502\" \/>\n\t<meta property=\"og:image:type\" content=\"image\/jpeg\" \/>\n<meta name=\"twitter:card\" content=\"summary_large_image\" \/>\n<meta name=\"twitter:label1\" content=\"Gesch\u00e4tzte Lesezeit\" \/>\n\t<meta name=\"twitter:data1\" content=\"1\u00a0Minute\" \/>\n<script type=\"application\/ld+json\" class=\"yoast-schema-graph\">{\"@context\":\"https:\\\/\\\/schema.org\",\"@graph\":[{\"@type\":\"WebPage\",\"@id\":\"https:\\\/\\\/www.fuss-ev.de\\\/hannover\\\/was-wir-tun\\\/\",\"url\":\"https:\\\/\\\/www.fuss-ev.de\\\/hannover\\\/was-wir-tun\\\/\",\"name\":\"Was wir tun - Hannover - FUSS e.V.\",\"isPartOf\":{\"@id\":\"https:\\\/\\\/www.fuss-ev.de\\\/hannover\\\/#website\"},\"primaryImageOfPage\":{\"@id\":\"https:\\\/\\\/www.fuss-ev.de\\\/hannover\\\/was-wir-tun\\\/#primaryimage\"},\"image\":{\"@id\":\"https:\\\/\\\/www.fuss-ev.de\\\/hannover\\\/was-wir-tun\\\/#primaryimage\"},\"thumbnailUrl\":\"https:\\\/\\\/www.fuss-ev.de\\\/hannover\\\/wp-content\\\/uploads\\\/sites\\\/12\\\/2025\\\/04\\\/piktogramm-fussgaengerzone.jpg\",\"datePublished\":\"2025-04-02T09:38:17+00:00\",\"dateModified\":\"2025-05-13T14:56:42+00:00\",\"breadcrumb\":{\"@id\":\"https:\\\/\\\/www.fuss-ev.de\\\/hannover\\\/was-wir-tun\\\/#breadcrumb\"},\"inLanguage\":\"de\",\"potentialAction\":[{\"@type\":\"ReadAction\",\"target\":[\"https:\\\/\\\/www.fuss-ev.de\\\/hannover\\\/was-wir-tun\\\/\"]}]},{\"@type\":\"ImageObject\",\"inLanguage\":\"de\",\"@id\":\"https:\\\/\\\/www.fuss-ev.de\\\/hannover\\\/was-wir-tun\\\/#primaryimage\",\"url\":\"https:\\\/\\\/www.fuss-ev.de\\\/hannover\\\/wp-content\\\/uploads\\\/sites\\\/12\\\/2025\\\/04\\\/piktogramm-fussgaengerzone.jpg\",\"contentUrl\":\"https:\\\/\\\/www.fuss-ev.de\\\/hannover\\\/wp-content\\\/uploads\\\/sites\\\/12\\\/2025\\\/04\\\/piktogramm-fussgaengerzone.jpg\",\"width\":1000,\"height\":502,\"caption\":\"Foto von einem Piktogramm \\\"Fu\u00dfg\u00e4ngerzone\\\"\"},{\"@type\":\"BreadcrumbList\",\"@id\":\"https:\\\/\\\/www.fuss-ev.de\\\/hannover\\\/was-wir-tun\\\/#breadcrumb\",\"itemListElement\":[{\"@type\":\"ListItem\",\"position\":1,\"name\":\"Startseite\",\"item\":\"https:\\\/\\\/www.fuss-ev.de\\\/hannover\\\/\"},{\"@type\":\"ListItem\",\"position\":2,\"name\":\"Was wir tun\"}]},{\"@type\":\"WebSite\",\"@id\":\"https:\\\/\\\/www.fuss-ev.de\\\/hannover\\\/#website\",\"url\":\"https:\\\/\\\/www.fuss-ev.de\\\/hannover\\\/\",\"name\":\"Hannover - FUSS e.V.\",\"description\":\"\",\"publisher\":{\"@id\":\"https:\\\/\\\/www.fuss-ev.de\\\/hannover\\\/#organization\"},\"potentialAction\":[{\"@type\":\"SearchAction\",\"target\":{\"@type\":\"EntryPoint\",\"urlTemplate\":\"https:\\\/\\\/www.fuss-ev.de\\\/hannover\\\/?s={search_term_string}\"},\"query-input\":{\"@type\":\"PropertyValueSpecification\",\"valueRequired\":true,\"valueName\":\"search_term_string\"}}],\"inLanguage\":\"de\"},{\"@type\":\"Organization\",\"@id\":\"https:\\\/\\\/www.fuss-ev.de\\\/hannover\\\/#organization\",\"name\":\"Hannover - FUSS e.V.\",\"url\":\"https:\\\/\\\/www.fuss-ev.de\\\/hannover\\\/\",\"logo\":{\"@type\":\"ImageObject\",\"inLanguage\":\"de\",\"@id\":\"https:\\\/\\\/www.fuss-ev.de\\\/hannover\\\/#\\\/schema\\\/logo\\\/image\\\/\",\"url\":\"https:\\\/\\\/www.fuss-ev.de\\\/hannover\\\/wp-content\\\/uploads\\\/sites\\\/12\\\/2025\\\/03\\\/cropped-Logo-Fuss-e-V-Hannover-klein.jpg\",\"contentUrl\":\"https:\\\/\\\/www.fuss-ev.de\\\/hannover\\\/wp-content\\\/uploads\\\/sites\\\/12\\\/2025\\\/03\\\/cropped-Logo-Fuss-e-V-Hannover-klein.jpg\",\"width\":375,\"height\":138,\"caption\":\"Hannover - FUSS e.V.\"},\"image\":{\"@id\":\"https:\\\/\\\/www.fuss-ev.de\\\/hannover\\\/#\\\/schema\\\/logo\\\/image\\\/\"}}]}<\/script>\n<!-- \/ Yoast SEO plugin. -->","yoast_head_json":{"title":"Was wir tun - Hannover - FUSS e.V.","robots":{"index":"index","follow":"follow","max-snippet":"max-snippet:-1","max-image-preview":"max-image-preview:large","max-video-preview":"max-video-preview:-1"},"canonical":"https:\/\/www.fuss-ev.de\/hannover\/was-wir-tun\/","og_locale":"de_DE","og_type":"article","og_title":"Was wir tun - Hannover - FUSS e.V.","og_description":"[vc_row][vc_column][vc_single_image image=&#8221;5159&#8243; alignment=&#8221;center&#8221; css=&#8221;&#8221;][\/vc_column][\/vc_row][vc_row][vc_column width=&#8221;2\/3&#8243;][vc_column_text css=&#8221;&#8221;] Was wir tun Wir mischen uns ein in die lokale Politik und bringen bei der Verwaltung der Landeshaupt Hannover\u00a0die Interessen von Zufu\u00dfgehenden in Erinnerung Unterwegs mit FUSS e.V.: Wir [&hellip;]","og_url":"https:\/\/www.fuss-ev.de\/hannover\/was-wir-tun\/","og_site_name":"Hannover - FUSS e.V.","article_modified_time":"2025-05-13T14:56:42+00:00","og_image":[{"width":1000,"height":502,"url":"https:\/\/www.fuss-ev.de\/hannover\/wp-content\/uploads\/sites\/12\/2025\/04\/piktogramm-fussgaengerzone.jpg","type":"image\/jpeg"}],"twitter_card":"summary_large_image","twitter_misc":{"Gesch\u00e4tzte Lesezeit":"1\u00a0Minute"},"schema":{"@context":"https:\/\/schema.org","@graph":[{"@type":"WebPage","@id":"https:\/\/www.fuss-ev.de\/hannover\/was-wir-tun\/","url":"https:\/\/www.fuss-ev.de\/hannover\/was-wir-tun\/","name":"Was wir tun - Hannover - FUSS e.V.","isPartOf":{"@id":"https:\/\/www.fuss-ev.de\/hannover\/#website"},"primaryImageOfPage":{"@id":"https:\/\/www.fuss-ev.de\/hannover\/was-wir-tun\/#primaryimage"},"image":{"@id":"https:\/\/www.fuss-ev.de\/hannover\/was-wir-tun\/#primaryimage"},"thumbnailUrl":"https:\/\/www.fuss-ev.de\/hannover\/wp-content\/uploads\/sites\/12\/2025\/04\/piktogramm-fussgaengerzone.jpg","datePublished":"2025-04-02T09:38:17+00:00","dateModified":"2025-05-13T14:56:42+00:00","breadcrumb":{"@id":"https:\/\/www.fuss-ev.de\/hannover\/was-wir-tun\/#breadcrumb"},"inLanguage":"de","potentialAction":[{"@type":"ReadAction","target":["https:\/\/www.fuss-ev.de\/hannover\/was-wir-tun\/"]}]},{"@type":"ImageObject","inLanguage":"de","@id":"https:\/\/www.fuss-ev.de\/hannover\/was-wir-tun\/#primaryimage","url":"https:\/\/www.fuss-ev.de\/hannover\/wp-content\/uploads\/sites\/12\/2025\/04\/piktogramm-fussgaengerzone.jpg","contentUrl":"https:\/\/www.fuss-ev.de\/hannover\/wp-content\/uploads\/sites\/12\/2025\/04\/piktogramm-fussgaengerzone.jpg","width":1000,"height":502,"caption":"Foto von einem Piktogramm \"Fu\u00dfg\u00e4ngerzone\""},{"@type":"BreadcrumbList","@id":"https:\/\/www.fuss-ev.de\/hannover\/was-wir-tun\/#breadcrumb","itemListElement":[{"@type":"ListItem","position":1,"name":"Startseite","item":"https:\/\/www.fuss-ev.de\/hannover\/"},{"@type":"ListItem","position":2,"name":"Was wir tun"}]},{"@type":"WebSite","@id":"https:\/\/www.fuss-ev.de\/hannover\/#website","url":"https:\/\/www.fuss-ev.de\/hannover\/","name":"Hannover - FUSS e.V.","description":"","publisher":{"@id":"https:\/\/www.fuss-ev.de\/hannover\/#organization"},"potentialAction":[{"@type":"SearchAction","target":{"@type":"EntryPoint","urlTemplate":"https:\/\/www.fuss-ev.de\/hannover\/?s={search_term_string}"},"query-input":{"@type":"PropertyValueSpecification","valueRequired":true,"valueName":"search_term_string"}}],"inLanguage":"de"},{"@type":"Organization","@id":"https:\/\/www.fuss-ev.de\/hannover\/#organization","name":"Hannover - FUSS e.V.","url":"https:\/\/www.fuss-ev.de\/hannover\/","logo":{"@type":"ImageObject","inLanguage":"de","@id":"https:\/\/www.fuss-ev.de\/hannover\/#\/schema\/logo\/image\/","url":"https:\/\/www.fuss-ev.de\/hannover\/wp-content\/uploads\/sites\/12\/2025\/03\/cropped-Logo-Fuss-e-V-Hannover-klein.jpg","contentUrl":"https:\/\/www.fuss-ev.de\/hannover\/wp-content\/uploads\/sites\/12\/2025\/03\/cropped-Logo-Fuss-e-V-Hannover-klein.jpg","width":375,"height":138,"caption":"Hannover - FUSS e.V."},"image":{"@id":"https:\/\/www.fuss-ev.de\/hannover\/#\/schema\/logo\/image\/"}}]}},"publishpress_future_action":{"enabled":false,"date":"2026-04-26 12:57:51","action":"change-status","newStatus":"draft","terms":[],"taxonomy":"","extraData":[]},"publishpress_future_workflow_manual_trigger":{"enabledWorkflows":[]},"_links":{"self":[{"href":"https:\/\/www.fuss-ev.de\/hannover\/wp-json\/wp\/v2\/pages\/5049","targetHints":{"allow":["GET"]}}],"collection":[{"href":"https:\/\/www.fuss-ev.de\/hannover\/wp-json\/wp\/v2\/pages"}],"about":[{"href":"https:\/\/www.fuss-ev.de\/hannover\/wp-json\/wp\/v2\/types\/page"}],"author":[{"embeddable":true,"href":"https:\/\/www.fuss-ev.de\/hannover\/wp-json\/wp\/v2\/users\/36"}],"replies":[{"embeddable":true,"href":"https:\/\/www.fuss-ev.de\/hannover\/wp-json\/wp\/v2\/comments?post=5049"}],"version-history":[{"count":14,"href":"https:\/\/www.fuss-ev.de\/hannover\/wp-json\/wp\/v2\/pages\/5049\/revisions"}],"predecessor-version":[{"id":5200,"href":"https:\/\/www.fuss-ev.de\/hannover\/wp-json\/wp\/v2\/pages\/5049\/revisions\/5200"}],"wp:featuredmedia":[{"embeddable":true,"href":"https:\/\/www.fuss-ev.de\/hannover\/wp-json\/wp\/v2\/media\/5159"}],"wp:attachment":[{"href":"https:\/\/www.fuss-ev.de\/hannover\/wp-json\/wp\/v2\/media?parent=5049"}],"curies":[{"name":"wp","href":"https:\/\/api.w.org\/{rel}","templated":true}]}}