{"id":5982,"date":"2026-01-31T21:32:12","date_gmt":"2026-01-31T20:32:12","guid":{"rendered":"https:\/\/www.fuss-ev.de\/hamburg\/?page_id=5982"},"modified":"2026-02-13T16:46:26","modified_gmt":"2026-02-13T15:46:26","slug":"winterdienst-in-hamburg-harburg","status":"publish","type":"page","link":"https:\/\/www.fuss-ev.de\/hamburg\/winterdienst-in-hamburg-harburg\/","title":{"rendered":"Winterdienst"},"content":{"rendered":"<div class=\"wpb-content-wrapper\"><p>[vc_row css=&#8221;.vc_custom_1764523946453{margin-top: 0px !important;margin-bottom: 0px !important;border-top-width: 0px !important;border-bottom-width: 0px !important;padding-top: 0px !important;padding-bottom: 0px !important;}&#8221;][vc_column][vc_column_text css=&#8221;&#8221;]<\/p>\n<h2><span style=\"font-family: arial, helvetica, sans-serif;font-size: 24pt\">Winterdienst oder kein Winterdienst? Das ist hier die Frage.<\/span><\/h2>\n<p>[\/vc_column_text][\/vc_column][\/vc_row][vc_row css=&#8221;.vc_custom_1764523228641{margin-top: 0px !important;margin-bottom: 0px !important;border-top-width: 0px !important;border-bottom-width: 0px !important;padding-top: 0px !important;padding-bottom: 0px !important;}&#8221;][vc_column width=&#8221;2\/5&#8243;][vc_column_text css=&#8221;&#8221;]30. Januar 2026. Es schneit und taut und friert und taut und schneit &#8230; seit Anfang des Monats. Alle sind immer noch \u00fcberrascht, dass Winter ist.<\/p>\n<p>Fu\u00dfg\u00e4nger*innen rutschen, einige fallen hin, die Unfallchirurg*innen der Krankenh\u00e4user haben alle H\u00e4nde voll zu tun. Viele alte Menschen bleiben zuhause, weil der n\u00e4chste Sturz der letzte sein kann.<\/p>\n<p>Anlieger*innen von Gehwegen m\u00fcssen r\u00e4umen oder streuen. Medien berichten von schlechtem Winterdienst, von Sturzgefahr und von drohenden Bu\u00dfgeldern und appellieren an die Verantwortlichen. Die Freie und Hansestadt Hamburg geht mit gutem Beispiel voran und l\u00e4sst Gehwege vor \u00f6ffentlichen Geb\u00e4uden vorbildlich r\u00e4umen und streuen.[\/vc_column_text][\/vc_column][vc_column width=&#8221;1\/5&#8243;][vc_single_image image=&#8221;5958&#8243; css=&#8221;&#8221;][vc_column_text css=&#8221;&#8221;]Vor dem Finanzamt Harburg, 30.1.2026. Der (nicht benutzungspflichtige) Radweg links ist ger\u00e4umt, der Schnee auf dem Gehweg rechts ist plattgetreten und teilweise vereist.[\/vc_column_text][\/vc_column][vc_column width=&#8221;1\/5&#8243;][vc_single_image image=&#8221;5966&#8243; css=&#8221;&#8221;][vc_column_text css=&#8221;&#8221;]Vor der Goetheschule Harburg, 30.1.2026.\u00a0Der (nicht benutzungspflichtige) Radweg links ist ger\u00e4umt, der Schnee auf dem Gehweg rechts ist plattgetreten und teilweise vereist.[\/vc_column_text][\/vc_column][vc_column width=&#8221;1\/5&#8243;][vc_single_image image=&#8221;5972&#8243; css=&#8221;&#8221;][vc_column_text css=&#8221;&#8221;]Vor der TU Hamburg, 30.1.2026. Hier ist der Bereich zwischen Bushaltestelle und Warteh\u00e4uschen ger\u00e4umt, aber weder der (nicht benutzungspflichtige) Radweg links noch der Gehweg rechts. Wo sehr viele Fu\u00dfg\u00e4nger*innen unterwegs waren, f\u00fchlt sich der Schnee eher wie Sand an.[\/vc_column_text][\/vc_column][\/vc_row][vc_row][vc_column][vc_column_text css=&#8221;&#8221;]<\/p>\n<h3>Wen trifft es, wenn nicht oder schlecht ger\u00e4umt wird bei Eis und Schnee?<\/h3>\n<p>Alle, die nicht mit dem Auto von Tiefgarage zu Tiefgarage unterwegs sind.<\/p>\n<p>Allerdings trifft es einige Menschen h\u00e4rter als andere, zum Beispiel Personen, die blind sind oder im Rollstuhl unterwegs, wie <a href=\"https:\/\/www.ardmediathek.de\/video\/hamburg-journal\/schnee-herausforderung-fuer-sehbehinderte-und-rolli-fahrer\/ndr\/Y3JpZDovL25kci5kZS81ZTFlMjg5ZS1kNjI3LTRkMzAtYjQ5NC1kNjdiZjA1NWY2MTg\">im NDR<\/a>\u00a0berichtet wurde.[\/vc_column_text][\/vc_column][\/vc_row][vc_row][vc_column][vc_column_text css=&#8221;&#8221;]<\/p>\n<h3>Was kosten die St\u00fcrze?<\/h3>\n<p>St\u00fcrze von Fu\u00dfg\u00e4nger*innen, die im Fu\u00dfverkehr, also bei Wegen von A nach B, stattfinden, sind keine &#8220;Verkehrsunf\u00e4lle&#8221;, die in der Statistik erscheinen. Wenn es keine Zahlen gibt, kann man behaupten, dass es kein Problem gibt.<\/p>\n<p>Immerhin gibt es in der\u00a0<a href=\"https:\/\/www.hamburg.de\/resource\/blob\/1098728\/9094720959cb5d86073f212f2cf96cb5\/fussverkehrsstrategie-data.pdf\" target=\"_blank\" rel=\"noopener\">gesamtst\u00e4dtischen Fu\u00dfverkehrsstrategie &#8220;So geht Hamburg!&#8221;<\/a> einen Lichtblick auf S. 40: &#8220;Unfallgeschehen im Fu\u00dfverkehr wird ganzheitlich erfasst (z. B. Alleinunf\u00e4lle).&#8221; Wann das passieren soll, ist allerdings unklar.[\/vc_column_text][\/vc_column][\/vc_row]<\/p>\n<\/div>","protected":false},"excerpt":{"rendered":"<p>[vc_row css=&#8221;.vc_custom_1764523946453{margin-top: 0px !important;margin-bottom: 0px !important;border-top-width: 0px !important;border-bottom-width: 0px !important;padding-top: 0px !important;padding-bottom: 0px !important;}&#8221;][vc_column][vc_column_text css=&#8221;&#8221;] Winterdienst oder kein Winterdienst? Das ist hier die Frage. [\/vc_column_text][\/vc_column][\/vc_row][vc_row css=&#8221;.vc_custom_1764523228641{margin-top: 0px !important;margin-bottom: 0px !important;border-top-width: 0px !important;border-bottom-width: 0px !important;padding-top: 0px [&hellip;]<\/p>\n","protected":false},"author":73,"featured_media":0,"parent":0,"menu_order":0,"comment_status":"closed","ping_status":"closed","template":"","meta":{"_acf_changed":false,"_relevanssi_hide_post":"","_relevanssi_hide_content":"","_relevanssi_pin_for_all":"","_relevanssi_pin_keywords":"","_relevanssi_unpin_keywords":"","_relevanssi_related_keywords":"","_relevanssi_related_include_ids":"","_relevanssi_related_exclude_ids":"","_relevanssi_related_no_append":"","_relevanssi_related_not_related":"","_relevanssi_related_posts":"","_relevanssi_noindex_reason":"","inline_featured_image":false,"footnotes":""},"class_list":["post-5982","page","type-page","status-publish","hentry"],"acf":[],"yoast_head":"<!-- This site is optimized with the Yoast SEO plugin v27.3 - https:\/\/yoast.com\/product\/yoast-seo-wordpress\/ -->\n<title>Winterdienst - Hamburg - FUSS e.V.<\/title>\n<meta name=\"description\" content=\"Winterdienst in Hamburg-Harburg. Schnee und Eis auf nicht ger\u00e4umten Gehwegen vor Finanzamt, Schule, Universit\u00e4t.\" \/>\n<meta name=\"robots\" content=\"index, follow, max-snippet:-1, max-image-preview:large, max-video-preview:-1\" \/>\n<link rel=\"canonical\" href=\"https:\/\/www.fuss-ev.de\/hamburg\/winterdienst-in-hamburg-harburg\/\" \/>\n<meta property=\"og:locale\" content=\"de_DE\" \/>\n<meta property=\"og:type\" content=\"article\" \/>\n<meta property=\"og:title\" content=\"Winterdienst - Hamburg - FUSS e.V.\" \/>\n<meta property=\"og:description\" content=\"Winterdienst in Hamburg-Harburg. Schnee und Eis auf nicht ger\u00e4umten Gehwegen vor Finanzamt, Schule, Universit\u00e4t.\" \/>\n<meta property=\"og:url\" content=\"https:\/\/www.fuss-ev.de\/hamburg\/winterdienst-in-hamburg-harburg\/\" \/>\n<meta property=\"og:site_name\" content=\"Hamburg - FUSS e.V.\" \/>\n<meta property=\"article:modified_time\" content=\"2026-02-13T15:46:26+00:00\" \/>\n<meta name=\"twitter:card\" content=\"summary_large_image\" \/>\n<meta name=\"twitter:label1\" content=\"Gesch\u00e4tzte Lesezeit\" \/>\n\t<meta name=\"twitter:data1\" content=\"3\u00a0Minuten\" \/>\n<script type=\"application\/ld+json\" class=\"yoast-schema-graph\">{\"@context\":\"https:\\\/\\\/schema.org\",\"@graph\":[{\"@type\":\"WebPage\",\"@id\":\"https:\\\/\\\/www.fuss-ev.de\\\/hamburg\\\/winterdienst-in-hamburg-harburg\\\/\",\"url\":\"https:\\\/\\\/www.fuss-ev.de\\\/hamburg\\\/winterdienst-in-hamburg-harburg\\\/\",\"name\":\"Winterdienst - Hamburg - FUSS e.V.\",\"isPartOf\":{\"@id\":\"https:\\\/\\\/www.fuss-ev.de\\\/hamburg\\\/#website\"},\"datePublished\":\"2026-01-31T20:32:12+00:00\",\"dateModified\":\"2026-02-13T15:46:26+00:00\",\"description\":\"Winterdienst in Hamburg-Harburg. Schnee und Eis auf nicht ger\u00e4umten Gehwegen vor Finanzamt, Schule, Universit\u00e4t.\",\"breadcrumb\":{\"@id\":\"https:\\\/\\\/www.fuss-ev.de\\\/hamburg\\\/winterdienst-in-hamburg-harburg\\\/#breadcrumb\"},\"inLanguage\":\"de\",\"potentialAction\":[{\"@type\":\"ReadAction\",\"target\":[\"https:\\\/\\\/www.fuss-ev.de\\\/hamburg\\\/winterdienst-in-hamburg-harburg\\\/\"]}]},{\"@type\":\"BreadcrumbList\",\"@id\":\"https:\\\/\\\/www.fuss-ev.de\\\/hamburg\\\/winterdienst-in-hamburg-harburg\\\/#breadcrumb\",\"itemListElement\":[{\"@type\":\"ListItem\",\"position\":1,\"name\":\"Startseite\",\"item\":\"https:\\\/\\\/www.fuss-ev.de\\\/hamburg\\\/\"},{\"@type\":\"ListItem\",\"position\":2,\"name\":\"FUSS > Hamburg > Harburg > Winterdienst\"}]},{\"@type\":\"WebSite\",\"@id\":\"https:\\\/\\\/www.fuss-ev.de\\\/hamburg\\\/#website\",\"url\":\"https:\\\/\\\/www.fuss-ev.de\\\/hamburg\\\/\",\"name\":\"Hamburg - FUSS e.V.\",\"description\":\"Was uns in Hamburg bewegt\",\"publisher\":{\"@id\":\"https:\\\/\\\/www.fuss-ev.de\\\/hamburg\\\/#organization\"},\"potentialAction\":[{\"@type\":\"SearchAction\",\"target\":{\"@type\":\"EntryPoint\",\"urlTemplate\":\"https:\\\/\\\/www.fuss-ev.de\\\/hamburg\\\/?s={search_term_string}\"},\"query-input\":{\"@type\":\"PropertyValueSpecification\",\"valueRequired\":true,\"valueName\":\"search_term_string\"}}],\"inLanguage\":\"de\"},{\"@type\":\"Organization\",\"@id\":\"https:\\\/\\\/www.fuss-ev.de\\\/hamburg\\\/#organization\",\"name\":\"Hamburg - FUSS e.V.\",\"url\":\"https:\\\/\\\/www.fuss-ev.de\\\/hamburg\\\/\",\"logo\":{\"@type\":\"ImageObject\",\"inLanguage\":\"de\",\"@id\":\"https:\\\/\\\/www.fuss-ev.de\\\/hamburg\\\/#\\\/schema\\\/logo\\\/image\\\/\",\"url\":\"https:\\\/\\\/www.fuss-ev.de\\\/hamburg\\\/wp-content\\\/uploads\\\/sites\\\/11\\\/2025\\\/01\\\/FUSS_Logo.jpg\",\"contentUrl\":\"https:\\\/\\\/www.fuss-ev.de\\\/hamburg\\\/wp-content\\\/uploads\\\/sites\\\/11\\\/2025\\\/01\\\/FUSS_Logo.jpg\",\"width\":2082,\"height\":979,\"caption\":\"Hamburg - FUSS e.V.\"},\"image\":{\"@id\":\"https:\\\/\\\/www.fuss-ev.de\\\/hamburg\\\/#\\\/schema\\\/logo\\\/image\\\/\"}}]}<\/script>\n<!-- \/ Yoast SEO plugin. -->","yoast_head_json":{"title":"Winterdienst - Hamburg - FUSS e.V.","description":"Winterdienst in Hamburg-Harburg. Schnee und Eis auf nicht ger\u00e4umten Gehwegen vor Finanzamt, Schule, Universit\u00e4t.","robots":{"index":"index","follow":"follow","max-snippet":"max-snippet:-1","max-image-preview":"max-image-preview:large","max-video-preview":"max-video-preview:-1"},"canonical":"https:\/\/www.fuss-ev.de\/hamburg\/winterdienst-in-hamburg-harburg\/","og_locale":"de_DE","og_type":"article","og_title":"Winterdienst - Hamburg - FUSS e.V.","og_description":"Winterdienst in Hamburg-Harburg. Schnee und Eis auf nicht ger\u00e4umten Gehwegen vor Finanzamt, Schule, Universit\u00e4t.","og_url":"https:\/\/www.fuss-ev.de\/hamburg\/winterdienst-in-hamburg-harburg\/","og_site_name":"Hamburg - FUSS e.V.","article_modified_time":"2026-02-13T15:46:26+00:00","twitter_card":"summary_large_image","twitter_misc":{"Gesch\u00e4tzte Lesezeit":"3\u00a0Minuten"},"schema":{"@context":"https:\/\/schema.org","@graph":[{"@type":"WebPage","@id":"https:\/\/www.fuss-ev.de\/hamburg\/winterdienst-in-hamburg-harburg\/","url":"https:\/\/www.fuss-ev.de\/hamburg\/winterdienst-in-hamburg-harburg\/","name":"Winterdienst - Hamburg - FUSS e.V.","isPartOf":{"@id":"https:\/\/www.fuss-ev.de\/hamburg\/#website"},"datePublished":"2026-01-31T20:32:12+00:00","dateModified":"2026-02-13T15:46:26+00:00","description":"Winterdienst in Hamburg-Harburg. Schnee und Eis auf nicht ger\u00e4umten Gehwegen vor Finanzamt, Schule, Universit\u00e4t.","breadcrumb":{"@id":"https:\/\/www.fuss-ev.de\/hamburg\/winterdienst-in-hamburg-harburg\/#breadcrumb"},"inLanguage":"de","potentialAction":[{"@type":"ReadAction","target":["https:\/\/www.fuss-ev.de\/hamburg\/winterdienst-in-hamburg-harburg\/"]}]},{"@type":"BreadcrumbList","@id":"https:\/\/www.fuss-ev.de\/hamburg\/winterdienst-in-hamburg-harburg\/#breadcrumb","itemListElement":[{"@type":"ListItem","position":1,"name":"Startseite","item":"https:\/\/www.fuss-ev.de\/hamburg\/"},{"@type":"ListItem","position":2,"name":"FUSS > Hamburg > Harburg > Winterdienst"}]},{"@type":"WebSite","@id":"https:\/\/www.fuss-ev.de\/hamburg\/#website","url":"https:\/\/www.fuss-ev.de\/hamburg\/","name":"Hamburg - FUSS e.V.","description":"Was uns in Hamburg bewegt","publisher":{"@id":"https:\/\/www.fuss-ev.de\/hamburg\/#organization"},"potentialAction":[{"@type":"SearchAction","target":{"@type":"EntryPoint","urlTemplate":"https:\/\/www.fuss-ev.de\/hamburg\/?s={search_term_string}"},"query-input":{"@type":"PropertyValueSpecification","valueRequired":true,"valueName":"search_term_string"}}],"inLanguage":"de"},{"@type":"Organization","@id":"https:\/\/www.fuss-ev.de\/hamburg\/#organization","name":"Hamburg - FUSS e.V.","url":"https:\/\/www.fuss-ev.de\/hamburg\/","logo":{"@type":"ImageObject","inLanguage":"de","@id":"https:\/\/www.fuss-ev.de\/hamburg\/#\/schema\/logo\/image\/","url":"https:\/\/www.fuss-ev.de\/hamburg\/wp-content\/uploads\/sites\/11\/2025\/01\/FUSS_Logo.jpg","contentUrl":"https:\/\/www.fuss-ev.de\/hamburg\/wp-content\/uploads\/sites\/11\/2025\/01\/FUSS_Logo.jpg","width":2082,"height":979,"caption":"Hamburg - FUSS e.V."},"image":{"@id":"https:\/\/www.fuss-ev.de\/hamburg\/#\/schema\/logo\/image\/"}}]}},"publishpress_future_action":{"enabled":false,"date":"2026-04-24 08:30:42","action":"change-status","newStatus":"draft","terms":[],"taxonomy":"","extraData":[]},"publishpress_future_workflow_manual_trigger":{"enabledWorkflows":[]},"_links":{"self":[{"href":"https:\/\/www.fuss-ev.de\/hamburg\/wp-json\/wp\/v2\/pages\/5982","targetHints":{"allow":["GET"]}}],"collection":[{"href":"https:\/\/www.fuss-ev.de\/hamburg\/wp-json\/wp\/v2\/pages"}],"about":[{"href":"https:\/\/www.fuss-ev.de\/hamburg\/wp-json\/wp\/v2\/types\/page"}],"author":[{"embeddable":true,"href":"https:\/\/www.fuss-ev.de\/hamburg\/wp-json\/wp\/v2\/users\/73"}],"replies":[{"embeddable":true,"href":"https:\/\/www.fuss-ev.de\/hamburg\/wp-json\/wp\/v2\/comments?post=5982"}],"version-history":[{"count":18,"href":"https:\/\/www.fuss-ev.de\/hamburg\/wp-json\/wp\/v2\/pages\/5982\/revisions"}],"predecessor-version":[{"id":6127,"href":"https:\/\/www.fuss-ev.de\/hamburg\/wp-json\/wp\/v2\/pages\/5982\/revisions\/6127"}],"wp:attachment":[{"href":"https:\/\/www.fuss-ev.de\/hamburg\/wp-json\/wp\/v2\/media?parent=5982"}],"curies":[{"name":"wp","href":"https:\/\/api.w.org\/{rel}","templated":true}]}}