{"id":5717,"date":"2025-10-09T10:08:45","date_gmt":"2025-10-09T08:08:45","guid":{"rendered":"https:\/\/www.fuss-ev.de\/hamburg\/?page_id=5717"},"modified":"2025-10-09T15:11:02","modified_gmt":"2025-10-09T13:11:02","slug":"illegales-parken","status":"publish","type":"page","link":"https:\/\/www.fuss-ev.de\/hamburg\/illegales-parken\/","title":{"rendered":"Falschparken auf Gehwegen"},"content":{"rendered":"<div class=\"wpb-content-wrapper\"><p>[vc_row][vc_column width=&#8221;1\/2&#8243;][vc_column_text css=&#8221;&#8221;]<\/p>\n<h2><span style=\"font-size: 14pt\"><strong><span style=\"font-family: arial, helvetica, sans-serif\">Falschparken auf Gehwegen<\/span><\/strong><\/span><\/h2>\n<p><span style=\"font-family: arial, helvetica, sans-serif\">Das Parken auf Gehwegen ist in Hamburg zur Normalit\u00e4t geworden. Der \u201eParkdruck\u201c und Gehfaulheit veranlassen Autobesitzer*innen dazu, ihre Autos auch illegal auf den ohnehin schon baulich stark eingeschr\u00e4nkten Gehwegen abzustellen. Seitens der Polizei ist in der Regel keine Hilfe zu erwarten. Selbst wenn einmal ein Polizeimitarbeiter vor Ort eine Runde dreht, ist die Solidarit\u00e4t mit den Falschparkern h\u00e4ufig gro\u00df. Stehende Fahrzeuge (man k\u00f6nnte also tats\u00e4chlich von Stehzeugen sprechen) ben\u00f6tigen im Gegensatz zu allen anderen Fortbewegungsmitteln viel Platz im \u00f6ffentlichen Raum und haben auf Gehwegen nichts zu suchen.<\/span><\/p>\n<p><span style=\"font-family: arial, helvetica, sans-serif\">Oft werden von der Polizei Personalmangel oder die Personalkosten als Grund f\u00fcr ein Nichtdurchgreifen angegeben. Dabei w\u00fcrde sich der Einsatz in den innerst\u00e4dtischen Stadtteilen bereits nach wenigen Metern Stra\u00dfenraum durch abschreckende Strafzettel rechnen.<\/span>[\/vc_column_text][\/vc_column][vc_column width=&#8221;1\/2&#8243;][vc_column_text css=&#8221;&#8221;]<\/p>\n<p>&nbsp;<\/p>\n<p><span style=\"font-family: arial, helvetica, sans-serif\">Auch werden die Kosten der Sch\u00e4den nicht ber\u00fccksichtigt, die die Pkws und Lkws an den Gehwegen verursachen. Besonders die vielen Laster und Lieferwagen, die auf Gehwegen fahren und stehen, machen sie damit auch kaputt.<\/span><\/p>\n<p><span style=\"font-family: arial, helvetica, sans-serif\">Leidtragende dieses Umstandes sind alle nicht motorisierten Verkehrsteilnehmer, sowie auch die Autofahrer, die mal nicht gerade im Fahrzeug sitzen: Die Breite der Gehwege wird durch Falschparker eingeschr\u00e4nkt; oft muss man im G\u00e4nsemarsch laufen, da nebeneinander kein Platz mehr ist. Abgesenkte Bordsteine an Kreuzungen k\u00f6nnen von Gehbehinderten, Rollstuhlfahrer*innen und Menschen mit Rollatoren sowie Kinderwagen und Rad oder Roller fahrenden Kindern nicht genutzt werden. Blinde k\u00f6nnen sich bei zugeparkten Blindenleitsystemen nicht mehr orientieren.<\/span>[\/vc_column_text][\/vc_column][\/vc_row][vc_row][vc_column][vc_column_text css=&#8221;&#8221;]<span style=\"font-family: arial, helvetica, sans-serif\">Regelwidriges Parken an Kreuzungen sowie direkt vor \u00dcberg\u00e4ngen (Ampeln, Zebrastreifen) gef\u00e4hrdet insbesondere Kinder, die den Kreuzungsbereich nicht einsehen k\u00f6nnen (und nimmt zudem abbiegenden Autofahrern die Sicht, die dadurch wiederum andere Verkehrsteilnehmer in Gefahr bringen).\u00a0<\/span><span style=\"font-family: arial, helvetica, sans-serif\">Der FUSS e.V. Hamburg fordert ein konsequentes Vorgehen der Polizei, indem bei regelm\u00e4\u00dfigen Kontrollen (insbesondere in den Morgenstunden, wenn auch Schulkinder unterwegs sind) Falschparker abgezettelt werden und bei Bedarf durch das Abschleppen der Fahrzeuge wieder die Mobilit\u00e4t von Fu\u00dfg\u00e4ngern gew\u00e4hrleistet wird. Wie soll sonst bei R\u00fccksichtslosparkern ein Lerneffekt erzielt werden?<\/span><\/p>\n<p><span style=\"font-family: arial, helvetica, sans-serif\">Wenn eine Parkraum\u00fcberwachung durch die Polizei nicht zu leisten ist, sind an einigen Stellen ggf. bauliche Ma\u00dfnahmen (wie Poller, Gel\u00e4nder oder \u00e4hnliches) zielf\u00fchrend.\u00a0<\/span><span style=\"font-family: arial, helvetica, sans-serif\">Zudem w\u00e4re eine Kampagne bzw. Aufkl\u00e4rung zum Fu\u00dfverkehr eine sinnvolle Ma\u00dfnahme. Hierbei sollte der Gesundheitseffekt (u. a. mehr Bewegung und Fitness, L\u00e4rm- und Abgasreduktion) des Zufu\u00dfgehens und die positiven Auswirkungen auf das Stadtleben betont werden, und bei Autofahrern um mehr R\u00fccksicht und ein tieferes Verst\u00e4ndnis f\u00fcr die Folgen des Gehwegparkens geworben werden.<\/span><\/p>\n<h2><span style=\"font-family: arial, helvetica, sans-serif;font-size: 14pt\"><strong>Unsere bisherigen Aktivit\u00e4ten hierzu:<\/strong><\/span><\/h2>\n<p><span style=\"font-family: arial, helvetica, sans-serif\">Der FUSS e.V. Hamburg versucht durch einen regelm\u00e4\u00dfigen Dialog mit den zust\u00e4ndigen Beh\u00f6rden, Polizeikommissariaten und vor allem auf Veranstaltungen zu dem Thema Mobilit\u00e4t auf dieses Thema aufmerksam zu machen und bei Planungen von Verkehrsanlagen und Stra\u00dfenr\u00e4umen die Interessen von Fu\u00dfg\u00e4ngerinnen und Fu\u00dfg\u00e4ngern zu vertreten.<\/span><\/p>\n<p><span style=\"font-family: arial, helvetica, sans-serif\">Nachdem der Bundesrat am 8.10.21 endlich den h\u00f6heren Bu\u00dfgeldern im Stra\u00dfenverkehr zugestimmt hat, haben wir den <a href=\"https:\/\/www.fuss-ev.de\/hamburg\/wp-content\/uploads\/sites\/11\/2025\/06\/1Innensenator.pdf\">Innensenator<\/a> angeschrieben und ihn aufgefordert, das Fehlverhalten endlich auch kontrollieren und ahnden zu lassen. Es kann nicht weiter sein, dass Gehwegparken und-fahren in Hamburg als &#8220;Kavaliersdelikt&#8221; behandelt wird.<\/span><\/p>\n<p><span style=\"font-family: arial, helvetica, sans-serif\">Danach haben wir eine<a href=\"https:\/\/www.fuss-ev.de\/hamburg\/wp-content\/uploads\/sites\/11\/2025\/06\/2Antwort.pdf\"> Antwort aus der Innenbeh\u00f6rde<\/a> erhalten.<\/span><\/p>\n<p><span style=\"font-family: arial, helvetica, sans-serif\">Leider konnten wir keine Verbesserung feststellen und haben den Innensenator <a href=\"https:\/\/www.fuss-ev.de\/hamburg\/wp-content\/uploads\/sites\/11\/2025\/06\/3Grote.pdf\">erneut angeschrieben<\/a>.<\/span>[\/vc_column_text][\/vc_column][\/vc_row]<\/p>\n<\/div>","protected":false},"excerpt":{"rendered":"<p>[vc_row][vc_column width=&#8221;1\/2&#8243;][vc_column_text css=&#8221;&#8221;] Falschparken auf Gehwegen Das Parken auf Gehwegen ist in Hamburg zur Normalit\u00e4t geworden. Der \u201eParkdruck\u201c und Gehfaulheit veranlassen Autobesitzer*innen dazu, ihre Autos auch illegal auf den ohnehin schon baulich stark eingeschr\u00e4nkten Gehwegen [&hellip;]<\/p>\n","protected":false},"author":34,"featured_media":0,"parent":0,"menu_order":0,"comment_status":"closed","ping_status":"closed","template":"","meta":{"_acf_changed":false,"_relevanssi_hide_post":"","_relevanssi_hide_content":"","_relevanssi_pin_for_all":"","_relevanssi_pin_keywords":"","_relevanssi_unpin_keywords":"","_relevanssi_related_keywords":"","_relevanssi_related_include_ids":"","_relevanssi_related_exclude_ids":"","_relevanssi_related_no_append":"","_relevanssi_related_not_related":"","_relevanssi_related_posts":"","_relevanssi_noindex_reason":"","inline_featured_image":false,"footnotes":""},"class_list":["post-5717","page","type-page","status-publish","hentry"],"acf":[],"yoast_head":"<!-- This site is optimized with the Yoast SEO plugin v27.3 - https:\/\/yoast.com\/product\/yoast-seo-wordpress\/ -->\n<title>Falschparken auf Gehwegen - Hamburg - FUSS e.V.<\/title>\n<meta name=\"robots\" content=\"index, follow, max-snippet:-1, max-image-preview:large, max-video-preview:-1\" \/>\n<link rel=\"canonical\" href=\"https:\/\/www.fuss-ev.de\/hamburg\/illegales-parken\/\" \/>\n<meta property=\"og:locale\" content=\"de_DE\" \/>\n<meta property=\"og:type\" content=\"article\" \/>\n<meta property=\"og:title\" content=\"Falschparken auf Gehwegen - Hamburg - FUSS e.V.\" \/>\n<meta property=\"og:description\" content=\"[vc_row][vc_column width=&#8221;1\/2&#8243;][vc_column_text css=&#8221;&#8221;] Falschparken auf Gehwegen Das Parken auf Gehwegen ist in Hamburg zur Normalit\u00e4t geworden. Der \u201eParkdruck\u201c und Gehfaulheit veranlassen Autobesitzer*innen dazu, ihre Autos auch illegal auf den ohnehin schon baulich stark eingeschr\u00e4nkten Gehwegen [&hellip;]\" \/>\n<meta property=\"og:url\" content=\"https:\/\/www.fuss-ev.de\/hamburg\/illegales-parken\/\" \/>\n<meta property=\"og:site_name\" content=\"Hamburg - FUSS e.V.\" \/>\n<meta property=\"article:modified_time\" content=\"2025-10-09T13:11:02+00:00\" \/>\n<meta name=\"twitter:card\" content=\"summary_large_image\" \/>\n<meta name=\"twitter:label1\" content=\"Gesch\u00e4tzte Lesezeit\" \/>\n\t<meta name=\"twitter:data1\" content=\"3\u00a0Minuten\" \/>\n<script type=\"application\/ld+json\" class=\"yoast-schema-graph\">{\"@context\":\"https:\\\/\\\/schema.org\",\"@graph\":[{\"@type\":\"WebPage\",\"@id\":\"https:\\\/\\\/www.fuss-ev.de\\\/hamburg\\\/illegales-parken\\\/\",\"url\":\"https:\\\/\\\/www.fuss-ev.de\\\/hamburg\\\/illegales-parken\\\/\",\"name\":\"Falschparken auf Gehwegen - Hamburg - FUSS e.V.\",\"isPartOf\":{\"@id\":\"https:\\\/\\\/www.fuss-ev.de\\\/hamburg\\\/#website\"},\"datePublished\":\"2025-10-09T08:08:45+00:00\",\"dateModified\":\"2025-10-09T13:11:02+00:00\",\"breadcrumb\":{\"@id\":\"https:\\\/\\\/www.fuss-ev.de\\\/hamburg\\\/illegales-parken\\\/#breadcrumb\"},\"inLanguage\":\"de\",\"potentialAction\":[{\"@type\":\"ReadAction\",\"target\":[\"https:\\\/\\\/www.fuss-ev.de\\\/hamburg\\\/illegales-parken\\\/\"]}]},{\"@type\":\"BreadcrumbList\",\"@id\":\"https:\\\/\\\/www.fuss-ev.de\\\/hamburg\\\/illegales-parken\\\/#breadcrumb\",\"itemListElement\":[{\"@type\":\"ListItem\",\"position\":1,\"name\":\"Startseite\",\"item\":\"https:\\\/\\\/www.fuss-ev.de\\\/hamburg\\\/\"},{\"@type\":\"ListItem\",\"position\":2,\"name\":\"Falschparken auf Gehwegen\"}]},{\"@type\":\"WebSite\",\"@id\":\"https:\\\/\\\/www.fuss-ev.de\\\/hamburg\\\/#website\",\"url\":\"https:\\\/\\\/www.fuss-ev.de\\\/hamburg\\\/\",\"name\":\"Hamburg - FUSS e.V.\",\"description\":\"Was uns in Hamburg bewegt\",\"publisher\":{\"@id\":\"https:\\\/\\\/www.fuss-ev.de\\\/hamburg\\\/#organization\"},\"potentialAction\":[{\"@type\":\"SearchAction\",\"target\":{\"@type\":\"EntryPoint\",\"urlTemplate\":\"https:\\\/\\\/www.fuss-ev.de\\\/hamburg\\\/?s={search_term_string}\"},\"query-input\":{\"@type\":\"PropertyValueSpecification\",\"valueRequired\":true,\"valueName\":\"search_term_string\"}}],\"inLanguage\":\"de\"},{\"@type\":\"Organization\",\"@id\":\"https:\\\/\\\/www.fuss-ev.de\\\/hamburg\\\/#organization\",\"name\":\"Hamburg - FUSS e.V.\",\"url\":\"https:\\\/\\\/www.fuss-ev.de\\\/hamburg\\\/\",\"logo\":{\"@type\":\"ImageObject\",\"inLanguage\":\"de\",\"@id\":\"https:\\\/\\\/www.fuss-ev.de\\\/hamburg\\\/#\\\/schema\\\/logo\\\/image\\\/\",\"url\":\"https:\\\/\\\/www.fuss-ev.de\\\/hamburg\\\/wp-content\\\/uploads\\\/sites\\\/11\\\/2025\\\/01\\\/FUSS_Logo.jpg\",\"contentUrl\":\"https:\\\/\\\/www.fuss-ev.de\\\/hamburg\\\/wp-content\\\/uploads\\\/sites\\\/11\\\/2025\\\/01\\\/FUSS_Logo.jpg\",\"width\":2082,\"height\":979,\"caption\":\"Hamburg - FUSS e.V.\"},\"image\":{\"@id\":\"https:\\\/\\\/www.fuss-ev.de\\\/hamburg\\\/#\\\/schema\\\/logo\\\/image\\\/\"}}]}<\/script>\n<!-- \/ Yoast SEO plugin. -->","yoast_head_json":{"title":"Falschparken auf Gehwegen - Hamburg - FUSS e.V.","robots":{"index":"index","follow":"follow","max-snippet":"max-snippet:-1","max-image-preview":"max-image-preview:large","max-video-preview":"max-video-preview:-1"},"canonical":"https:\/\/www.fuss-ev.de\/hamburg\/illegales-parken\/","og_locale":"de_DE","og_type":"article","og_title":"Falschparken auf Gehwegen - Hamburg - FUSS e.V.","og_description":"[vc_row][vc_column width=&#8221;1\/2&#8243;][vc_column_text css=&#8221;&#8221;] Falschparken auf Gehwegen Das Parken auf Gehwegen ist in Hamburg zur Normalit\u00e4t geworden. Der \u201eParkdruck\u201c und Gehfaulheit veranlassen Autobesitzer*innen dazu, ihre Autos auch illegal auf den ohnehin schon baulich stark eingeschr\u00e4nkten Gehwegen [&hellip;]","og_url":"https:\/\/www.fuss-ev.de\/hamburg\/illegales-parken\/","og_site_name":"Hamburg - FUSS e.V.","article_modified_time":"2025-10-09T13:11:02+00:00","twitter_card":"summary_large_image","twitter_misc":{"Gesch\u00e4tzte Lesezeit":"3\u00a0Minuten"},"schema":{"@context":"https:\/\/schema.org","@graph":[{"@type":"WebPage","@id":"https:\/\/www.fuss-ev.de\/hamburg\/illegales-parken\/","url":"https:\/\/www.fuss-ev.de\/hamburg\/illegales-parken\/","name":"Falschparken auf Gehwegen - Hamburg - FUSS e.V.","isPartOf":{"@id":"https:\/\/www.fuss-ev.de\/hamburg\/#website"},"datePublished":"2025-10-09T08:08:45+00:00","dateModified":"2025-10-09T13:11:02+00:00","breadcrumb":{"@id":"https:\/\/www.fuss-ev.de\/hamburg\/illegales-parken\/#breadcrumb"},"inLanguage":"de","potentialAction":[{"@type":"ReadAction","target":["https:\/\/www.fuss-ev.de\/hamburg\/illegales-parken\/"]}]},{"@type":"BreadcrumbList","@id":"https:\/\/www.fuss-ev.de\/hamburg\/illegales-parken\/#breadcrumb","itemListElement":[{"@type":"ListItem","position":1,"name":"Startseite","item":"https:\/\/www.fuss-ev.de\/hamburg\/"},{"@type":"ListItem","position":2,"name":"Falschparken auf Gehwegen"}]},{"@type":"WebSite","@id":"https:\/\/www.fuss-ev.de\/hamburg\/#website","url":"https:\/\/www.fuss-ev.de\/hamburg\/","name":"Hamburg - FUSS e.V.","description":"Was uns in Hamburg bewegt","publisher":{"@id":"https:\/\/www.fuss-ev.de\/hamburg\/#organization"},"potentialAction":[{"@type":"SearchAction","target":{"@type":"EntryPoint","urlTemplate":"https:\/\/www.fuss-ev.de\/hamburg\/?s={search_term_string}"},"query-input":{"@type":"PropertyValueSpecification","valueRequired":true,"valueName":"search_term_string"}}],"inLanguage":"de"},{"@type":"Organization","@id":"https:\/\/www.fuss-ev.de\/hamburg\/#organization","name":"Hamburg - FUSS e.V.","url":"https:\/\/www.fuss-ev.de\/hamburg\/","logo":{"@type":"ImageObject","inLanguage":"de","@id":"https:\/\/www.fuss-ev.de\/hamburg\/#\/schema\/logo\/image\/","url":"https:\/\/www.fuss-ev.de\/hamburg\/wp-content\/uploads\/sites\/11\/2025\/01\/FUSS_Logo.jpg","contentUrl":"https:\/\/www.fuss-ev.de\/hamburg\/wp-content\/uploads\/sites\/11\/2025\/01\/FUSS_Logo.jpg","width":2082,"height":979,"caption":"Hamburg - FUSS e.V."},"image":{"@id":"https:\/\/www.fuss-ev.de\/hamburg\/#\/schema\/logo\/image\/"}}]}},"publishpress_future_action":{"enabled":false,"date":"2026-04-24 08:28:33","action":"change-status","newStatus":"draft","terms":[],"taxonomy":"","extraData":[]},"publishpress_future_workflow_manual_trigger":{"enabledWorkflows":[]},"_links":{"self":[{"href":"https:\/\/www.fuss-ev.de\/hamburg\/wp-json\/wp\/v2\/pages\/5717","targetHints":{"allow":["GET"]}}],"collection":[{"href":"https:\/\/www.fuss-ev.de\/hamburg\/wp-json\/wp\/v2\/pages"}],"about":[{"href":"https:\/\/www.fuss-ev.de\/hamburg\/wp-json\/wp\/v2\/types\/page"}],"author":[{"embeddable":true,"href":"https:\/\/www.fuss-ev.de\/hamburg\/wp-json\/wp\/v2\/users\/34"}],"replies":[{"embeddable":true,"href":"https:\/\/www.fuss-ev.de\/hamburg\/wp-json\/wp\/v2\/comments?post=5717"}],"version-history":[{"count":11,"href":"https:\/\/www.fuss-ev.de\/hamburg\/wp-json\/wp\/v2\/pages\/5717\/revisions"}],"predecessor-version":[{"id":5732,"href":"https:\/\/www.fuss-ev.de\/hamburg\/wp-json\/wp\/v2\/pages\/5717\/revisions\/5732"}],"wp:attachment":[{"href":"https:\/\/www.fuss-ev.de\/hamburg\/wp-json\/wp\/v2\/media?parent=5717"}],"curies":[{"name":"wp","href":"https:\/\/api.w.org\/{rel}","templated":true}]}}