{"id":5708,"date":"2025-10-09T09:50:17","date_gmt":"2025-10-09T07:50:17","guid":{"rendered":"https:\/\/www.fuss-ev.de\/hamburg\/?page_id=5708"},"modified":"2026-02-11T11:52:21","modified_gmt":"2026-02-11T10:52:21","slug":"5708-2","status":"publish","type":"page","link":"https:\/\/www.fuss-ev.de\/hamburg\/5708-2\/","title":{"rendered":"Legale Parkpl\u00e4tze"},"content":{"rendered":"<div class=\"wpb-content-wrapper\"><p>[vc_row][vc_column][vc_single_image image=&#8221;6112&#8243; img_size=&#8221;600&#215;400&#8243; add_caption=&#8221;yes&#8221; alignment=&#8221;center&#8221; css=&#8221;&#8221;][\/vc_column][\/vc_row][vc_row][vc_column][vc_column_text css=&#8221;&#8221;]<\/p>\n<h2><strong><span style=\"font-family: arial, helvetica, sans-serif;font-size: 14pt\">Legales Parken<\/span><\/strong><\/h2>\n<p><span style=\"font-family: arial, helvetica, sans-serif\">Lange war die autogerechte Stadt das Leitbild der Verkehrsplanung. Die Planer dachten von innen nach au\u00dfen. Das bedeutete, dass die Fu\u00dfg\u00e4nger*innen sich mit dem Rest zufrieden sein mussten. Die Gehwege wurden deshalb auch \u201eNebenfl\u00e4chen\u201c genannt. Seit einigen Jahren hatte sich das etwas ver\u00e4ndert und alle Parteien betonen die Wichtigkeit des Fu\u00dfverkehrs.<\/span><\/p>\n<p><span style=\"font-family: arial, helvetica, sans-serif\">Da der Platz in einer Stadt begrenzt ist, kann die Verbesserung f\u00fcr den Fu\u00df- und den Radverkehr nur bedeuten, dass es weniger Platz f\u00fcr Autos gibt \u2013 vor allem f\u00fcr den ruhenden Verkehr. Daher gab es viele Planungen, bei denen Parkpl\u00e4tze wegfielen zugunsten von Geh- und Radwegen.<\/span><\/p>\n<p><span style=\"font-family: arial, helvetica, sans-serif\">Das rief die Autolobby auf den Plan. Diese ist sehr stark und laut. Das hat offensichtlich einen starken Eindruck auf die Politik gemacht. Im neuen Koalitionsvertrag steht deshalb jetzt ein\u00a0<\/span><span style=\"font-family: arial, helvetica, sans-serif\"><strong>Parkplatz-Moratorium<\/strong> <\/span><\/p>\n<p><span style=\"font-family: arial, helvetica, sans-serif\">Das bedeutet, dass alle bereits beschlossenen Stra\u00dfenplanungen gestoppt und auf wegfallende Parkpl\u00e4tze \u00fcberpr\u00fcft wurden. Das Ergebnis war, dass einige Bauvorhaben wegen des Wegfalls von Parkpl\u00e4tzen zugunsten des Fu\u00df- und Radverkehrs gestoppt wurden. <\/span><span style=\"font-family: arial, helvetica, sans-serif\">Das Moratorium besagt aber auch, dass nun ein Masterplan erarbeitet werden soll. Und bis zur Fertigstellung des Masterplans d\u00fcrfen keine Planungen mit Wegfall von Parkpl\u00e4tzen mehr erfolgen. Das bedeutet eine lange Phase des Stillstands f\u00fcr unsere Anliegen.<\/span><\/p>\n<p><span style=\"font-family: arial, helvetica, sans-serif\">Dort sollen alle Parkm\u00f6glichkeiten in der Stadt erfasst werden. Und bis zur Fertigstellung des Masterplans d\u00fcrfen keine Planungen mit Wegfall von Parkpl\u00e4tzen mehr erfolgen. Das bedeutet eine lange Phase des Stillstands f\u00fcr unsere Anliegen.<\/span><\/p>\n<h2><strong><span style=\"font-family: arial, helvetica, sans-serif;font-size: 14pt\">Unsere bisherigen Aktivit\u00e4ten dazu:<\/span><\/strong><\/h2>\n<p><span style=\"font-family: arial, helvetica, sans-serif\">Am 27.4.25 verschickten wir dazu eine <a href=\"https:\/\/www.fuss-ev.de\/hamburg\/wp-content\/uploads\/sites\/11\/2025\/09\/27-4-25-pressemitteilung-Koalitionsvertrag.pdf\">Pressemitteilung<\/a>.<\/span><\/p>\n<p><span style=\"font-family: arial, helvetica, sans-serif\">Am 20.1.2026 schrieben wir alle Bezirke an, um zu erfahren, welche \u00c4nderungen an Planungen wegen des Moratoriums vorgenommen wurden.<\/span>[\/vc_column_text][\/vc_column][\/vc_row]<\/p>\n<\/div>","protected":false},"excerpt":{"rendered":"<p>[vc_row][vc_column][vc_single_image image=&#8221;6112&#8243; img_size=&#8221;600&#215;400&#8243; add_caption=&#8221;yes&#8221; alignment=&#8221;center&#8221; css=&#8221;&#8221;][\/vc_column][\/vc_row][vc_row][vc_column][vc_column_text css=&#8221;&#8221;] Legales Parken Lange war die autogerechte Stadt das Leitbild der Verkehrsplanung. Die Planer dachten von innen nach au\u00dfen. Das bedeutete, dass die Fu\u00dfg\u00e4nger*innen sich mit dem Rest zufrieden [&hellip;]<\/p>\n","protected":false},"author":34,"featured_media":0,"parent":0,"menu_order":0,"comment_status":"closed","ping_status":"closed","template":"","meta":{"_acf_changed":false,"_relevanssi_hide_post":"","_relevanssi_hide_content":"","_relevanssi_pin_for_all":"","_relevanssi_pin_keywords":"","_relevanssi_unpin_keywords":"","_relevanssi_related_keywords":"","_relevanssi_related_include_ids":"","_relevanssi_related_exclude_ids":"","_relevanssi_related_no_append":"","_relevanssi_related_not_related":"","_relevanssi_related_posts":"","_relevanssi_noindex_reason":"","inline_featured_image":false,"footnotes":""},"class_list":["post-5708","page","type-page","status-publish","hentry"],"acf":[],"yoast_head":"<!-- This site is optimized with the Yoast SEO plugin v27.3 - https:\/\/yoast.com\/product\/yoast-seo-wordpress\/ -->\n<title>Legale Parkpl\u00e4tze - Hamburg - FUSS e.V.<\/title>\n<meta name=\"robots\" content=\"index, follow, max-snippet:-1, max-image-preview:large, max-video-preview:-1\" \/>\n<link rel=\"canonical\" href=\"https:\/\/www.fuss-ev.de\/hamburg\/5708-2\/\" \/>\n<meta property=\"og:locale\" content=\"de_DE\" \/>\n<meta property=\"og:type\" content=\"article\" \/>\n<meta property=\"og:title\" content=\"Legale Parkpl\u00e4tze - Hamburg - FUSS e.V.\" \/>\n<meta property=\"og:description\" content=\"[vc_row][vc_column][vc_single_image image=&#8221;6112&#8243; img_size=&#8221;600&#215;400&#8243; add_caption=&#8221;yes&#8221; alignment=&#8221;center&#8221; css=&#8221;&#8221;][\/vc_column][\/vc_row][vc_row][vc_column][vc_column_text css=&#8221;&#8221;] Legales Parken Lange war die autogerechte Stadt das Leitbild der Verkehrsplanung. Die Planer dachten von innen nach au\u00dfen. Das bedeutete, dass die Fu\u00dfg\u00e4nger*innen sich mit dem Rest zufrieden [&hellip;]\" \/>\n<meta property=\"og:url\" content=\"https:\/\/www.fuss-ev.de\/hamburg\/5708-2\/\" \/>\n<meta property=\"og:site_name\" content=\"Hamburg - FUSS e.V.\" \/>\n<meta property=\"article:modified_time\" content=\"2026-02-11T10:52:21+00:00\" \/>\n<meta name=\"twitter:card\" content=\"summary_large_image\" \/>\n<meta name=\"twitter:label1\" content=\"Gesch\u00e4tzte Lesezeit\" \/>\n\t<meta name=\"twitter:data1\" content=\"2\u00a0Minuten\" \/>\n<script type=\"application\/ld+json\" class=\"yoast-schema-graph\">{\"@context\":\"https:\\\/\\\/schema.org\",\"@graph\":[{\"@type\":\"WebPage\",\"@id\":\"https:\\\/\\\/www.fuss-ev.de\\\/hamburg\\\/5708-2\\\/\",\"url\":\"https:\\\/\\\/www.fuss-ev.de\\\/hamburg\\\/5708-2\\\/\",\"name\":\"Legale Parkpl\u00e4tze - Hamburg - FUSS e.V.\",\"isPartOf\":{\"@id\":\"https:\\\/\\\/www.fuss-ev.de\\\/hamburg\\\/#website\"},\"datePublished\":\"2025-10-09T07:50:17+00:00\",\"dateModified\":\"2026-02-11T10:52:21+00:00\",\"breadcrumb\":{\"@id\":\"https:\\\/\\\/www.fuss-ev.de\\\/hamburg\\\/5708-2\\\/#breadcrumb\"},\"inLanguage\":\"de\",\"potentialAction\":[{\"@type\":\"ReadAction\",\"target\":[\"https:\\\/\\\/www.fuss-ev.de\\\/hamburg\\\/5708-2\\\/\"]}]},{\"@type\":\"BreadcrumbList\",\"@id\":\"https:\\\/\\\/www.fuss-ev.de\\\/hamburg\\\/5708-2\\\/#breadcrumb\",\"itemListElement\":[{\"@type\":\"ListItem\",\"position\":1,\"name\":\"Startseite\",\"item\":\"https:\\\/\\\/www.fuss-ev.de\\\/hamburg\\\/\"},{\"@type\":\"ListItem\",\"position\":2,\"name\":\"Legale Parkpl\u00e4tze\"}]},{\"@type\":\"WebSite\",\"@id\":\"https:\\\/\\\/www.fuss-ev.de\\\/hamburg\\\/#website\",\"url\":\"https:\\\/\\\/www.fuss-ev.de\\\/hamburg\\\/\",\"name\":\"Hamburg - FUSS e.V.\",\"description\":\"Was uns in Hamburg bewegt\",\"publisher\":{\"@id\":\"https:\\\/\\\/www.fuss-ev.de\\\/hamburg\\\/#organization\"},\"potentialAction\":[{\"@type\":\"SearchAction\",\"target\":{\"@type\":\"EntryPoint\",\"urlTemplate\":\"https:\\\/\\\/www.fuss-ev.de\\\/hamburg\\\/?s={search_term_string}\"},\"query-input\":{\"@type\":\"PropertyValueSpecification\",\"valueRequired\":true,\"valueName\":\"search_term_string\"}}],\"inLanguage\":\"de\"},{\"@type\":\"Organization\",\"@id\":\"https:\\\/\\\/www.fuss-ev.de\\\/hamburg\\\/#organization\",\"name\":\"Hamburg - FUSS e.V.\",\"url\":\"https:\\\/\\\/www.fuss-ev.de\\\/hamburg\\\/\",\"logo\":{\"@type\":\"ImageObject\",\"inLanguage\":\"de\",\"@id\":\"https:\\\/\\\/www.fuss-ev.de\\\/hamburg\\\/#\\\/schema\\\/logo\\\/image\\\/\",\"url\":\"https:\\\/\\\/www.fuss-ev.de\\\/hamburg\\\/wp-content\\\/uploads\\\/sites\\\/11\\\/2025\\\/01\\\/FUSS_Logo.jpg\",\"contentUrl\":\"https:\\\/\\\/www.fuss-ev.de\\\/hamburg\\\/wp-content\\\/uploads\\\/sites\\\/11\\\/2025\\\/01\\\/FUSS_Logo.jpg\",\"width\":2082,\"height\":979,\"caption\":\"Hamburg - FUSS e.V.\"},\"image\":{\"@id\":\"https:\\\/\\\/www.fuss-ev.de\\\/hamburg\\\/#\\\/schema\\\/logo\\\/image\\\/\"}}]}<\/script>\n<!-- \/ Yoast SEO plugin. -->","yoast_head_json":{"title":"Legale Parkpl\u00e4tze - Hamburg - FUSS e.V.","robots":{"index":"index","follow":"follow","max-snippet":"max-snippet:-1","max-image-preview":"max-image-preview:large","max-video-preview":"max-video-preview:-1"},"canonical":"https:\/\/www.fuss-ev.de\/hamburg\/5708-2\/","og_locale":"de_DE","og_type":"article","og_title":"Legale Parkpl\u00e4tze - Hamburg - FUSS e.V.","og_description":"[vc_row][vc_column][vc_single_image image=&#8221;6112&#8243; img_size=&#8221;600&#215;400&#8243; add_caption=&#8221;yes&#8221; alignment=&#8221;center&#8221; css=&#8221;&#8221;][\/vc_column][\/vc_row][vc_row][vc_column][vc_column_text css=&#8221;&#8221;] Legales Parken Lange war die autogerechte Stadt das Leitbild der Verkehrsplanung. Die Planer dachten von innen nach au\u00dfen. Das bedeutete, dass die Fu\u00dfg\u00e4nger*innen sich mit dem Rest zufrieden [&hellip;]","og_url":"https:\/\/www.fuss-ev.de\/hamburg\/5708-2\/","og_site_name":"Hamburg - FUSS e.V.","article_modified_time":"2026-02-11T10:52:21+00:00","twitter_card":"summary_large_image","twitter_misc":{"Gesch\u00e4tzte Lesezeit":"2\u00a0Minuten"},"schema":{"@context":"https:\/\/schema.org","@graph":[{"@type":"WebPage","@id":"https:\/\/www.fuss-ev.de\/hamburg\/5708-2\/","url":"https:\/\/www.fuss-ev.de\/hamburg\/5708-2\/","name":"Legale Parkpl\u00e4tze - Hamburg - FUSS e.V.","isPartOf":{"@id":"https:\/\/www.fuss-ev.de\/hamburg\/#website"},"datePublished":"2025-10-09T07:50:17+00:00","dateModified":"2026-02-11T10:52:21+00:00","breadcrumb":{"@id":"https:\/\/www.fuss-ev.de\/hamburg\/5708-2\/#breadcrumb"},"inLanguage":"de","potentialAction":[{"@type":"ReadAction","target":["https:\/\/www.fuss-ev.de\/hamburg\/5708-2\/"]}]},{"@type":"BreadcrumbList","@id":"https:\/\/www.fuss-ev.de\/hamburg\/5708-2\/#breadcrumb","itemListElement":[{"@type":"ListItem","position":1,"name":"Startseite","item":"https:\/\/www.fuss-ev.de\/hamburg\/"},{"@type":"ListItem","position":2,"name":"Legale Parkpl\u00e4tze"}]},{"@type":"WebSite","@id":"https:\/\/www.fuss-ev.de\/hamburg\/#website","url":"https:\/\/www.fuss-ev.de\/hamburg\/","name":"Hamburg - FUSS e.V.","description":"Was uns in Hamburg bewegt","publisher":{"@id":"https:\/\/www.fuss-ev.de\/hamburg\/#organization"},"potentialAction":[{"@type":"SearchAction","target":{"@type":"EntryPoint","urlTemplate":"https:\/\/www.fuss-ev.de\/hamburg\/?s={search_term_string}"},"query-input":{"@type":"PropertyValueSpecification","valueRequired":true,"valueName":"search_term_string"}}],"inLanguage":"de"},{"@type":"Organization","@id":"https:\/\/www.fuss-ev.de\/hamburg\/#organization","name":"Hamburg - FUSS e.V.","url":"https:\/\/www.fuss-ev.de\/hamburg\/","logo":{"@type":"ImageObject","inLanguage":"de","@id":"https:\/\/www.fuss-ev.de\/hamburg\/#\/schema\/logo\/image\/","url":"https:\/\/www.fuss-ev.de\/hamburg\/wp-content\/uploads\/sites\/11\/2025\/01\/FUSS_Logo.jpg","contentUrl":"https:\/\/www.fuss-ev.de\/hamburg\/wp-content\/uploads\/sites\/11\/2025\/01\/FUSS_Logo.jpg","width":2082,"height":979,"caption":"Hamburg - FUSS e.V."},"image":{"@id":"https:\/\/www.fuss-ev.de\/hamburg\/#\/schema\/logo\/image\/"}}]}},"publishpress_future_action":{"enabled":false,"date":"2026-04-24 07:13:17","action":"change-status","newStatus":"draft","terms":[],"taxonomy":"","extraData":[]},"publishpress_future_workflow_manual_trigger":{"enabledWorkflows":[]},"_links":{"self":[{"href":"https:\/\/www.fuss-ev.de\/hamburg\/wp-json\/wp\/v2\/pages\/5708","targetHints":{"allow":["GET"]}}],"collection":[{"href":"https:\/\/www.fuss-ev.de\/hamburg\/wp-json\/wp\/v2\/pages"}],"about":[{"href":"https:\/\/www.fuss-ev.de\/hamburg\/wp-json\/wp\/v2\/types\/page"}],"author":[{"embeddable":true,"href":"https:\/\/www.fuss-ev.de\/hamburg\/wp-json\/wp\/v2\/users\/34"}],"replies":[{"embeddable":true,"href":"https:\/\/www.fuss-ev.de\/hamburg\/wp-json\/wp\/v2\/comments?post=5708"}],"version-history":[{"count":13,"href":"https:\/\/www.fuss-ev.de\/hamburg\/wp-json\/wp\/v2\/pages\/5708\/revisions"}],"predecessor-version":[{"id":6113,"href":"https:\/\/www.fuss-ev.de\/hamburg\/wp-json\/wp\/v2\/pages\/5708\/revisions\/6113"}],"wp:attachment":[{"href":"https:\/\/www.fuss-ev.de\/hamburg\/wp-json\/wp\/v2\/media?parent=5708"}],"curies":[{"name":"wp","href":"https:\/\/api.w.org\/{rel}","templated":true}]}}