{"id":5559,"date":"2025-08-22T15:55:51","date_gmt":"2025-08-22T13:55:51","guid":{"rendered":"https:\/\/www.fuss-ev.de\/hamburg\/?page_id=5559"},"modified":"2025-11-30T17:45:21","modified_gmt":"2025-11-30T16:45:21","slug":"zappenduster-beleuchtung-der-gehwege-2","status":"publish","type":"page","link":"https:\/\/www.fuss-ev.de\/hamburg\/zappenduster-beleuchtung-der-gehwege-2\/","title":{"rendered":"Zappenduster &#8211; Beleuchtung der Gehwege"},"content":{"rendered":"<div class=\"wpb-content-wrapper\"><p>[vc_row css=&#8221;.vc_custom_1764521072336{margin-top: 0px !important;margin-bottom: 0px !important;border-top-width: 0px !important;border-bottom-width: 0px !important;padding-top: 0px !important;padding-bottom: 0px !important;}&#8221;][vc_column width=&#8221;2\/3&#8243; css=&#8221;.vc_custom_1764174421241{margin-top: 0px !important;margin-bottom: 0px !important;}&#8221;][vc_column_text css=&#8221;&#8221;]<\/p>\n<h2><span style=\"font-size: 24pt; font-family: arial, helvetica, sans-serif;\">Zappenduster &#8211; Beleuchtung der Gehwege<\/span><\/h2>\n<p><span style=\"font-family: arial, helvetica, sans-serif; font-size: 18pt;\">Ein gro\u00dfes Problem in Hamburg sind viele schlecht beleuchtete Fu\u00dfwege. Wer hat sich nur einfallen lassen, dass die Stra\u00dfenlaternen vor allem die Fahrbahnen beleuchten? Dort bewegen sich die, die selbst eine Beleuchtung haben. Da wir viele Stra\u00dfen mit sch\u00f6nen B\u00e4umen haben, befinden sich die Gehwege oft in dunklen Tunneln. Das ist schlecht f\u00fcr das Sicherheitsgef\u00fchl und gef\u00e4hrlich in Verbindung mit dem schlechten Zustand der Gehwege. H\u00e4ufig sieht man stolpernde oder gar st\u00fcrzende Menschen.<\/span><\/p>\n<p><span style=\"font-family: arial, helvetica, sans-serif; font-size: 18pt;\">Wir wollen selbstverst\u00e4ndlich nicht, dass die B\u00e4ume gef\u00e4llt werden, sondern wollen eine gute Beleuchtung f\u00fcr die Fu\u00dfg\u00e4nger*innen.<\/span>[\/vc_column_text][\/vc_column][vc_column width=&#8221;1\/3&#8243;][vc_single_image image=&#8221;4724&#8243; img_size=&#8221;1000&#215;800&#8243; add_caption=&#8221;yes&#8221; css=&#8221;&#8221;][\/vc_column][\/vc_row][vc_row css=&#8221;.vc_custom_1764521110414{margin-top: 0px !important;margin-bottom: 0px !important;border-top-width: 0px !important;border-bottom-width: 0px !important;padding-top: 0px !important;padding-bottom: 0px !important;}&#8221;][vc_column css=&#8221;.vc_custom_1764174666620{margin-top: 0px !important;margin-bottom: 0px !important;}&#8221;][vc_column_text css=&#8221;&#8221;]<span style=\"font-family: arial, helvetica, sans-serif; font-size: 18pt;\">Auch wir m\u00f6chten keine Lichtverschmutzung. Aber statt vieler Leuchtreklamen oder Laserstrahlern in den Himmel sollte die Beleuchtung den Menschen dienen, die sich in der Stadt zu Fu\u00df bewegen.&nbsp;Erfreulicherweise haben auch die Medien in Hamburg das Thema aufgegriffen und wir erhalten viel Unterst\u00fctzung von Seniorenbeir\u00e4ten.&nbsp;<\/span><\/p>\n<p><span style=\"font-family: arial, helvetica, sans-serif; font-size: 18pt;\">Da wir an den Planungen f\u00fcr Stra\u00dfenbauma\u00dfnehmen beteiligt werden, kommt das Thema Beleuchtung des Gehwegs in fast jeder unserer Stellungnahmen vor.&nbsp;Aus finanziellen Gr\u00fcnden wird die bessere Beleuchtung von Gehwegen oft abgelehnt. Die \u00fcblichen Bogenlampen werden in gro\u00dfen Mengen eingekauft und sind dadurch preiswerter. Es wird also schwierig, zu einer \u00c4nderung zu kommen. Aber wir bohren weiter.<\/span><\/p>\n<h2><span style=\"font-family: arial, helvetica, sans-serif; font-size: 24pt;\"><strong>Unsere bisherigen Aktivit\u00e4ten hierzu:<\/strong><\/span><\/h2>\n<p><span style=\"font-family: arial, helvetica, sans-serif; font-size: 18pt;\">Am 23.3.18 haben wir einen Brief an den zust\u00e4ndigen <a href=\"https:\/\/www.fuss-ev.de\/hamburg\/wp-content\/uploads\/sites\/11\/2025\/06\/1Brief-an-Senator-Horch-23.3.18.pdf\">Senator,<\/a> und <a href=\"https:\/\/www.fuss-ev.de\/hamburg\/wp-content\/uploads\/sites\/11\/2025\/06\/Pressemitteilung03-18.pdf\">Pressemitteilungen<\/a> an die Fraktionen in der B\u00fcrgerschaft und in den Bezirken geschrieben.<\/span><\/p>\n<p><span style=\"font-family: arial, helvetica, sans-serif; font-size: 18pt;\">Wir bekamen einige unterst\u00fctzende Mails von verschiedenen Abgeordneten aus der B\u00fcrgerschaft und den Bezirken.<\/span><\/p>\n<p><span style=\"font-family: arial, helvetica, sans-serif; font-size: 18pt;\">Am 20.4.18 erhielten wir eine <a href=\"https:\/\/www.fuss-ev.de\/hamburg\/wp-content\/uploads\/sites\/11\/2025\/06\/2Antwort-20.4.18-Kopie.pdf\">unbefriedigende Antwort<\/a> vom Management technischer Anlagen, indem uns lediglich der derzeitige Zustand erl\u00e4utert wurde.<\/span><\/p>\n<p><span style=\"font-family: arial, helvetica, sans-serif; font-size: 18pt;\">Damit waren wir nicht zufrieden und <a href=\"https:\/\/www.fuss-ev.de\/hamburg\/wp-content\/uploads\/sites\/11\/2025\/06\/3Antwort-an-Senator-Horch-9.7.2018.pdf\">schrieben den Senator<\/a>,&nbsp;die Fraktionen in der B\u00fcrgerschaft und in den Bezirken erneut an. Auch die<a href=\"https:\/\/www.fuss-ev.de\/hamburg\/wp-content\/uploads\/sites\/11\/2025\/06\/pressemitteilung-08-18-zappenduster-.pdf\"> Presse<\/a> erhielt wieder Informationen von uns.&nbsp;Danach erhielten eine Antwort von der Beh\u00f6rde, die ein wenig Einsicht zeigte.<\/span><\/p>\n<p><span style=\"font-family: arial, helvetica, sans-serif; font-size: 18pt;\">2021 gab es eine <a href=\"https:\/\/www.fuss-ev.de\/hamburg\/wp-content\/uploads\/sites\/11\/2025\/08\/PM-Senat11052021.pdf\">Stellungnahme des Senats<\/a><a href=\"https:\/\/www.buergerschaft-hh.de\/parldok\/dokument\/75604\/22_04312_stellungnahme_des_senats_zu_dem_ersuchen_der_buergerschaft_vom_25_september_2019_mobilitaet_weiter_denken_menschen_verbinden_sicher_durch_die_stadt_be#navpanes=0\">,<\/a>&nbsp;zu einem Ersuchen der B\u00fcrgerschaft vom 25. September 2019 \u201eMobilit\u00e4t weiter denken, Menschen verbinden \u2013 Sicher durch die Stadt: ,Beleuchtungsoffensive\u2018 gegen dunkle Ecken, Pl\u00e4tze, Stra\u00dfen und Wege starten\u201c.&nbsp;Diese Stellungnahme ist lang, enth\u00e4lt jedoch keine wirkliche Verbesserung f\u00fcr Gehwege.<\/span><\/p>\n<p><span style=\"font-family: arial, helvetica, sans-serif; font-size: 18pt;\">Wir werden bei dem Thema nicht locker lassen und werden das Thema immer wieder thematisieren.<\/span><\/p>\n<p><span style=\"font-family: arial, helvetica, sans-serif; font-size: 18pt;\">Wir unterst\u00fctzten im Fr\u00fchjahr 2025 in Hamburg das Volksbegehren \u201eHamburg Werbefrei\u201c, in dem es vor allem um die Leuchttafeln und -s\u00e4ulen geht. Sie behindern, bel\u00e4stigen und gef\u00e4hrden uns auf dem Gehweg. <a href=\"https:\/\/www.hamburg-werbefrei.de\/\">www.hamburg-werbefrei.de<\/a><\/span>[\/vc_column_text][\/vc_column][\/vc_row]<\/p>\n<\/div>","protected":false},"excerpt":{"rendered":"<p>[vc_row css=&#8221;.vc_custom_1764521072336{margin-top: 0px !important;margin-bottom: 0px !important;border-top-width: 0px !important;border-bottom-width: 0px !important;padding-top: 0px !important;padding-bottom: 0px !important;}&#8221;][vc_column width=&#8221;2\/3&#8243; css=&#8221;.vc_custom_1764174421241{margin-top: 0px !important;margin-bottom: 0px !important;}&#8221;][vc_column_text css=&#8221;&#8221;] Zappenduster &#8211; Beleuchtung der Gehwege Ein gro\u00dfes Problem in Hamburg sind viele schlecht beleuchtete [&hellip;]<\/p>\n","protected":false},"author":34,"featured_media":0,"parent":0,"menu_order":0,"comment_status":"closed","ping_status":"closed","template":"","meta":{"_acf_changed":false,"_relevanssi_hide_post":"","_relevanssi_hide_content":"","_relevanssi_pin_for_all":"","_relevanssi_pin_keywords":"","_relevanssi_unpin_keywords":"","_relevanssi_related_keywords":"","_relevanssi_related_include_ids":"","_relevanssi_related_exclude_ids":"","_relevanssi_related_no_append":"","_relevanssi_related_not_related":"","_relevanssi_related_posts":"","_relevanssi_noindex_reason":"","inline_featured_image":false,"footnotes":""},"class_list":["post-5559","page","type-page","status-publish","hentry"],"acf":[],"yoast_head":"<!-- This site is optimized with the Yoast SEO plugin v27.4 - https:\/\/yoast.com\/product\/yoast-seo-wordpress\/ -->\n<title>Zappenduster - Beleuchtung der Gehwege - Hamburg - FUSS e.V.<\/title>\n<meta name=\"robots\" content=\"index, follow, max-snippet:-1, max-image-preview:large, max-video-preview:-1\" \/>\n<link rel=\"canonical\" href=\"https:\/\/www.fuss-ev.de\/hamburg\/zappenduster-beleuchtung-der-gehwege-2\/\" \/>\n<meta property=\"og:locale\" content=\"de_DE\" \/>\n<meta property=\"og:type\" content=\"article\" \/>\n<meta property=\"og:title\" content=\"Zappenduster - Beleuchtung der Gehwege - Hamburg - FUSS e.V.\" \/>\n<meta property=\"og:description\" content=\"[vc_row css=&#8221;.vc_custom_1764521072336{margin-top: 0px !important;margin-bottom: 0px !important;border-top-width: 0px !important;border-bottom-width: 0px !important;padding-top: 0px !important;padding-bottom: 0px !important;}&#8221;][vc_column width=&#8221;2\/3&#8243; css=&#8221;.vc_custom_1764174421241{margin-top: 0px !important;margin-bottom: 0px !important;}&#8221;][vc_column_text css=&#8221;&#8221;] Zappenduster &#8211; Beleuchtung der Gehwege Ein gro\u00dfes Problem in Hamburg sind viele schlecht beleuchtete [&hellip;]\" \/>\n<meta property=\"og:url\" content=\"https:\/\/www.fuss-ev.de\/hamburg\/zappenduster-beleuchtung-der-gehwege-2\/\" \/>\n<meta property=\"og:site_name\" content=\"Hamburg - FUSS e.V.\" \/>\n<meta property=\"article:modified_time\" content=\"2025-11-30T16:45:21+00:00\" \/>\n<meta name=\"twitter:card\" content=\"summary_large_image\" \/>\n<meta name=\"twitter:label1\" content=\"Gesch\u00e4tzte Lesezeit\" \/>\n\t<meta name=\"twitter:data1\" content=\"5\u00a0Minuten\" \/>\n<script type=\"application\/ld+json\" class=\"yoast-schema-graph\">{\"@context\":\"https:\\\/\\\/schema.org\",\"@graph\":[{\"@type\":\"WebPage\",\"@id\":\"https:\\\/\\\/www.fuss-ev.de\\\/hamburg\\\/zappenduster-beleuchtung-der-gehwege-2\\\/\",\"url\":\"https:\\\/\\\/www.fuss-ev.de\\\/hamburg\\\/zappenduster-beleuchtung-der-gehwege-2\\\/\",\"name\":\"Zappenduster - Beleuchtung der Gehwege - Hamburg - FUSS e.V.\",\"isPartOf\":{\"@id\":\"https:\\\/\\\/www.fuss-ev.de\\\/hamburg\\\/#website\"},\"datePublished\":\"2025-08-22T13:55:51+00:00\",\"dateModified\":\"2025-11-30T16:45:21+00:00\",\"breadcrumb\":{\"@id\":\"https:\\\/\\\/www.fuss-ev.de\\\/hamburg\\\/zappenduster-beleuchtung-der-gehwege-2\\\/#breadcrumb\"},\"inLanguage\":\"de\",\"potentialAction\":[{\"@type\":\"ReadAction\",\"target\":[\"https:\\\/\\\/www.fuss-ev.de\\\/hamburg\\\/zappenduster-beleuchtung-der-gehwege-2\\\/\"]}]},{\"@type\":\"BreadcrumbList\",\"@id\":\"https:\\\/\\\/www.fuss-ev.de\\\/hamburg\\\/zappenduster-beleuchtung-der-gehwege-2\\\/#breadcrumb\",\"itemListElement\":[{\"@type\":\"ListItem\",\"position\":1,\"name\":\"Startseite\",\"item\":\"https:\\\/\\\/www.fuss-ev.de\\\/hamburg\\\/\"},{\"@type\":\"ListItem\",\"position\":2,\"name\":\"Zappenduster &#8211; Beleuchtung der Gehwege\"}]},{\"@type\":\"WebSite\",\"@id\":\"https:\\\/\\\/www.fuss-ev.de\\\/hamburg\\\/#website\",\"url\":\"https:\\\/\\\/www.fuss-ev.de\\\/hamburg\\\/\",\"name\":\"Hamburg - FUSS e.V.\",\"description\":\"Was uns in Hamburg bewegt\",\"publisher\":{\"@id\":\"https:\\\/\\\/www.fuss-ev.de\\\/hamburg\\\/#organization\"},\"potentialAction\":[{\"@type\":\"SearchAction\",\"target\":{\"@type\":\"EntryPoint\",\"urlTemplate\":\"https:\\\/\\\/www.fuss-ev.de\\\/hamburg\\\/?s={search_term_string}\"},\"query-input\":{\"@type\":\"PropertyValueSpecification\",\"valueRequired\":true,\"valueName\":\"search_term_string\"}}],\"inLanguage\":\"de\"},{\"@type\":\"Organization\",\"@id\":\"https:\\\/\\\/www.fuss-ev.de\\\/hamburg\\\/#organization\",\"name\":\"Hamburg - FUSS e.V.\",\"url\":\"https:\\\/\\\/www.fuss-ev.de\\\/hamburg\\\/\",\"logo\":{\"@type\":\"ImageObject\",\"inLanguage\":\"de\",\"@id\":\"https:\\\/\\\/www.fuss-ev.de\\\/hamburg\\\/#\\\/schema\\\/logo\\\/image\\\/\",\"url\":\"https:\\\/\\\/www.fuss-ev.de\\\/hamburg\\\/wp-content\\\/uploads\\\/sites\\\/11\\\/2025\\\/01\\\/FUSS_Logo.jpg\",\"contentUrl\":\"https:\\\/\\\/www.fuss-ev.de\\\/hamburg\\\/wp-content\\\/uploads\\\/sites\\\/11\\\/2025\\\/01\\\/FUSS_Logo.jpg\",\"width\":2082,\"height\":979,\"caption\":\"Hamburg - FUSS e.V.\"},\"image\":{\"@id\":\"https:\\\/\\\/www.fuss-ev.de\\\/hamburg\\\/#\\\/schema\\\/logo\\\/image\\\/\"}}]}<\/script>\n<!-- \/ Yoast SEO plugin. -->","yoast_head_json":{"title":"Zappenduster - Beleuchtung der Gehwege - Hamburg - FUSS e.V.","robots":{"index":"index","follow":"follow","max-snippet":"max-snippet:-1","max-image-preview":"max-image-preview:large","max-video-preview":"max-video-preview:-1"},"canonical":"https:\/\/www.fuss-ev.de\/hamburg\/zappenduster-beleuchtung-der-gehwege-2\/","og_locale":"de_DE","og_type":"article","og_title":"Zappenduster - Beleuchtung der Gehwege - Hamburg - FUSS e.V.","og_description":"[vc_row css=&#8221;.vc_custom_1764521072336{margin-top: 0px !important;margin-bottom: 0px !important;border-top-width: 0px !important;border-bottom-width: 0px !important;padding-top: 0px !important;padding-bottom: 0px !important;}&#8221;][vc_column width=&#8221;2\/3&#8243; css=&#8221;.vc_custom_1764174421241{margin-top: 0px !important;margin-bottom: 0px !important;}&#8221;][vc_column_text css=&#8221;&#8221;] Zappenduster &#8211; Beleuchtung der Gehwege Ein gro\u00dfes Problem in Hamburg sind viele schlecht beleuchtete [&hellip;]","og_url":"https:\/\/www.fuss-ev.de\/hamburg\/zappenduster-beleuchtung-der-gehwege-2\/","og_site_name":"Hamburg - FUSS e.V.","article_modified_time":"2025-11-30T16:45:21+00:00","twitter_card":"summary_large_image","twitter_misc":{"Gesch\u00e4tzte Lesezeit":"5\u00a0Minuten"},"schema":{"@context":"https:\/\/schema.org","@graph":[{"@type":"WebPage","@id":"https:\/\/www.fuss-ev.de\/hamburg\/zappenduster-beleuchtung-der-gehwege-2\/","url":"https:\/\/www.fuss-ev.de\/hamburg\/zappenduster-beleuchtung-der-gehwege-2\/","name":"Zappenduster - Beleuchtung der Gehwege - Hamburg - FUSS e.V.","isPartOf":{"@id":"https:\/\/www.fuss-ev.de\/hamburg\/#website"},"datePublished":"2025-08-22T13:55:51+00:00","dateModified":"2025-11-30T16:45:21+00:00","breadcrumb":{"@id":"https:\/\/www.fuss-ev.de\/hamburg\/zappenduster-beleuchtung-der-gehwege-2\/#breadcrumb"},"inLanguage":"de","potentialAction":[{"@type":"ReadAction","target":["https:\/\/www.fuss-ev.de\/hamburg\/zappenduster-beleuchtung-der-gehwege-2\/"]}]},{"@type":"BreadcrumbList","@id":"https:\/\/www.fuss-ev.de\/hamburg\/zappenduster-beleuchtung-der-gehwege-2\/#breadcrumb","itemListElement":[{"@type":"ListItem","position":1,"name":"Startseite","item":"https:\/\/www.fuss-ev.de\/hamburg\/"},{"@type":"ListItem","position":2,"name":"Zappenduster &#8211; Beleuchtung der Gehwege"}]},{"@type":"WebSite","@id":"https:\/\/www.fuss-ev.de\/hamburg\/#website","url":"https:\/\/www.fuss-ev.de\/hamburg\/","name":"Hamburg - FUSS e.V.","description":"Was uns in Hamburg bewegt","publisher":{"@id":"https:\/\/www.fuss-ev.de\/hamburg\/#organization"},"potentialAction":[{"@type":"SearchAction","target":{"@type":"EntryPoint","urlTemplate":"https:\/\/www.fuss-ev.de\/hamburg\/?s={search_term_string}"},"query-input":{"@type":"PropertyValueSpecification","valueRequired":true,"valueName":"search_term_string"}}],"inLanguage":"de"},{"@type":"Organization","@id":"https:\/\/www.fuss-ev.de\/hamburg\/#organization","name":"Hamburg - FUSS e.V.","url":"https:\/\/www.fuss-ev.de\/hamburg\/","logo":{"@type":"ImageObject","inLanguage":"de","@id":"https:\/\/www.fuss-ev.de\/hamburg\/#\/schema\/logo\/image\/","url":"https:\/\/www.fuss-ev.de\/hamburg\/wp-content\/uploads\/sites\/11\/2025\/01\/FUSS_Logo.jpg","contentUrl":"https:\/\/www.fuss-ev.de\/hamburg\/wp-content\/uploads\/sites\/11\/2025\/01\/FUSS_Logo.jpg","width":2082,"height":979,"caption":"Hamburg - FUSS e.V."},"image":{"@id":"https:\/\/www.fuss-ev.de\/hamburg\/#\/schema\/logo\/image\/"}}]}},"publishpress_future_action":{"enabled":false,"date":"2026-04-26 16:25:18","action":"change-status","newStatus":"draft","terms":[],"taxonomy":"","extraData":[]},"publishpress_future_workflow_manual_trigger":{"enabledWorkflows":[]},"_links":{"self":[{"href":"https:\/\/www.fuss-ev.de\/hamburg\/wp-json\/wp\/v2\/pages\/5559","targetHints":{"allow":["GET"]}}],"collection":[{"href":"https:\/\/www.fuss-ev.de\/hamburg\/wp-json\/wp\/v2\/pages"}],"about":[{"href":"https:\/\/www.fuss-ev.de\/hamburg\/wp-json\/wp\/v2\/types\/page"}],"author":[{"embeddable":true,"href":"https:\/\/www.fuss-ev.de\/hamburg\/wp-json\/wp\/v2\/users\/34"}],"replies":[{"embeddable":true,"href":"https:\/\/www.fuss-ev.de\/hamburg\/wp-json\/wp\/v2\/comments?post=5559"}],"version-history":[{"count":20,"href":"https:\/\/www.fuss-ev.de\/hamburg\/wp-json\/wp\/v2\/pages\/5559\/revisions"}],"predecessor-version":[{"id":5920,"href":"https:\/\/www.fuss-ev.de\/hamburg\/wp-json\/wp\/v2\/pages\/5559\/revisions\/5920"}],"wp:attachment":[{"href":"https:\/\/www.fuss-ev.de\/hamburg\/wp-json\/wp\/v2\/media?parent=5559"}],"curies":[{"name":"wp","href":"https:\/\/api.w.org\/{rel}","templated":true}]}}