{"id":5500,"date":"2025-08-20T09:47:39","date_gmt":"2025-08-20T07:47:39","guid":{"rendered":"https:\/\/www.fuss-ev.de\/hamburg\/?page_id=5500"},"modified":"2026-03-07T10:02:01","modified_gmt":"2026-03-07T09:02:01","slug":"radfahren-auf-dem-gehweg","status":"publish","type":"page","link":"https:\/\/www.fuss-ev.de\/hamburg\/radfahren-auf-dem-gehweg\/","title":{"rendered":"Radfahren auf dem Gehweg"},"content":{"rendered":"<div class=\"wpb-content-wrapper\"><p>[vc_row css=&#8221;.vc_custom_1764523946453{margin-top: 0px !important;margin-bottom: 0px !important;border-top-width: 0px !important;border-bottom-width: 0px !important;padding-top: 0px !important;padding-bottom: 0px !important;}&#8221;][vc_column][vc_column_text css=&#8221;&#8221;]<\/p>\n<h2><span style=\"font-family: arial, helvetica, sans-serif;font-size: 24pt\">Radfahren auf dem Gehweg<\/span><\/h2>\n<p><span style=\"font-family: arial, helvetica, sans-serif;font-size: 14pt\">Grunds\u00e4tzlich haben die Radelnden nichts auf dem Gehweg zu suchen und fahren dort illegal. Es gibt jedoch zwei Ausnahmen. Wir lehnen beide Ausnahmen ab. Radfahrer*innen geh\u00f6ren nicht auf den Gehweg!<\/span>[\/vc_column_text][\/vc_column][\/vc_row][vc_row css=&#8221;.vc_custom_1764523228641{margin-top: 0px !important;margin-bottom: 0px !important;border-top-width: 0px !important;border-bottom-width: 0px !important;padding-top: 0px !important;padding-bottom: 0px !important;}&#8221;][vc_column width=&#8221;1\/4&#8243;][vc_column_text css=&#8221;&#8221;]<span style=\"font-family: arial, helvetica, sans-serif;font-size: 14pt\">Ganz schlecht f\u00fcr die Zufu\u00dfgehenden ist dieses Schild, denn hier m\u00fcssen die R\u00e4der auf den Gehweg. Es gibt dabei keine Vorschriften \u00fcber die Geschwindigkeit des Radverkehrs.<\/span>[\/vc_column_text][\/vc_column][vc_column width=&#8221;1\/4&#8243;][vc_single_image image=&#8221;5056&#8243; img_size=&#8221;250&#215;200&#8243; add_caption=&#8221;yes&#8221; css=&#8221;&#8221;][\/vc_column][vc_column width=&#8221;1\/4&#8243;][vc_column_text css=&#8221;&#8221;]<span style=\"font-family: arial, helvetica, sans-serif;font-size: 14pt\">Eine zweite Regelung wird in Hamburg \u201eService-L\u00f6sung\u201c genannt. Service f\u00fcr wen?<\/span><\/p>\n<p><span style=\"font-family: arial, helvetica, sans-serif;font-size: 14pt\">Hier d\u00fcrfen die Radelnden auf dem Gehweg fahren. Sie sollen Schrittgeschwindigkeit fahren und auf Zufu\u00dfgehende R\u00fccksicht nehmen.<\/span>[\/vc_column_text][\/vc_column][vc_column width=&#8221;1\/4&#8243;][vc_single_image image=&#8221;5057&#8243; img_size=&#8221;200&#215;100&#8243; css=&#8221;&#8221;][\/vc_column][\/vc_row][vc_row css=&#8221;.vc_custom_1764523835858{margin-top: 0px !important;margin-bottom: 0px !important;border-top-width: 0px !important;border-bottom-width: 0px !important;padding-top: 0px !important;padding-bottom: 0px !important;}&#8221;][vc_column][vc_column_text css=&#8221;&#8221;]<span style=\"font-family: arial, helvetica, sans-serif;font-size: 14pt\">Abgesehen davon, dass die meisten Radler*innen die Vorschrift zur Schrittgeschwindigkeit nicht kennen oder sie beachten, sind auch die wenigsten von ihnen in der Lage, so langsam zu fahren. Das gilt besonders f\u00fcr Nutzer*innen von E-Bikes und E-Rollern. Wir wollen, dass die Gehwege den schw\u00e4chsten Verkehrsteilnehmer*innen vorbehalten sind und diese sich dort auch sicher bewegen k\u00f6nnen.<\/span><\/p>\n<p><span style=\"font-family: arial, helvetica, sans-serif;font-size: 14pt\">Leider stellen wir fest, dass es in der Politik die Tendenz gibt, die Anordnung \u201eRadfahrer frei\u201c weiter auszuweiten. Das hei\u00dft, dass der Raumkonflikt zu Lasten der Zufu\u00dfgehenden gel\u00f6st werden soll, um keinesfalls Parkpl\u00e4tze zu gef\u00e4hrden.<\/span><\/p>\n<p><span style=\"font-family: arial, helvetica, sans-serif;font-size: 14pt\">Dabei wird nicht einmal ber\u00fccksichtigt, dass es <a href=\"https:\/\/www.fuss-ev.de\/hamburg\/wp-content\/uploads\/sites\/11\/2025\/08\/Vorgaben.pdf\">Vorgaben<\/a> gibt, die bei der \u201eService-L\u00f6sung\u201c zu beachten sind. Nicht zul\u00e4ssig ist danach die Freigabe<\/span><\/p>\n<p><span style=\"font-family: arial, helvetica, sans-serif;font-size: 14pt\">-bei starkem Fu\u00dfg\u00e4ngerverkehr (z.B. in Gesch\u00e4ftsstra\u00dfen)<\/span><\/p>\n<p><span style=\"font-family: arial, helvetica, sans-serif;font-size: 14pt\">-im Bereich von Bushaltestellen f\u00fcr Metro-Busse ohne gesonderte Wartefl\u00e4chen<\/span><\/p>\n<p><span style=\"font-family: arial, helvetica, sans-serif;font-size: 14pt\">-bei einer Gehwegbreite unter 2,00 m<\/span><\/p>\n<p><span style=\"font-size: 14pt\">-bei starkem Radverkehr<\/span><\/p>\n<p><span style=\"font-size: 14pt\">-bei Gehwegen mit einer dichten Folge unmittelbar angrenzender Hauseing\u00e4nge<\/span><\/p>\n<p>&nbsp;<\/p>\n<h2><strong><span style=\"font-family: arial, helvetica, sans-serif;font-size: 18pt\">Unsere bisherigen Aktivit\u00e4ten dazu:<\/span><\/strong><\/h2>\n<p><span style=\"font-family: arial, helvetica, sans-serif;font-size: 14pt\">Am 20.2.2025 verschickten wir eine <a href=\"https:\/\/www.fuss-ev.de\/hamburg\/wp-content\/uploads\/sites\/11\/2025\/03\/Pressemitteilung-Service-Loesung.pdf\">Pressemitteilung<\/a><\/span><\/p>\n<p><span style=\"font-family: arial, helvetica, sans-serif;font-size: 14pt\">Au\u00dferdem sammeln wir derzeit Hinweise auf \u201eService-L\u00f6sungen\u201c, die nicht einmal die Mindestbedingungen erf\u00fcllen, um uns damit an die zust\u00e4ndigen Beh\u00f6rden zu wenden. Wir freuen uns, wenn Sie uns Hinweise geben.<\/span>[\/vc_column_text][\/vc_column][\/vc_row]<\/p>\n<\/div>","protected":false},"excerpt":{"rendered":"<p>[vc_row css=&#8221;.vc_custom_1764523946453{margin-top: 0px !important;margin-bottom: 0px !important;border-top-width: 0px !important;border-bottom-width: 0px !important;padding-top: 0px !important;padding-bottom: 0px !important;}&#8221;][vc_column][vc_column_text css=&#8221;&#8221;] Radfahren auf dem Gehweg Grunds\u00e4tzlich haben die Radelnden nichts auf dem Gehweg zu suchen und fahren dort illegal. Es gibt [&hellip;]<\/p>\n","protected":false},"author":34,"featured_media":0,"parent":0,"menu_order":0,"comment_status":"closed","ping_status":"closed","template":"","meta":{"_acf_changed":false,"_relevanssi_hide_post":"","_relevanssi_hide_content":"","_relevanssi_pin_for_all":"","_relevanssi_pin_keywords":"","_relevanssi_unpin_keywords":"","_relevanssi_related_keywords":"","_relevanssi_related_include_ids":"","_relevanssi_related_exclude_ids":"","_relevanssi_related_no_append":"","_relevanssi_related_not_related":"","_relevanssi_related_posts":"","_relevanssi_noindex_reason":"","inline_featured_image":false,"footnotes":""},"class_list":["post-5500","page","type-page","status-publish","hentry"],"acf":[],"yoast_head":"<!-- This site is optimized with the Yoast SEO plugin v27.3 - https:\/\/yoast.com\/product\/yoast-seo-wordpress\/ -->\n<title>Radfahren auf dem Gehweg - Hamburg - FUSS e.V.<\/title>\n<meta name=\"robots\" content=\"index, follow, max-snippet:-1, max-image-preview:large, max-video-preview:-1\" \/>\n<link rel=\"canonical\" href=\"https:\/\/www.fuss-ev.de\/hamburg\/radfahren-auf-dem-gehweg\/\" \/>\n<meta property=\"og:locale\" content=\"de_DE\" \/>\n<meta property=\"og:type\" content=\"article\" \/>\n<meta property=\"og:title\" content=\"Radfahren auf dem Gehweg - Hamburg - FUSS e.V.\" \/>\n<meta property=\"og:description\" content=\"[vc_row css=&#8221;.vc_custom_1764523946453{margin-top: 0px !important;margin-bottom: 0px !important;border-top-width: 0px !important;border-bottom-width: 0px !important;padding-top: 0px !important;padding-bottom: 0px !important;}&#8221;][vc_column][vc_column_text css=&#8221;&#8221;] Radfahren auf dem Gehweg Grunds\u00e4tzlich haben die Radelnden nichts auf dem Gehweg zu suchen und fahren dort illegal. Es gibt [&hellip;]\" \/>\n<meta property=\"og:url\" content=\"https:\/\/www.fuss-ev.de\/hamburg\/radfahren-auf-dem-gehweg\/\" \/>\n<meta property=\"og:site_name\" content=\"Hamburg - FUSS e.V.\" \/>\n<meta property=\"article:modified_time\" content=\"2026-03-07T09:02:01+00:00\" \/>\n<meta name=\"twitter:card\" content=\"summary_large_image\" \/>\n<meta name=\"twitter:label1\" content=\"Gesch\u00e4tzte Lesezeit\" \/>\n\t<meta name=\"twitter:data1\" content=\"3\u00a0Minuten\" \/>\n<script type=\"application\/ld+json\" class=\"yoast-schema-graph\">{\"@context\":\"https:\\\/\\\/schema.org\",\"@graph\":[{\"@type\":\"WebPage\",\"@id\":\"https:\\\/\\\/www.fuss-ev.de\\\/hamburg\\\/radfahren-auf-dem-gehweg\\\/\",\"url\":\"https:\\\/\\\/www.fuss-ev.de\\\/hamburg\\\/radfahren-auf-dem-gehweg\\\/\",\"name\":\"Radfahren auf dem Gehweg - Hamburg - FUSS e.V.\",\"isPartOf\":{\"@id\":\"https:\\\/\\\/www.fuss-ev.de\\\/hamburg\\\/#website\"},\"datePublished\":\"2025-08-20T07:47:39+00:00\",\"dateModified\":\"2026-03-07T09:02:01+00:00\",\"breadcrumb\":{\"@id\":\"https:\\\/\\\/www.fuss-ev.de\\\/hamburg\\\/radfahren-auf-dem-gehweg\\\/#breadcrumb\"},\"inLanguage\":\"de\",\"potentialAction\":[{\"@type\":\"ReadAction\",\"target\":[\"https:\\\/\\\/www.fuss-ev.de\\\/hamburg\\\/radfahren-auf-dem-gehweg\\\/\"]}]},{\"@type\":\"BreadcrumbList\",\"@id\":\"https:\\\/\\\/www.fuss-ev.de\\\/hamburg\\\/radfahren-auf-dem-gehweg\\\/#breadcrumb\",\"itemListElement\":[{\"@type\":\"ListItem\",\"position\":1,\"name\":\"Startseite\",\"item\":\"https:\\\/\\\/www.fuss-ev.de\\\/hamburg\\\/\"},{\"@type\":\"ListItem\",\"position\":2,\"name\":\"Radfahren auf dem Gehweg\"}]},{\"@type\":\"WebSite\",\"@id\":\"https:\\\/\\\/www.fuss-ev.de\\\/hamburg\\\/#website\",\"url\":\"https:\\\/\\\/www.fuss-ev.de\\\/hamburg\\\/\",\"name\":\"Hamburg - FUSS e.V.\",\"description\":\"Was uns in Hamburg bewegt\",\"publisher\":{\"@id\":\"https:\\\/\\\/www.fuss-ev.de\\\/hamburg\\\/#organization\"},\"potentialAction\":[{\"@type\":\"SearchAction\",\"target\":{\"@type\":\"EntryPoint\",\"urlTemplate\":\"https:\\\/\\\/www.fuss-ev.de\\\/hamburg\\\/?s={search_term_string}\"},\"query-input\":{\"@type\":\"PropertyValueSpecification\",\"valueRequired\":true,\"valueName\":\"search_term_string\"}}],\"inLanguage\":\"de\"},{\"@type\":\"Organization\",\"@id\":\"https:\\\/\\\/www.fuss-ev.de\\\/hamburg\\\/#organization\",\"name\":\"Hamburg - FUSS e.V.\",\"url\":\"https:\\\/\\\/www.fuss-ev.de\\\/hamburg\\\/\",\"logo\":{\"@type\":\"ImageObject\",\"inLanguage\":\"de\",\"@id\":\"https:\\\/\\\/www.fuss-ev.de\\\/hamburg\\\/#\\\/schema\\\/logo\\\/image\\\/\",\"url\":\"https:\\\/\\\/www.fuss-ev.de\\\/hamburg\\\/wp-content\\\/uploads\\\/sites\\\/11\\\/2025\\\/01\\\/FUSS_Logo.jpg\",\"contentUrl\":\"https:\\\/\\\/www.fuss-ev.de\\\/hamburg\\\/wp-content\\\/uploads\\\/sites\\\/11\\\/2025\\\/01\\\/FUSS_Logo.jpg\",\"width\":2082,\"height\":979,\"caption\":\"Hamburg - FUSS e.V.\"},\"image\":{\"@id\":\"https:\\\/\\\/www.fuss-ev.de\\\/hamburg\\\/#\\\/schema\\\/logo\\\/image\\\/\"}}]}<\/script>\n<!-- \/ Yoast SEO plugin. -->","yoast_head_json":{"title":"Radfahren auf dem Gehweg - Hamburg - FUSS e.V.","robots":{"index":"index","follow":"follow","max-snippet":"max-snippet:-1","max-image-preview":"max-image-preview:large","max-video-preview":"max-video-preview:-1"},"canonical":"https:\/\/www.fuss-ev.de\/hamburg\/radfahren-auf-dem-gehweg\/","og_locale":"de_DE","og_type":"article","og_title":"Radfahren auf dem Gehweg - Hamburg - FUSS e.V.","og_description":"[vc_row css=&#8221;.vc_custom_1764523946453{margin-top: 0px !important;margin-bottom: 0px !important;border-top-width: 0px !important;border-bottom-width: 0px !important;padding-top: 0px !important;padding-bottom: 0px !important;}&#8221;][vc_column][vc_column_text css=&#8221;&#8221;] Radfahren auf dem Gehweg Grunds\u00e4tzlich haben die Radelnden nichts auf dem Gehweg zu suchen und fahren dort illegal. Es gibt [&hellip;]","og_url":"https:\/\/www.fuss-ev.de\/hamburg\/radfahren-auf-dem-gehweg\/","og_site_name":"Hamburg - FUSS e.V.","article_modified_time":"2026-03-07T09:02:01+00:00","twitter_card":"summary_large_image","twitter_misc":{"Gesch\u00e4tzte Lesezeit":"3\u00a0Minuten"},"schema":{"@context":"https:\/\/schema.org","@graph":[{"@type":"WebPage","@id":"https:\/\/www.fuss-ev.de\/hamburg\/radfahren-auf-dem-gehweg\/","url":"https:\/\/www.fuss-ev.de\/hamburg\/radfahren-auf-dem-gehweg\/","name":"Radfahren auf dem Gehweg - Hamburg - FUSS e.V.","isPartOf":{"@id":"https:\/\/www.fuss-ev.de\/hamburg\/#website"},"datePublished":"2025-08-20T07:47:39+00:00","dateModified":"2026-03-07T09:02:01+00:00","breadcrumb":{"@id":"https:\/\/www.fuss-ev.de\/hamburg\/radfahren-auf-dem-gehweg\/#breadcrumb"},"inLanguage":"de","potentialAction":[{"@type":"ReadAction","target":["https:\/\/www.fuss-ev.de\/hamburg\/radfahren-auf-dem-gehweg\/"]}]},{"@type":"BreadcrumbList","@id":"https:\/\/www.fuss-ev.de\/hamburg\/radfahren-auf-dem-gehweg\/#breadcrumb","itemListElement":[{"@type":"ListItem","position":1,"name":"Startseite","item":"https:\/\/www.fuss-ev.de\/hamburg\/"},{"@type":"ListItem","position":2,"name":"Radfahren auf dem Gehweg"}]},{"@type":"WebSite","@id":"https:\/\/www.fuss-ev.de\/hamburg\/#website","url":"https:\/\/www.fuss-ev.de\/hamburg\/","name":"Hamburg - FUSS e.V.","description":"Was uns in Hamburg bewegt","publisher":{"@id":"https:\/\/www.fuss-ev.de\/hamburg\/#organization"},"potentialAction":[{"@type":"SearchAction","target":{"@type":"EntryPoint","urlTemplate":"https:\/\/www.fuss-ev.de\/hamburg\/?s={search_term_string}"},"query-input":{"@type":"PropertyValueSpecification","valueRequired":true,"valueName":"search_term_string"}}],"inLanguage":"de"},{"@type":"Organization","@id":"https:\/\/www.fuss-ev.de\/hamburg\/#organization","name":"Hamburg - FUSS e.V.","url":"https:\/\/www.fuss-ev.de\/hamburg\/","logo":{"@type":"ImageObject","inLanguage":"de","@id":"https:\/\/www.fuss-ev.de\/hamburg\/#\/schema\/logo\/image\/","url":"https:\/\/www.fuss-ev.de\/hamburg\/wp-content\/uploads\/sites\/11\/2025\/01\/FUSS_Logo.jpg","contentUrl":"https:\/\/www.fuss-ev.de\/hamburg\/wp-content\/uploads\/sites\/11\/2025\/01\/FUSS_Logo.jpg","width":2082,"height":979,"caption":"Hamburg - FUSS e.V."},"image":{"@id":"https:\/\/www.fuss-ev.de\/hamburg\/#\/schema\/logo\/image\/"}}]}},"publishpress_future_action":{"enabled":false,"date":"2026-04-24 09:39:43","action":"change-status","newStatus":"draft","terms":[],"taxonomy":"","extraData":[]},"publishpress_future_workflow_manual_trigger":{"enabledWorkflows":[]},"_links":{"self":[{"href":"https:\/\/www.fuss-ev.de\/hamburg\/wp-json\/wp\/v2\/pages\/5500","targetHints":{"allow":["GET"]}}],"collection":[{"href":"https:\/\/www.fuss-ev.de\/hamburg\/wp-json\/wp\/v2\/pages"}],"about":[{"href":"https:\/\/www.fuss-ev.de\/hamburg\/wp-json\/wp\/v2\/types\/page"}],"author":[{"embeddable":true,"href":"https:\/\/www.fuss-ev.de\/hamburg\/wp-json\/wp\/v2\/users\/34"}],"replies":[{"embeddable":true,"href":"https:\/\/www.fuss-ev.de\/hamburg\/wp-json\/wp\/v2\/comments?post=5500"}],"version-history":[{"count":23,"href":"https:\/\/www.fuss-ev.de\/hamburg\/wp-json\/wp\/v2\/pages\/5500\/revisions"}],"predecessor-version":[{"id":6251,"href":"https:\/\/www.fuss-ev.de\/hamburg\/wp-json\/wp\/v2\/pages\/5500\/revisions\/6251"}],"wp:attachment":[{"href":"https:\/\/www.fuss-ev.de\/hamburg\/wp-json\/wp\/v2\/media?parent=5500"}],"curies":[{"name":"wp","href":"https:\/\/api.w.org\/{rel}","templated":true}]}}