{"id":5228,"date":"2025-06-08T09:54:34","date_gmt":"2025-06-08T07:54:34","guid":{"rendered":"https:\/\/www.fuss-ev.de\/hamburg\/?page_id=5228"},"modified":"2025-10-09T08:24:21","modified_gmt":"2025-10-09T06:24:21","slug":"zu-fuss-zur-schule-aktionen","status":"publish","type":"page","link":"https:\/\/www.fuss-ev.de\/hamburg\/zu-fuss-zur-schule-aktionen\/","title":{"rendered":"Zu Fuss zur Schule-Aktionen"},"content":{"rendered":"<div class=\"wpb-content-wrapper\"><p>[vc_row][vc_column width=&#8221;2\/3&#8243;][vc_column_text css=&#8221;&#8221;]<\/p>\n<h3><strong><span style=\"font-family: arial, helvetica, sans-serif\">Zu Fuss zur Schule-Aktionen<\/span><\/strong><\/h3>\n<p><span style=\"font-family: arial, helvetica, sans-serif;font-size: 14pt\">Erfreulicherweise organisiert die Schulbeh\u00f6rde seit langem den j\u00e4hrlichen weltweiten Zu-Fu\u00df-zur-Schule-Tag, an dem wir uns auch beteiligen.<\/span><\/p>\n<p><span style=\"font-family: arial, helvetica, sans-serif;font-size: 14pt\">Allj\u00e4hrlich im September finden an Hamburger Schulen die Aktionstage \u201eZu Fu\u00df zur Schule\u201c statt. Die Sch\u00fclerinnen und Sch\u00fcler werden ermuntert, sich zu bewegen und den Weg zur Schule selbst\u00e4ndig zu bew\u00e4ltigen, am besten gemeinsam mit anderen Kindern.<\/span><\/p>\n<p><span style=\"font-family: arial, helvetica, sans-serif;font-size: 14pt\">W\u00e4hrend dieser Aktionstage, meist kurz nach Schuljahresbeginn, werden z. B. Punkte gesammelt, die durch den Fu\u00dfweg zur Schule t\u00e4glich erworben werden. In den Schulen werden alle diese Punkte gesammelt. Die Punkte zeigen den Kindern, wie erfolgreich sie w\u00e4hrend der Aktion waren; sie entdecken den erlebnisreichen Schulweg und werden so zum weiteren zu Fu\u00df gehen angespornt.<\/span>[\/vc_column_text][vc_column_text css=&#8221;&#8221;]<span style=\"font-family: arial, helvetica, sans-serif;font-size: 14pt\">Hier Fotos von den &#8220;Zu-Fu\u00df-zur-Schule&#8221;-Tagen im Jahr 2023, die zentrale Veranstaltung fand an der Goldbek-Schule in Hamburg statt; Fuss e.V. war mit einem Infotisch vertreten.<\/span>[\/vc_column_text][\/vc_column][vc_column width=&#8221;1\/3&#8243;][vc_single_image image=&#8221;5599&#8243; img_size=&#8221;medium&#8221; add_caption=&#8221;yes&#8221; alignment=&#8221;center&#8221; css=&#8221;&#8221;][\/vc_column][\/vc_row][vc_row][vc_column width=&#8221;1\/3&#8243;][vc_single_image image=&#8221;5200&#8243; img_size=&#8221;medium&#8221; add_caption=&#8221;yes&#8221; alignment=&#8221;center&#8221; css=&#8221;&#8221;][\/vc_column][vc_column width=&#8221;1\/3&#8243;][vc_single_image image=&#8221;5295&#8243; img_size=&#8221;medium&#8221; add_caption=&#8221;yes&#8221; alignment=&#8221;center&#8221; css=&#8221;&#8221; title=&#8221;Fuss e.V.-Stand&#8221;][\/vc_column][vc_column width=&#8221;1\/3&#8243;][vc_single_image image=&#8221;5200&#8243; img_size=&#8221;medium&#8221; add_caption=&#8221;yes&#8221; alignment=&#8221;center&#8221; css=&#8221;&#8221;][\/vc_column][\/vc_row]<\/p>\n<\/div>","protected":false},"excerpt":{"rendered":"<p>[vc_row][vc_column width=&#8221;2\/3&#8243;][vc_column_text css=&#8221;&#8221;] Zu Fuss zur Schule-Aktionen Erfreulicherweise organisiert die Schulbeh\u00f6rde seit langem den j\u00e4hrlichen weltweiten Zu-Fu\u00df-zur-Schule-Tag, an dem wir uns auch beteiligen. Allj\u00e4hrlich im September finden an Hamburger Schulen die Aktionstage \u201eZu Fu\u00df zur [&hellip;]<\/p>\n","protected":false},"author":34,"featured_media":0,"parent":0,"menu_order":15,"comment_status":"closed","ping_status":"closed","template":"","meta":{"_acf_changed":false,"_relevanssi_hide_post":"","_relevanssi_hide_content":"","_relevanssi_pin_for_all":"","_relevanssi_pin_keywords":"","_relevanssi_unpin_keywords":"","_relevanssi_related_keywords":"","_relevanssi_related_include_ids":"","_relevanssi_related_exclude_ids":"","_relevanssi_related_no_append":"","_relevanssi_related_not_related":"","_relevanssi_related_posts":"","_relevanssi_noindex_reason":"","inline_featured_image":false,"footnotes":""},"class_list":["post-5228","page","type-page","status-publish","hentry"],"acf":[],"yoast_head":"<!-- This site is optimized with the Yoast SEO plugin v27.3 - https:\/\/yoast.com\/product\/yoast-seo-wordpress\/ -->\n<title>Zu Fuss zur Schule-Aktionen - Hamburg - FUSS e.V.<\/title>\n<meta name=\"robots\" content=\"index, follow, max-snippet:-1, max-image-preview:large, max-video-preview:-1\" \/>\n<link rel=\"canonical\" href=\"https:\/\/www.fuss-ev.de\/hamburg\/zu-fuss-zur-schule-aktionen\/\" \/>\n<meta property=\"og:locale\" content=\"de_DE\" \/>\n<meta property=\"og:type\" content=\"article\" \/>\n<meta property=\"og:title\" content=\"Zu Fuss zur Schule-Aktionen - Hamburg - FUSS e.V.\" \/>\n<meta property=\"og:description\" content=\"[vc_row][vc_column width=&#8221;2\/3&#8243;][vc_column_text css=&#8221;&#8221;] Zu Fuss zur Schule-Aktionen Erfreulicherweise organisiert die Schulbeh\u00f6rde seit langem den j\u00e4hrlichen weltweiten Zu-Fu\u00df-zur-Schule-Tag, an dem wir uns auch beteiligen. Allj\u00e4hrlich im September finden an Hamburger Schulen die Aktionstage \u201eZu Fu\u00df zur [&hellip;]\" \/>\n<meta property=\"og:url\" content=\"https:\/\/www.fuss-ev.de\/hamburg\/zu-fuss-zur-schule-aktionen\/\" \/>\n<meta property=\"og:site_name\" content=\"Hamburg - FUSS e.V.\" \/>\n<meta property=\"article:modified_time\" content=\"2025-10-09T06:24:21+00:00\" \/>\n<meta name=\"twitter:card\" content=\"summary_large_image\" \/>\n<meta name=\"twitter:label1\" content=\"Gesch\u00e4tzte Lesezeit\" \/>\n\t<meta name=\"twitter:data1\" content=\"2\u00a0Minuten\" \/>\n<script type=\"application\/ld+json\" class=\"yoast-schema-graph\">{\"@context\":\"https:\\\/\\\/schema.org\",\"@graph\":[{\"@type\":\"WebPage\",\"@id\":\"https:\\\/\\\/www.fuss-ev.de\\\/hamburg\\\/zu-fuss-zur-schule-aktionen\\\/\",\"url\":\"https:\\\/\\\/www.fuss-ev.de\\\/hamburg\\\/zu-fuss-zur-schule-aktionen\\\/\",\"name\":\"Zu Fuss zur Schule-Aktionen - Hamburg - FUSS e.V.\",\"isPartOf\":{\"@id\":\"https:\\\/\\\/www.fuss-ev.de\\\/hamburg\\\/#website\"},\"datePublished\":\"2025-06-08T07:54:34+00:00\",\"dateModified\":\"2025-10-09T06:24:21+00:00\",\"breadcrumb\":{\"@id\":\"https:\\\/\\\/www.fuss-ev.de\\\/hamburg\\\/zu-fuss-zur-schule-aktionen\\\/#breadcrumb\"},\"inLanguage\":\"de\",\"potentialAction\":[{\"@type\":\"ReadAction\",\"target\":[\"https:\\\/\\\/www.fuss-ev.de\\\/hamburg\\\/zu-fuss-zur-schule-aktionen\\\/\"]}]},{\"@type\":\"BreadcrumbList\",\"@id\":\"https:\\\/\\\/www.fuss-ev.de\\\/hamburg\\\/zu-fuss-zur-schule-aktionen\\\/#breadcrumb\",\"itemListElement\":[{\"@type\":\"ListItem\",\"position\":1,\"name\":\"Startseite\",\"item\":\"https:\\\/\\\/www.fuss-ev.de\\\/hamburg\\\/\"},{\"@type\":\"ListItem\",\"position\":2,\"name\":\"Zu Fuss zur Schule-Aktionen\"}]},{\"@type\":\"WebSite\",\"@id\":\"https:\\\/\\\/www.fuss-ev.de\\\/hamburg\\\/#website\",\"url\":\"https:\\\/\\\/www.fuss-ev.de\\\/hamburg\\\/\",\"name\":\"Hamburg - FUSS e.V.\",\"description\":\"Was uns in Hamburg bewegt\",\"publisher\":{\"@id\":\"https:\\\/\\\/www.fuss-ev.de\\\/hamburg\\\/#organization\"},\"potentialAction\":[{\"@type\":\"SearchAction\",\"target\":{\"@type\":\"EntryPoint\",\"urlTemplate\":\"https:\\\/\\\/www.fuss-ev.de\\\/hamburg\\\/?s={search_term_string}\"},\"query-input\":{\"@type\":\"PropertyValueSpecification\",\"valueRequired\":true,\"valueName\":\"search_term_string\"}}],\"inLanguage\":\"de\"},{\"@type\":\"Organization\",\"@id\":\"https:\\\/\\\/www.fuss-ev.de\\\/hamburg\\\/#organization\",\"name\":\"Hamburg - FUSS e.V.\",\"url\":\"https:\\\/\\\/www.fuss-ev.de\\\/hamburg\\\/\",\"logo\":{\"@type\":\"ImageObject\",\"inLanguage\":\"de\",\"@id\":\"https:\\\/\\\/www.fuss-ev.de\\\/hamburg\\\/#\\\/schema\\\/logo\\\/image\\\/\",\"url\":\"https:\\\/\\\/www.fuss-ev.de\\\/hamburg\\\/wp-content\\\/uploads\\\/sites\\\/11\\\/2025\\\/01\\\/FUSS_Logo.jpg\",\"contentUrl\":\"https:\\\/\\\/www.fuss-ev.de\\\/hamburg\\\/wp-content\\\/uploads\\\/sites\\\/11\\\/2025\\\/01\\\/FUSS_Logo.jpg\",\"width\":2082,\"height\":979,\"caption\":\"Hamburg - FUSS e.V.\"},\"image\":{\"@id\":\"https:\\\/\\\/www.fuss-ev.de\\\/hamburg\\\/#\\\/schema\\\/logo\\\/image\\\/\"}}]}<\/script>\n<!-- \/ Yoast SEO plugin. -->","yoast_head_json":{"title":"Zu Fuss zur Schule-Aktionen - Hamburg - FUSS e.V.","robots":{"index":"index","follow":"follow","max-snippet":"max-snippet:-1","max-image-preview":"max-image-preview:large","max-video-preview":"max-video-preview:-1"},"canonical":"https:\/\/www.fuss-ev.de\/hamburg\/zu-fuss-zur-schule-aktionen\/","og_locale":"de_DE","og_type":"article","og_title":"Zu Fuss zur Schule-Aktionen - Hamburg - FUSS e.V.","og_description":"[vc_row][vc_column width=&#8221;2\/3&#8243;][vc_column_text css=&#8221;&#8221;] Zu Fuss zur Schule-Aktionen Erfreulicherweise organisiert die Schulbeh\u00f6rde seit langem den j\u00e4hrlichen weltweiten Zu-Fu\u00df-zur-Schule-Tag, an dem wir uns auch beteiligen. Allj\u00e4hrlich im September finden an Hamburger Schulen die Aktionstage \u201eZu Fu\u00df zur [&hellip;]","og_url":"https:\/\/www.fuss-ev.de\/hamburg\/zu-fuss-zur-schule-aktionen\/","og_site_name":"Hamburg - FUSS e.V.","article_modified_time":"2025-10-09T06:24:21+00:00","twitter_card":"summary_large_image","twitter_misc":{"Gesch\u00e4tzte Lesezeit":"2\u00a0Minuten"},"schema":{"@context":"https:\/\/schema.org","@graph":[{"@type":"WebPage","@id":"https:\/\/www.fuss-ev.de\/hamburg\/zu-fuss-zur-schule-aktionen\/","url":"https:\/\/www.fuss-ev.de\/hamburg\/zu-fuss-zur-schule-aktionen\/","name":"Zu Fuss zur Schule-Aktionen - Hamburg - FUSS e.V.","isPartOf":{"@id":"https:\/\/www.fuss-ev.de\/hamburg\/#website"},"datePublished":"2025-06-08T07:54:34+00:00","dateModified":"2025-10-09T06:24:21+00:00","breadcrumb":{"@id":"https:\/\/www.fuss-ev.de\/hamburg\/zu-fuss-zur-schule-aktionen\/#breadcrumb"},"inLanguage":"de","potentialAction":[{"@type":"ReadAction","target":["https:\/\/www.fuss-ev.de\/hamburg\/zu-fuss-zur-schule-aktionen\/"]}]},{"@type":"BreadcrumbList","@id":"https:\/\/www.fuss-ev.de\/hamburg\/zu-fuss-zur-schule-aktionen\/#breadcrumb","itemListElement":[{"@type":"ListItem","position":1,"name":"Startseite","item":"https:\/\/www.fuss-ev.de\/hamburg\/"},{"@type":"ListItem","position":2,"name":"Zu Fuss zur Schule-Aktionen"}]},{"@type":"WebSite","@id":"https:\/\/www.fuss-ev.de\/hamburg\/#website","url":"https:\/\/www.fuss-ev.de\/hamburg\/","name":"Hamburg - FUSS e.V.","description":"Was uns in Hamburg bewegt","publisher":{"@id":"https:\/\/www.fuss-ev.de\/hamburg\/#organization"},"potentialAction":[{"@type":"SearchAction","target":{"@type":"EntryPoint","urlTemplate":"https:\/\/www.fuss-ev.de\/hamburg\/?s={search_term_string}"},"query-input":{"@type":"PropertyValueSpecification","valueRequired":true,"valueName":"search_term_string"}}],"inLanguage":"de"},{"@type":"Organization","@id":"https:\/\/www.fuss-ev.de\/hamburg\/#organization","name":"Hamburg - FUSS e.V.","url":"https:\/\/www.fuss-ev.de\/hamburg\/","logo":{"@type":"ImageObject","inLanguage":"de","@id":"https:\/\/www.fuss-ev.de\/hamburg\/#\/schema\/logo\/image\/","url":"https:\/\/www.fuss-ev.de\/hamburg\/wp-content\/uploads\/sites\/11\/2025\/01\/FUSS_Logo.jpg","contentUrl":"https:\/\/www.fuss-ev.de\/hamburg\/wp-content\/uploads\/sites\/11\/2025\/01\/FUSS_Logo.jpg","width":2082,"height":979,"caption":"Hamburg - FUSS e.V."},"image":{"@id":"https:\/\/www.fuss-ev.de\/hamburg\/#\/schema\/logo\/image\/"}}]}},"publishpress_future_action":{"enabled":false,"date":"2026-04-24 08:26:10","action":"change-status","newStatus":"draft","terms":[],"taxonomy":"","extraData":[]},"publishpress_future_workflow_manual_trigger":{"enabledWorkflows":[]},"_links":{"self":[{"href":"https:\/\/www.fuss-ev.de\/hamburg\/wp-json\/wp\/v2\/pages\/5228","targetHints":{"allow":["GET"]}}],"collection":[{"href":"https:\/\/www.fuss-ev.de\/hamburg\/wp-json\/wp\/v2\/pages"}],"about":[{"href":"https:\/\/www.fuss-ev.de\/hamburg\/wp-json\/wp\/v2\/types\/page"}],"author":[{"embeddable":true,"href":"https:\/\/www.fuss-ev.de\/hamburg\/wp-json\/wp\/v2\/users\/34"}],"replies":[{"embeddable":true,"href":"https:\/\/www.fuss-ev.de\/hamburg\/wp-json\/wp\/v2\/comments?post=5228"}],"version-history":[{"count":29,"href":"https:\/\/www.fuss-ev.de\/hamburg\/wp-json\/wp\/v2\/pages\/5228\/revisions"}],"predecessor-version":[{"id":5700,"href":"https:\/\/www.fuss-ev.de\/hamburg\/wp-json\/wp\/v2\/pages\/5228\/revisions\/5700"}],"wp:attachment":[{"href":"https:\/\/www.fuss-ev.de\/hamburg\/wp-json\/wp\/v2\/media?parent=5228"}],"curies":[{"name":"wp","href":"https:\/\/api.w.org\/{rel}","templated":true}]}}