{"id":5143,"date":"2025-06-07T17:12:07","date_gmt":"2025-06-07T15:12:07","guid":{"rendered":"https:\/\/www.fuss-ev.de\/hamburg\/?page_id=5143"},"modified":"2026-02-11T20:36:50","modified_gmt":"2026-02-11T19:36:50","slug":"guck-mal-was-da-liegt-e-scooter-2","status":"publish","type":"page","link":"https:\/\/www.fuss-ev.de\/hamburg\/guck-mal-was-da-liegt-e-scooter-2\/","title":{"rendered":"Guck mal, was da liegt &#8211; E-Scooter"},"content":{"rendered":"<div class=\"wpb-content-wrapper\"><p>[vc_row][vc_column width=&#8221;1\/3&#8243;][vc_single_image image=&#8221;5138&#8243; img_size=&#8221;400&#215;300&#8243; add_caption=&#8221;yes&#8221; alignment=&#8221;center&#8221; css=&#8221;&#8221;][\/vc_column][vc_column width=&#8221;1\/3&#8243;][vc_single_image image=&#8221;4733&#8243; img_size=&#8221;400&#215;300&#8243; add_caption=&#8221;yes&#8221; alignment=&#8221;center&#8221; css=&#8221;&#8221;][\/vc_column][vc_column width=&#8221;1\/3&#8243;][vc_single_image image=&#8221;5144&#8243; img_size=&#8221;400&#215;300&#8243; add_caption=&#8221;yes&#8221; alignment=&#8221;center&#8221; css=&#8221;&#8221;][\/vc_column][\/vc_row][vc_row css=&#8221;.vc_custom_1764173432042{margin-top: 0px !important;border-bottom-width: 0px !important;}&#8221;][vc_column css=&#8221;.vc_custom_1764230551388{margin-top: 0px !important;margin-bottom: 0px !important;border-bottom-width: 0px !important;}&#8221;][vc_column_text css=&#8221;.vc_custom_1770805817078{margin-top: 0px !important;margin-bottom: 0px !important;}&#8221;]<\/p>\n<h3><span style=\"font-family: arial, helvetica, sans-serif;font-size: 18pt\"><strong>Guck mal, was da liegt!<\/strong><\/span><\/h3>\n<p><span style=\"font-family: arial, helvetica, sans-serif;font-size: 14pt\">Seit einigen Jahren gibt es f\u00fcr die Fu\u00dfg\u00e4nger*innen ein weiteres \u00c4rgernis: die E-Scooter.<\/span><\/p>\n<p><span style=\"font-family: arial, helvetica, sans-serif;font-size: 14pt\">Im April 2019 hatte die Bundesregierung doch tats\u00e4chlich beschlossen, dass die Elektrokleinfahrzeuge (eKF)\u00a0 bis 12 km\/h auf dem Gehweg fahren sollen. Um zu verhindern, dass der Bundesrat dieser Verordnung zustimmt, startete der FUSS e.V. eine bundesweite Kampagne. Wir haben dazu den <a href=\"https:\/\/www.fuss-ev.de\/hamburg\/wp-content\/uploads\/sites\/11\/2025\/06\/Brief-an-Grote-und-Rieckhof-02.07.2019.pdf\">Senat<\/a> und die B\u00fcrgerschaftsfraktionen angeschrieben mit der Aufforderung, diese Regelung abzulehnen. Auch informierten wir die <a href=\"https:\/\/www.fuss-ev.de\/hamburg\/wp-content\/uploads\/sites\/11\/2025\/06\/Scooter-Pressemitteilung.pdf\">Presse<\/a> mit gro\u00dfer Resonanz.<\/span><\/p>\n<p><span style=\"font-family: arial, helvetica, sans-serif;font-size: 14pt\">Gl\u00fccklicherweise hatte das Bundesland Bremen einen \u00c4nderungsantrag f\u00fcr den Bundesrat gemacht, in dem viele W\u00fcnsche des FUSS e.V. \u00fcbernommen wurden. Da diese im Bundesrat beschlossen wurde, m\u00fcssen die E-Scooter nun auf Radwegen oder der Fahrbahn fahren. Wir waren entt\u00e4uscht dar\u00fcber, dass der Verkehrssenator zwar dem Bremer Antrag zustimmte, aber aus Hamburg keine eigenen Aktivit\u00e4ten ausgingen.<\/span><\/p>\n<p><span style=\"font-family: arial, helvetica, sans-serif;font-size: 14pt\">Im Dezember 2025 ist nun eine weitere Verschlechterung f\u00fcr die Fu\u00dfg\u00e4nger*innen in Kraft getreten. Der Bundesrat hat dem Vorschlag des Verkehrsministers zugestimmt, mehr E-Scooter auf dem Gehweg zu erlauben und die Bu\u00dfgelder zu senken. Die Details finden Sie <a href=\"https:\/\/www.fuss-ev.de\/blog\/aktuelles\/e-scooter-auf-gehwegen\/\">hier<\/a>.<\/span>[\/vc_column_text][vc_column_text css=&#8221;&#8221;]<\/p>\n<h2><span style=\"font-family: arial, helvetica, sans-serif;font-size: 18pt\"><strong>Unsere bisherigen Aktivit\u00e4ten\u00a0 hierzu:<\/strong><\/span><\/h2>\n<p><span style=\"font-size: 14pt;font-family: arial, helvetica, sans-serif\">Wenigen Wochen nach der Zulassung der E-Scooter zeigte sich, dass die Nutzer*innen sich oft nicht an diese Vorschrift halten. Wir schrieben deshalb <a href=\"https:\/\/www.fuss-ev.de\/hamburg\/wp-content\/uploads\/sites\/11\/2025\/06\/Brief-an-Senat-6.4.19.pdf\">an den Innensenator.<\/a><\/span><\/p>\n<p><span style=\"font-size: 14pt;font-family: arial, helvetica, sans-serif\">Und am 24.Juli 2019 verschickten wir gemeinsam mit dem Blinden- und Sehbehindertenverein Hamburg e.V. folgende <a href=\"https:\/\/www.fuss-ev.de\/hamburg\/wp-content\/uploads\/sites\/11\/2025\/06\/PM_E-Scooter_24.7.19.pdf\">Pressemitteilung.<\/a><\/span><\/p>\n<p><span style=\"font-size: 14pt;font-family: arial, helvetica, sans-serif\">Als besonderes Problem stellte sich schnell heraus, dass es keine festen Abstellpl\u00e4tze gibt. Die E-Scooter stehen und liegen \u00fcberall herum und behindern und gef\u00e4hrden die Zufu\u00dfgehenden \u2013 ganz besonders die Sehbehinderten.<\/span><\/p>\n<p><span style=\"font-size: 14pt;font-family: arial, helvetica, sans-serif\">Gemeinsam mit den Behindertenverb\u00e4nden haben wir mehrere Aktionen zu diesem Thema gemacht und es bei vielen Gespr\u00e4chen mit der Verkehrsbeh\u00f6rde und der Presse angesprochen.<\/span><\/p>\n<p><span style=\"font-size: 14pt;font-family: arial, helvetica, sans-serif\">Inzwischen kamen noch Leih-E-Bikes dazu, die ebenfalls wild abgestellt werden. Das halten wir f\u00fcr besonders \u00fcberfl\u00fcssig, da es seit vielen Jahren das Stadtrad gibt, bei dem es feste Abstellfl\u00e4chen gibt.<\/span><\/p>\n<p><span style=\"font-size: 14pt\"><span style=\"font-family: arial, helvetica, sans-serif\">Am 19. Februar 2025 hat der Senat nun in einer <a href=\"https:\/\/www.hamburg.de\/politik-und-verwaltung\/behoerden\/bvm\/aktuelles\/pressemeldungen\/klare-regelungen-fuer-e-scooter-und-e-bike-sharing-1023452\">Pressemeldung<\/a> bekannt gegeben, dass es einen neuen Rahmenvertrag mit den Verleihern gibt, der das Problem l\u00f6sen soll.<\/span><\/span><\/p>\n<p><span style=\"font-size: 14pt\"><span style=\"font-family: arial, helvetica, sans-serif\">Wir haben das beobachtet und k\u00f6nnen keine wirklichen Verbesserungen feststellen.<\/span><\/span>[\/vc_column_text][\/vc_column][\/vc_row]<\/p>\n<\/div>","protected":false},"excerpt":{"rendered":"<p>[vc_row][vc_column width=&#8221;1\/3&#8243;][vc_single_image image=&#8221;5138&#8243; img_size=&#8221;400&#215;300&#8243; add_caption=&#8221;yes&#8221; alignment=&#8221;center&#8221; css=&#8221;&#8221;][\/vc_column][vc_column width=&#8221;1\/3&#8243;][vc_single_image image=&#8221;4733&#8243; img_size=&#8221;400&#215;300&#8243; add_caption=&#8221;yes&#8221; alignment=&#8221;center&#8221; css=&#8221;&#8221;][\/vc_column][vc_column width=&#8221;1\/3&#8243;][vc_single_image image=&#8221;5144&#8243; img_size=&#8221;400&#215;300&#8243; add_caption=&#8221;yes&#8221; alignment=&#8221;center&#8221; css=&#8221;&#8221;][\/vc_column][\/vc_row][vc_row css=&#8221;.vc_custom_1764173432042{margin-top: 0px !important;border-bottom-width: 0px !important;}&#8221;][vc_column css=&#8221;.vc_custom_1764230551388{margin-top: 0px !important;margin-bottom: 0px !important;border-bottom-width: 0px !important;}&#8221;][vc_column_text css=&#8221;.vc_custom_1770805817078{margin-top: 0px !important;margin-bottom: 0px [&hellip;]<\/p>\n","protected":false},"author":34,"featured_media":0,"parent":0,"menu_order":8,"comment_status":"closed","ping_status":"closed","template":"","meta":{"_acf_changed":false,"_relevanssi_hide_post":"","_relevanssi_hide_content":"","_relevanssi_pin_for_all":"","_relevanssi_pin_keywords":"","_relevanssi_unpin_keywords":"","_relevanssi_related_keywords":"","_relevanssi_related_include_ids":"","_relevanssi_related_exclude_ids":"","_relevanssi_related_no_append":"","_relevanssi_related_not_related":"","_relevanssi_related_posts":"","_relevanssi_noindex_reason":"","inline_featured_image":false,"footnotes":""},"class_list":["post-5143","page","type-page","status-publish","hentry"],"acf":[],"yoast_head":"<!-- This site is optimized with the Yoast SEO plugin v27.4 - https:\/\/yoast.com\/product\/yoast-seo-wordpress\/ -->\n<title>Guck mal, was da liegt - E-Scooter - Hamburg - FUSS e.V.<\/title>\n<meta name=\"description\" content=\"Wie gef\u00e4hrden E-Scooter Fu\u00dfg\u00e4nger*innen? Was tut die Stadt Hamburg, damit sehende und blinde Fu\u00dfg\u00e4nger*innen nicht \u00fcber E-Roller stolpern?\" \/>\n<meta name=\"robots\" content=\"index, follow, max-snippet:-1, max-image-preview:large, max-video-preview:-1\" \/>\n<link rel=\"canonical\" href=\"https:\/\/www.fuss-ev.de\/hamburg\/guck-mal-was-da-liegt-e-scooter-2\/\" \/>\n<meta property=\"og:locale\" content=\"de_DE\" \/>\n<meta property=\"og:type\" content=\"article\" \/>\n<meta property=\"og:title\" content=\"Guck mal, was da liegt - E-Scooter - Hamburg - FUSS e.V.\" \/>\n<meta property=\"og:description\" content=\"Wie gef\u00e4hrden E-Scooter Fu\u00dfg\u00e4nger*innen? Was tut die Stadt Hamburg, damit sehende und blinde Fu\u00dfg\u00e4nger*innen nicht \u00fcber E-Roller stolpern?\" \/>\n<meta property=\"og:url\" content=\"https:\/\/www.fuss-ev.de\/hamburg\/guck-mal-was-da-liegt-e-scooter-2\/\" \/>\n<meta property=\"og:site_name\" content=\"Hamburg - FUSS e.V.\" \/>\n<meta property=\"article:modified_time\" content=\"2026-02-11T19:36:50+00:00\" \/>\n<meta name=\"twitter:card\" content=\"summary_large_image\" \/>\n<meta name=\"twitter:label1\" content=\"Gesch\u00e4tzte Lesezeit\" \/>\n\t<meta name=\"twitter:data1\" content=\"3\u00a0Minuten\" \/>\n<script type=\"application\/ld+json\" class=\"yoast-schema-graph\">{\"@context\":\"https:\\\/\\\/schema.org\",\"@graph\":[{\"@type\":\"WebPage\",\"@id\":\"https:\\\/\\\/www.fuss-ev.de\\\/hamburg\\\/guck-mal-was-da-liegt-e-scooter-2\\\/\",\"url\":\"https:\\\/\\\/www.fuss-ev.de\\\/hamburg\\\/guck-mal-was-da-liegt-e-scooter-2\\\/\",\"name\":\"Guck mal, was da liegt - E-Scooter - Hamburg - FUSS e.V.\",\"isPartOf\":{\"@id\":\"https:\\\/\\\/www.fuss-ev.de\\\/hamburg\\\/#website\"},\"datePublished\":\"2025-06-07T15:12:07+00:00\",\"dateModified\":\"2026-02-11T19:36:50+00:00\",\"description\":\"Wie gef\u00e4hrden E-Scooter Fu\u00dfg\u00e4nger*innen? Was tut die Stadt Hamburg, damit sehende und blinde Fu\u00dfg\u00e4nger*innen nicht \u00fcber E-Roller stolpern?\",\"breadcrumb\":{\"@id\":\"https:\\\/\\\/www.fuss-ev.de\\\/hamburg\\\/guck-mal-was-da-liegt-e-scooter-2\\\/#breadcrumb\"},\"inLanguage\":\"de\",\"potentialAction\":[{\"@type\":\"ReadAction\",\"target\":[\"https:\\\/\\\/www.fuss-ev.de\\\/hamburg\\\/guck-mal-was-da-liegt-e-scooter-2\\\/\"]}]},{\"@type\":\"BreadcrumbList\",\"@id\":\"https:\\\/\\\/www.fuss-ev.de\\\/hamburg\\\/guck-mal-was-da-liegt-e-scooter-2\\\/#breadcrumb\",\"itemListElement\":[{\"@type\":\"ListItem\",\"position\":1,\"name\":\"Startseite\",\"item\":\"https:\\\/\\\/www.fuss-ev.de\\\/hamburg\\\/\"},{\"@type\":\"ListItem\",\"position\":2,\"name\":\"Guck mal, was da liegt &#8211; E-Scooter\"}]},{\"@type\":\"WebSite\",\"@id\":\"https:\\\/\\\/www.fuss-ev.de\\\/hamburg\\\/#website\",\"url\":\"https:\\\/\\\/www.fuss-ev.de\\\/hamburg\\\/\",\"name\":\"Hamburg - FUSS e.V.\",\"description\":\"Was uns in Hamburg bewegt\",\"publisher\":{\"@id\":\"https:\\\/\\\/www.fuss-ev.de\\\/hamburg\\\/#organization\"},\"potentialAction\":[{\"@type\":\"SearchAction\",\"target\":{\"@type\":\"EntryPoint\",\"urlTemplate\":\"https:\\\/\\\/www.fuss-ev.de\\\/hamburg\\\/?s={search_term_string}\"},\"query-input\":{\"@type\":\"PropertyValueSpecification\",\"valueRequired\":true,\"valueName\":\"search_term_string\"}}],\"inLanguage\":\"de\"},{\"@type\":\"Organization\",\"@id\":\"https:\\\/\\\/www.fuss-ev.de\\\/hamburg\\\/#organization\",\"name\":\"Hamburg - FUSS e.V.\",\"url\":\"https:\\\/\\\/www.fuss-ev.de\\\/hamburg\\\/\",\"logo\":{\"@type\":\"ImageObject\",\"inLanguage\":\"de\",\"@id\":\"https:\\\/\\\/www.fuss-ev.de\\\/hamburg\\\/#\\\/schema\\\/logo\\\/image\\\/\",\"url\":\"https:\\\/\\\/www.fuss-ev.de\\\/hamburg\\\/wp-content\\\/uploads\\\/sites\\\/11\\\/2025\\\/01\\\/FUSS_Logo.jpg\",\"contentUrl\":\"https:\\\/\\\/www.fuss-ev.de\\\/hamburg\\\/wp-content\\\/uploads\\\/sites\\\/11\\\/2025\\\/01\\\/FUSS_Logo.jpg\",\"width\":2082,\"height\":979,\"caption\":\"Hamburg - FUSS e.V.\"},\"image\":{\"@id\":\"https:\\\/\\\/www.fuss-ev.de\\\/hamburg\\\/#\\\/schema\\\/logo\\\/image\\\/\"}}]}<\/script>\n<!-- \/ Yoast SEO plugin. -->","yoast_head_json":{"title":"Guck mal, was da liegt - E-Scooter - Hamburg - FUSS e.V.","description":"Wie gef\u00e4hrden E-Scooter Fu\u00dfg\u00e4nger*innen? Was tut die Stadt Hamburg, damit sehende und blinde Fu\u00dfg\u00e4nger*innen nicht \u00fcber E-Roller stolpern?","robots":{"index":"index","follow":"follow","max-snippet":"max-snippet:-1","max-image-preview":"max-image-preview:large","max-video-preview":"max-video-preview:-1"},"canonical":"https:\/\/www.fuss-ev.de\/hamburg\/guck-mal-was-da-liegt-e-scooter-2\/","og_locale":"de_DE","og_type":"article","og_title":"Guck mal, was da liegt - E-Scooter - Hamburg - FUSS e.V.","og_description":"Wie gef\u00e4hrden E-Scooter Fu\u00dfg\u00e4nger*innen? Was tut die Stadt Hamburg, damit sehende und blinde Fu\u00dfg\u00e4nger*innen nicht \u00fcber E-Roller stolpern?","og_url":"https:\/\/www.fuss-ev.de\/hamburg\/guck-mal-was-da-liegt-e-scooter-2\/","og_site_name":"Hamburg - FUSS e.V.","article_modified_time":"2026-02-11T19:36:50+00:00","twitter_card":"summary_large_image","twitter_misc":{"Gesch\u00e4tzte Lesezeit":"3\u00a0Minuten"},"schema":{"@context":"https:\/\/schema.org","@graph":[{"@type":"WebPage","@id":"https:\/\/www.fuss-ev.de\/hamburg\/guck-mal-was-da-liegt-e-scooter-2\/","url":"https:\/\/www.fuss-ev.de\/hamburg\/guck-mal-was-da-liegt-e-scooter-2\/","name":"Guck mal, was da liegt - E-Scooter - Hamburg - FUSS e.V.","isPartOf":{"@id":"https:\/\/www.fuss-ev.de\/hamburg\/#website"},"datePublished":"2025-06-07T15:12:07+00:00","dateModified":"2026-02-11T19:36:50+00:00","description":"Wie gef\u00e4hrden E-Scooter Fu\u00dfg\u00e4nger*innen? Was tut die Stadt Hamburg, damit sehende und blinde Fu\u00dfg\u00e4nger*innen nicht \u00fcber E-Roller stolpern?","breadcrumb":{"@id":"https:\/\/www.fuss-ev.de\/hamburg\/guck-mal-was-da-liegt-e-scooter-2\/#breadcrumb"},"inLanguage":"de","potentialAction":[{"@type":"ReadAction","target":["https:\/\/www.fuss-ev.de\/hamburg\/guck-mal-was-da-liegt-e-scooter-2\/"]}]},{"@type":"BreadcrumbList","@id":"https:\/\/www.fuss-ev.de\/hamburg\/guck-mal-was-da-liegt-e-scooter-2\/#breadcrumb","itemListElement":[{"@type":"ListItem","position":1,"name":"Startseite","item":"https:\/\/www.fuss-ev.de\/hamburg\/"},{"@type":"ListItem","position":2,"name":"Guck mal, was da liegt &#8211; E-Scooter"}]},{"@type":"WebSite","@id":"https:\/\/www.fuss-ev.de\/hamburg\/#website","url":"https:\/\/www.fuss-ev.de\/hamburg\/","name":"Hamburg - FUSS e.V.","description":"Was uns in Hamburg bewegt","publisher":{"@id":"https:\/\/www.fuss-ev.de\/hamburg\/#organization"},"potentialAction":[{"@type":"SearchAction","target":{"@type":"EntryPoint","urlTemplate":"https:\/\/www.fuss-ev.de\/hamburg\/?s={search_term_string}"},"query-input":{"@type":"PropertyValueSpecification","valueRequired":true,"valueName":"search_term_string"}}],"inLanguage":"de"},{"@type":"Organization","@id":"https:\/\/www.fuss-ev.de\/hamburg\/#organization","name":"Hamburg - FUSS e.V.","url":"https:\/\/www.fuss-ev.de\/hamburg\/","logo":{"@type":"ImageObject","inLanguage":"de","@id":"https:\/\/www.fuss-ev.de\/hamburg\/#\/schema\/logo\/image\/","url":"https:\/\/www.fuss-ev.de\/hamburg\/wp-content\/uploads\/sites\/11\/2025\/01\/FUSS_Logo.jpg","contentUrl":"https:\/\/www.fuss-ev.de\/hamburg\/wp-content\/uploads\/sites\/11\/2025\/01\/FUSS_Logo.jpg","width":2082,"height":979,"caption":"Hamburg - FUSS e.V."},"image":{"@id":"https:\/\/www.fuss-ev.de\/hamburg\/#\/schema\/logo\/image\/"}}]}},"publishpress_future_action":{"enabled":false,"date":"2026-04-26 14:50:56","action":"change-status","newStatus":"draft","terms":[],"taxonomy":"","extraData":[]},"publishpress_future_workflow_manual_trigger":{"enabledWorkflows":[]},"_links":{"self":[{"href":"https:\/\/www.fuss-ev.de\/hamburg\/wp-json\/wp\/v2\/pages\/5143","targetHints":{"allow":["GET"]}}],"collection":[{"href":"https:\/\/www.fuss-ev.de\/hamburg\/wp-json\/wp\/v2\/pages"}],"about":[{"href":"https:\/\/www.fuss-ev.de\/hamburg\/wp-json\/wp\/v2\/types\/page"}],"author":[{"embeddable":true,"href":"https:\/\/www.fuss-ev.de\/hamburg\/wp-json\/wp\/v2\/users\/34"}],"replies":[{"embeddable":true,"href":"https:\/\/www.fuss-ev.de\/hamburg\/wp-json\/wp\/v2\/comments?post=5143"}],"version-history":[{"count":31,"href":"https:\/\/www.fuss-ev.de\/hamburg\/wp-json\/wp\/v2\/pages\/5143\/revisions"}],"predecessor-version":[{"id":6105,"href":"https:\/\/www.fuss-ev.de\/hamburg\/wp-json\/wp\/v2\/pages\/5143\/revisions\/6105"}],"wp:attachment":[{"href":"https:\/\/www.fuss-ev.de\/hamburg\/wp-json\/wp\/v2\/media?parent=5143"}],"curies":[{"name":"wp","href":"https:\/\/api.w.org\/{rel}","templated":true}]}}