{"id":5070,"date":"2025-06-05T13:07:12","date_gmt":"2025-06-05T11:07:12","guid":{"rendered":"https:\/\/www.fuss-ev.de\/hamburg\/?page_id=5070"},"modified":"2026-03-24T17:23:29","modified_gmt":"2026-03-24T16:23:29","slug":"ahndung-von-gehwegfahren","status":"publish","type":"page","link":"https:\/\/www.fuss-ev.de\/hamburg\/ahndung-von-gehwegfahren\/","title":{"rendered":"Ahndung von Gehwegfahren"},"content":{"rendered":"<div class=\"wpb-content-wrapper\"><p>[vc_row css=&#8221;.vc_custom_1764524004499{margin-top: 0px !important;margin-bottom: 0px !important;border-top-width: 0px !important;border-bottom-width: 0px !important;padding-top: 0px !important;padding-bottom: 0px !important;}&#8221;][vc_column][vc_column_text css=&#8221;&#8221;]<\/p>\n<h3><span style=\"font-family: arial, helvetica, sans-serif;font-size: 24pt\"><strong>Ahndung von Gehwegfahren<\/strong><\/span><\/h3>\n<p><span style=\"font-size: 18pt;font-family: arial, helvetica, sans-serif\">Leider erleben wir in Hamburg gerade, dass viele Radfahrende auf den Gehwegen fahren, selbst dort, wo keine Radwege sind. Teilweise hat sich das durch jahrelange Gewohnheit etabliert, denn Radfahrende sind in den letzten Jahrzehnten in die sogenannten \u201eNebenfl\u00e4chen\u201c verdr\u00e4ngt worden, wo handtuchbreite Radwege auf Kosten der Gehwege eingerichtet wurden. Teilweise liegt es auch daran, dass Radfahrende Angst vor dem Fahren auf der Fahrbahn haben. Viele nutzen die Gehwege zudem, um linksseitig zu fahren, was sie sich auf der Fahrbahn nicht trauen w\u00fcrden, oder um Kopfsteinpflaster zu vermeiden. Auf dem Gehweg zu fahren, ist aber keine akzeptable L\u00f6sung, denn der Geschwindigkeitsunterschied zwischen Radfahrenden und Zufu\u00dfgehende ist hoch.<\/span><\/p>\n<p><span style=\"font-family: arial, helvetica, sans-serif;font-size: 18pt\">Zudem herrscht im Verkehr allgemein ein zunehmend aggressives Klima, auch auf den Gehwegen. Nicht selten werden Fu\u00dfg\u00e4nger*innen \u201eweggeklingelt\u201c oder mit hohen Geschwindigkeiten passiert, wo das Radfahren nicht einmal erlaubt ist.<\/span><\/p>\n<p><span style=\"font-family: arial, helvetica, sans-serif;font-size: 18pt\">Aus diesem Grund brauchen wir auf den Gehwegen effektive Polizei-Kontrollen. In Fahrradst\u00e4dten wie zum Beispiel M\u00fcnster gibt es eine Fahrradstaffel der Polizei, die st\u00e4ndig kontrolliert und sanktioniert und damit auch informiert, denn oft kennen die Verkehrsteilnehmer die Regeln gar nicht. Die derzeitige Praxis in Hamburg, beide Augen zuzudr\u00fccken, f\u00f6rdert ein Klima der R\u00fccksichtslosigkeit, das es vielen Menschen verleidet, sich im \u00f6ffentlichen Raum aufzuhalten.<\/span><span style=\"font-family: arial, helvetica, sans-serif;font-size: 14pt\"><span style=\"font-size: 18pt\">\u00a0<\/span><\/span><span style=\"font-family: arial, helvetica, sans-serif\"><span style=\"font-size: 24px\">\u00a0<\/span><\/span><\/p>\n<p><span style=\"font-size: 18pt;font-family: arial, helvetica, sans-serif\">Menschen mit eingeschr\u00e4nkten Sinneswahrnehmungen sollten auf den Gehwegen in Ruhe fortkommen, ohne damit rechnen zu m\u00fcssen, dass ein Fahrradfahrender von hinten an ihnen vorbeischie\u00dfen k\u00f6nnte. Von Kindern sollte man auf dem Gehweg nicht verlangen, dass sie den Schulterblick \u00fcben, bevor sie sich von der sicheren Hauswand gen Mitte des Gehweges bewegen. Schlie\u00dflich sollten Menschen auch zu zweit nebeneinander gehen und sich unterhalten k\u00f6nnen. W\u00e4hrend dem Radverkehr auf der Fahrbahn eine angemessene Fl\u00e4che zur Verf\u00fcgung gestellt wird, sollten Radwege zur\u00fcckgebaut und die Fl\u00e4che wieder ausschlie\u00dflich den Zufu\u00dfgehenden zur Verf\u00fcgung gestellt werden. Fu\u00dfverkehr belebt die Stadt und braucht einen gesch\u00fctzten Raum.<\/span>[\/vc_column_text][\/vc_column][\/vc_row][vc_row css=&#8221;.vc_custom_1764524529108{margin-top: 0px !important;margin-bottom: 0px !important;border-top-width: 0px !important;border-bottom-width: 0px !important;padding-top: 0px !important;padding-bottom: 0px !important;}&#8221;][vc_column][vc_row_inner css=&#8221;.vc_custom_1764524370107{margin-top: 0px !important;margin-bottom: 0px !important;border-top-width: 0px !important;border-bottom-width: 0px !important;padding-top: 0px !important;padding-bottom: 0px !important;}&#8221;][vc_column_inner][vc_column_text css=&#8221;&#8221;]<span style=\"font-family: arial, helvetica, sans-serif;font-size: 18pt\">Gehwege sollten f\u00fcr den Fu\u00dfverkehr, zum Gehen und Verweilen, zum Spielen und zum Kl\u00f6nen genutzt werden k\u00f6nnen. Rollstuhlfahrende und Menschen, die einen Rollator benutzen, sollten \u00fcberall komfortabel hingelangen k\u00f6nnen, ohne an den Bordsteinabsenkungen und Rampen von Radlern abgedr\u00e4ngt zu werden.<\/span><\/p>\n<h2><span style=\"font-family: arial, helvetica, sans-serif;font-size: 24pt\"><strong>Unsere bisherigen Aktivit\u00e4ten dazu:<\/strong><\/span><\/h2>\n<p><span style=\"font-family: arial, helvetica, sans-serif;font-size: 18pt\">Wir schieben an den <a href=\"https:\/\/www.fuss-ev.de\/hamburg\/wp-content\/uploads\/sites\/11\/2025\/06\/Bussgelder-an-Senator-Grote-11.10.2021.pdf\">Innensenator 2021<\/a>, nachdem die Bu\u00dfgelder erh\u00f6ht wurden.Auch verschickten wir eine Pressemitteilung.<\/span><\/p>\n<p><span style=\"font-family: arial, helvetica, sans-serif;font-size: 18pt\">Danach haben wir eine <a href=\"https:\/\/www.fuss-ev.de\/hamburg\/wp-content\/uploads\/sites\/11\/2025\/06\/Bussgelder-Antwort-22.11.21.pdf\">Antwort<\/a> aus der Innenbeh\u00f6rde erhalten.<\/span><\/p>\n<p><span style=\"font-family: arial, helvetica, sans-serif;font-size: 18pt\">Leider konnten wir keine Verbesserung feststellen und haben den <a href=\"https:\/\/www.fuss-ev.de\/hamburg\/wp-content\/uploads\/sites\/11\/2025\/06\/Brief-Grote-11.3.24.pdf\">Innensenator<\/a> erneut angeschrieben.<\/span><\/p>\n<p><span style=\"font-family: arial, helvetica, sans-serif;font-size: 18pt\">Hier erhielten wir eine unbefriedigende <a href=\"https:\/\/www.fuss-ev.de\/hamburg\/wp-content\/uploads\/sites\/11\/2025\/06\/Antwort-Rehfeld-18.7.24.pdf\">Antwort<\/a><\/span><\/p>\n<p><span style=\"font-family: arial, helvetica, sans-serif;font-size: 18pt\">Diese war Anlass, dem Innensenator noch einmal <a href=\"https:\/\/www.fuss-ev.de\/hamburg\/wp-content\/uploads\/sites\/11\/2025\/06\/Brief-an-Senator-Grote-August-24.pdf\">zu schreiben<\/a>.\u00a0<\/span>[\/vc_column_text][\/vc_column_inner][\/vc_row_inner][\/vc_column][\/vc_row]<\/p>\n<\/div>","protected":false},"excerpt":{"rendered":"<p>[vc_row css=&#8221;.vc_custom_1764524004499{margin-top: 0px !important;margin-bottom: 0px !important;border-top-width: 0px !important;border-bottom-width: 0px !important;padding-top: 0px !important;padding-bottom: 0px !important;}&#8221;][vc_column][vc_column_text css=&#8221;&#8221;] Ahndung von Gehwegfahren Leider erleben wir in Hamburg gerade, dass viele Radfahrende auf den Gehwegen fahren, selbst dort, wo keine [&hellip;]<\/p>\n","protected":false},"author":34,"featured_media":0,"parent":0,"menu_order":20,"comment_status":"closed","ping_status":"closed","template":"","meta":{"_acf_changed":false,"_relevanssi_hide_post":"","_relevanssi_hide_content":"","_relevanssi_pin_for_all":"","_relevanssi_pin_keywords":"","_relevanssi_unpin_keywords":"","_relevanssi_related_keywords":"","_relevanssi_related_include_ids":"","_relevanssi_related_exclude_ids":"","_relevanssi_related_no_append":"","_relevanssi_related_not_related":"","_relevanssi_related_posts":"","_relevanssi_noindex_reason":"","inline_featured_image":false,"footnotes":""},"class_list":["post-5070","page","type-page","status-publish","hentry"],"acf":[],"yoast_head":"<!-- This site is optimized with the Yoast SEO plugin v27.3 - https:\/\/yoast.com\/product\/yoast-seo-wordpress\/ -->\n<title>Ahndung von Gehwegfahren - Hamburg - FUSS e.V.<\/title>\n<meta name=\"robots\" content=\"index, follow, max-snippet:-1, max-image-preview:large, max-video-preview:-1\" \/>\n<link rel=\"canonical\" href=\"https:\/\/www.fuss-ev.de\/hamburg\/ahndung-von-gehwegfahren\/\" \/>\n<meta property=\"og:locale\" content=\"de_DE\" \/>\n<meta property=\"og:type\" content=\"article\" \/>\n<meta property=\"og:title\" content=\"Ahndung von Gehwegfahren - Hamburg - FUSS e.V.\" \/>\n<meta property=\"og:description\" content=\"[vc_row css=&#8221;.vc_custom_1764524004499{margin-top: 0px !important;margin-bottom: 0px !important;border-top-width: 0px !important;border-bottom-width: 0px !important;padding-top: 0px !important;padding-bottom: 0px !important;}&#8221;][vc_column][vc_column_text css=&#8221;&#8221;] Ahndung von Gehwegfahren Leider erleben wir in Hamburg gerade, dass viele Radfahrende auf den Gehwegen fahren, selbst dort, wo keine [&hellip;]\" \/>\n<meta property=\"og:url\" content=\"https:\/\/www.fuss-ev.de\/hamburg\/ahndung-von-gehwegfahren\/\" \/>\n<meta property=\"og:site_name\" content=\"Hamburg - FUSS e.V.\" \/>\n<meta property=\"article:modified_time\" content=\"2026-03-24T16:23:29+00:00\" \/>\n<meta name=\"twitter:card\" content=\"summary_large_image\" \/>\n<meta name=\"twitter:label1\" content=\"Gesch\u00e4tzte Lesezeit\" \/>\n\t<meta name=\"twitter:data1\" content=\"3\u00a0Minuten\" \/>\n<script type=\"application\/ld+json\" class=\"yoast-schema-graph\">{\"@context\":\"https:\\\/\\\/schema.org\",\"@graph\":[{\"@type\":\"WebPage\",\"@id\":\"https:\\\/\\\/www.fuss-ev.de\\\/hamburg\\\/ahndung-von-gehwegfahren\\\/\",\"url\":\"https:\\\/\\\/www.fuss-ev.de\\\/hamburg\\\/ahndung-von-gehwegfahren\\\/\",\"name\":\"Ahndung von Gehwegfahren - Hamburg - FUSS e.V.\",\"isPartOf\":{\"@id\":\"https:\\\/\\\/www.fuss-ev.de\\\/hamburg\\\/#website\"},\"datePublished\":\"2025-06-05T11:07:12+00:00\",\"dateModified\":\"2026-03-24T16:23:29+00:00\",\"breadcrumb\":{\"@id\":\"https:\\\/\\\/www.fuss-ev.de\\\/hamburg\\\/ahndung-von-gehwegfahren\\\/#breadcrumb\"},\"inLanguage\":\"de\",\"potentialAction\":[{\"@type\":\"ReadAction\",\"target\":[\"https:\\\/\\\/www.fuss-ev.de\\\/hamburg\\\/ahndung-von-gehwegfahren\\\/\"]}]},{\"@type\":\"BreadcrumbList\",\"@id\":\"https:\\\/\\\/www.fuss-ev.de\\\/hamburg\\\/ahndung-von-gehwegfahren\\\/#breadcrumb\",\"itemListElement\":[{\"@type\":\"ListItem\",\"position\":1,\"name\":\"Startseite\",\"item\":\"https:\\\/\\\/www.fuss-ev.de\\\/hamburg\\\/\"},{\"@type\":\"ListItem\",\"position\":2,\"name\":\"Ahndung von Gehwegfahren\"}]},{\"@type\":\"WebSite\",\"@id\":\"https:\\\/\\\/www.fuss-ev.de\\\/hamburg\\\/#website\",\"url\":\"https:\\\/\\\/www.fuss-ev.de\\\/hamburg\\\/\",\"name\":\"Hamburg - FUSS e.V.\",\"description\":\"Was uns in Hamburg bewegt\",\"publisher\":{\"@id\":\"https:\\\/\\\/www.fuss-ev.de\\\/hamburg\\\/#organization\"},\"potentialAction\":[{\"@type\":\"SearchAction\",\"target\":{\"@type\":\"EntryPoint\",\"urlTemplate\":\"https:\\\/\\\/www.fuss-ev.de\\\/hamburg\\\/?s={search_term_string}\"},\"query-input\":{\"@type\":\"PropertyValueSpecification\",\"valueRequired\":true,\"valueName\":\"search_term_string\"}}],\"inLanguage\":\"de\"},{\"@type\":\"Organization\",\"@id\":\"https:\\\/\\\/www.fuss-ev.de\\\/hamburg\\\/#organization\",\"name\":\"Hamburg - FUSS e.V.\",\"url\":\"https:\\\/\\\/www.fuss-ev.de\\\/hamburg\\\/\",\"logo\":{\"@type\":\"ImageObject\",\"inLanguage\":\"de\",\"@id\":\"https:\\\/\\\/www.fuss-ev.de\\\/hamburg\\\/#\\\/schema\\\/logo\\\/image\\\/\",\"url\":\"https:\\\/\\\/www.fuss-ev.de\\\/hamburg\\\/wp-content\\\/uploads\\\/sites\\\/11\\\/2025\\\/01\\\/FUSS_Logo.jpg\",\"contentUrl\":\"https:\\\/\\\/www.fuss-ev.de\\\/hamburg\\\/wp-content\\\/uploads\\\/sites\\\/11\\\/2025\\\/01\\\/FUSS_Logo.jpg\",\"width\":2082,\"height\":979,\"caption\":\"Hamburg - FUSS e.V.\"},\"image\":{\"@id\":\"https:\\\/\\\/www.fuss-ev.de\\\/hamburg\\\/#\\\/schema\\\/logo\\\/image\\\/\"}}]}<\/script>\n<!-- \/ Yoast SEO plugin. -->","yoast_head_json":{"title":"Ahndung von Gehwegfahren - Hamburg - FUSS e.V.","robots":{"index":"index","follow":"follow","max-snippet":"max-snippet:-1","max-image-preview":"max-image-preview:large","max-video-preview":"max-video-preview:-1"},"canonical":"https:\/\/www.fuss-ev.de\/hamburg\/ahndung-von-gehwegfahren\/","og_locale":"de_DE","og_type":"article","og_title":"Ahndung von Gehwegfahren - Hamburg - FUSS e.V.","og_description":"[vc_row css=&#8221;.vc_custom_1764524004499{margin-top: 0px !important;margin-bottom: 0px !important;border-top-width: 0px !important;border-bottom-width: 0px !important;padding-top: 0px !important;padding-bottom: 0px !important;}&#8221;][vc_column][vc_column_text css=&#8221;&#8221;] Ahndung von Gehwegfahren Leider erleben wir in Hamburg gerade, dass viele Radfahrende auf den Gehwegen fahren, selbst dort, wo keine [&hellip;]","og_url":"https:\/\/www.fuss-ev.de\/hamburg\/ahndung-von-gehwegfahren\/","og_site_name":"Hamburg - FUSS e.V.","article_modified_time":"2026-03-24T16:23:29+00:00","twitter_card":"summary_large_image","twitter_misc":{"Gesch\u00e4tzte Lesezeit":"3\u00a0Minuten"},"schema":{"@context":"https:\/\/schema.org","@graph":[{"@type":"WebPage","@id":"https:\/\/www.fuss-ev.de\/hamburg\/ahndung-von-gehwegfahren\/","url":"https:\/\/www.fuss-ev.de\/hamburg\/ahndung-von-gehwegfahren\/","name":"Ahndung von Gehwegfahren - Hamburg - FUSS e.V.","isPartOf":{"@id":"https:\/\/www.fuss-ev.de\/hamburg\/#website"},"datePublished":"2025-06-05T11:07:12+00:00","dateModified":"2026-03-24T16:23:29+00:00","breadcrumb":{"@id":"https:\/\/www.fuss-ev.de\/hamburg\/ahndung-von-gehwegfahren\/#breadcrumb"},"inLanguage":"de","potentialAction":[{"@type":"ReadAction","target":["https:\/\/www.fuss-ev.de\/hamburg\/ahndung-von-gehwegfahren\/"]}]},{"@type":"BreadcrumbList","@id":"https:\/\/www.fuss-ev.de\/hamburg\/ahndung-von-gehwegfahren\/#breadcrumb","itemListElement":[{"@type":"ListItem","position":1,"name":"Startseite","item":"https:\/\/www.fuss-ev.de\/hamburg\/"},{"@type":"ListItem","position":2,"name":"Ahndung von Gehwegfahren"}]},{"@type":"WebSite","@id":"https:\/\/www.fuss-ev.de\/hamburg\/#website","url":"https:\/\/www.fuss-ev.de\/hamburg\/","name":"Hamburg - FUSS e.V.","description":"Was uns in Hamburg bewegt","publisher":{"@id":"https:\/\/www.fuss-ev.de\/hamburg\/#organization"},"potentialAction":[{"@type":"SearchAction","target":{"@type":"EntryPoint","urlTemplate":"https:\/\/www.fuss-ev.de\/hamburg\/?s={search_term_string}"},"query-input":{"@type":"PropertyValueSpecification","valueRequired":true,"valueName":"search_term_string"}}],"inLanguage":"de"},{"@type":"Organization","@id":"https:\/\/www.fuss-ev.de\/hamburg\/#organization","name":"Hamburg - FUSS e.V.","url":"https:\/\/www.fuss-ev.de\/hamburg\/","logo":{"@type":"ImageObject","inLanguage":"de","@id":"https:\/\/www.fuss-ev.de\/hamburg\/#\/schema\/logo\/image\/","url":"https:\/\/www.fuss-ev.de\/hamburg\/wp-content\/uploads\/sites\/11\/2025\/01\/FUSS_Logo.jpg","contentUrl":"https:\/\/www.fuss-ev.de\/hamburg\/wp-content\/uploads\/sites\/11\/2025\/01\/FUSS_Logo.jpg","width":2082,"height":979,"caption":"Hamburg - FUSS e.V."},"image":{"@id":"https:\/\/www.fuss-ev.de\/hamburg\/#\/schema\/logo\/image\/"}}]}},"publishpress_future_action":{"enabled":false,"date":"2026-04-24 08:22:31","action":"change-status","newStatus":"draft","terms":[],"taxonomy":"","extraData":[]},"publishpress_future_workflow_manual_trigger":{"enabledWorkflows":[]},"_links":{"self":[{"href":"https:\/\/www.fuss-ev.de\/hamburg\/wp-json\/wp\/v2\/pages\/5070","targetHints":{"allow":["GET"]}}],"collection":[{"href":"https:\/\/www.fuss-ev.de\/hamburg\/wp-json\/wp\/v2\/pages"}],"about":[{"href":"https:\/\/www.fuss-ev.de\/hamburg\/wp-json\/wp\/v2\/types\/page"}],"author":[{"embeddable":true,"href":"https:\/\/www.fuss-ev.de\/hamburg\/wp-json\/wp\/v2\/users\/34"}],"replies":[{"embeddable":true,"href":"https:\/\/www.fuss-ev.de\/hamburg\/wp-json\/wp\/v2\/comments?post=5070"}],"version-history":[{"count":32,"href":"https:\/\/www.fuss-ev.de\/hamburg\/wp-json\/wp\/v2\/pages\/5070\/revisions"}],"predecessor-version":[{"id":6301,"href":"https:\/\/www.fuss-ev.de\/hamburg\/wp-json\/wp\/v2\/pages\/5070\/revisions\/6301"}],"wp:attachment":[{"href":"https:\/\/www.fuss-ev.de\/hamburg\/wp-json\/wp\/v2\/media?parent=5070"}],"curies":[{"name":"wp","href":"https:\/\/api.w.org\/{rel}","templated":true}]}}