{"id":4933,"date":"2025-05-11T09:56:02","date_gmt":"2025-05-11T07:56:02","guid":{"rendered":"https:\/\/www.fuss-ev.de\/hamburg\/?page_id=4933"},"modified":"2026-02-13T17:15:30","modified_gmt":"2026-02-13T16:15:30","slug":"gruenzug-altona","status":"publish","type":"page","link":"https:\/\/www.fuss-ev.de\/hamburg\/gruenzug-altona\/","title":{"rendered":"Gr\u00fcnzug Altona &#8211; verbesserte Querungsanlagen"},"content":{"rendered":"<div class=\"wpb-content-wrapper\"><p>[vc_row][vc_column][vc_column_text css=&#8221;&#8221;]<\/p>\n<h3><strong><span style=\"font-family: arial, helvetica, sans-serif\">Verbesserte Querungsanlagen im Verlauf des Gr\u00fcnzugs Altona<\/span><\/strong><\/h3>\n<p><span style=\"font-family: arial, helvetica, sans-serif;font-size: 14pt\">Der Altonaer Gr\u00fcnzug bietet Anwohnern sowie Touristen attraktive Erholungsfl\u00e4chen und stellt f\u00fcr Fu\u00dfg\u00e4nger eine wichtige Verbindung zwischen dem Hafen (Fischmarkt) und den n\u00f6rdlichen Wohngebieten Altonas dar. Durch die starke Trennwirkung einiger ihn durchquerender Stra\u00dfenz\u00fcge sowie zum Teil missverst\u00e4ndliche Wegef\u00fchrungen war allerdings sein Charakter als Gr\u00fcnzug kaum erkennbar.<\/span><\/p>\n<p><span style=\"font-family: arial, helvetica, sans-serif;font-size: 14pt\">Da der Gr\u00fcnzug Altona eine wichtige innerst\u00e4dtische Fu\u00dfwegeverbindung darstellt, hat die Ortsgruppe Hamburg des FUSS e.V. hier ein Fu\u00dfverkehrsaudit durchgef\u00fchrt, Dabei wurde im Fr\u00fchjahr 2010 die Qualit\u00e4t der Querungsstellen im Verlauf des Gr\u00fcnzuges f\u00fcr Fu\u00dfg\u00e4nger untersucht. An allen sieben Querungsstellen wurden dabei gr\u00f6\u00dfere oder kleinere M\u00e4ngel festgestellt. An einigen Stellen war eine \u00dcberquerung der Fahrbahn im direkten Verlauf des Gr\u00fcnzuges kaum ohne die Gef\u00e4hrdung von Leib und Leben m\u00f6glich. So entstanden Unfallgefahren f\u00fcr risikofreudige und gro\u00dfe Umwegen f\u00fcr risikoscheue Personen. Wegen der starken Umwegempfindlichkeit von Fu\u00dfg\u00e4ngern verlor der Gr\u00fcnzug dadurch deutlich an Attraktivit\u00e4t.<\/span><\/p>\n<p><strong><span style=\"font-size: 14pt;font-family: arial, helvetica, sans-serif\">Karte der Querungsanlagen im Verlauf des Gr\u00fcnzugs Altona: Planungsgebiet<\/span><\/strong><\/p>\n<p><em><strong>\u00a0<\/strong><\/em>[\/vc_column_text][vc_single_image image=&#8221;5330&#8243; img_size=&#8221;600&#215;400&#8243; add_caption=&#8221;yes&#8221; alignment=&#8221;center&#8221; css=&#8221;&#8221;][vc_column_text css=&#8221;&#8221;]<span style=\"font-family: arial, helvetica, sans-serif;font-size: 14pt\">Die Ergebnisse und L\u00f6sungsvorschl\u00e4ge finden Sie im <a href=\"https:\/\/www.fuss-ev.de\/hamburg\/wp-content\/uploads\/sites\/11\/2025\/06\/aus-2012-FUSS-e.V.-OG-Hamburg-Projektbericht-Fussverkehrs-Audit-Querungsanlagen-Gruenzug-Hamburg-Altona-1.pdf\">Projektbericht<\/a>:<\/span>[\/vc_column_text][\/vc_column][\/vc_row][vc_row][vc_column][vc_column_text css=&#8221;&#8221;]<span style=\"font-size: 14pt;font-family: arial, helvetica, sans-serif\">Seither hat sich vieles ver\u00e4ndert und nach unseren Vorstellungen verbessert:<\/span><\/p>\n<p><span style=\"font-size: 14pt;font-family: arial, helvetica, sans-serif\"><strong>Die Querungsstelle 1 Bertha-von Suttner-Sta\u00dfe<\/strong> wurde nach unserem Vorschlag umgebaut.<\/span><\/p>\n<p><span style=\"font-size: 14pt;font-family: arial, helvetica, sans-serif\"><strong>Querungsstelle 2 Max-Brauer-Allee<\/strong> Wir hatten vorgeschlagen, die Querung der Fahrbahn durch Fu\u00dfg\u00e4nger an dieser Stelle mit Hilfe einer Lichtsignalanlage sichern. Diese k\u00f6nnte mit der LSA an der Suttnerstra\u00dfe parallel geschaltet werden.<\/span><\/p>\n<p><span style=\"font-size: 14pt;font-family: arial, helvetica, sans-serif\">Hier ist in den n\u00e4chsten Jahren die <em>Neugestaltung der Max-Brauer-Allee<\/em> vorgesehen. Dabei soll die Querung durch den Einbau einer Mittelinsel erleichtert werden.<\/span><span style=\"font-size: 14pt;font-family: arial, helvetica, sans-serif\">\u00a0<\/span>[\/vc_column_text][vc_column_text css=&#8221;&#8221;]<span style=\"font-family: arial, helvetica, sans-serif;font-size: 14pt\">Die <strong>Querungsstelle 3 Thadenstra\u00dfe<\/strong> wurde nach unserem Vorschlag umgebaut.<\/span><\/p>\n<p><span style=\"font-family: arial, helvetica, sans-serif;font-size: 14pt\">An der <strong>Querungsstelle 4 Holstenstra\u00dfe<\/strong> hat sich leider nichts ver\u00e4ndert. Unser Vorschlag, eine zus\u00e4tzliche Bedarfsampel an der G\u00e4hlerstra\u00dfe einzurichten, wurde von der Bezirksversammlung \u00fcbernommen, von der Polizei jedoch abgelehnt.<\/span><\/p>\n<p><span style=\"font-family: arial, helvetica, sans-serif;font-size: 14pt\">An der vorhandenen Bedarfsampel an der <strong>Einm\u00fcndung der Scheplerstra\u00dfe<\/strong> wurde jedoch die Wartezeit f\u00fcr Fu\u00dfg\u00e4nger*innen verk\u00fcrzt.<\/span><\/p>\n<p><span style=\"font-size: 14pt;font-family: arial, helvetica, sans-serif\">An der <strong>Querungsstelle 5 Louise-Schroeder-Stra\u00dfe<\/strong> Hier wurden all unsere Vorstellung durch eine sehr gelungene Neuaufteilung des Stra\u00dfenraums erf\u00fcllt.<\/span>[\/vc_column_text][vc_single_image image=&#8221;5334&#8243; img_size=&#8221;500&#215;400&#8243; add_caption=&#8221;yes&#8221; alignment=&#8221;center&#8221; css=&#8221;&#8221;][vc_single_image image=&#8221;5335&#8243; img_size=&#8221;300&#215;200&#8243; add_caption=&#8221;yes&#8221; alignment=&#8221;center&#8221; css=&#8221;&#8221;][\/vc_column][\/vc_row][vc_row][vc_column][vc_column_text css=&#8221;&#8221;]<span style=\"font-size: 14pt;font-family: arial, helvetica, sans-serif\"><strong>Die<\/strong> <strong>Querungsstelle 6 Nobistor <\/strong>wurde mit dem Umbau der Louise-Schr\u00f6derstra\u00dfe auch verbessert.<\/span><\/p>\n<p><span style=\"font-size: 14pt;font-family: arial, helvetica, sans-serif\"><strong>Querungsstelle 7 K\u00f6nigstra\u00dfe <\/strong>Auch hier wurde die Stra\u00dfe umgebaut und beidseitig Radfahrstreifen auf der Fahrbahn angelegt. Daher m\u00fcssen die Fu\u00dfg\u00e4nger*innen nicht mehr den Radweg queren, um die Drucktaste f\u00fcr die Bedarfsampel zu erreichen.<\/span>[\/vc_column_text][\/vc_column][\/vc_row]<\/p>\n<\/div>","protected":false},"excerpt":{"rendered":"<p>[vc_row][vc_column][vc_column_text css=&#8221;&#8221;] Verbesserte Querungsanlagen im Verlauf des Gr\u00fcnzugs Altona Der Altonaer Gr\u00fcnzug bietet Anwohnern sowie Touristen attraktive Erholungsfl\u00e4chen und stellt f\u00fcr Fu\u00dfg\u00e4nger eine wichtige Verbindung zwischen dem Hafen (Fischmarkt) und den n\u00f6rdlichen Wohngebieten Altonas dar. [&hellip;]<\/p>\n","protected":false},"author":34,"featured_media":0,"parent":0,"menu_order":10,"comment_status":"closed","ping_status":"closed","template":"","meta":{"_acf_changed":false,"_relevanssi_hide_post":"","_relevanssi_hide_content":"","_relevanssi_pin_for_all":"","_relevanssi_pin_keywords":"","_relevanssi_unpin_keywords":"","_relevanssi_related_keywords":"","_relevanssi_related_include_ids":"","_relevanssi_related_exclude_ids":"","_relevanssi_related_no_append":"","_relevanssi_related_not_related":"","_relevanssi_related_posts":"","_relevanssi_noindex_reason":"","inline_featured_image":false,"footnotes":""},"class_list":["post-4933","page","type-page","status-publish","hentry"],"acf":[],"yoast_head":"<!-- This site is optimized with the Yoast SEO plugin v27.4 - https:\/\/yoast.com\/product\/yoast-seo-wordpress\/ -->\n<title>Gr\u00fcnzug Altona - verbesserte Querungsanlagen - Hamburg - FUSS e.V.<\/title>\n<meta name=\"robots\" content=\"index, follow, max-snippet:-1, max-image-preview:large, max-video-preview:-1\" \/>\n<link rel=\"canonical\" href=\"https:\/\/www.fuss-ev.de\/hamburg\/gruenzug-altona\/\" \/>\n<meta property=\"og:locale\" content=\"de_DE\" \/>\n<meta property=\"og:type\" content=\"article\" \/>\n<meta property=\"og:title\" content=\"Gr\u00fcnzug Altona - verbesserte Querungsanlagen - Hamburg - FUSS e.V.\" \/>\n<meta property=\"og:description\" content=\"[vc_row][vc_column][vc_column_text css=&#8221;&#8221;] Verbesserte Querungsanlagen im Verlauf des Gr\u00fcnzugs Altona Der Altonaer Gr\u00fcnzug bietet Anwohnern sowie Touristen attraktive Erholungsfl\u00e4chen und stellt f\u00fcr Fu\u00dfg\u00e4nger eine wichtige Verbindung zwischen dem Hafen (Fischmarkt) und den n\u00f6rdlichen Wohngebieten Altonas dar. [&hellip;]\" \/>\n<meta property=\"og:url\" content=\"https:\/\/www.fuss-ev.de\/hamburg\/gruenzug-altona\/\" \/>\n<meta property=\"og:site_name\" content=\"Hamburg - FUSS e.V.\" \/>\n<meta property=\"article:modified_time\" content=\"2026-02-13T16:15:30+00:00\" \/>\n<meta name=\"twitter:card\" content=\"summary_large_image\" \/>\n<meta name=\"twitter:label1\" content=\"Gesch\u00e4tzte Lesezeit\" \/>\n\t<meta name=\"twitter:data1\" content=\"3\u00a0Minuten\" \/>\n<script type=\"application\/ld+json\" class=\"yoast-schema-graph\">{\"@context\":\"https:\\\/\\\/schema.org\",\"@graph\":[{\"@type\":\"WebPage\",\"@id\":\"https:\\\/\\\/www.fuss-ev.de\\\/hamburg\\\/gruenzug-altona\\\/\",\"url\":\"https:\\\/\\\/www.fuss-ev.de\\\/hamburg\\\/gruenzug-altona\\\/\",\"name\":\"Gr\u00fcnzug Altona - verbesserte Querungsanlagen - Hamburg - FUSS e.V.\",\"isPartOf\":{\"@id\":\"https:\\\/\\\/www.fuss-ev.de\\\/hamburg\\\/#website\"},\"datePublished\":\"2025-05-11T07:56:02+00:00\",\"dateModified\":\"2026-02-13T16:15:30+00:00\",\"breadcrumb\":{\"@id\":\"https:\\\/\\\/www.fuss-ev.de\\\/hamburg\\\/gruenzug-altona\\\/#breadcrumb\"},\"inLanguage\":\"de\",\"potentialAction\":[{\"@type\":\"ReadAction\",\"target\":[\"https:\\\/\\\/www.fuss-ev.de\\\/hamburg\\\/gruenzug-altona\\\/\"]}]},{\"@type\":\"BreadcrumbList\",\"@id\":\"https:\\\/\\\/www.fuss-ev.de\\\/hamburg\\\/gruenzug-altona\\\/#breadcrumb\",\"itemListElement\":[{\"@type\":\"ListItem\",\"position\":1,\"name\":\"Startseite\",\"item\":\"https:\\\/\\\/www.fuss-ev.de\\\/hamburg\\\/\"},{\"@type\":\"ListItem\",\"position\":2,\"name\":\"Gr\u00fcnzug Altona &#8211; verbesserte Querungsanlagen\"}]},{\"@type\":\"WebSite\",\"@id\":\"https:\\\/\\\/www.fuss-ev.de\\\/hamburg\\\/#website\",\"url\":\"https:\\\/\\\/www.fuss-ev.de\\\/hamburg\\\/\",\"name\":\"Hamburg - FUSS e.V.\",\"description\":\"Was uns in Hamburg bewegt\",\"publisher\":{\"@id\":\"https:\\\/\\\/www.fuss-ev.de\\\/hamburg\\\/#organization\"},\"potentialAction\":[{\"@type\":\"SearchAction\",\"target\":{\"@type\":\"EntryPoint\",\"urlTemplate\":\"https:\\\/\\\/www.fuss-ev.de\\\/hamburg\\\/?s={search_term_string}\"},\"query-input\":{\"@type\":\"PropertyValueSpecification\",\"valueRequired\":true,\"valueName\":\"search_term_string\"}}],\"inLanguage\":\"de\"},{\"@type\":\"Organization\",\"@id\":\"https:\\\/\\\/www.fuss-ev.de\\\/hamburg\\\/#organization\",\"name\":\"Hamburg - FUSS e.V.\",\"url\":\"https:\\\/\\\/www.fuss-ev.de\\\/hamburg\\\/\",\"logo\":{\"@type\":\"ImageObject\",\"inLanguage\":\"de\",\"@id\":\"https:\\\/\\\/www.fuss-ev.de\\\/hamburg\\\/#\\\/schema\\\/logo\\\/image\\\/\",\"url\":\"https:\\\/\\\/www.fuss-ev.de\\\/hamburg\\\/wp-content\\\/uploads\\\/sites\\\/11\\\/2025\\\/01\\\/FUSS_Logo.jpg\",\"contentUrl\":\"https:\\\/\\\/www.fuss-ev.de\\\/hamburg\\\/wp-content\\\/uploads\\\/sites\\\/11\\\/2025\\\/01\\\/FUSS_Logo.jpg\",\"width\":2082,\"height\":979,\"caption\":\"Hamburg - FUSS e.V.\"},\"image\":{\"@id\":\"https:\\\/\\\/www.fuss-ev.de\\\/hamburg\\\/#\\\/schema\\\/logo\\\/image\\\/\"}}]}<\/script>\n<!-- \/ Yoast SEO plugin. -->","yoast_head_json":{"title":"Gr\u00fcnzug Altona - verbesserte Querungsanlagen - Hamburg - FUSS e.V.","robots":{"index":"index","follow":"follow","max-snippet":"max-snippet:-1","max-image-preview":"max-image-preview:large","max-video-preview":"max-video-preview:-1"},"canonical":"https:\/\/www.fuss-ev.de\/hamburg\/gruenzug-altona\/","og_locale":"de_DE","og_type":"article","og_title":"Gr\u00fcnzug Altona - verbesserte Querungsanlagen - Hamburg - FUSS e.V.","og_description":"[vc_row][vc_column][vc_column_text css=&#8221;&#8221;] Verbesserte Querungsanlagen im Verlauf des Gr\u00fcnzugs Altona Der Altonaer Gr\u00fcnzug bietet Anwohnern sowie Touristen attraktive Erholungsfl\u00e4chen und stellt f\u00fcr Fu\u00dfg\u00e4nger eine wichtige Verbindung zwischen dem Hafen (Fischmarkt) und den n\u00f6rdlichen Wohngebieten Altonas dar. [&hellip;]","og_url":"https:\/\/www.fuss-ev.de\/hamburg\/gruenzug-altona\/","og_site_name":"Hamburg - FUSS e.V.","article_modified_time":"2026-02-13T16:15:30+00:00","twitter_card":"summary_large_image","twitter_misc":{"Gesch\u00e4tzte Lesezeit":"3\u00a0Minuten"},"schema":{"@context":"https:\/\/schema.org","@graph":[{"@type":"WebPage","@id":"https:\/\/www.fuss-ev.de\/hamburg\/gruenzug-altona\/","url":"https:\/\/www.fuss-ev.de\/hamburg\/gruenzug-altona\/","name":"Gr\u00fcnzug Altona - verbesserte Querungsanlagen - Hamburg - FUSS e.V.","isPartOf":{"@id":"https:\/\/www.fuss-ev.de\/hamburg\/#website"},"datePublished":"2025-05-11T07:56:02+00:00","dateModified":"2026-02-13T16:15:30+00:00","breadcrumb":{"@id":"https:\/\/www.fuss-ev.de\/hamburg\/gruenzug-altona\/#breadcrumb"},"inLanguage":"de","potentialAction":[{"@type":"ReadAction","target":["https:\/\/www.fuss-ev.de\/hamburg\/gruenzug-altona\/"]}]},{"@type":"BreadcrumbList","@id":"https:\/\/www.fuss-ev.de\/hamburg\/gruenzug-altona\/#breadcrumb","itemListElement":[{"@type":"ListItem","position":1,"name":"Startseite","item":"https:\/\/www.fuss-ev.de\/hamburg\/"},{"@type":"ListItem","position":2,"name":"Gr\u00fcnzug Altona &#8211; verbesserte Querungsanlagen"}]},{"@type":"WebSite","@id":"https:\/\/www.fuss-ev.de\/hamburg\/#website","url":"https:\/\/www.fuss-ev.de\/hamburg\/","name":"Hamburg - FUSS e.V.","description":"Was uns in Hamburg bewegt","publisher":{"@id":"https:\/\/www.fuss-ev.de\/hamburg\/#organization"},"potentialAction":[{"@type":"SearchAction","target":{"@type":"EntryPoint","urlTemplate":"https:\/\/www.fuss-ev.de\/hamburg\/?s={search_term_string}"},"query-input":{"@type":"PropertyValueSpecification","valueRequired":true,"valueName":"search_term_string"}}],"inLanguage":"de"},{"@type":"Organization","@id":"https:\/\/www.fuss-ev.de\/hamburg\/#organization","name":"Hamburg - FUSS e.V.","url":"https:\/\/www.fuss-ev.de\/hamburg\/","logo":{"@type":"ImageObject","inLanguage":"de","@id":"https:\/\/www.fuss-ev.de\/hamburg\/#\/schema\/logo\/image\/","url":"https:\/\/www.fuss-ev.de\/hamburg\/wp-content\/uploads\/sites\/11\/2025\/01\/FUSS_Logo.jpg","contentUrl":"https:\/\/www.fuss-ev.de\/hamburg\/wp-content\/uploads\/sites\/11\/2025\/01\/FUSS_Logo.jpg","width":2082,"height":979,"caption":"Hamburg - FUSS e.V."},"image":{"@id":"https:\/\/www.fuss-ev.de\/hamburg\/#\/schema\/logo\/image\/"}}]}},"publishpress_future_action":{"enabled":false,"date":"2026-04-26 14:48:35","action":"change-status","newStatus":"draft","terms":[],"taxonomy":"","extraData":[]},"publishpress_future_workflow_manual_trigger":{"enabledWorkflows":[]},"_links":{"self":[{"href":"https:\/\/www.fuss-ev.de\/hamburg\/wp-json\/wp\/v2\/pages\/4933","targetHints":{"allow":["GET"]}}],"collection":[{"href":"https:\/\/www.fuss-ev.de\/hamburg\/wp-json\/wp\/v2\/pages"}],"about":[{"href":"https:\/\/www.fuss-ev.de\/hamburg\/wp-json\/wp\/v2\/types\/page"}],"author":[{"embeddable":true,"href":"https:\/\/www.fuss-ev.de\/hamburg\/wp-json\/wp\/v2\/users\/34"}],"replies":[{"embeddable":true,"href":"https:\/\/www.fuss-ev.de\/hamburg\/wp-json\/wp\/v2\/comments?post=4933"}],"version-history":[{"count":26,"href":"https:\/\/www.fuss-ev.de\/hamburg\/wp-json\/wp\/v2\/pages\/4933\/revisions"}],"predecessor-version":[{"id":6134,"href":"https:\/\/www.fuss-ev.de\/hamburg\/wp-json\/wp\/v2\/pages\/4933\/revisions\/6134"}],"wp:attachment":[{"href":"https:\/\/www.fuss-ev.de\/hamburg\/wp-json\/wp\/v2\/media?parent=4933"}],"curies":[{"name":"wp","href":"https:\/\/api.w.org\/{rel}","templated":true}]}}