{"id":4875,"date":"2025-05-09T06:54:53","date_gmt":"2025-05-09T04:54:53","guid":{"rendered":"https:\/\/www.fuss-ev.de\/hamburg\/?page_id=4875"},"modified":"2026-04-05T15:03:34","modified_gmt":"2026-04-05T13:03:34","slug":"heute-schon-gestolpert-baulicher-zustand-der-gehwege","status":"publish","type":"page","link":"https:\/\/www.fuss-ev.de\/hamburg\/heute-schon-gestolpert-baulicher-zustand-der-gehwege\/","title":{"rendered":"Heute schon gestolpert? &#8211; baulicher Zustand der Gehwege"},"content":{"rendered":"<div class=\"wpb-content-wrapper\"><p>[vc_row][vc_column width=&#8221;1\/4&#8243;][vc_single_image image=&#8221;4696&#8243; img_size=&#8221;150&#215;200&#8243; alignment=&#8221;center&#8221; css=&#8221;&#8221;][\/vc_column][vc_column width=&#8221;1\/2&#8243;][vc_column_text css=&#8221;&#8221;]<\/p>\n<h2><\/h2>\n<h2><\/h2>\n<h2><\/h2>\n<h2><span style=\"font-size: 18pt\"><strong><span style=\"font-family: arial, helvetica, sans-serif\">Heute schon gestolpert? &#8211; <\/span><\/strong><\/span><\/h2>\n<h2><span style=\"font-size: 18pt\"><strong><span style=\"font-family: arial, helvetica, sans-serif\">\u00a0 \u00a0 \u00a0 \u00a0 \u00a0 \u00a0 \u00a0Baulicher Zustand der Gehwege<\/span><\/strong><\/span><\/h2>\n<p>[\/vc_column_text][\/vc_column][vc_column width=&#8221;1\/4&#8243;][vc_single_image image=&#8221;4698&#8243; img_size=&#8221;150&#215;200&#8243; alignment=&#8221;center&#8221; css=&#8221;&#8221;][\/vc_column][\/vc_row][vc_row][vc_column css=&#8221;.vc_custom_1764173256420{margin-top: 0px !important;margin-bottom: 0px !important;}&#8221;][vc_column_text css=&#8221;&#8221;]<span style=\"font-family: arial, helvetica, sans-serif\">Der Zustand der Gehwege in Hamburg ist in der Regel schlecht. Neben h\u00e4ufig mangelhafter Beleuchtung und ungeahndetem Beparken der ohnehin schon eingeschr\u00e4nkten Gehwege mit KfZ, schr\u00e4nkt der bauliche Zustand der Gehwege die Nutzer in ihrer Mobilit\u00e4t ein.\u00a0<\/span><span style=\"font-family: arial, helvetica, sans-serif\">Im Bereich von Stra\u00dfenb\u00e4umen wird der Wurzelbereich auf Gehwegen im Gegensatz zur Fahrbahn h\u00e4ufig nur in grobem Sand ausgef\u00fchrt. Das f\u00fchrt zu Aussp\u00fclungen bei st\u00e4rkerem Regen und Pf\u00fctzenbildung. Die herausragenden Wurzeln der Stra\u00dfenb\u00e4ume bilden Stolperfallen.\u00a0<\/span><span style=\"font-family: arial, helvetica, sans-serif\">Durch das Anheben der Gehwegplatten durch Baumwurzeln und das Befahren mit Kraftfahrzeugen ist h\u00e4ufig keine ebene Gehwegoberfl\u00e4che mehr vorhanden. Verschobene oder teilweise zerbrochene Gehwegplatten sind gef\u00e4hrliche Stolperfallen, nicht nur f\u00fcr \u00e4ltere Menschen.<\/span><\/p>\n<p><span style=\"font-size: 12pt;font-family: arial, helvetica, sans-serif\">Der Anteil der Fu\u00dfwege (Modal Split) liegt in Hamburg bei \u00fcber 28%, innerhalb des Rings 2 sogar weit dar\u00fcber. Um die Mobilit\u00e4t der Fu\u00dfg\u00e4nger zu gew\u00e4hrleisten, fordert der FUSS e.V. Hamburg eine regelm\u00e4\u00dfige Begehung der Gehwege durch den Wegewart, um den baulichen Zustand zu erfassen und entsprechende Ma\u00dfnahmen zu veranlassen.<\/span><\/p>\n<p><span style=\"font-size: 12pt;font-family: arial, helvetica, sans-serif\">So k\u00f6nnte die Nutzbarkeit der Gehwege durch Pflanzenr\u00fcckschnitt und Reparaturen regelm\u00e4\u00dfig wieder hergestellt werden. Wurzelbereiche unter Baumkronen k\u00f6nnen mit trittfestem offenporigem Material versehen werden, so dass die Wurzeln mit Wasser versorgt werden und trotzdem nicht zu Stolperfallen f\u00fcr Fu\u00dfg\u00e4nger werden.<\/span><\/p>\n<p><span style=\"font-size: 12pt;font-family: arial, helvetica, sans-serif\">Die Gehwege m\u00fcssen auch baulich vor Falschparkern, die mit ihren Fahrzeugen die Gehwege zerst\u00f6ren, gesch\u00fctzt werden, da die Polizei oder das Ordnungsamt nicht ausreichend daf\u00fcr sorgen.<\/span><\/p>\n<p><span style=\"font-size: 12pt;font-family: arial, helvetica, sans-serif\">Der rot-gr\u00fcne Senat hat seit einigen Jahren Haushaltsmittel f\u00fcr attraktivere quartiersnahe Wegeverbindungen bereitgestellt. F\u00fcr eine Million Euro sollen sanierungsbed\u00fcrftige Fu\u00dfwege repariert und quartiersnahe Fu\u00dfverkehrsstrategien entwickelt werden. Ebenfalls j\u00e4hrlich eine Million Euro wurden f\u00fcr den Ausbau der Barrierefreiheit bewilligt. So k\u00f6nnen Bordsteine abgesenkt, taktile Elemente eingebaut oder auch seniorengerechte B\u00e4nke zur Verbesserung der Aufenthaltsqualit\u00e4t in den Quartieren angeschafft werden.<\/span><\/p>\n<p><span style=\"font-size: 12pt\"><span style=\"font-family: arial, helvetica, sans-serif\"><strong>Wir empfehlen Ihnen<\/strong>,\u00a0<\/span><span style=\"font-family: arial, helvetica, sans-serif\"> sich bei Sch\u00e4den an Gehwegen an den<strong> Meldemichel<\/strong> zu wenden. Das klappt h\u00e4ufig!<\/span><\/span><\/p>\n<p><span style=\"font-family: arial, helvetica, sans-serif;font-size: 12pt\"><a href=\"https:\/\/www.hamburg.de\/verkehr\/melde-michel\">https:\/\/www.hamburg.de\/verkehr\/melde-michel<\/a><\/span><\/p>\n<h2><span style=\"font-size: 24pt;font-family: arial, helvetica, sans-serif\"><span style=\"font-size: 18pt\">Unsere bisherigen Aktivit\u00e4ten dazu<\/span>:<\/span><\/h2>\n<p><span style=\"font-size: 12pt;font-family: arial, helvetica, sans-serif\">FUSS e.V. schrieb Briefe an die <a href=\"https:\/\/www.fuss-ev.de\/hamburg\/wp-content\/uploads\/sites\/11\/2025\/06\/1FUSS-e.V.-OG-Hamburg-Brief-an-Senator-Horch-3-Kopie.pdf\">Verkehrsbeh\u00f6rde<\/a>, an die B\u00fcrgerschaftsfraktionen, an die sieben Bezirks\u00e4mter und an die Fraktionen der sieben Bezirksversammlungen.<\/span><\/p>\n<p><span style=\"font-size: 12pt;font-family: arial, helvetica, sans-serif\">Wir erhielten viel Zustimmung aus Bezirks- und B\u00fcrgerschaftsfraktionen und eine <a href=\"https:\/\/www.fuss-ev.de\/hamburg\/wp-content\/uploads\/sites\/11\/2025\/06\/3FUSS-e.V.-OG-Hamburg-Antwort-von-Staatsrat-Rieckhof-1.pdf\">Antwort<\/a> aus der Verkehrsbeh\u00f6rde.<\/span><\/p>\n<p><span style=\"font-size: 12pt;font-family: arial, helvetica, sans-serif\">Seit 2017 hat der rot-gr\u00fcne Senat Haushaltsmittel f\u00fcr attraktivere quartiersnahe Wegeverbindungen bereitgestellt. F\u00fcr eine Million Euro sollen sanierungsbed\u00fcrftige Fu\u00dfwege repariert und quartiersnahe Fu\u00dfverkehrsstrategien entwickelt werden. Ebenfalls j\u00e4hrlich eine Million Euro wurden f\u00fcr den Ausbau der Barrierefreiheit bewilligt. So k\u00f6nnen Bordsteine abgesenkt, taktile Elemente eingebaut oder auch seniorengerechte B\u00e4nke zur Verbesserung der Aufenthaltsqualit\u00e4t in den Quartieren angeschafft werden.<\/span><\/p>\n<p><span style=\"font-size: 12pt;font-family: arial, helvetica, sans-serif\">Als wir erfuhren, dass die Mittel von den Bezirken teilweise nicht abgerufen wurden, <a href=\"https:\/\/www.fuss-ev.de\/hamburg\/wp-content\/uploads\/sites\/11\/2025\/06\/2Brief-an-Bezirke.pdf\">fragten wir dort nach.<\/a> Auf diese Anfrage erhielten wir keine Antworten. Deshalb sprechen wir das Thema bei jeder passenden Gelegenheit weiter an.<\/span><\/p>\n<p><span style=\"font-family: arial, helvetica, sans-serif\">Ein weiteres \u00c4rgernis in der Winterzeit ist, dass Gehwege vielerorts unzureichend oder gar nicht von <strong>Eis und Schnee<\/strong> ger\u00e4umt wurden. Das betraf nicht nur die st\u00e4dtischen Fl\u00e4chen, auch die privaten Anlieger kamen ihrer R\u00e4umpflicht unzul\u00e4nglich nach. Daher schrieben wir Anfang Februar 2026 die zust\u00e4ndige <a href=\"http:\/\/Brief an Senatorin Fegebank 9.2.26\">Senatorin Fegebank<\/a> an.<\/span>[\/vc_column_text][\/vc_column][\/vc_row]<\/p>\n<\/div>","protected":false},"excerpt":{"rendered":"<p>[vc_row][vc_column width=&#8221;1\/4&#8243;][vc_single_image image=&#8221;4696&#8243; img_size=&#8221;150&#215;200&#8243; alignment=&#8221;center&#8221; css=&#8221;&#8221;][\/vc_column][vc_column width=&#8221;1\/2&#8243;][vc_column_text css=&#8221;&#8221;] Heute schon gestolpert? &#8211; \u00a0 \u00a0 \u00a0 \u00a0 \u00a0 \u00a0 \u00a0Baulicher Zustand der Gehwege [\/vc_column_text][\/vc_column][vc_column width=&#8221;1\/4&#8243;][vc_single_image image=&#8221;4698&#8243; img_size=&#8221;150&#215;200&#8243; alignment=&#8221;center&#8221; css=&#8221;&#8221;][\/vc_column][\/vc_row][vc_row][vc_column css=&#8221;.vc_custom_1764173256420{margin-top: 0px !important;margin-bottom: 0px !important;}&#8221;][vc_column_text css=&#8221;&#8221;]Der Zustand [&hellip;]<\/p>\n","protected":false},"author":34,"featured_media":0,"parent":0,"menu_order":7,"comment_status":"closed","ping_status":"closed","template":"","meta":{"_acf_changed":false,"_relevanssi_hide_post":"","_relevanssi_hide_content":"","_relevanssi_pin_for_all":"","_relevanssi_pin_keywords":"","_relevanssi_unpin_keywords":"","_relevanssi_related_keywords":"","_relevanssi_related_include_ids":"","_relevanssi_related_exclude_ids":"","_relevanssi_related_no_append":"","_relevanssi_related_not_related":"","_relevanssi_related_posts":"","_relevanssi_noindex_reason":"","inline_featured_image":false,"footnotes":""},"class_list":["post-4875","page","type-page","status-publish","hentry"],"acf":[],"yoast_head":"<!-- This site is optimized with the Yoast SEO plugin v27.3 - https:\/\/yoast.com\/product\/yoast-seo-wordpress\/ -->\n<title>Heute schon gestolpert? - baulicher Zustand der Gehwege - Hamburg - FUSS e.V.<\/title>\n<meta name=\"robots\" content=\"index, follow, max-snippet:-1, max-image-preview:large, max-video-preview:-1\" \/>\n<link rel=\"canonical\" href=\"https:\/\/www.fuss-ev.de\/hamburg\/heute-schon-gestolpert-baulicher-zustand-der-gehwege\/\" \/>\n<meta property=\"og:locale\" content=\"de_DE\" \/>\n<meta property=\"og:type\" content=\"article\" \/>\n<meta property=\"og:title\" content=\"Heute schon gestolpert? - baulicher Zustand der Gehwege - Hamburg - FUSS e.V.\" \/>\n<meta property=\"og:description\" content=\"[vc_row][vc_column width=&#8221;1\/4&#8243;][vc_single_image image=&#8221;4696&#8243; img_size=&#8221;150&#215;200&#8243; alignment=&#8221;center&#8221; css=&#8221;&#8221;][\/vc_column][vc_column width=&#8221;1\/2&#8243;][vc_column_text css=&#8221;&#8221;] Heute schon gestolpert? &#8211; \u00a0 \u00a0 \u00a0 \u00a0 \u00a0 \u00a0 \u00a0Baulicher Zustand der Gehwege [\/vc_column_text][\/vc_column][vc_column width=&#8221;1\/4&#8243;][vc_single_image image=&#8221;4698&#8243; img_size=&#8221;150&#215;200&#8243; alignment=&#8221;center&#8221; css=&#8221;&#8221;][\/vc_column][\/vc_row][vc_row][vc_column css=&#8221;.vc_custom_1764173256420{margin-top: 0px !important;margin-bottom: 0px !important;}&#8221;][vc_column_text css=&#8221;&#8221;]Der Zustand [&hellip;]\" \/>\n<meta property=\"og:url\" content=\"https:\/\/www.fuss-ev.de\/hamburg\/heute-schon-gestolpert-baulicher-zustand-der-gehwege\/\" \/>\n<meta property=\"og:site_name\" content=\"Hamburg - FUSS e.V.\" \/>\n<meta property=\"article:modified_time\" content=\"2026-04-05T13:03:34+00:00\" \/>\n<meta name=\"twitter:card\" content=\"summary_large_image\" \/>\n<meta name=\"twitter:label1\" content=\"Gesch\u00e4tzte Lesezeit\" \/>\n\t<meta name=\"twitter:data1\" content=\"4\u00a0Minuten\" \/>\n<script type=\"application\/ld+json\" class=\"yoast-schema-graph\">{\"@context\":\"https:\\\/\\\/schema.org\",\"@graph\":[{\"@type\":\"WebPage\",\"@id\":\"https:\\\/\\\/www.fuss-ev.de\\\/hamburg\\\/heute-schon-gestolpert-baulicher-zustand-der-gehwege\\\/\",\"url\":\"https:\\\/\\\/www.fuss-ev.de\\\/hamburg\\\/heute-schon-gestolpert-baulicher-zustand-der-gehwege\\\/\",\"name\":\"Heute schon gestolpert? - baulicher Zustand der Gehwege - Hamburg - FUSS e.V.\",\"isPartOf\":{\"@id\":\"https:\\\/\\\/www.fuss-ev.de\\\/hamburg\\\/#website\"},\"datePublished\":\"2025-05-09T04:54:53+00:00\",\"dateModified\":\"2026-04-05T13:03:34+00:00\",\"breadcrumb\":{\"@id\":\"https:\\\/\\\/www.fuss-ev.de\\\/hamburg\\\/heute-schon-gestolpert-baulicher-zustand-der-gehwege\\\/#breadcrumb\"},\"inLanguage\":\"de\",\"potentialAction\":[{\"@type\":\"ReadAction\",\"target\":[\"https:\\\/\\\/www.fuss-ev.de\\\/hamburg\\\/heute-schon-gestolpert-baulicher-zustand-der-gehwege\\\/\"]}]},{\"@type\":\"BreadcrumbList\",\"@id\":\"https:\\\/\\\/www.fuss-ev.de\\\/hamburg\\\/heute-schon-gestolpert-baulicher-zustand-der-gehwege\\\/#breadcrumb\",\"itemListElement\":[{\"@type\":\"ListItem\",\"position\":1,\"name\":\"Startseite\",\"item\":\"https:\\\/\\\/www.fuss-ev.de\\\/hamburg\\\/\"},{\"@type\":\"ListItem\",\"position\":2,\"name\":\"Heute schon gestolpert? &#8211; baulicher Zustand der Gehwege\"}]},{\"@type\":\"WebSite\",\"@id\":\"https:\\\/\\\/www.fuss-ev.de\\\/hamburg\\\/#website\",\"url\":\"https:\\\/\\\/www.fuss-ev.de\\\/hamburg\\\/\",\"name\":\"Hamburg - FUSS e.V.\",\"description\":\"Was uns in Hamburg bewegt\",\"publisher\":{\"@id\":\"https:\\\/\\\/www.fuss-ev.de\\\/hamburg\\\/#organization\"},\"potentialAction\":[{\"@type\":\"SearchAction\",\"target\":{\"@type\":\"EntryPoint\",\"urlTemplate\":\"https:\\\/\\\/www.fuss-ev.de\\\/hamburg\\\/?s={search_term_string}\"},\"query-input\":{\"@type\":\"PropertyValueSpecification\",\"valueRequired\":true,\"valueName\":\"search_term_string\"}}],\"inLanguage\":\"de\"},{\"@type\":\"Organization\",\"@id\":\"https:\\\/\\\/www.fuss-ev.de\\\/hamburg\\\/#organization\",\"name\":\"Hamburg - FUSS e.V.\",\"url\":\"https:\\\/\\\/www.fuss-ev.de\\\/hamburg\\\/\",\"logo\":{\"@type\":\"ImageObject\",\"inLanguage\":\"de\",\"@id\":\"https:\\\/\\\/www.fuss-ev.de\\\/hamburg\\\/#\\\/schema\\\/logo\\\/image\\\/\",\"url\":\"https:\\\/\\\/www.fuss-ev.de\\\/hamburg\\\/wp-content\\\/uploads\\\/sites\\\/11\\\/2025\\\/01\\\/FUSS_Logo.jpg\",\"contentUrl\":\"https:\\\/\\\/www.fuss-ev.de\\\/hamburg\\\/wp-content\\\/uploads\\\/sites\\\/11\\\/2025\\\/01\\\/FUSS_Logo.jpg\",\"width\":2082,\"height\":979,\"caption\":\"Hamburg - FUSS e.V.\"},\"image\":{\"@id\":\"https:\\\/\\\/www.fuss-ev.de\\\/hamburg\\\/#\\\/schema\\\/logo\\\/image\\\/\"}}]}<\/script>\n<!-- \/ Yoast SEO plugin. -->","yoast_head_json":{"title":"Heute schon gestolpert? - baulicher Zustand der Gehwege - Hamburg - FUSS e.V.","robots":{"index":"index","follow":"follow","max-snippet":"max-snippet:-1","max-image-preview":"max-image-preview:large","max-video-preview":"max-video-preview:-1"},"canonical":"https:\/\/www.fuss-ev.de\/hamburg\/heute-schon-gestolpert-baulicher-zustand-der-gehwege\/","og_locale":"de_DE","og_type":"article","og_title":"Heute schon gestolpert? - baulicher Zustand der Gehwege - Hamburg - FUSS e.V.","og_description":"[vc_row][vc_column width=&#8221;1\/4&#8243;][vc_single_image image=&#8221;4696&#8243; img_size=&#8221;150&#215;200&#8243; alignment=&#8221;center&#8221; css=&#8221;&#8221;][\/vc_column][vc_column width=&#8221;1\/2&#8243;][vc_column_text css=&#8221;&#8221;] Heute schon gestolpert? &#8211; \u00a0 \u00a0 \u00a0 \u00a0 \u00a0 \u00a0 \u00a0Baulicher Zustand der Gehwege [\/vc_column_text][\/vc_column][vc_column width=&#8221;1\/4&#8243;][vc_single_image image=&#8221;4698&#8243; img_size=&#8221;150&#215;200&#8243; alignment=&#8221;center&#8221; css=&#8221;&#8221;][\/vc_column][\/vc_row][vc_row][vc_column css=&#8221;.vc_custom_1764173256420{margin-top: 0px !important;margin-bottom: 0px !important;}&#8221;][vc_column_text css=&#8221;&#8221;]Der Zustand [&hellip;]","og_url":"https:\/\/www.fuss-ev.de\/hamburg\/heute-schon-gestolpert-baulicher-zustand-der-gehwege\/","og_site_name":"Hamburg - FUSS e.V.","article_modified_time":"2026-04-05T13:03:34+00:00","twitter_card":"summary_large_image","twitter_misc":{"Gesch\u00e4tzte Lesezeit":"4\u00a0Minuten"},"schema":{"@context":"https:\/\/schema.org","@graph":[{"@type":"WebPage","@id":"https:\/\/www.fuss-ev.de\/hamburg\/heute-schon-gestolpert-baulicher-zustand-der-gehwege\/","url":"https:\/\/www.fuss-ev.de\/hamburg\/heute-schon-gestolpert-baulicher-zustand-der-gehwege\/","name":"Heute schon gestolpert? - baulicher Zustand der Gehwege - Hamburg - FUSS e.V.","isPartOf":{"@id":"https:\/\/www.fuss-ev.de\/hamburg\/#website"},"datePublished":"2025-05-09T04:54:53+00:00","dateModified":"2026-04-05T13:03:34+00:00","breadcrumb":{"@id":"https:\/\/www.fuss-ev.de\/hamburg\/heute-schon-gestolpert-baulicher-zustand-der-gehwege\/#breadcrumb"},"inLanguage":"de","potentialAction":[{"@type":"ReadAction","target":["https:\/\/www.fuss-ev.de\/hamburg\/heute-schon-gestolpert-baulicher-zustand-der-gehwege\/"]}]},{"@type":"BreadcrumbList","@id":"https:\/\/www.fuss-ev.de\/hamburg\/heute-schon-gestolpert-baulicher-zustand-der-gehwege\/#breadcrumb","itemListElement":[{"@type":"ListItem","position":1,"name":"Startseite","item":"https:\/\/www.fuss-ev.de\/hamburg\/"},{"@type":"ListItem","position":2,"name":"Heute schon gestolpert? &#8211; baulicher Zustand der Gehwege"}]},{"@type":"WebSite","@id":"https:\/\/www.fuss-ev.de\/hamburg\/#website","url":"https:\/\/www.fuss-ev.de\/hamburg\/","name":"Hamburg - FUSS e.V.","description":"Was uns in Hamburg bewegt","publisher":{"@id":"https:\/\/www.fuss-ev.de\/hamburg\/#organization"},"potentialAction":[{"@type":"SearchAction","target":{"@type":"EntryPoint","urlTemplate":"https:\/\/www.fuss-ev.de\/hamburg\/?s={search_term_string}"},"query-input":{"@type":"PropertyValueSpecification","valueRequired":true,"valueName":"search_term_string"}}],"inLanguage":"de"},{"@type":"Organization","@id":"https:\/\/www.fuss-ev.de\/hamburg\/#organization","name":"Hamburg - FUSS e.V.","url":"https:\/\/www.fuss-ev.de\/hamburg\/","logo":{"@type":"ImageObject","inLanguage":"de","@id":"https:\/\/www.fuss-ev.de\/hamburg\/#\/schema\/logo\/image\/","url":"https:\/\/www.fuss-ev.de\/hamburg\/wp-content\/uploads\/sites\/11\/2025\/01\/FUSS_Logo.jpg","contentUrl":"https:\/\/www.fuss-ev.de\/hamburg\/wp-content\/uploads\/sites\/11\/2025\/01\/FUSS_Logo.jpg","width":2082,"height":979,"caption":"Hamburg - FUSS e.V."},"image":{"@id":"https:\/\/www.fuss-ev.de\/hamburg\/#\/schema\/logo\/image\/"}}]}},"publishpress_future_action":{"enabled":false,"date":"2026-04-24 08:39:54","action":"change-status","newStatus":"draft","terms":[],"taxonomy":"","extraData":[]},"publishpress_future_workflow_manual_trigger":{"enabledWorkflows":[]},"_links":{"self":[{"href":"https:\/\/www.fuss-ev.de\/hamburg\/wp-json\/wp\/v2\/pages\/4875","targetHints":{"allow":["GET"]}}],"collection":[{"href":"https:\/\/www.fuss-ev.de\/hamburg\/wp-json\/wp\/v2\/pages"}],"about":[{"href":"https:\/\/www.fuss-ev.de\/hamburg\/wp-json\/wp\/v2\/types\/page"}],"author":[{"embeddable":true,"href":"https:\/\/www.fuss-ev.de\/hamburg\/wp-json\/wp\/v2\/users\/34"}],"replies":[{"embeddable":true,"href":"https:\/\/www.fuss-ev.de\/hamburg\/wp-json\/wp\/v2\/comments?post=4875"}],"version-history":[{"count":107,"href":"https:\/\/www.fuss-ev.de\/hamburg\/wp-json\/wp\/v2\/pages\/4875\/revisions"}],"predecessor-version":[{"id":6329,"href":"https:\/\/www.fuss-ev.de\/hamburg\/wp-json\/wp\/v2\/pages\/4875\/revisions\/6329"}],"wp:attachment":[{"href":"https:\/\/www.fuss-ev.de\/hamburg\/wp-json\/wp\/v2\/media?parent=4875"}],"curies":[{"name":"wp","href":"https:\/\/api.w.org\/{rel}","templated":true}]}}