{"id":4773,"date":"2025-05-11T09:57:34","date_gmt":"2025-05-11T07:57:34","guid":{"rendered":"https:\/\/www.fuss-ev.de\/hamburg\/?page_id=4773"},"modified":"2026-03-07T09:58:44","modified_gmt":"2026-03-07T08:58:44","slug":"konflikte-mit-dem-radverkehr","status":"publish","type":"page","link":"https:\/\/www.fuss-ev.de\/hamburg\/konflikte-mit-dem-radverkehr\/","title":{"rendered":"Platz da &#8211; Konflikte mit dem Radverkehr"},"content":{"rendered":"<div class=\"wpb-content-wrapper\"><p>[vc_row css=&#8221;.vc_custom_1764521372921{margin-top: 0px !important;margin-bottom: 0px !important;border-top-width: 0px !important;border-bottom-width: 0px !important;padding-top: 0px !important;padding-bottom: 0px !important;}&#8221;][vc_column][vc_column_text css=&#8221;&#8221;]<\/p>\n<h3><span style=\"font-family: arial, helvetica, sans-serif;font-size: 24pt\">Platz da \u2013 Konflikte mit Radfahrenden<\/span><\/h3>\n<p><span style=\"font-family: arial, helvetica, sans-serif;font-size: 18pt\">Hamburg soll Fahrradstadt werden. Der FUSS e.V. Hamburg begr\u00fc\u00dft es, dass nach jahrzehntelanger Planung um und f\u00fcr das Auto in unserer Stadt ein Perspektivenwechsel hin zu mehr Nachhaltigkeit und Lebensqualit\u00e4t in der Stadt stattfindet. Aktive Mobilit\u00e4t, wie das Zufu\u00dfgehen und das Fahrradfahren, ist emissionsarm und damit umwelt- und klimafreundlich, sie tr\u00e4gt zu Gesundheit und Wohlbefinden bei, und sie belebt die Stadt.<\/span><\/p>\n<p><span style=\"font-family: arial, helvetica, sans-serif;font-size: 18pt\">Radverkehrsf\u00f6rderung sollte aber den Schutz der Zufu\u00dfgehenden nie aus den Augen verlieren. Diese sind die verletzlichsten Verkehrsteilnehmer*innen und verdienen besondere R\u00fccksicht. Wir setzen uns daher gemeinsam mit dem ADFC f\u00fcr eine Trennung von Fu\u00df- und Radverkehr ein.<\/span>[\/vc_column_text][\/vc_column][\/vc_row][vc_row css=&#8221;.vc_custom_1764521403084{margin-top: 0px !important;margin-bottom: 0px !important;border-top-width: 0px !important;border-bottom-width: 0px !important;padding-top: 0px !important;padding-bottom: 0px !important;}&#8221;][vc_column width=&#8221;1\/3&#8243;][vc_column_text css=&#8221;&#8221;]<\/p>\n<h3><span style=\"font-size: 24pt;font-family: arial, helvetica, sans-serif\">Es geht um:<\/span><\/h3>\n<p>[\/vc_column_text][\/vc_column][vc_column width=&#8221;1\/3&#8243;][vc_column_text css=&#8221;&#8221;]<\/p>\n<ul>\n<li>\n<h4><span style=\"font-family: arial, helvetica, sans-serif;font-size: 18pt\"><a href=\"https:\/\/www.fuss-ev.de\/hamburg\/radwege-auf-dem-gehweg\/\">Radwege auf dem Gehweg<\/a><\/span><\/h4>\n<\/li>\n<li>\n<h4><a href=\"https:\/\/www.fuss-ev.de\/hamburg\/radfahren-auf-dem-gehweg\/\"><span style=\"font-family: arial, helvetica, sans-serif;font-size: 18pt\">Radfahrende auf dem Gehweg<\/span><\/a><\/h4>\n<\/li>\n<li>\n<h4><span style=\"font-family: arial, helvetica, sans-serif;font-size: 14pt\"><a href=\"https:\/\/www.fuss-ev.de\/hamburg\/ahndung-von-gehwegfahren\/\"><span style=\"font-size: 18pt\">Ahndung von Gehwegfahren<\/span><\/a><\/span><\/h4>\n<\/li>\n<\/ul>\n<p>[\/vc_column_text][\/vc_column][vc_column width=&#8221;1\/3&#8243;][\/vc_column][\/vc_row]<\/p>\n<\/div>","protected":false},"excerpt":{"rendered":"<p>[vc_row css=&#8221;.vc_custom_1764521372921{margin-top: 0px !important;margin-bottom: 0px !important;border-top-width: 0px !important;border-bottom-width: 0px !important;padding-top: 0px !important;padding-bottom: 0px !important;}&#8221;][vc_column][vc_column_text css=&#8221;&#8221;] Platz da \u2013 Konflikte mit Radfahrenden Hamburg soll Fahrradstadt werden. Der FUSS e.V. Hamburg begr\u00fc\u00dft es, dass nach jahrzehntelanger Planung [&hellip;]<\/p>\n","protected":false},"author":35,"featured_media":0,"parent":0,"menu_order":17,"comment_status":"closed","ping_status":"closed","template":"","meta":{"_acf_changed":false,"_relevanssi_hide_post":"","_relevanssi_hide_content":"","_relevanssi_pin_for_all":"","_relevanssi_pin_keywords":"","_relevanssi_unpin_keywords":"","_relevanssi_related_keywords":"","_relevanssi_related_include_ids":"","_relevanssi_related_exclude_ids":"","_relevanssi_related_no_append":"","_relevanssi_related_not_related":"","_relevanssi_related_posts":"","_relevanssi_noindex_reason":"","inline_featured_image":false,"footnotes":""},"class_list":["post-4773","page","type-page","status-publish","hentry"],"acf":[],"yoast_head":"<!-- This site is optimized with the Yoast SEO plugin v27.4 - https:\/\/yoast.com\/product\/yoast-seo-wordpress\/ -->\n<title>Platz da - Konflikte mit dem Radverkehr - Hamburg - FUSS e.V.<\/title>\n<meta name=\"robots\" content=\"index, follow, max-snippet:-1, max-image-preview:large, max-video-preview:-1\" \/>\n<link rel=\"canonical\" href=\"https:\/\/www.fuss-ev.de\/hamburg\/konflikte-mit-dem-radverkehr\/\" \/>\n<meta property=\"og:locale\" content=\"de_DE\" \/>\n<meta property=\"og:type\" content=\"article\" \/>\n<meta property=\"og:title\" content=\"Platz da - Konflikte mit dem Radverkehr - Hamburg - FUSS e.V.\" \/>\n<meta property=\"og:description\" content=\"[vc_row css=&#8221;.vc_custom_1764521372921{margin-top: 0px !important;margin-bottom: 0px !important;border-top-width: 0px !important;border-bottom-width: 0px !important;padding-top: 0px !important;padding-bottom: 0px !important;}&#8221;][vc_column][vc_column_text css=&#8221;&#8221;] Platz da \u2013 Konflikte mit Radfahrenden Hamburg soll Fahrradstadt werden. Der FUSS e.V. Hamburg begr\u00fc\u00dft es, dass nach jahrzehntelanger Planung [&hellip;]\" \/>\n<meta property=\"og:url\" content=\"https:\/\/www.fuss-ev.de\/hamburg\/konflikte-mit-dem-radverkehr\/\" \/>\n<meta property=\"og:site_name\" content=\"Hamburg - FUSS e.V.\" \/>\n<meta property=\"article:modified_time\" content=\"2026-03-07T08:58:44+00:00\" \/>\n<meta name=\"twitter:card\" content=\"summary_large_image\" \/>\n<meta name=\"twitter:label1\" content=\"Gesch\u00e4tzte Lesezeit\" \/>\n\t<meta name=\"twitter:data1\" content=\"2\u00a0Minuten\" \/>\n<script type=\"application\/ld+json\" class=\"yoast-schema-graph\">{\"@context\":\"https:\\\/\\\/schema.org\",\"@graph\":[{\"@type\":\"WebPage\",\"@id\":\"https:\\\/\\\/www.fuss-ev.de\\\/hamburg\\\/konflikte-mit-dem-radverkehr\\\/\",\"url\":\"https:\\\/\\\/www.fuss-ev.de\\\/hamburg\\\/konflikte-mit-dem-radverkehr\\\/\",\"name\":\"Platz da - Konflikte mit dem Radverkehr - Hamburg - FUSS e.V.\",\"isPartOf\":{\"@id\":\"https:\\\/\\\/www.fuss-ev.de\\\/hamburg\\\/#website\"},\"datePublished\":\"2025-05-11T07:57:34+00:00\",\"dateModified\":\"2026-03-07T08:58:44+00:00\",\"breadcrumb\":{\"@id\":\"https:\\\/\\\/www.fuss-ev.de\\\/hamburg\\\/konflikte-mit-dem-radverkehr\\\/#breadcrumb\"},\"inLanguage\":\"de\",\"potentialAction\":[{\"@type\":\"ReadAction\",\"target\":[\"https:\\\/\\\/www.fuss-ev.de\\\/hamburg\\\/konflikte-mit-dem-radverkehr\\\/\"]}]},{\"@type\":\"BreadcrumbList\",\"@id\":\"https:\\\/\\\/www.fuss-ev.de\\\/hamburg\\\/konflikte-mit-dem-radverkehr\\\/#breadcrumb\",\"itemListElement\":[{\"@type\":\"ListItem\",\"position\":1,\"name\":\"Startseite\",\"item\":\"https:\\\/\\\/www.fuss-ev.de\\\/hamburg\\\/\"},{\"@type\":\"ListItem\",\"position\":2,\"name\":\"Platz da &#8211; Konflikte mit dem Radverkehr\"}]},{\"@type\":\"WebSite\",\"@id\":\"https:\\\/\\\/www.fuss-ev.de\\\/hamburg\\\/#website\",\"url\":\"https:\\\/\\\/www.fuss-ev.de\\\/hamburg\\\/\",\"name\":\"Hamburg - FUSS e.V.\",\"description\":\"Was uns in Hamburg bewegt\",\"publisher\":{\"@id\":\"https:\\\/\\\/www.fuss-ev.de\\\/hamburg\\\/#organization\"},\"potentialAction\":[{\"@type\":\"SearchAction\",\"target\":{\"@type\":\"EntryPoint\",\"urlTemplate\":\"https:\\\/\\\/www.fuss-ev.de\\\/hamburg\\\/?s={search_term_string}\"},\"query-input\":{\"@type\":\"PropertyValueSpecification\",\"valueRequired\":true,\"valueName\":\"search_term_string\"}}],\"inLanguage\":\"de\"},{\"@type\":\"Organization\",\"@id\":\"https:\\\/\\\/www.fuss-ev.de\\\/hamburg\\\/#organization\",\"name\":\"Hamburg - FUSS e.V.\",\"url\":\"https:\\\/\\\/www.fuss-ev.de\\\/hamburg\\\/\",\"logo\":{\"@type\":\"ImageObject\",\"inLanguage\":\"de\",\"@id\":\"https:\\\/\\\/www.fuss-ev.de\\\/hamburg\\\/#\\\/schema\\\/logo\\\/image\\\/\",\"url\":\"https:\\\/\\\/www.fuss-ev.de\\\/hamburg\\\/wp-content\\\/uploads\\\/sites\\\/11\\\/2025\\\/01\\\/FUSS_Logo.jpg\",\"contentUrl\":\"https:\\\/\\\/www.fuss-ev.de\\\/hamburg\\\/wp-content\\\/uploads\\\/sites\\\/11\\\/2025\\\/01\\\/FUSS_Logo.jpg\",\"width\":2082,\"height\":979,\"caption\":\"Hamburg - FUSS e.V.\"},\"image\":{\"@id\":\"https:\\\/\\\/www.fuss-ev.de\\\/hamburg\\\/#\\\/schema\\\/logo\\\/image\\\/\"}}]}<\/script>\n<!-- \/ Yoast SEO plugin. -->","yoast_head_json":{"title":"Platz da - Konflikte mit dem Radverkehr - Hamburg - FUSS e.V.","robots":{"index":"index","follow":"follow","max-snippet":"max-snippet:-1","max-image-preview":"max-image-preview:large","max-video-preview":"max-video-preview:-1"},"canonical":"https:\/\/www.fuss-ev.de\/hamburg\/konflikte-mit-dem-radverkehr\/","og_locale":"de_DE","og_type":"article","og_title":"Platz da - Konflikte mit dem Radverkehr - Hamburg - FUSS e.V.","og_description":"[vc_row css=&#8221;.vc_custom_1764521372921{margin-top: 0px !important;margin-bottom: 0px !important;border-top-width: 0px !important;border-bottom-width: 0px !important;padding-top: 0px !important;padding-bottom: 0px !important;}&#8221;][vc_column][vc_column_text css=&#8221;&#8221;] Platz da \u2013 Konflikte mit Radfahrenden Hamburg soll Fahrradstadt werden. Der FUSS e.V. Hamburg begr\u00fc\u00dft es, dass nach jahrzehntelanger Planung [&hellip;]","og_url":"https:\/\/www.fuss-ev.de\/hamburg\/konflikte-mit-dem-radverkehr\/","og_site_name":"Hamburg - FUSS e.V.","article_modified_time":"2026-03-07T08:58:44+00:00","twitter_card":"summary_large_image","twitter_misc":{"Gesch\u00e4tzte Lesezeit":"2\u00a0Minuten"},"schema":{"@context":"https:\/\/schema.org","@graph":[{"@type":"WebPage","@id":"https:\/\/www.fuss-ev.de\/hamburg\/konflikte-mit-dem-radverkehr\/","url":"https:\/\/www.fuss-ev.de\/hamburg\/konflikte-mit-dem-radverkehr\/","name":"Platz da - Konflikte mit dem Radverkehr - Hamburg - FUSS e.V.","isPartOf":{"@id":"https:\/\/www.fuss-ev.de\/hamburg\/#website"},"datePublished":"2025-05-11T07:57:34+00:00","dateModified":"2026-03-07T08:58:44+00:00","breadcrumb":{"@id":"https:\/\/www.fuss-ev.de\/hamburg\/konflikte-mit-dem-radverkehr\/#breadcrumb"},"inLanguage":"de","potentialAction":[{"@type":"ReadAction","target":["https:\/\/www.fuss-ev.de\/hamburg\/konflikte-mit-dem-radverkehr\/"]}]},{"@type":"BreadcrumbList","@id":"https:\/\/www.fuss-ev.de\/hamburg\/konflikte-mit-dem-radverkehr\/#breadcrumb","itemListElement":[{"@type":"ListItem","position":1,"name":"Startseite","item":"https:\/\/www.fuss-ev.de\/hamburg\/"},{"@type":"ListItem","position":2,"name":"Platz da &#8211; Konflikte mit dem Radverkehr"}]},{"@type":"WebSite","@id":"https:\/\/www.fuss-ev.de\/hamburg\/#website","url":"https:\/\/www.fuss-ev.de\/hamburg\/","name":"Hamburg - FUSS e.V.","description":"Was uns in Hamburg bewegt","publisher":{"@id":"https:\/\/www.fuss-ev.de\/hamburg\/#organization"},"potentialAction":[{"@type":"SearchAction","target":{"@type":"EntryPoint","urlTemplate":"https:\/\/www.fuss-ev.de\/hamburg\/?s={search_term_string}"},"query-input":{"@type":"PropertyValueSpecification","valueRequired":true,"valueName":"search_term_string"}}],"inLanguage":"de"},{"@type":"Organization","@id":"https:\/\/www.fuss-ev.de\/hamburg\/#organization","name":"Hamburg - FUSS e.V.","url":"https:\/\/www.fuss-ev.de\/hamburg\/","logo":{"@type":"ImageObject","inLanguage":"de","@id":"https:\/\/www.fuss-ev.de\/hamburg\/#\/schema\/logo\/image\/","url":"https:\/\/www.fuss-ev.de\/hamburg\/wp-content\/uploads\/sites\/11\/2025\/01\/FUSS_Logo.jpg","contentUrl":"https:\/\/www.fuss-ev.de\/hamburg\/wp-content\/uploads\/sites\/11\/2025\/01\/FUSS_Logo.jpg","width":2082,"height":979,"caption":"Hamburg - FUSS e.V."},"image":{"@id":"https:\/\/www.fuss-ev.de\/hamburg\/#\/schema\/logo\/image\/"}}]}},"publishpress_future_action":{"enabled":false,"date":"2026-04-26 14:47:43","action":"change-status","newStatus":"draft","terms":[],"taxonomy":"","extraData":[]},"publishpress_future_workflow_manual_trigger":{"enabledWorkflows":[]},"_links":{"self":[{"href":"https:\/\/www.fuss-ev.de\/hamburg\/wp-json\/wp\/v2\/pages\/4773","targetHints":{"allow":["GET"]}}],"collection":[{"href":"https:\/\/www.fuss-ev.de\/hamburg\/wp-json\/wp\/v2\/pages"}],"about":[{"href":"https:\/\/www.fuss-ev.de\/hamburg\/wp-json\/wp\/v2\/types\/page"}],"author":[{"embeddable":true,"href":"https:\/\/www.fuss-ev.de\/hamburg\/wp-json\/wp\/v2\/users\/35"}],"replies":[{"embeddable":true,"href":"https:\/\/www.fuss-ev.de\/hamburg\/wp-json\/wp\/v2\/comments?post=4773"}],"version-history":[{"count":38,"href":"https:\/\/www.fuss-ev.de\/hamburg\/wp-json\/wp\/v2\/pages\/4773\/revisions"}],"predecessor-version":[{"id":6260,"href":"https:\/\/www.fuss-ev.de\/hamburg\/wp-json\/wp\/v2\/pages\/4773\/revisions\/6260"}],"wp:attachment":[{"href":"https:\/\/www.fuss-ev.de\/hamburg\/wp-json\/wp\/v2\/media?parent=4773"}],"curies":[{"name":"wp","href":"https:\/\/api.w.org\/{rel}","templated":true}]}}