{"id":4769,"date":"2025-05-11T09:57:09","date_gmt":"2025-05-11T07:57:09","guid":{"rendered":"https:\/\/www.fuss-ev.de\/hamburg\/?page_id=4769"},"modified":"2025-06-08T07:37:23","modified_gmt":"2025-06-08T05:37:23","slug":"probleme-mit-dem-busverkehr","status":"publish","type":"page","link":"https:\/\/www.fuss-ev.de\/hamburg\/probleme-mit-dem-busverkehr\/","title":{"rendered":"Shake it baby &#8211; Probleme mit dem Busverkehr"},"content":{"rendered":"<div class=\"wpb-content-wrapper\"><p>[vc_row][vc_column width=&#8221;1\/2&#8243;][vc_column_text css=&#8221;&#8221;]<\/p>\n<h2><strong><span style=\"font-size: 18pt; font-family: arial, helvetica, sans-serif;\">Shake it baby &#8211; Probleme mit dem Busverkehr<\/span><\/strong><\/h2>\n<p><span style=\"font-family: arial, helvetica, sans-serif; font-size: 14pt;\">Fu\u00dfg\u00e4nger*innen nutzen auch den \u00f6ffentlichen Nahverkehr. Deshalb besch\u00e4ftigen wir uns ebenfalls mit diesem Thema.<\/span><\/p>\n<p><span style=\"font-family: arial, helvetica, sans-serif; font-size: 14pt;\">Wir sind froh, dass es in Hamburg sehr gut m\u00f6glich ist, ohne Auto zu leben und sich zu bewegen. Besser w\u00e4re es, wenn es nicht immer noch S- und U-Bahn Stationen ohne Aufz\u00fcge g\u00e4be und die Busse eigene Spuren bek\u00e4men. Besonders zum Busverkehr erreichen uns immer wieder Klagen.<\/span><\/p>\n<p><span style=\"font-family: arial, helvetica, sans-serif; font-size: 14pt;\">In Briefen an die <a href=\"https:\/\/www.fuss-ev.de\/hamburg\/wp-content\/uploads\/sites\/11\/2025\/06\/Bussuntern.-FUSS-e.V.-OG-Hamburg.pdf\">Busunternehmen<\/a>, den HVV und die <a href=\"https:\/\/www.fuss-ev.de\/hamburg\/wp-content\/uploads\/sites\/11\/2025\/06\/Senatoren-FUSS-e.V.-OG-Hamburg.pdf\">Senatoren<\/a> haben wir detailliert M\u00e4ngel beim Busverkehr aufgelistet und um Verbesserung gebeten.<\/span>[\/vc_column_text][\/vc_column][vc_column width=&#8221;1\/2&#8243;][vc_column_text css=&#8221;&#8221;]<span style=\"font-family: arial, helvetica, sans-serif; font-size: 14pt;\">Kritikpunkte waren: zu fr\u00fch fahrende Busse, ruckartige Bremsvorg\u00e4nge, falsches Ansteuern der Haltestellen, zugeparkte Busbuchten, unzuverl\u00e4ssige elektronische Anzeigen, mit Werbung beklebte Fensterfl\u00e4chen und schlechte Fahrgastinformation.<\/span><\/p>\n<p><span style=\"font-family: arial, helvetica, sans-serif; font-size: 14pt;\">Auf die v\u00f6llig unvollst\u00e4ndigen Antwortschreiben haben wir erneut nachgehakt und auf Kl\u00e4rung auch der nicht beantworteten Fragen gedr\u00e4ngt.<\/span><\/p>\n<p><span style=\"font-family: arial, helvetica, sans-serif; font-size: 14pt;\">Da wir keine Besserung feststellen, werden wir das Thema weiter im Auge behalten.<\/span>[\/vc_column_text][\/vc_column][\/vc_row]<\/p>\n<\/div>","protected":false},"excerpt":{"rendered":"<p>[vc_row][vc_column width=&#8221;1\/2&#8243;][vc_column_text css=&#8221;&#8221;] Shake it baby &#8211; Probleme mit dem Busverkehr Fu\u00dfg\u00e4nger*innen nutzen auch den \u00f6ffentlichen Nahverkehr. Deshalb besch\u00e4ftigen wir uns ebenfalls mit diesem Thema. Wir sind froh, dass es in Hamburg sehr gut m\u00f6glich [&hellip;]<\/p>\n","protected":false},"author":35,"featured_media":0,"parent":0,"menu_order":16,"comment_status":"closed","ping_status":"closed","template":"","meta":{"_acf_changed":false,"_relevanssi_hide_post":"","_relevanssi_hide_content":"","_relevanssi_pin_for_all":"","_relevanssi_pin_keywords":"","_relevanssi_unpin_keywords":"","_relevanssi_related_keywords":"","_relevanssi_related_include_ids":"","_relevanssi_related_exclude_ids":"","_relevanssi_related_no_append":"","_relevanssi_related_not_related":"","_relevanssi_related_posts":"","_relevanssi_noindex_reason":"","inline_featured_image":false,"footnotes":""},"class_list":["post-4769","page","type-page","status-publish","hentry"],"acf":[],"yoast_head":"<!-- This site is optimized with the Yoast SEO plugin v27.4 - https:\/\/yoast.com\/product\/yoast-seo-wordpress\/ -->\n<title>Shake it baby - Probleme mit dem Busverkehr - Hamburg - FUSS e.V.<\/title>\n<meta name=\"robots\" content=\"index, follow, max-snippet:-1, max-image-preview:large, max-video-preview:-1\" \/>\n<link rel=\"canonical\" href=\"https:\/\/www.fuss-ev.de\/hamburg\/probleme-mit-dem-busverkehr\/\" \/>\n<meta property=\"og:locale\" content=\"de_DE\" \/>\n<meta property=\"og:type\" content=\"article\" \/>\n<meta property=\"og:title\" content=\"Shake it baby - Probleme mit dem Busverkehr - Hamburg - FUSS e.V.\" \/>\n<meta property=\"og:description\" content=\"[vc_row][vc_column width=&#8221;1\/2&#8243;][vc_column_text css=&#8221;&#8221;] Shake it baby &#8211; Probleme mit dem Busverkehr Fu\u00dfg\u00e4nger*innen nutzen auch den \u00f6ffentlichen Nahverkehr. Deshalb besch\u00e4ftigen wir uns ebenfalls mit diesem Thema. Wir sind froh, dass es in Hamburg sehr gut m\u00f6glich [&hellip;]\" \/>\n<meta property=\"og:url\" content=\"https:\/\/www.fuss-ev.de\/hamburg\/probleme-mit-dem-busverkehr\/\" \/>\n<meta property=\"og:site_name\" content=\"Hamburg - FUSS e.V.\" \/>\n<meta property=\"article:modified_time\" content=\"2025-06-08T05:37:23+00:00\" \/>\n<meta name=\"twitter:card\" content=\"summary_large_image\" \/>\n<meta name=\"twitter:label1\" content=\"Gesch\u00e4tzte Lesezeit\" \/>\n\t<meta name=\"twitter:data1\" content=\"1\u00a0Minute\" \/>\n<script type=\"application\/ld+json\" class=\"yoast-schema-graph\">{\"@context\":\"https:\\\/\\\/schema.org\",\"@graph\":[{\"@type\":\"WebPage\",\"@id\":\"https:\\\/\\\/www.fuss-ev.de\\\/hamburg\\\/probleme-mit-dem-busverkehr\\\/\",\"url\":\"https:\\\/\\\/www.fuss-ev.de\\\/hamburg\\\/probleme-mit-dem-busverkehr\\\/\",\"name\":\"Shake it baby - Probleme mit dem Busverkehr - Hamburg - FUSS e.V.\",\"isPartOf\":{\"@id\":\"https:\\\/\\\/www.fuss-ev.de\\\/hamburg\\\/#website\"},\"datePublished\":\"2025-05-11T07:57:09+00:00\",\"dateModified\":\"2025-06-08T05:37:23+00:00\",\"breadcrumb\":{\"@id\":\"https:\\\/\\\/www.fuss-ev.de\\\/hamburg\\\/probleme-mit-dem-busverkehr\\\/#breadcrumb\"},\"inLanguage\":\"de\",\"potentialAction\":[{\"@type\":\"ReadAction\",\"target\":[\"https:\\\/\\\/www.fuss-ev.de\\\/hamburg\\\/probleme-mit-dem-busverkehr\\\/\"]}]},{\"@type\":\"BreadcrumbList\",\"@id\":\"https:\\\/\\\/www.fuss-ev.de\\\/hamburg\\\/probleme-mit-dem-busverkehr\\\/#breadcrumb\",\"itemListElement\":[{\"@type\":\"ListItem\",\"position\":1,\"name\":\"Startseite\",\"item\":\"https:\\\/\\\/www.fuss-ev.de\\\/hamburg\\\/\"},{\"@type\":\"ListItem\",\"position\":2,\"name\":\"Shake it baby &#8211; Probleme mit dem Busverkehr\"}]},{\"@type\":\"WebSite\",\"@id\":\"https:\\\/\\\/www.fuss-ev.de\\\/hamburg\\\/#website\",\"url\":\"https:\\\/\\\/www.fuss-ev.de\\\/hamburg\\\/\",\"name\":\"Hamburg - FUSS e.V.\",\"description\":\"Was uns in Hamburg bewegt\",\"publisher\":{\"@id\":\"https:\\\/\\\/www.fuss-ev.de\\\/hamburg\\\/#organization\"},\"potentialAction\":[{\"@type\":\"SearchAction\",\"target\":{\"@type\":\"EntryPoint\",\"urlTemplate\":\"https:\\\/\\\/www.fuss-ev.de\\\/hamburg\\\/?s={search_term_string}\"},\"query-input\":{\"@type\":\"PropertyValueSpecification\",\"valueRequired\":true,\"valueName\":\"search_term_string\"}}],\"inLanguage\":\"de\"},{\"@type\":\"Organization\",\"@id\":\"https:\\\/\\\/www.fuss-ev.de\\\/hamburg\\\/#organization\",\"name\":\"Hamburg - FUSS e.V.\",\"url\":\"https:\\\/\\\/www.fuss-ev.de\\\/hamburg\\\/\",\"logo\":{\"@type\":\"ImageObject\",\"inLanguage\":\"de\",\"@id\":\"https:\\\/\\\/www.fuss-ev.de\\\/hamburg\\\/#\\\/schema\\\/logo\\\/image\\\/\",\"url\":\"https:\\\/\\\/www.fuss-ev.de\\\/hamburg\\\/wp-content\\\/uploads\\\/sites\\\/11\\\/2025\\\/01\\\/FUSS_Logo.jpg\",\"contentUrl\":\"https:\\\/\\\/www.fuss-ev.de\\\/hamburg\\\/wp-content\\\/uploads\\\/sites\\\/11\\\/2025\\\/01\\\/FUSS_Logo.jpg\",\"width\":2082,\"height\":979,\"caption\":\"Hamburg - FUSS e.V.\"},\"image\":{\"@id\":\"https:\\\/\\\/www.fuss-ev.de\\\/hamburg\\\/#\\\/schema\\\/logo\\\/image\\\/\"}}]}<\/script>\n<!-- \/ Yoast SEO plugin. -->","yoast_head_json":{"title":"Shake it baby - Probleme mit dem Busverkehr - Hamburg - FUSS e.V.","robots":{"index":"index","follow":"follow","max-snippet":"max-snippet:-1","max-image-preview":"max-image-preview:large","max-video-preview":"max-video-preview:-1"},"canonical":"https:\/\/www.fuss-ev.de\/hamburg\/probleme-mit-dem-busverkehr\/","og_locale":"de_DE","og_type":"article","og_title":"Shake it baby - Probleme mit dem Busverkehr - Hamburg - FUSS e.V.","og_description":"[vc_row][vc_column width=&#8221;1\/2&#8243;][vc_column_text css=&#8221;&#8221;] Shake it baby &#8211; Probleme mit dem Busverkehr Fu\u00dfg\u00e4nger*innen nutzen auch den \u00f6ffentlichen Nahverkehr. Deshalb besch\u00e4ftigen wir uns ebenfalls mit diesem Thema. Wir sind froh, dass es in Hamburg sehr gut m\u00f6glich [&hellip;]","og_url":"https:\/\/www.fuss-ev.de\/hamburg\/probleme-mit-dem-busverkehr\/","og_site_name":"Hamburg - FUSS e.V.","article_modified_time":"2025-06-08T05:37:23+00:00","twitter_card":"summary_large_image","twitter_misc":{"Gesch\u00e4tzte Lesezeit":"1\u00a0Minute"},"schema":{"@context":"https:\/\/schema.org","@graph":[{"@type":"WebPage","@id":"https:\/\/www.fuss-ev.de\/hamburg\/probleme-mit-dem-busverkehr\/","url":"https:\/\/www.fuss-ev.de\/hamburg\/probleme-mit-dem-busverkehr\/","name":"Shake it baby - Probleme mit dem Busverkehr - Hamburg - FUSS e.V.","isPartOf":{"@id":"https:\/\/www.fuss-ev.de\/hamburg\/#website"},"datePublished":"2025-05-11T07:57:09+00:00","dateModified":"2025-06-08T05:37:23+00:00","breadcrumb":{"@id":"https:\/\/www.fuss-ev.de\/hamburg\/probleme-mit-dem-busverkehr\/#breadcrumb"},"inLanguage":"de","potentialAction":[{"@type":"ReadAction","target":["https:\/\/www.fuss-ev.de\/hamburg\/probleme-mit-dem-busverkehr\/"]}]},{"@type":"BreadcrumbList","@id":"https:\/\/www.fuss-ev.de\/hamburg\/probleme-mit-dem-busverkehr\/#breadcrumb","itemListElement":[{"@type":"ListItem","position":1,"name":"Startseite","item":"https:\/\/www.fuss-ev.de\/hamburg\/"},{"@type":"ListItem","position":2,"name":"Shake it baby &#8211; Probleme mit dem Busverkehr"}]},{"@type":"WebSite","@id":"https:\/\/www.fuss-ev.de\/hamburg\/#website","url":"https:\/\/www.fuss-ev.de\/hamburg\/","name":"Hamburg - FUSS e.V.","description":"Was uns in Hamburg bewegt","publisher":{"@id":"https:\/\/www.fuss-ev.de\/hamburg\/#organization"},"potentialAction":[{"@type":"SearchAction","target":{"@type":"EntryPoint","urlTemplate":"https:\/\/www.fuss-ev.de\/hamburg\/?s={search_term_string}"},"query-input":{"@type":"PropertyValueSpecification","valueRequired":true,"valueName":"search_term_string"}}],"inLanguage":"de"},{"@type":"Organization","@id":"https:\/\/www.fuss-ev.de\/hamburg\/#organization","name":"Hamburg - FUSS e.V.","url":"https:\/\/www.fuss-ev.de\/hamburg\/","logo":{"@type":"ImageObject","inLanguage":"de","@id":"https:\/\/www.fuss-ev.de\/hamburg\/#\/schema\/logo\/image\/","url":"https:\/\/www.fuss-ev.de\/hamburg\/wp-content\/uploads\/sites\/11\/2025\/01\/FUSS_Logo.jpg","contentUrl":"https:\/\/www.fuss-ev.de\/hamburg\/wp-content\/uploads\/sites\/11\/2025\/01\/FUSS_Logo.jpg","width":2082,"height":979,"caption":"Hamburg - FUSS e.V."},"image":{"@id":"https:\/\/www.fuss-ev.de\/hamburg\/#\/schema\/logo\/image\/"}}]}},"publishpress_future_action":{"enabled":false,"date":"2026-04-30 11:11:10","action":"change-status","newStatus":"draft","terms":[],"taxonomy":"","extraData":[]},"publishpress_future_workflow_manual_trigger":{"enabledWorkflows":[]},"_links":{"self":[{"href":"https:\/\/www.fuss-ev.de\/hamburg\/wp-json\/wp\/v2\/pages\/4769","targetHints":{"allow":["GET"]}}],"collection":[{"href":"https:\/\/www.fuss-ev.de\/hamburg\/wp-json\/wp\/v2\/pages"}],"about":[{"href":"https:\/\/www.fuss-ev.de\/hamburg\/wp-json\/wp\/v2\/types\/page"}],"author":[{"embeddable":true,"href":"https:\/\/www.fuss-ev.de\/hamburg\/wp-json\/wp\/v2\/users\/35"}],"replies":[{"embeddable":true,"href":"https:\/\/www.fuss-ev.de\/hamburg\/wp-json\/wp\/v2\/comments?post=4769"}],"version-history":[{"count":8,"href":"https:\/\/www.fuss-ev.de\/hamburg\/wp-json\/wp\/v2\/pages\/4769\/revisions"}],"predecessor-version":[{"id":5197,"href":"https:\/\/www.fuss-ev.de\/hamburg\/wp-json\/wp\/v2\/pages\/4769\/revisions\/5197"}],"wp:attachment":[{"href":"https:\/\/www.fuss-ev.de\/hamburg\/wp-json\/wp\/v2\/media?parent=4769"}],"curies":[{"name":"wp","href":"https:\/\/api.w.org\/{rel}","templated":true}]}}