{"id":4736,"date":"2025-05-11T09:01:52","date_gmt":"2025-05-11T07:01:52","guid":{"rendered":"https:\/\/www.fuss-ev.de\/hamburg\/?page_id=4736"},"modified":"2026-02-11T13:23:19","modified_gmt":"2026-02-11T12:23:19","slug":"so-viel-parkendes-blech-der-kampf-um-den-strassenraum","status":"publish","type":"page","link":"https:\/\/www.fuss-ev.de\/hamburg\/so-viel-parkendes-blech-der-kampf-um-den-strassenraum\/","title":{"rendered":"So viel parkendes Blech \u2013 Der Kampf um den Stra\u00dfenraum"},"content":{"rendered":"<div class=\"wpb-content-wrapper\"><p>[vc_row][vc_column width=&#8221;1\/2&#8243;][vc_column_text css=&#8221;&#8221;]<\/p>\n<h2><strong><span style=\"font-size: 18pt;font-family: arial, helvetica, sans-serif\">So viel parkendes Blech \u2013 Der Kampf um den Stra\u00dfenraum<\/span><\/strong><\/h2>\n<p>[\/vc_column_text][vc_column_text css=&#8221;&#8221;]<\/p>\n<h2><span style=\"font-family: arial, helvetica, sans-serif;font-size: 14pt\">Es geht um<\/span><\/h2>\n<ul style=\"list-style-type: square\">\n<li><a href=\"https:\/\/www.fuss-ev.de\/hamburg\/5708-2\/\"><span style=\"font-family: arial, helvetica, sans-serif;font-size: 14pt\">legale Parkpl\u00e4tze<\/span><\/a><\/li>\n<li><a href=\"https:\/\/www.fuss-ev.de\/hamburg\/illegales-parken\/\"><span style=\"font-family: arial, helvetica, sans-serif;font-size: 14pt\">Falschparken auf Gehwegen<\/span><\/a><\/li>\n<\/ul>\n<p>[\/vc_column_text][\/vc_column][vc_column width=&#8221;1\/2&#8243;][vc_single_image image=&#8221;4737&#8243; img_size=&#8221;350&#215;250&#8243; add_caption=&#8221;yes&#8221; alignment=&#8221;center&#8221; css=&#8221;&#8221;][\/vc_column][\/vc_row]<\/p>\n<\/div>","protected":false},"excerpt":{"rendered":"<p>[vc_row][vc_column width=&#8221;1\/2&#8243;][vc_column_text css=&#8221;&#8221;] So viel parkendes Blech \u2013 Der Kampf um den Stra\u00dfenraum [\/vc_column_text][vc_column_text css=&#8221;&#8221;] Es geht um legale Parkpl\u00e4tze Falschparken auf Gehwegen [\/vc_column_text][\/vc_column][vc_column width=&#8221;1\/2&#8243;][vc_single_image image=&#8221;4737&#8243; img_size=&#8221;350&#215;250&#8243; add_caption=&#8221;yes&#8221; alignment=&#8221;center&#8221; css=&#8221;&#8221;][\/vc_column][\/vc_row]<\/p>\n","protected":false},"author":34,"featured_media":0,"parent":0,"menu_order":11,"comment_status":"closed","ping_status":"closed","template":"","meta":{"_acf_changed":false,"_relevanssi_hide_post":"","_relevanssi_hide_content":"","_relevanssi_pin_for_all":"","_relevanssi_pin_keywords":"","_relevanssi_unpin_keywords":"","_relevanssi_related_keywords":"","_relevanssi_related_include_ids":"","_relevanssi_related_exclude_ids":"","_relevanssi_related_no_append":"","_relevanssi_related_not_related":"","_relevanssi_related_posts":"","_relevanssi_noindex_reason":"","inline_featured_image":false,"footnotes":""},"class_list":["post-4736","page","type-page","status-publish","hentry"],"acf":[],"yoast_head":"<!-- This site is optimized with the Yoast SEO plugin v27.4 - https:\/\/yoast.com\/product\/yoast-seo-wordpress\/ -->\n<title>So viel parkendes Blech \u2013 Der Kampf um den Stra\u00dfenraum - Hamburg - FUSS e.V.<\/title>\n<meta name=\"description\" content=\"Parkende Kraftfahrzeuge schr\u00e4nken die Breite von Gehwegen ein, die Fu\u00dfg\u00e4nger*innen zur Verf\u00fcgung steht.\" \/>\n<meta name=\"robots\" content=\"index, follow, max-snippet:-1, max-image-preview:large, max-video-preview:-1\" \/>\n<link rel=\"canonical\" href=\"https:\/\/www.fuss-ev.de\/hamburg\/so-viel-parkendes-blech-der-kampf-um-den-strassenraum\/\" \/>\n<meta property=\"og:locale\" content=\"de_DE\" \/>\n<meta property=\"og:type\" content=\"article\" \/>\n<meta property=\"og:title\" content=\"So viel parkendes Blech \u2013 Der Kampf um den Stra\u00dfenraum - Hamburg - FUSS e.V.\" \/>\n<meta property=\"og:description\" content=\"Parkende Kraftfahrzeuge schr\u00e4nken die Breite von Gehwegen ein, die Fu\u00dfg\u00e4nger*innen zur Verf\u00fcgung steht.\" \/>\n<meta property=\"og:url\" content=\"https:\/\/www.fuss-ev.de\/hamburg\/so-viel-parkendes-blech-der-kampf-um-den-strassenraum\/\" \/>\n<meta property=\"og:site_name\" content=\"Hamburg - FUSS e.V.\" \/>\n<meta property=\"article:modified_time\" content=\"2026-02-11T12:23:19+00:00\" \/>\n<meta name=\"twitter:card\" content=\"summary_large_image\" \/>\n<meta name=\"twitter:label1\" content=\"Gesch\u00e4tzte Lesezeit\" \/>\n\t<meta name=\"twitter:data1\" content=\"1\u00a0Minute\" \/>\n<script type=\"application\/ld+json\" class=\"yoast-schema-graph\">{\"@context\":\"https:\\\/\\\/schema.org\",\"@graph\":[{\"@type\":\"WebPage\",\"@id\":\"https:\\\/\\\/www.fuss-ev.de\\\/hamburg\\\/so-viel-parkendes-blech-der-kampf-um-den-strassenraum\\\/\",\"url\":\"https:\\\/\\\/www.fuss-ev.de\\\/hamburg\\\/so-viel-parkendes-blech-der-kampf-um-den-strassenraum\\\/\",\"name\":\"So viel parkendes Blech \u2013 Der Kampf um den Stra\u00dfenraum - Hamburg - FUSS e.V.\",\"isPartOf\":{\"@id\":\"https:\\\/\\\/www.fuss-ev.de\\\/hamburg\\\/#website\"},\"datePublished\":\"2025-05-11T07:01:52+00:00\",\"dateModified\":\"2026-02-11T12:23:19+00:00\",\"description\":\"Parkende Kraftfahrzeuge schr\u00e4nken die Breite von Gehwegen ein, die Fu\u00dfg\u00e4nger*innen zur Verf\u00fcgung steht.\",\"breadcrumb\":{\"@id\":\"https:\\\/\\\/www.fuss-ev.de\\\/hamburg\\\/so-viel-parkendes-blech-der-kampf-um-den-strassenraum\\\/#breadcrumb\"},\"inLanguage\":\"de\",\"potentialAction\":[{\"@type\":\"ReadAction\",\"target\":[\"https:\\\/\\\/www.fuss-ev.de\\\/hamburg\\\/so-viel-parkendes-blech-der-kampf-um-den-strassenraum\\\/\"]}]},{\"@type\":\"BreadcrumbList\",\"@id\":\"https:\\\/\\\/www.fuss-ev.de\\\/hamburg\\\/so-viel-parkendes-blech-der-kampf-um-den-strassenraum\\\/#breadcrumb\",\"itemListElement\":[{\"@type\":\"ListItem\",\"position\":1,\"name\":\"Startseite\",\"item\":\"https:\\\/\\\/www.fuss-ev.de\\\/hamburg\\\/\"},{\"@type\":\"ListItem\",\"position\":2,\"name\":\"FUSS > Hamburg > Parken > Gehweg\"}]},{\"@type\":\"WebSite\",\"@id\":\"https:\\\/\\\/www.fuss-ev.de\\\/hamburg\\\/#website\",\"url\":\"https:\\\/\\\/www.fuss-ev.de\\\/hamburg\\\/\",\"name\":\"Hamburg - FUSS e.V.\",\"description\":\"Was uns in Hamburg bewegt\",\"publisher\":{\"@id\":\"https:\\\/\\\/www.fuss-ev.de\\\/hamburg\\\/#organization\"},\"potentialAction\":[{\"@type\":\"SearchAction\",\"target\":{\"@type\":\"EntryPoint\",\"urlTemplate\":\"https:\\\/\\\/www.fuss-ev.de\\\/hamburg\\\/?s={search_term_string}\"},\"query-input\":{\"@type\":\"PropertyValueSpecification\",\"valueRequired\":true,\"valueName\":\"search_term_string\"}}],\"inLanguage\":\"de\"},{\"@type\":\"Organization\",\"@id\":\"https:\\\/\\\/www.fuss-ev.de\\\/hamburg\\\/#organization\",\"name\":\"Hamburg - FUSS e.V.\",\"url\":\"https:\\\/\\\/www.fuss-ev.de\\\/hamburg\\\/\",\"logo\":{\"@type\":\"ImageObject\",\"inLanguage\":\"de\",\"@id\":\"https:\\\/\\\/www.fuss-ev.de\\\/hamburg\\\/#\\\/schema\\\/logo\\\/image\\\/\",\"url\":\"https:\\\/\\\/www.fuss-ev.de\\\/hamburg\\\/wp-content\\\/uploads\\\/sites\\\/11\\\/2025\\\/01\\\/FUSS_Logo.jpg\",\"contentUrl\":\"https:\\\/\\\/www.fuss-ev.de\\\/hamburg\\\/wp-content\\\/uploads\\\/sites\\\/11\\\/2025\\\/01\\\/FUSS_Logo.jpg\",\"width\":2082,\"height\":979,\"caption\":\"Hamburg - FUSS e.V.\"},\"image\":{\"@id\":\"https:\\\/\\\/www.fuss-ev.de\\\/hamburg\\\/#\\\/schema\\\/logo\\\/image\\\/\"}}]}<\/script>\n<!-- \/ Yoast SEO plugin. -->","yoast_head_json":{"title":"So viel parkendes Blech \u2013 Der Kampf um den Stra\u00dfenraum - Hamburg - FUSS e.V.","description":"Parkende Kraftfahrzeuge schr\u00e4nken die Breite von Gehwegen ein, die Fu\u00dfg\u00e4nger*innen zur Verf\u00fcgung steht.","robots":{"index":"index","follow":"follow","max-snippet":"max-snippet:-1","max-image-preview":"max-image-preview:large","max-video-preview":"max-video-preview:-1"},"canonical":"https:\/\/www.fuss-ev.de\/hamburg\/so-viel-parkendes-blech-der-kampf-um-den-strassenraum\/","og_locale":"de_DE","og_type":"article","og_title":"So viel parkendes Blech \u2013 Der Kampf um den Stra\u00dfenraum - Hamburg - FUSS e.V.","og_description":"Parkende Kraftfahrzeuge schr\u00e4nken die Breite von Gehwegen ein, die Fu\u00dfg\u00e4nger*innen zur Verf\u00fcgung steht.","og_url":"https:\/\/www.fuss-ev.de\/hamburg\/so-viel-parkendes-blech-der-kampf-um-den-strassenraum\/","og_site_name":"Hamburg - FUSS e.V.","article_modified_time":"2026-02-11T12:23:19+00:00","twitter_card":"summary_large_image","twitter_misc":{"Gesch\u00e4tzte Lesezeit":"1\u00a0Minute"},"schema":{"@context":"https:\/\/schema.org","@graph":[{"@type":"WebPage","@id":"https:\/\/www.fuss-ev.de\/hamburg\/so-viel-parkendes-blech-der-kampf-um-den-strassenraum\/","url":"https:\/\/www.fuss-ev.de\/hamburg\/so-viel-parkendes-blech-der-kampf-um-den-strassenraum\/","name":"So viel parkendes Blech \u2013 Der Kampf um den Stra\u00dfenraum - Hamburg - FUSS e.V.","isPartOf":{"@id":"https:\/\/www.fuss-ev.de\/hamburg\/#website"},"datePublished":"2025-05-11T07:01:52+00:00","dateModified":"2026-02-11T12:23:19+00:00","description":"Parkende Kraftfahrzeuge schr\u00e4nken die Breite von Gehwegen ein, die Fu\u00dfg\u00e4nger*innen zur Verf\u00fcgung steht.","breadcrumb":{"@id":"https:\/\/www.fuss-ev.de\/hamburg\/so-viel-parkendes-blech-der-kampf-um-den-strassenraum\/#breadcrumb"},"inLanguage":"de","potentialAction":[{"@type":"ReadAction","target":["https:\/\/www.fuss-ev.de\/hamburg\/so-viel-parkendes-blech-der-kampf-um-den-strassenraum\/"]}]},{"@type":"BreadcrumbList","@id":"https:\/\/www.fuss-ev.de\/hamburg\/so-viel-parkendes-blech-der-kampf-um-den-strassenraum\/#breadcrumb","itemListElement":[{"@type":"ListItem","position":1,"name":"Startseite","item":"https:\/\/www.fuss-ev.de\/hamburg\/"},{"@type":"ListItem","position":2,"name":"FUSS > Hamburg > Parken > Gehweg"}]},{"@type":"WebSite","@id":"https:\/\/www.fuss-ev.de\/hamburg\/#website","url":"https:\/\/www.fuss-ev.de\/hamburg\/","name":"Hamburg - FUSS e.V.","description":"Was uns in Hamburg bewegt","publisher":{"@id":"https:\/\/www.fuss-ev.de\/hamburg\/#organization"},"potentialAction":[{"@type":"SearchAction","target":{"@type":"EntryPoint","urlTemplate":"https:\/\/www.fuss-ev.de\/hamburg\/?s={search_term_string}"},"query-input":{"@type":"PropertyValueSpecification","valueRequired":true,"valueName":"search_term_string"}}],"inLanguage":"de"},{"@type":"Organization","@id":"https:\/\/www.fuss-ev.de\/hamburg\/#organization","name":"Hamburg - FUSS e.V.","url":"https:\/\/www.fuss-ev.de\/hamburg\/","logo":{"@type":"ImageObject","inLanguage":"de","@id":"https:\/\/www.fuss-ev.de\/hamburg\/#\/schema\/logo\/image\/","url":"https:\/\/www.fuss-ev.de\/hamburg\/wp-content\/uploads\/sites\/11\/2025\/01\/FUSS_Logo.jpg","contentUrl":"https:\/\/www.fuss-ev.de\/hamburg\/wp-content\/uploads\/sites\/11\/2025\/01\/FUSS_Logo.jpg","width":2082,"height":979,"caption":"Hamburg - FUSS e.V."},"image":{"@id":"https:\/\/www.fuss-ev.de\/hamburg\/#\/schema\/logo\/image\/"}}]}},"publishpress_future_action":{"enabled":false,"date":"2026-04-30 11:15:25","action":"change-status","newStatus":"draft","terms":[],"taxonomy":"","extraData":[]},"publishpress_future_workflow_manual_trigger":{"enabledWorkflows":[]},"_links":{"self":[{"href":"https:\/\/www.fuss-ev.de\/hamburg\/wp-json\/wp\/v2\/pages\/4736","targetHints":{"allow":["GET"]}}],"collection":[{"href":"https:\/\/www.fuss-ev.de\/hamburg\/wp-json\/wp\/v2\/pages"}],"about":[{"href":"https:\/\/www.fuss-ev.de\/hamburg\/wp-json\/wp\/v2\/types\/page"}],"author":[{"embeddable":true,"href":"https:\/\/www.fuss-ev.de\/hamburg\/wp-json\/wp\/v2\/users\/34"}],"replies":[{"embeddable":true,"href":"https:\/\/www.fuss-ev.de\/hamburg\/wp-json\/wp\/v2\/comments?post=4736"}],"version-history":[{"count":72,"href":"https:\/\/www.fuss-ev.de\/hamburg\/wp-json\/wp\/v2\/pages\/4736\/revisions"}],"predecessor-version":[{"id":5733,"href":"https:\/\/www.fuss-ev.de\/hamburg\/wp-json\/wp\/v2\/pages\/4736\/revisions\/5733"}],"wp:attachment":[{"href":"https:\/\/www.fuss-ev.de\/hamburg\/wp-json\/wp\/v2\/media?parent=4736"}],"curies":[{"name":"wp","href":"https:\/\/api.w.org\/{rel}","templated":true}]}}