{"id":4687,"date":"2025-04-23T16:33:45","date_gmt":"2025-04-23T14:33:45","guid":{"rendered":"https:\/\/www.fuss-ev.de\/hamburg\/?page_id=4687"},"modified":"2026-04-05T15:23:44","modified_gmt":"2026-04-05T13:23:44","slug":"trashed-4","status":"publish","type":"page","link":"https:\/\/www.fuss-ev.de\/hamburg\/","title":{"rendered":"Fuss e.V. &#8211; Allgemeine Infos"},"content":{"rendered":"<div class=\"wpb-content-wrapper\"><p>[vc_row full_width=&#8221;stretch_row&#8221; css=&#8221;.vc_custom_1759904283233{margin-top: 0px !important;}&#8221;][vc_column css=&#8221;.vc_custom_1764093501085{margin-bottom: 0px !important;}&#8221;][vc_column_text css=&#8221;&#8221;]<\/p>\n<h2 style=\"text-align: center\"><span style=\"font-size: 24pt\">FUSS e.V. ist die Stimme f\u00fcr besseren Fu\u00dfverkehr in Deutschland<\/span><\/h2>\n<h2 style=\"text-align: center\"><span style=\"font-family: arial, helvetica, sans-serif;font-size: 24pt\"><strong>Wir engagieren uns in Hamburg<\/strong><\/span><\/h2>\n<p>[\/vc_column_text][vc_single_image image=&#8221;6274&#8243; img_size=&#8221;&#8221; alignment=&#8221;center&#8221; css=&#8221;&#8221;][vc_row_inner equal_height=&#8221;yes&#8221; css=&#8221;.vc_custom_1764093447828{margin-bottom: 0px !important;background-position: center !important;background-repeat: no-repeat !important;background-size: contain !important;}&#8221;][vc_column_inner width=&#8221;1\/3&#8243; css=&#8221;.vc_custom_1764093465238{margin-bottom: 0px !important;background-position: center !important;background-repeat: no-repeat !important;background-size: contain !important;}&#8221;]<div class=\"article-card\">\r\n      <div class=\"article-inner-card\">\r\n        <div class=\"article-card-img\">\r\n          <div class=\"single-image-holder\"><\/div>\r\n        <\/div>\r\n        <div class=\"article-slider-text\"><span>Aktuelles<\/span><h3>Hamburger Fu\u00dfverkehrsstrategie<\/h3>\r\n          <p>das Endergebnis nach der zeitintensiven Erarbeitung vieler finden wir entt\u00e4uschend<\/p>\r\n          <a href=\"https:\/\/www.fuss-ev.de\/hamburg\/fuss-e-v-hamburg-was-wir-wollen\/fussverkehrsstrategie-fuer-hamburg-auch-das-bewegt-uns\/\" title=\"mobilogisch.de\" target=\"_blank\">Mehr...<\/a>\r\n        <\/div>\r\n      <\/div>\r\n    <\/div>[\/vc_column_inner][vc_column_inner width=&#8221;1\/3&#8243; css=&#8221;.vc_custom_1760076602667{background-position: center !important;background-repeat: no-repeat !important;background-size: contain !important;}&#8221;]<div class=\"article-card\">\r\n      <div class=\"article-inner-card\">\r\n        <div class=\"article-card-img\">\r\n          <div class=\"single-image-holder\"><\/div>\r\n        <\/div>\r\n        <div class=\"article-slider-text\"><span>Aktuelles<\/span><h3>Zebrastreifen auf Radwegen<\/h3>\r\n          <p>Endlich ist der Versuch gestartet, Zebrastreifen auf Radwegen einzurichten.<\/p>\r\n          <a href=\"https:\/\/www.fuss-ev.de\/hamburg\/konflikte-bei-radwegen-auf-gehwegen\/\" title=\"Newsletter FUSS e.V\" target=\"_blank\">Mehr...<\/a>\r\n        <\/div>\r\n      <\/div>\r\n    <\/div>[\/vc_column_inner][vc_column_inner width=&#8221;1\/3&#8243; css=&#8221;.vc_custom_1760017956127{background-position: center !important;background-repeat: no-repeat !important;background-size: contain !important;}&#8221;]<div class=\"article-card\">\r\n      <div class=\"article-inner-card\">\r\n        <div class=\"article-card-img\">\r\n          <div class=\"single-image-holder\"><\/div>\r\n        <\/div>\r\n        <div class=\"article-slider-text\"><span>Aktuelles<\/span><h3>Sichere Schulwege<\/h3>\r\n          <p>aktuell f\u00fcr 2025: 130 Schulwegunf\u00e4lle &#8211; das sind 40 % mehr als im Vorjahr<\/p>\r\n          <a href=\"https:\/\/www.fuss-ev.de\/hamburg\/sichere-schulwege\/\" title=\"\" target=\"_blank\">Mehr...<\/a>\r\n        <\/div>\r\n      <\/div>\r\n    <\/div>[\/vc_column_inner][\/vc_row_inner][vc_column_text css=&#8221;&#8221;]<span style=\"font-family: arial, helvetica, sans-serif;font-size: 18pt\">FUSS e.V. Hamburg ist eine Ortsgruppe des bundesweit aktiven Fachverbandes Fu\u00dfverkehr. Wir wollen erreichen, dass das Zufu\u00dfgehen in Hamburg angenehmer, ges\u00fcnder und sicherer wird.<\/span><\/p>\n<p><span style=\"font-family: arial, helvetica, sans-serif;font-size: 18pt\">Kaputte oder schlecht beleuchtete Gehwege, angeordnetes oder wildes Gehwegparken, fehlende Zebrastreifen, Konflikte mit dem Radverkehr, immer mehr E-Roller, F\u00f6rderung des Radverkehrs zulasten der Fu\u00dfgehenden, gef\u00e4hrliche Querungen, fehlende Ahndung von Ordnungswidrigkeiten \u2013 wir haben viel zu bem\u00e4ngeln. Daher stehen wir in regelm\u00e4\u00dfigem Schriftverkehr und manchmal pers\u00f6nlichem Austausch mit dem Senator f\u00fcr Inneres, dem Senator f\u00fcr Verkehr und Mobilit\u00e4tswende und anderen Verantwortlichen. Ist uns die Antwort zu nichtssagend, haken wir nach.<\/span><\/p>\n<p><span style=\"font-family: arial, helvetica, sans-serif;font-size: 18pt\">Aber wir sind auch konstruktiv: Wir haben erreicht, dass alle Bezirks\u00e4mter und der Landesbetrieb Stra\u00dfen Br\u00fccken und Gew\u00e4sser (LSBG) uns ihre Planungen f\u00fcr Stra\u00dfeninstandsetzungen, Velorouten und vorhabenbezogene Stra\u00dfen\u00fcberplanungen schicken. Die schauen wir uns genau an und schreiben detaillierte Stellungnahmen.<\/span><\/p>\n<p><span style=\"font-family: arial, helvetica, sans-serif;font-size: 18pt\">Anliegen von B\u00fcrgerinnen und B\u00fcrgern versuchen wir, an die richtige Stelle weiterzuleiten. Wenn es uns sinnvoll erscheint, arbeiten wir in verschiedenen B\u00fcndnissen, Foren und Arbeitsgruppen mit. Wir machen Infost\u00e4nde bei Veranstaltungen und beteiligen uns mit Aktionen am Zu-Fu\u00df-zur-Schule-Tag und am Parking Day.<\/span>[\/vc_column_text][vc_single_image image=&#8221;6230&#8243; img_size=&#8221;600&#215;400&#8243; add_caption=&#8221;yes&#8221; alignment=&#8221;center&#8221; css=&#8221;&#8221;][vc_row_inner][vc_column_inner css=&#8221;.vc_custom_1764229916420{margin-top: 0px !important;margin-bottom: 0px !important;}&#8221;][vc_column_text css=&#8221;&#8221;]<span style=\"font-family: arial, helvetica, sans-serif;font-size: 18pt\">Die FUSS-Gruppe in Hamburg trifft sich an jedem dritten Mittwoch im Monat und freut sich immer \u00fcber Verst\u00e4rkung.<\/span><br \/>\n<span style=\"font-family: arial, helvetica, sans-serif;font-size: 18pt\">Drei- bis viermal j\u00e4hrlich gibt es einen Infobrief, den Sie gern abonnieren k\u00f6nnen.<\/span><br \/>\n<span style=\"font-family: arial, helvetica, sans-serif;font-size: 18pt\">Es gibt viele M\u00f6glichkeiten, aktiv zu werden. Treten Sie einfach mit uns in Kontakt:<\/span><\/p>\n<p><span style=\"font-family: arial, helvetica, sans-serif;font-size: 18pt\">Sonja Tesch<\/span><br \/>\n<span style=\"font-family: arial, helvetica, sans-serif;font-size: 18pt\">Tel. 040\/ 432 80 837<\/span><br \/>\n<span style=\"font-family: arial, helvetica, sans-serif;font-size: 18pt\"><a href=\"mailto:sonja.tesch@fuss-ev.de\">sonja.tesch@fuss-ev.de<\/a><\/span><\/p>\n<p><span style=\"font-family: arial, helvetica, sans-serif;font-size: 18pt\">Sie m\u00f6chten uns etwas mitteilen, das von bundesweitem Interesse ist? Dann nehmen Sie bitte Kontakt mit der Bundesgesch\u00e4ftsstelle <a href=\"http:\/\/www.fuss-ev.de\/kontakt\">FUSS e.V.<\/a> auf. Hier k\u00f6nnen Sie auch Mitglied bei FUSS e.V. werden.<\/span>[\/vc_column_text][\/vc_column_inner][\/vc_row_inner][\/vc_column][\/vc_row]<\/p>\n<\/div>","protected":false},"excerpt":{"rendered":"<p>[vc_row full_width=&#8221;stretch_row&#8221; css=&#8221;.vc_custom_1759904283233{margin-top: 0px !important;}&#8221;][vc_column css=&#8221;.vc_custom_1764093501085{margin-bottom: 0px !important;}&#8221;][vc_column_text css=&#8221;&#8221;] FUSS e.V. ist die Stimme f\u00fcr besseren Fu\u00dfverkehr in Deutschland Wir engagieren uns in Hamburg [\/vc_column_text][vc_single_image image=&#8221;6274&#8243; img_size=&#8221;&#8221; alignment=&#8221;center&#8221; css=&#8221;&#8221;][vc_row_inner equal_height=&#8221;yes&#8221; css=&#8221;.vc_custom_1764093447828{margin-bottom: 0px !important;background-position: center !important;background-repeat: [&hellip;]<\/p>\n","protected":false},"author":33,"featured_media":62,"parent":0,"menu_order":0,"comment_status":"closed","ping_status":"closed","template":"","meta":{"_acf_changed":false,"_relevanssi_hide_post":"","_relevanssi_hide_content":"","_relevanssi_pin_for_all":"","_relevanssi_pin_keywords":"","_relevanssi_unpin_keywords":"","_relevanssi_related_keywords":"","_relevanssi_related_include_ids":"","_relevanssi_related_exclude_ids":"","_relevanssi_related_no_append":"","_relevanssi_related_not_related":"","_relevanssi_related_posts":"","_relevanssi_noindex_reason":"","footnotes":""},"class_list":["post-4687","page","type-page","status-publish","has-post-thumbnail","hentry"],"acf":[],"yoast_head":"<!-- This site is optimized with the Yoast SEO plugin v27.4 - https:\/\/yoast.com\/product\/yoast-seo-wordpress\/ -->\n<title>Fuss e.V. - Allgemeine Infos - Hamburg - FUSS e.V.<\/title>\n<meta name=\"description\" content=\"Zu Fu\u00df gehen - eine gesunde und umweltfreundliche Mobilit\u00e4t! Unsere Forderungen f\u00fcr eine fu\u00dfgerechte Umgebung.\" \/>\n<meta name=\"robots\" content=\"index, follow, max-snippet:-1, max-image-preview:large, max-video-preview:-1\" \/>\n<link rel=\"canonical\" href=\"https:\/\/www.fuss-ev.de\/hamburg\/\" \/>\n<meta property=\"og:locale\" content=\"de_DE\" \/>\n<meta property=\"og:type\" content=\"article\" \/>\n<meta property=\"og:title\" content=\"Fuss e.V. - Allgemeine Infos - Hamburg - FUSS e.V.\" \/>\n<meta property=\"og:description\" content=\"Zu Fu\u00df gehen - eine gesunde und umweltfreundliche Mobilit\u00e4t! Unsere Forderungen f\u00fcr eine fu\u00dfgerechte Umgebung.\" \/>\n<meta property=\"og:url\" content=\"https:\/\/www.fuss-ev.de\/hamburg\/\" \/>\n<meta property=\"og:site_name\" content=\"Hamburg - FUSS e.V.\" \/>\n<meta property=\"article:modified_time\" content=\"2026-04-05T13:23:44+00:00\" \/>\n<meta property=\"og:image\" content=\"https:\/\/www.fuss-ev.de\/hamburg\/wp-content\/uploads\/sites\/11\/2025\/01\/Stadt-ueber-einen-Filter-sehen-Repraesentativbild-Quadratisch-FUSS-eV.jpg\" \/>\n\t<meta property=\"og:image:width\" content=\"800\" \/>\n\t<meta property=\"og:image:height\" content=\"600\" \/>\n\t<meta property=\"og:image:type\" content=\"image\/jpeg\" \/>\n<meta name=\"twitter:card\" content=\"summary_large_image\" \/>\n<meta name=\"twitter:label1\" content=\"Gesch\u00e4tzte Lesezeit\" \/>\n\t<meta name=\"twitter:data1\" content=\"3\u00a0Minuten\" \/>\n<script type=\"application\/ld+json\" class=\"yoast-schema-graph\">{\"@context\":\"https:\\\/\\\/schema.org\",\"@graph\":[{\"@type\":\"WebPage\",\"@id\":\"https:\\\/\\\/www.fuss-ev.de\\\/hamburg\\\/\",\"url\":\"https:\\\/\\\/www.fuss-ev.de\\\/hamburg\\\/\",\"name\":\"Fuss e.V. - Allgemeine Infos - Hamburg - FUSS e.V.\",\"isPartOf\":{\"@id\":\"https:\\\/\\\/www.fuss-ev.de\\\/hamburg\\\/#website\"},\"primaryImageOfPage\":{\"@id\":\"https:\\\/\\\/www.fuss-ev.de\\\/hamburg\\\/#primaryimage\"},\"image\":{\"@id\":\"https:\\\/\\\/www.fuss-ev.de\\\/hamburg\\\/#primaryimage\"},\"thumbnailUrl\":\"https:\\\/\\\/www.fuss-ev.de\\\/hamburg\\\/wp-content\\\/uploads\\\/sites\\\/11\\\/2025\\\/01\\\/Stadt-ueber-einen-Filter-sehen-Repraesentativbild-Quadratisch-FUSS-eV.jpg\",\"datePublished\":\"2025-04-23T14:33:45+00:00\",\"dateModified\":\"2026-04-05T13:23:44+00:00\",\"description\":\"Zu Fu\u00df gehen - eine gesunde und umweltfreundliche Mobilit\u00e4t! Unsere Forderungen f\u00fcr eine fu\u00dfgerechte Umgebung.\",\"breadcrumb\":{\"@id\":\"https:\\\/\\\/www.fuss-ev.de\\\/hamburg\\\/#breadcrumb\"},\"inLanguage\":\"de\",\"potentialAction\":[{\"@type\":\"ReadAction\",\"target\":[\"https:\\\/\\\/www.fuss-ev.de\\\/hamburg\\\/\"]}]},{\"@type\":\"ImageObject\",\"inLanguage\":\"de\",\"@id\":\"https:\\\/\\\/www.fuss-ev.de\\\/hamburg\\\/#primaryimage\",\"url\":\"https:\\\/\\\/www.fuss-ev.de\\\/hamburg\\\/wp-content\\\/uploads\\\/sites\\\/11\\\/2025\\\/01\\\/Stadt-ueber-einen-Filter-sehen-Repraesentativbild-Quadratisch-FUSS-eV.jpg\",\"contentUrl\":\"https:\\\/\\\/www.fuss-ev.de\\\/hamburg\\\/wp-content\\\/uploads\\\/sites\\\/11\\\/2025\\\/01\\\/Stadt-ueber-einen-Filter-sehen-Repraesentativbild-Quadratisch-FUSS-eV.jpg\",\"width\":800,\"height\":600},{\"@type\":\"BreadcrumbList\",\"@id\":\"https:\\\/\\\/www.fuss-ev.de\\\/hamburg\\\/#breadcrumb\",\"itemListElement\":[{\"@type\":\"ListItem\",\"position\":1,\"name\":\"Startseite\",\"item\":\"https:\\\/\\\/www.fuss-ev.de\\\/hamburg\\\/\"},{\"@type\":\"ListItem\",\"position\":2,\"name\":\"Fuss e.V. &#8211; Allgemeine Infos\"}]},{\"@type\":\"WebSite\",\"@id\":\"https:\\\/\\\/www.fuss-ev.de\\\/hamburg\\\/#website\",\"url\":\"https:\\\/\\\/www.fuss-ev.de\\\/hamburg\\\/\",\"name\":\"Hamburg - FUSS e.V.\",\"description\":\"Was uns in Hamburg bewegt\",\"publisher\":{\"@id\":\"https:\\\/\\\/www.fuss-ev.de\\\/hamburg\\\/#organization\"},\"potentialAction\":[{\"@type\":\"SearchAction\",\"target\":{\"@type\":\"EntryPoint\",\"urlTemplate\":\"https:\\\/\\\/www.fuss-ev.de\\\/hamburg\\\/?s={search_term_string}\"},\"query-input\":{\"@type\":\"PropertyValueSpecification\",\"valueRequired\":true,\"valueName\":\"search_term_string\"}}],\"inLanguage\":\"de\"},{\"@type\":\"Organization\",\"@id\":\"https:\\\/\\\/www.fuss-ev.de\\\/hamburg\\\/#organization\",\"name\":\"Hamburg - FUSS e.V.\",\"url\":\"https:\\\/\\\/www.fuss-ev.de\\\/hamburg\\\/\",\"logo\":{\"@type\":\"ImageObject\",\"inLanguage\":\"de\",\"@id\":\"https:\\\/\\\/www.fuss-ev.de\\\/hamburg\\\/#\\\/schema\\\/logo\\\/image\\\/\",\"url\":\"https:\\\/\\\/www.fuss-ev.de\\\/hamburg\\\/wp-content\\\/uploads\\\/sites\\\/11\\\/2025\\\/01\\\/FUSS_Logo.jpg\",\"contentUrl\":\"https:\\\/\\\/www.fuss-ev.de\\\/hamburg\\\/wp-content\\\/uploads\\\/sites\\\/11\\\/2025\\\/01\\\/FUSS_Logo.jpg\",\"width\":2082,\"height\":979,\"caption\":\"Hamburg - FUSS e.V.\"},\"image\":{\"@id\":\"https:\\\/\\\/www.fuss-ev.de\\\/hamburg\\\/#\\\/schema\\\/logo\\\/image\\\/\"}}]}<\/script>\n<!-- \/ Yoast SEO plugin. -->","yoast_head_json":{"title":"Fuss e.V. - Allgemeine Infos - Hamburg - FUSS e.V.","description":"Zu Fu\u00df gehen - eine gesunde und umweltfreundliche Mobilit\u00e4t! Unsere Forderungen f\u00fcr eine fu\u00dfgerechte Umgebung.","robots":{"index":"index","follow":"follow","max-snippet":"max-snippet:-1","max-image-preview":"max-image-preview:large","max-video-preview":"max-video-preview:-1"},"canonical":"https:\/\/www.fuss-ev.de\/hamburg\/","og_locale":"de_DE","og_type":"article","og_title":"Fuss e.V. - Allgemeine Infos - Hamburg - FUSS e.V.","og_description":"Zu Fu\u00df gehen - eine gesunde und umweltfreundliche Mobilit\u00e4t! Unsere Forderungen f\u00fcr eine fu\u00dfgerechte Umgebung.","og_url":"https:\/\/www.fuss-ev.de\/hamburg\/","og_site_name":"Hamburg - FUSS e.V.","article_modified_time":"2026-04-05T13:23:44+00:00","og_image":[{"width":800,"height":600,"url":"https:\/\/www.fuss-ev.de\/hamburg\/wp-content\/uploads\/sites\/11\/2025\/01\/Stadt-ueber-einen-Filter-sehen-Repraesentativbild-Quadratisch-FUSS-eV.jpg","type":"image\/jpeg"}],"twitter_card":"summary_large_image","twitter_misc":{"Gesch\u00e4tzte Lesezeit":"3\u00a0Minuten"},"schema":{"@context":"https:\/\/schema.org","@graph":[{"@type":"WebPage","@id":"https:\/\/www.fuss-ev.de\/hamburg\/","url":"https:\/\/www.fuss-ev.de\/hamburg\/","name":"Fuss e.V. - Allgemeine Infos - Hamburg - FUSS e.V.","isPartOf":{"@id":"https:\/\/www.fuss-ev.de\/hamburg\/#website"},"primaryImageOfPage":{"@id":"https:\/\/www.fuss-ev.de\/hamburg\/#primaryimage"},"image":{"@id":"https:\/\/www.fuss-ev.de\/hamburg\/#primaryimage"},"thumbnailUrl":"https:\/\/www.fuss-ev.de\/hamburg\/wp-content\/uploads\/sites\/11\/2025\/01\/Stadt-ueber-einen-Filter-sehen-Repraesentativbild-Quadratisch-FUSS-eV.jpg","datePublished":"2025-04-23T14:33:45+00:00","dateModified":"2026-04-05T13:23:44+00:00","description":"Zu Fu\u00df gehen - eine gesunde und umweltfreundliche Mobilit\u00e4t! Unsere Forderungen f\u00fcr eine fu\u00dfgerechte Umgebung.","breadcrumb":{"@id":"https:\/\/www.fuss-ev.de\/hamburg\/#breadcrumb"},"inLanguage":"de","potentialAction":[{"@type":"ReadAction","target":["https:\/\/www.fuss-ev.de\/hamburg\/"]}]},{"@type":"ImageObject","inLanguage":"de","@id":"https:\/\/www.fuss-ev.de\/hamburg\/#primaryimage","url":"https:\/\/www.fuss-ev.de\/hamburg\/wp-content\/uploads\/sites\/11\/2025\/01\/Stadt-ueber-einen-Filter-sehen-Repraesentativbild-Quadratisch-FUSS-eV.jpg","contentUrl":"https:\/\/www.fuss-ev.de\/hamburg\/wp-content\/uploads\/sites\/11\/2025\/01\/Stadt-ueber-einen-Filter-sehen-Repraesentativbild-Quadratisch-FUSS-eV.jpg","width":800,"height":600},{"@type":"BreadcrumbList","@id":"https:\/\/www.fuss-ev.de\/hamburg\/#breadcrumb","itemListElement":[{"@type":"ListItem","position":1,"name":"Startseite","item":"https:\/\/www.fuss-ev.de\/hamburg\/"},{"@type":"ListItem","position":2,"name":"Fuss e.V. &#8211; Allgemeine Infos"}]},{"@type":"WebSite","@id":"https:\/\/www.fuss-ev.de\/hamburg\/#website","url":"https:\/\/www.fuss-ev.de\/hamburg\/","name":"Hamburg - FUSS e.V.","description":"Was uns in Hamburg bewegt","publisher":{"@id":"https:\/\/www.fuss-ev.de\/hamburg\/#organization"},"potentialAction":[{"@type":"SearchAction","target":{"@type":"EntryPoint","urlTemplate":"https:\/\/www.fuss-ev.de\/hamburg\/?s={search_term_string}"},"query-input":{"@type":"PropertyValueSpecification","valueRequired":true,"valueName":"search_term_string"}}],"inLanguage":"de"},{"@type":"Organization","@id":"https:\/\/www.fuss-ev.de\/hamburg\/#organization","name":"Hamburg - FUSS e.V.","url":"https:\/\/www.fuss-ev.de\/hamburg\/","logo":{"@type":"ImageObject","inLanguage":"de","@id":"https:\/\/www.fuss-ev.de\/hamburg\/#\/schema\/logo\/image\/","url":"https:\/\/www.fuss-ev.de\/hamburg\/wp-content\/uploads\/sites\/11\/2025\/01\/FUSS_Logo.jpg","contentUrl":"https:\/\/www.fuss-ev.de\/hamburg\/wp-content\/uploads\/sites\/11\/2025\/01\/FUSS_Logo.jpg","width":2082,"height":979,"caption":"Hamburg - FUSS e.V."},"image":{"@id":"https:\/\/www.fuss-ev.de\/hamburg\/#\/schema\/logo\/image\/"}}]}},"publishpress_future_action":{"enabled":false,"date":"2026-05-09 13:36:20","action":"change-status","newStatus":"draft","terms":[],"taxonomy":"","extraData":[]},"publishpress_future_workflow_manual_trigger":{"enabledWorkflows":[]},"_links":{"self":[{"href":"https:\/\/www.fuss-ev.de\/hamburg\/wp-json\/wp\/v2\/pages\/4687","targetHints":{"allow":["GET"]}}],"collection":[{"href":"https:\/\/www.fuss-ev.de\/hamburg\/wp-json\/wp\/v2\/pages"}],"about":[{"href":"https:\/\/www.fuss-ev.de\/hamburg\/wp-json\/wp\/v2\/types\/page"}],"author":[{"embeddable":true,"href":"https:\/\/www.fuss-ev.de\/hamburg\/wp-json\/wp\/v2\/users\/33"}],"replies":[{"embeddable":true,"href":"https:\/\/www.fuss-ev.de\/hamburg\/wp-json\/wp\/v2\/comments?post=4687"}],"version-history":[{"count":147,"href":"https:\/\/www.fuss-ev.de\/hamburg\/wp-json\/wp\/v2\/pages\/4687\/revisions"}],"predecessor-version":[{"id":6338,"href":"https:\/\/www.fuss-ev.de\/hamburg\/wp-json\/wp\/v2\/pages\/4687\/revisions\/6338"}],"wp:featuredmedia":[{"embeddable":true,"href":"https:\/\/www.fuss-ev.de\/hamburg\/wp-json\/wp\/v2\/media\/62"}],"wp:attachment":[{"href":"https:\/\/www.fuss-ev.de\/hamburg\/wp-json\/wp\/v2\/media?parent=4687"}],"curies":[{"name":"wp","href":"https:\/\/api.w.org\/{rel}","templated":true}]}}