{"id":4788,"date":"2025-10-03T12:42:46","date_gmt":"2025-10-03T10:42:46","guid":{"rendered":"https:\/\/www.fuss-ev.de\/flensburg\/?page_id=4788"},"modified":"2025-10-03T12:42:46","modified_gmt":"2025-10-03T10:42:46","slug":"spaziergaenge-2025","status":"publish","type":"page","link":"https:\/\/www.fuss-ev.de\/flensburg\/spaziergaenge-2025\/","title":{"rendered":"Spazierg\u00e4nge 2025"},"content":{"rendered":"<div class=\"wpb-content-wrapper\"><p>[vc_row][vc_column][vc_column_text css=&#8221;&#8221;]29.September 2025 &#8211; 17 000 Schritte an einem wundersch\u00f6nen Herbsttag. Vom Treffpunkt 15.00 Hafenspizte fuhren wir mit 12 Personen mit dem Bus bis zum Jordberg\/Engelsby-Dorf und gingen von hier aus durch das Osbektal\u00a0 \u00fcber die Kolonie Osbek zum Weg entlang des Marinegel\u00e4ndes hinunter zum Yachthafen Sonwik und nach einer ausgiebigen Pause zur\u00fcck zur Hafenspitze &#8211; dieser Spaziergang konnte in Etappen gegangen werden oder h\u00e4tte am Schluss\u00a0 mit dem Bus gefahren werden k\u00f6nnen &#8211; zum Schluss gingen alle mit und der Schrittz\u00e4hler zeigte 17.000 Schritte- das haben wir gut geschafft!<\/p>\n<p>[\/vc_column_text][\/vc_column][\/vc_row]<\/p>\n<\/div>","protected":false},"excerpt":{"rendered":"<p>[vc_row][vc_column][vc_column_text css=&#8221;&#8221;]29.September 2025 &#8211; 17 000 Schritte an einem wundersch\u00f6nen Herbsttag. Vom Treffpunkt 15.00 Hafenspizte fuhren wir mit 12 Personen mit dem Bus bis zum Jordberg\/Engelsby-Dorf und gingen von hier aus durch das Osbektal\u00a0 \u00fcber [&hellip;]<\/p>\n","protected":false},"author":48,"featured_media":0,"parent":0,"menu_order":0,"comment_status":"closed","ping_status":"closed","template":"","meta":{"_acf_changed":false,"_relevanssi_hide_post":"","_relevanssi_hide_content":"","_relevanssi_pin_for_all":"","_relevanssi_pin_keywords":"","_relevanssi_unpin_keywords":"","_relevanssi_related_keywords":"","_relevanssi_related_include_ids":"","_relevanssi_related_exclude_ids":"","_relevanssi_related_no_append":"","_relevanssi_related_not_related":"","_relevanssi_related_posts":"","_relevanssi_noindex_reason":"","inline_featured_image":false,"footnotes":""},"class_list":["post-4788","page","type-page","status-publish","hentry"],"acf":[],"yoast_head":"<!-- This site is optimized with the Yoast SEO plugin v27.2 - https:\/\/yoast.com\/product\/yoast-seo-wordpress\/ -->\n<title>Spazierg\u00e4nge 2025 - Flensburg - FUSS e.V.<\/title>\n<meta name=\"robots\" content=\"noindex, follow, max-snippet:-1, max-image-preview:large, max-video-preview:-1\" \/>\n<meta property=\"og:locale\" content=\"de_DE\" \/>\n<meta property=\"og:type\" content=\"article\" \/>\n<meta property=\"og:title\" content=\"Spazierg\u00e4nge 2025 - Flensburg - FUSS e.V.\" \/>\n<meta property=\"og:description\" content=\"[vc_row][vc_column][vc_column_text css=&#8221;&#8221;]29.September 2025 &#8211; 17 000 Schritte an einem wundersch\u00f6nen Herbsttag. Vom Treffpunkt 15.00 Hafenspizte fuhren wir mit 12 Personen mit dem Bus bis zum Jordberg\/Engelsby-Dorf und gingen von hier aus durch das Osbektal\u00a0 \u00fcber [&hellip;]\" \/>\n<meta property=\"og:url\" content=\"https:\/\/www.fuss-ev.de\/flensburg\/spaziergaenge-2025\/\" \/>\n<meta property=\"og:site_name\" content=\"Flensburg - FUSS e.V.\" \/>\n<meta name=\"twitter:card\" content=\"summary_large_image\" \/>\n<meta name=\"twitter:label1\" content=\"Gesch\u00e4tzte Lesezeit\" \/>\n\t<meta name=\"twitter:data1\" content=\"1\u00a0Minute\" \/>\n<script type=\"application\/ld+json\" class=\"yoast-schema-graph\">{\"@context\":\"https:\/\/schema.org\",\"@graph\":[{\"@type\":\"WebPage\",\"@id\":\"https:\/\/www.fuss-ev.de\/flensburg\/spaziergaenge-2025\/\",\"url\":\"https:\/\/www.fuss-ev.de\/flensburg\/spaziergaenge-2025\/\",\"name\":\"Spazierg\u00e4nge 2025 - Flensburg - FUSS e.V.\",\"isPartOf\":{\"@id\":\"https:\/\/www.fuss-ev.de\/flensburg\/#website\"},\"datePublished\":\"2025-10-03T10:42:46+00:00\",\"breadcrumb\":{\"@id\":\"https:\/\/www.fuss-ev.de\/flensburg\/spaziergaenge-2025\/#breadcrumb\"},\"inLanguage\":\"de\",\"potentialAction\":[{\"@type\":\"ReadAction\",\"target\":[\"https:\/\/www.fuss-ev.de\/flensburg\/spaziergaenge-2025\/\"]}]},{\"@type\":\"BreadcrumbList\",\"@id\":\"https:\/\/www.fuss-ev.de\/flensburg\/spaziergaenge-2025\/#breadcrumb\",\"itemListElement\":[{\"@type\":\"ListItem\",\"position\":1,\"name\":\"Startseite\",\"item\":\"https:\/\/www.fuss-ev.de\/flensburg\/\"},{\"@type\":\"ListItem\",\"position\":2,\"name\":\"Spazierg\u00e4nge 2025\"}]},{\"@type\":\"WebSite\",\"@id\":\"https:\/\/www.fuss-ev.de\/flensburg\/#website\",\"url\":\"https:\/\/www.fuss-ev.de\/flensburg\/\",\"name\":\"Flensburg - FUSS e.V.\",\"description\":\"\",\"publisher\":{\"@id\":\"https:\/\/www.fuss-ev.de\/flensburg\/#organization\"},\"potentialAction\":[{\"@type\":\"SearchAction\",\"target\":{\"@type\":\"EntryPoint\",\"urlTemplate\":\"https:\/\/www.fuss-ev.de\/flensburg\/?s={search_term_string}\"},\"query-input\":{\"@type\":\"PropertyValueSpecification\",\"valueRequired\":true,\"valueName\":\"search_term_string\"}}],\"inLanguage\":\"de\"},{\"@type\":\"Organization\",\"@id\":\"https:\/\/www.fuss-ev.de\/flensburg\/#organization\",\"name\":\"Flensburg - FUSS e.V.\",\"url\":\"https:\/\/www.fuss-ev.de\/flensburg\/\",\"logo\":{\"@type\":\"ImageObject\",\"inLanguage\":\"de\",\"@id\":\"https:\/\/www.fuss-ev.de\/flensburg\/#\/schema\/logo\/image\/\",\"url\":\"https:\/\/www.fuss-ev.de\/flensburg\/wp-content\/uploads\/sites\/8\/2025\/01\/FUSS_Logo.jpg\",\"contentUrl\":\"https:\/\/www.fuss-ev.de\/flensburg\/wp-content\/uploads\/sites\/8\/2025\/01\/FUSS_Logo.jpg\",\"width\":2082,\"height\":979,\"caption\":\"Flensburg - FUSS e.V.\"},\"image\":{\"@id\":\"https:\/\/www.fuss-ev.de\/flensburg\/#\/schema\/logo\/image\/\"}}]}<\/script>\n<!-- \/ Yoast SEO plugin. -->","yoast_head_json":{"title":"Spazierg\u00e4nge 2025 - Flensburg - FUSS e.V.","robots":{"index":"noindex","follow":"follow","max-snippet":"max-snippet:-1","max-image-preview":"max-image-preview:large","max-video-preview":"max-video-preview:-1"},"og_locale":"de_DE","og_type":"article","og_title":"Spazierg\u00e4nge 2025 - Flensburg - FUSS e.V.","og_description":"[vc_row][vc_column][vc_column_text css=&#8221;&#8221;]29.September 2025 &#8211; 17 000 Schritte an einem wundersch\u00f6nen Herbsttag. Vom Treffpunkt 15.00 Hafenspizte fuhren wir mit 12 Personen mit dem Bus bis zum Jordberg\/Engelsby-Dorf und gingen von hier aus durch das Osbektal\u00a0 \u00fcber [&hellip;]","og_url":"https:\/\/www.fuss-ev.de\/flensburg\/spaziergaenge-2025\/","og_site_name":"Flensburg - FUSS e.V.","twitter_card":"summary_large_image","twitter_misc":{"Gesch\u00e4tzte Lesezeit":"1\u00a0Minute"},"schema":{"@context":"https:\/\/schema.org","@graph":[{"@type":"WebPage","@id":"https:\/\/www.fuss-ev.de\/flensburg\/spaziergaenge-2025\/","url":"https:\/\/www.fuss-ev.de\/flensburg\/spaziergaenge-2025\/","name":"Spazierg\u00e4nge 2025 - Flensburg - FUSS e.V.","isPartOf":{"@id":"https:\/\/www.fuss-ev.de\/flensburg\/#website"},"datePublished":"2025-10-03T10:42:46+00:00","breadcrumb":{"@id":"https:\/\/www.fuss-ev.de\/flensburg\/spaziergaenge-2025\/#breadcrumb"},"inLanguage":"de","potentialAction":[{"@type":"ReadAction","target":["https:\/\/www.fuss-ev.de\/flensburg\/spaziergaenge-2025\/"]}]},{"@type":"BreadcrumbList","@id":"https:\/\/www.fuss-ev.de\/flensburg\/spaziergaenge-2025\/#breadcrumb","itemListElement":[{"@type":"ListItem","position":1,"name":"Startseite","item":"https:\/\/www.fuss-ev.de\/flensburg\/"},{"@type":"ListItem","position":2,"name":"Spazierg\u00e4nge 2025"}]},{"@type":"WebSite","@id":"https:\/\/www.fuss-ev.de\/flensburg\/#website","url":"https:\/\/www.fuss-ev.de\/flensburg\/","name":"Flensburg - FUSS e.V.","description":"","publisher":{"@id":"https:\/\/www.fuss-ev.de\/flensburg\/#organization"},"potentialAction":[{"@type":"SearchAction","target":{"@type":"EntryPoint","urlTemplate":"https:\/\/www.fuss-ev.de\/flensburg\/?s={search_term_string}"},"query-input":{"@type":"PropertyValueSpecification","valueRequired":true,"valueName":"search_term_string"}}],"inLanguage":"de"},{"@type":"Organization","@id":"https:\/\/www.fuss-ev.de\/flensburg\/#organization","name":"Flensburg - FUSS e.V.","url":"https:\/\/www.fuss-ev.de\/flensburg\/","logo":{"@type":"ImageObject","inLanguage":"de","@id":"https:\/\/www.fuss-ev.de\/flensburg\/#\/schema\/logo\/image\/","url":"https:\/\/www.fuss-ev.de\/flensburg\/wp-content\/uploads\/sites\/8\/2025\/01\/FUSS_Logo.jpg","contentUrl":"https:\/\/www.fuss-ev.de\/flensburg\/wp-content\/uploads\/sites\/8\/2025\/01\/FUSS_Logo.jpg","width":2082,"height":979,"caption":"Flensburg - FUSS e.V."},"image":{"@id":"https:\/\/www.fuss-ev.de\/flensburg\/#\/schema\/logo\/image\/"}}]}},"publishpress_future_action":{"enabled":false,"date":"2026-04-17 01:15:13","action":"change-status","newStatus":"draft","terms":[],"taxonomy":"","extraData":[]},"publishpress_future_workflow_manual_trigger":{"enabledWorkflows":[]},"_links":{"self":[{"href":"https:\/\/www.fuss-ev.de\/flensburg\/wp-json\/wp\/v2\/pages\/4788","targetHints":{"allow":["GET"]}}],"collection":[{"href":"https:\/\/www.fuss-ev.de\/flensburg\/wp-json\/wp\/v2\/pages"}],"about":[{"href":"https:\/\/www.fuss-ev.de\/flensburg\/wp-json\/wp\/v2\/types\/page"}],"author":[{"embeddable":true,"href":"https:\/\/www.fuss-ev.de\/flensburg\/wp-json\/wp\/v2\/users\/48"}],"replies":[{"embeddable":true,"href":"https:\/\/www.fuss-ev.de\/flensburg\/wp-json\/wp\/v2\/comments?post=4788"}],"version-history":[{"count":1,"href":"https:\/\/www.fuss-ev.de\/flensburg\/wp-json\/wp\/v2\/pages\/4788\/revisions"}],"predecessor-version":[{"id":4790,"href":"https:\/\/www.fuss-ev.de\/flensburg\/wp-json\/wp\/v2\/pages\/4788\/revisions\/4790"}],"wp:attachment":[{"href":"https:\/\/www.fuss-ev.de\/flensburg\/wp-json\/wp\/v2\/media?parent=4788"}],"curies":[{"name":"wp","href":"https:\/\/api.w.org\/{rel}","templated":true}]}}