{"id":82,"date":"2025-01-29T11:31:03","date_gmt":"2025-01-29T10:31:03","guid":{"rendered":"https:\/\/www.fuss-ev.de\/bremerhaven\/?page_id=82"},"modified":"2025-10-19T11:43:17","modified_gmt":"2025-10-19T09:43:17","slug":"kontakt","status":"publish","type":"page","link":"https:\/\/www.fuss-ev.de\/bremerhaven\/kontakt\/","title":{"rendered":"Kontakt"},"content":{"rendered":"<h1>Kontakt zu FUSS e.V. Bremerhaven<\/h1>\n<p>Hier k\u00f6nnen Sie schnell und unkompliziert Ihre Anfrage an uns stellen. Bitte f\u00fcllen Sie daf\u00fcr die nachfolgenden Felder aus und klicken anschlie\u00dfend auf &#8220;Absenden&#8221;.<\/p>\n","protected":false},"excerpt":{"rendered":"<p>Kontakt zu FUSS e.V. Bremerhaven Hier k\u00f6nnen Sie schnell und unkompliziert Ihre Anfrage an uns stellen. Bitte f\u00fcllen Sie daf\u00fcr die nachfolgenden Felder aus und klicken anschlie\u00dfend auf &#8220;Absenden&#8221;.<\/p>\n","protected":false},"author":1,"featured_media":0,"parent":0,"menu_order":2,"comment_status":"closed","ping_status":"closed","template":"","meta":{"_acf_changed":false,"_relevanssi_hide_post":"","_relevanssi_hide_content":"","_relevanssi_pin_for_all":"","_relevanssi_pin_keywords":"","_relevanssi_unpin_keywords":"","_relevanssi_related_keywords":"","_relevanssi_related_include_ids":"","_relevanssi_related_exclude_ids":"","_relevanssi_related_no_append":"","_relevanssi_related_not_related":"","_relevanssi_related_posts":"","_relevanssi_noindex_reason":"","inline_featured_image":false,"footnotes":""},"class_list":["post-82","page","type-page","status-publish","hentry"],"acf":[],"yoast_head":"<!-- This site is optimized with the Yoast SEO plugin v27.4 - https:\/\/yoast.com\/product\/yoast-seo-wordpress\/ -->\n<title>Kontakt - FUSS e.V. Bremerhaven<\/title>\n<meta name=\"robots\" content=\"noindex, follow, max-snippet:-1, max-image-preview:large, max-video-preview:-1\" \/>\n<meta property=\"og:locale\" content=\"de_DE\" \/>\n<meta property=\"og:type\" content=\"article\" \/>\n<meta property=\"og:title\" content=\"Kontakt - FUSS e.V. Bremerhaven\" \/>\n<meta property=\"og:description\" content=\"Kontakt zu FUSS e.V. Bremerhaven Hier k\u00f6nnen Sie schnell und unkompliziert Ihre Anfrage an uns stellen. Bitte f\u00fcllen Sie daf\u00fcr die nachfolgenden Felder aus und klicken anschlie\u00dfend auf &#8220;Absenden&#8221;.\" \/>\n<meta property=\"og:url\" content=\"https:\/\/www.fuss-ev.de\/bremerhaven\/kontakt\/\" \/>\n<meta property=\"og:site_name\" content=\"FUSS e.V. Bremerhaven\" \/>\n<meta property=\"article:modified_time\" content=\"2025-10-19T09:43:17+00:00\" \/>\n<meta name=\"twitter:card\" content=\"summary_large_image\" \/>\n<meta name=\"twitter:label1\" content=\"Gesch\u00e4tzte Lesezeit\" \/>\n\t<meta name=\"twitter:data1\" content=\"1\u00a0Minute\" \/>\n<script type=\"application\/ld+json\" class=\"yoast-schema-graph\">{\"@context\":\"https:\\\/\\\/schema.org\",\"@graph\":[{\"@type\":\"WebPage\",\"@id\":\"https:\\\/\\\/www.fuss-ev.de\\\/bremerhaven\\\/kontakt\\\/\",\"url\":\"https:\\\/\\\/www.fuss-ev.de\\\/bremerhaven\\\/kontakt\\\/\",\"name\":\"Kontakt - FUSS e.V. Bremerhaven\",\"isPartOf\":{\"@id\":\"https:\\\/\\\/www.fuss-ev.de\\\/bremerhaven\\\/#website\"},\"datePublished\":\"2025-01-29T10:31:03+00:00\",\"dateModified\":\"2025-10-19T09:43:17+00:00\",\"breadcrumb\":{\"@id\":\"https:\\\/\\\/www.fuss-ev.de\\\/bremerhaven\\\/kontakt\\\/#breadcrumb\"},\"inLanguage\":\"de\",\"potentialAction\":[{\"@type\":\"ReadAction\",\"target\":[\"https:\\\/\\\/www.fuss-ev.de\\\/bremerhaven\\\/kontakt\\\/\"]}]},{\"@type\":\"BreadcrumbList\",\"@id\":\"https:\\\/\\\/www.fuss-ev.de\\\/bremerhaven\\\/kontakt\\\/#breadcrumb\",\"itemListElement\":[{\"@type\":\"ListItem\",\"position\":1,\"name\":\"Startseite\",\"item\":\"https:\\\/\\\/www.fuss-ev.de\\\/bremerhaven\\\/\"},{\"@type\":\"ListItem\",\"position\":2,\"name\":\"Kontakt\"}]},{\"@type\":\"WebSite\",\"@id\":\"https:\\\/\\\/www.fuss-ev.de\\\/bremerhaven\\\/#website\",\"url\":\"https:\\\/\\\/www.fuss-ev.de\\\/bremerhaven\\\/\",\"name\":\"FUSS e.V. Bremerhaven\",\"description\":\"\",\"publisher\":{\"@id\":\"https:\\\/\\\/www.fuss-ev.de\\\/bremerhaven\\\/#organization\"},\"potentialAction\":[{\"@type\":\"SearchAction\",\"target\":{\"@type\":\"EntryPoint\",\"urlTemplate\":\"https:\\\/\\\/www.fuss-ev.de\\\/bremerhaven\\\/?s={search_term_string}\"},\"query-input\":{\"@type\":\"PropertyValueSpecification\",\"valueRequired\":true,\"valueName\":\"search_term_string\"}}],\"inLanguage\":\"de\"},{\"@type\":\"Organization\",\"@id\":\"https:\\\/\\\/www.fuss-ev.de\\\/bremerhaven\\\/#organization\",\"name\":\"FUSS e.V. Bremerhaven\",\"url\":\"https:\\\/\\\/www.fuss-ev.de\\\/bremerhaven\\\/\",\"logo\":{\"@type\":\"ImageObject\",\"inLanguage\":\"de\",\"@id\":\"https:\\\/\\\/www.fuss-ev.de\\\/bremerhaven\\\/#\\\/schema\\\/logo\\\/image\\\/\",\"url\":\"https:\\\/\\\/www.fuss-ev.de\\\/bremerhaven\\\/wp-content\\\/uploads\\\/sites\\\/36\\\/2025\\\/01\\\/FUSS_Logo.jpg\",\"contentUrl\":\"https:\\\/\\\/www.fuss-ev.de\\\/bremerhaven\\\/wp-content\\\/uploads\\\/sites\\\/36\\\/2025\\\/01\\\/FUSS_Logo.jpg\",\"width\":2082,\"height\":979,\"caption\":\"FUSS e.V. Bremerhaven\"},\"image\":{\"@id\":\"https:\\\/\\\/www.fuss-ev.de\\\/bremerhaven\\\/#\\\/schema\\\/logo\\\/image\\\/\"}}]}<\/script>\n<!-- \/ Yoast SEO plugin. -->","yoast_head_json":{"title":"Kontakt - FUSS e.V. Bremerhaven","robots":{"index":"noindex","follow":"follow","max-snippet":"max-snippet:-1","max-image-preview":"max-image-preview:large","max-video-preview":"max-video-preview:-1"},"og_locale":"de_DE","og_type":"article","og_title":"Kontakt - FUSS e.V. Bremerhaven","og_description":"Kontakt zu FUSS e.V. Bremerhaven Hier k\u00f6nnen Sie schnell und unkompliziert Ihre Anfrage an uns stellen. Bitte f\u00fcllen Sie daf\u00fcr die nachfolgenden Felder aus und klicken anschlie\u00dfend auf &#8220;Absenden&#8221;.","og_url":"https:\/\/www.fuss-ev.de\/bremerhaven\/kontakt\/","og_site_name":"FUSS e.V. Bremerhaven","article_modified_time":"2025-10-19T09:43:17+00:00","twitter_card":"summary_large_image","twitter_misc":{"Gesch\u00e4tzte Lesezeit":"1\u00a0Minute"},"schema":{"@context":"https:\/\/schema.org","@graph":[{"@type":"WebPage","@id":"https:\/\/www.fuss-ev.de\/bremerhaven\/kontakt\/","url":"https:\/\/www.fuss-ev.de\/bremerhaven\/kontakt\/","name":"Kontakt - FUSS e.V. Bremerhaven","isPartOf":{"@id":"https:\/\/www.fuss-ev.de\/bremerhaven\/#website"},"datePublished":"2025-01-29T10:31:03+00:00","dateModified":"2025-10-19T09:43:17+00:00","breadcrumb":{"@id":"https:\/\/www.fuss-ev.de\/bremerhaven\/kontakt\/#breadcrumb"},"inLanguage":"de","potentialAction":[{"@type":"ReadAction","target":["https:\/\/www.fuss-ev.de\/bremerhaven\/kontakt\/"]}]},{"@type":"BreadcrumbList","@id":"https:\/\/www.fuss-ev.de\/bremerhaven\/kontakt\/#breadcrumb","itemListElement":[{"@type":"ListItem","position":1,"name":"Startseite","item":"https:\/\/www.fuss-ev.de\/bremerhaven\/"},{"@type":"ListItem","position":2,"name":"Kontakt"}]},{"@type":"WebSite","@id":"https:\/\/www.fuss-ev.de\/bremerhaven\/#website","url":"https:\/\/www.fuss-ev.de\/bremerhaven\/","name":"FUSS e.V. Bremerhaven","description":"","publisher":{"@id":"https:\/\/www.fuss-ev.de\/bremerhaven\/#organization"},"potentialAction":[{"@type":"SearchAction","target":{"@type":"EntryPoint","urlTemplate":"https:\/\/www.fuss-ev.de\/bremerhaven\/?s={search_term_string}"},"query-input":{"@type":"PropertyValueSpecification","valueRequired":true,"valueName":"search_term_string"}}],"inLanguage":"de"},{"@type":"Organization","@id":"https:\/\/www.fuss-ev.de\/bremerhaven\/#organization","name":"FUSS e.V. Bremerhaven","url":"https:\/\/www.fuss-ev.de\/bremerhaven\/","logo":{"@type":"ImageObject","inLanguage":"de","@id":"https:\/\/www.fuss-ev.de\/bremerhaven\/#\/schema\/logo\/image\/","url":"https:\/\/www.fuss-ev.de\/bremerhaven\/wp-content\/uploads\/sites\/36\/2025\/01\/FUSS_Logo.jpg","contentUrl":"https:\/\/www.fuss-ev.de\/bremerhaven\/wp-content\/uploads\/sites\/36\/2025\/01\/FUSS_Logo.jpg","width":2082,"height":979,"caption":"FUSS e.V. Bremerhaven"},"image":{"@id":"https:\/\/www.fuss-ev.de\/bremerhaven\/#\/schema\/logo\/image\/"}}]}},"publishpress_future_action":{"enabled":false,"date":"2026-04-27 19:27:53","action":"change-status","newStatus":"draft","terms":[],"taxonomy":"","extraData":[]},"publishpress_future_workflow_manual_trigger":{"enabledWorkflows":[]},"_links":{"self":[{"href":"https:\/\/www.fuss-ev.de\/bremerhaven\/wp-json\/wp\/v2\/pages\/82","targetHints":{"allow":["GET"]}}],"collection":[{"href":"https:\/\/www.fuss-ev.de\/bremerhaven\/wp-json\/wp\/v2\/pages"}],"about":[{"href":"https:\/\/www.fuss-ev.de\/bremerhaven\/wp-json\/wp\/v2\/types\/page"}],"author":[{"embeddable":true,"href":"https:\/\/www.fuss-ev.de\/bremerhaven\/wp-json\/wp\/v2\/users\/1"}],"replies":[{"embeddable":true,"href":"https:\/\/www.fuss-ev.de\/bremerhaven\/wp-json\/wp\/v2\/comments?post=82"}],"version-history":[{"count":4,"href":"https:\/\/www.fuss-ev.de\/bremerhaven\/wp-json\/wp\/v2\/pages\/82\/revisions"}],"predecessor-version":[{"id":4860,"href":"https:\/\/www.fuss-ev.de\/bremerhaven\/wp-json\/wp\/v2\/pages\/82\/revisions\/4860"}],"wp:attachment":[{"href":"https:\/\/www.fuss-ev.de\/bremerhaven\/wp-json\/wp\/v2\/media?parent=82"}],"curies":[{"name":"wp","href":"https:\/\/api.w.org\/{rel}","templated":true}]}}