{"id":4731,"date":"2025-09-09T10:16:21","date_gmt":"2025-09-09T08:16:21","guid":{"rendered":"https:\/\/www.fuss-ev.de\/bremerhaven\/?page_id=4731"},"modified":"2026-02-04T16:30:55","modified_gmt":"2026-02-04T15:30:55","slug":"aktuelles","status":"publish","type":"page","link":"https:\/\/www.fuss-ev.de\/bremerhaven\/aktuelles\/","title":{"rendered":"Aktuelles"},"content":{"rendered":"<div class=\"wpb-content-wrapper\"><p>[vc_row][vc_column][vc_column_text css=&#8221;&#8221;]<span style=\"font-size: 14pt\"><strong>Wanderung Nr. 11<\/strong><\/span><\/p>\n<p>Zum Abschluss unseres Wanderjahres geht es nach Bremerv\u00f6rde auf einen &#8220;Nordpfad&#8221;. Die Wanderung ist ca. 12 km lang und angesichts der Jahreszeit sollte auf robustes Schuhwerk und\u00a0 wetterfeste Kleidung geachtet werden.<\/p>\n<div dir=\"auto\">Die Landschaft bietet Gr\u00fcnland, Marsch und Wald. An der Oste entlang geht es auf und neben dem Deich entlang, im s\u00fcdlichen Bereich ist ein Teil aber auch unbefestigt, also nicht eingerdeicht. Je nach Wetterlage k\u00fcrzen wir die Route. Zum Abschluss des Wanderjahres nehmen wir uns Zeit f\u00fcr eine Einkehr.<\/div>\n<div dir=\"auto\"><span style=\"color: #000000\">\u00a0 \u00a0<\/span><\/div>\n<div dir=\"auto\"><strong>Treffpunkt:<\/strong><\/div>\n<div dir=\"auto\">Samstag, 22.11.2025 um 9.15 Uhr am Hauptbahnhof Bremerhaven.<\/div>\n<p>[\/vc_column_text][\/vc_column][\/vc_row][vc_row][vc_column css=&#8221;.vc_custom_1770218982045{margin-top: -100px !important;}&#8221;][vc_single_image image=&#8221;4893&#8243; img_size=&#8221;large&#8221;][\/vc_column][\/vc_row][vc_row][vc_column][vc_column_text css=&#8221;&#8221;]<strong><span style=\"font-size: 14pt\">Wanderung Nr. 10<\/span><\/strong><\/p>\n<p>25.10.2025<\/p>\n<p>Drangstedter Forst[\/vc_column_text][\/vc_column][\/vc_row][vc_row][vc_column css=&#8221;.vc_custom_1770219016158{margin-top: -100px !important;}&#8221;][vc_single_image image=&#8221;4800&#8243; img_size=&#8221;large&#8221; css=&#8221;&#8221;][\/vc_column][\/vc_row]<\/p>\n<\/div>","protected":false},"excerpt":{"rendered":"<p>[vc_row][vc_column][vc_column_text css=&#8221;&#8221;]Wanderung Nr. 11 Zum Abschluss unseres Wanderjahres geht es nach Bremerv\u00f6rde auf einen &#8220;Nordpfad&#8221;. Die Wanderung ist ca. 12 km lang und angesichts der Jahreszeit sollte auf robustes Schuhwerk und\u00a0 wetterfeste Kleidung geachtet werden. [&hellip;]<\/p>\n","protected":false},"author":70,"featured_media":0,"parent":0,"menu_order":0,"comment_status":"closed","ping_status":"closed","template":"","meta":{"_acf_changed":false,"_relevanssi_hide_post":"","_relevanssi_hide_content":"","_relevanssi_pin_for_all":"","_relevanssi_pin_keywords":"","_relevanssi_unpin_keywords":"","_relevanssi_related_keywords":"","_relevanssi_related_include_ids":"","_relevanssi_related_exclude_ids":"","_relevanssi_related_no_append":"","_relevanssi_related_not_related":"","_relevanssi_related_posts":"","_relevanssi_noindex_reason":"","inline_featured_image":false,"footnotes":""},"class_list":["post-4731","page","type-page","status-publish","hentry"],"acf":[],"yoast_head":"<!-- This site is optimized with the Yoast SEO plugin v27.3 - https:\/\/yoast.com\/product\/yoast-seo-wordpress\/ -->\n<title>Aktuelles - FUSS e.V. Bremerhaven<\/title>\n<meta name=\"robots\" content=\"noindex, follow, max-snippet:-1, max-image-preview:large, max-video-preview:-1\" \/>\n<meta property=\"og:locale\" content=\"de_DE\" \/>\n<meta property=\"og:type\" content=\"article\" \/>\n<meta property=\"og:title\" content=\"Aktuelles - FUSS e.V. Bremerhaven\" \/>\n<meta property=\"og:description\" content=\"[vc_row][vc_column][vc_column_text css=&#8221;&#8221;]Wanderung Nr. 11 Zum Abschluss unseres Wanderjahres geht es nach Bremerv\u00f6rde auf einen &#8220;Nordpfad&#8221;. Die Wanderung ist ca. 12 km lang und angesichts der Jahreszeit sollte auf robustes Schuhwerk und\u00a0 wetterfeste Kleidung geachtet werden. [&hellip;]\" \/>\n<meta property=\"og:url\" content=\"https:\/\/www.fuss-ev.de\/bremerhaven\/aktuelles\/\" \/>\n<meta property=\"og:site_name\" content=\"FUSS e.V. Bremerhaven\" \/>\n<meta property=\"article:modified_time\" content=\"2026-02-04T15:30:55+00:00\" \/>\n<meta name=\"twitter:card\" content=\"summary_large_image\" \/>\n<meta name=\"twitter:label1\" content=\"Gesch\u00e4tzte Lesezeit\" \/>\n\t<meta name=\"twitter:data1\" content=\"1\u00a0Minute\" \/>\n<script type=\"application\/ld+json\" class=\"yoast-schema-graph\">{\"@context\":\"https:\\\/\\\/schema.org\",\"@graph\":[{\"@type\":\"WebPage\",\"@id\":\"https:\\\/\\\/www.fuss-ev.de\\\/bremerhaven\\\/aktuelles\\\/\",\"url\":\"https:\\\/\\\/www.fuss-ev.de\\\/bremerhaven\\\/aktuelles\\\/\",\"name\":\"Aktuelles - FUSS e.V. Bremerhaven\",\"isPartOf\":{\"@id\":\"https:\\\/\\\/www.fuss-ev.de\\\/bremerhaven\\\/#website\"},\"datePublished\":\"2025-09-09T08:16:21+00:00\",\"dateModified\":\"2026-02-04T15:30:55+00:00\",\"breadcrumb\":{\"@id\":\"https:\\\/\\\/www.fuss-ev.de\\\/bremerhaven\\\/aktuelles\\\/#breadcrumb\"},\"inLanguage\":\"de\",\"potentialAction\":[{\"@type\":\"ReadAction\",\"target\":[\"https:\\\/\\\/www.fuss-ev.de\\\/bremerhaven\\\/aktuelles\\\/\"]}]},{\"@type\":\"BreadcrumbList\",\"@id\":\"https:\\\/\\\/www.fuss-ev.de\\\/bremerhaven\\\/aktuelles\\\/#breadcrumb\",\"itemListElement\":[{\"@type\":\"ListItem\",\"position\":1,\"name\":\"Startseite\",\"item\":\"https:\\\/\\\/www.fuss-ev.de\\\/bremerhaven\\\/\"},{\"@type\":\"ListItem\",\"position\":2,\"name\":\"Aktuelles\"}]},{\"@type\":\"WebSite\",\"@id\":\"https:\\\/\\\/www.fuss-ev.de\\\/bremerhaven\\\/#website\",\"url\":\"https:\\\/\\\/www.fuss-ev.de\\\/bremerhaven\\\/\",\"name\":\"FUSS e.V. Bremerhaven\",\"description\":\"\",\"publisher\":{\"@id\":\"https:\\\/\\\/www.fuss-ev.de\\\/bremerhaven\\\/#organization\"},\"potentialAction\":[{\"@type\":\"SearchAction\",\"target\":{\"@type\":\"EntryPoint\",\"urlTemplate\":\"https:\\\/\\\/www.fuss-ev.de\\\/bremerhaven\\\/?s={search_term_string}\"},\"query-input\":{\"@type\":\"PropertyValueSpecification\",\"valueRequired\":true,\"valueName\":\"search_term_string\"}}],\"inLanguage\":\"de\"},{\"@type\":\"Organization\",\"@id\":\"https:\\\/\\\/www.fuss-ev.de\\\/bremerhaven\\\/#organization\",\"name\":\"FUSS e.V. Bremerhaven\",\"url\":\"https:\\\/\\\/www.fuss-ev.de\\\/bremerhaven\\\/\",\"logo\":{\"@type\":\"ImageObject\",\"inLanguage\":\"de\",\"@id\":\"https:\\\/\\\/www.fuss-ev.de\\\/bremerhaven\\\/#\\\/schema\\\/logo\\\/image\\\/\",\"url\":\"https:\\\/\\\/www.fuss-ev.de\\\/bremerhaven\\\/wp-content\\\/uploads\\\/sites\\\/36\\\/2025\\\/01\\\/FUSS_Logo.jpg\",\"contentUrl\":\"https:\\\/\\\/www.fuss-ev.de\\\/bremerhaven\\\/wp-content\\\/uploads\\\/sites\\\/36\\\/2025\\\/01\\\/FUSS_Logo.jpg\",\"width\":2082,\"height\":979,\"caption\":\"FUSS e.V. Bremerhaven\"},\"image\":{\"@id\":\"https:\\\/\\\/www.fuss-ev.de\\\/bremerhaven\\\/#\\\/schema\\\/logo\\\/image\\\/\"}}]}<\/script>\n<!-- \/ Yoast SEO plugin. -->","yoast_head_json":{"title":"Aktuelles - FUSS e.V. Bremerhaven","robots":{"index":"noindex","follow":"follow","max-snippet":"max-snippet:-1","max-image-preview":"max-image-preview:large","max-video-preview":"max-video-preview:-1"},"og_locale":"de_DE","og_type":"article","og_title":"Aktuelles - FUSS e.V. Bremerhaven","og_description":"[vc_row][vc_column][vc_column_text css=&#8221;&#8221;]Wanderung Nr. 11 Zum Abschluss unseres Wanderjahres geht es nach Bremerv\u00f6rde auf einen &#8220;Nordpfad&#8221;. Die Wanderung ist ca. 12 km lang und angesichts der Jahreszeit sollte auf robustes Schuhwerk und\u00a0 wetterfeste Kleidung geachtet werden. [&hellip;]","og_url":"https:\/\/www.fuss-ev.de\/bremerhaven\/aktuelles\/","og_site_name":"FUSS e.V. Bremerhaven","article_modified_time":"2026-02-04T15:30:55+00:00","twitter_card":"summary_large_image","twitter_misc":{"Gesch\u00e4tzte Lesezeit":"1\u00a0Minute"},"schema":{"@context":"https:\/\/schema.org","@graph":[{"@type":"WebPage","@id":"https:\/\/www.fuss-ev.de\/bremerhaven\/aktuelles\/","url":"https:\/\/www.fuss-ev.de\/bremerhaven\/aktuelles\/","name":"Aktuelles - FUSS e.V. Bremerhaven","isPartOf":{"@id":"https:\/\/www.fuss-ev.de\/bremerhaven\/#website"},"datePublished":"2025-09-09T08:16:21+00:00","dateModified":"2026-02-04T15:30:55+00:00","breadcrumb":{"@id":"https:\/\/www.fuss-ev.de\/bremerhaven\/aktuelles\/#breadcrumb"},"inLanguage":"de","potentialAction":[{"@type":"ReadAction","target":["https:\/\/www.fuss-ev.de\/bremerhaven\/aktuelles\/"]}]},{"@type":"BreadcrumbList","@id":"https:\/\/www.fuss-ev.de\/bremerhaven\/aktuelles\/#breadcrumb","itemListElement":[{"@type":"ListItem","position":1,"name":"Startseite","item":"https:\/\/www.fuss-ev.de\/bremerhaven\/"},{"@type":"ListItem","position":2,"name":"Aktuelles"}]},{"@type":"WebSite","@id":"https:\/\/www.fuss-ev.de\/bremerhaven\/#website","url":"https:\/\/www.fuss-ev.de\/bremerhaven\/","name":"FUSS e.V. Bremerhaven","description":"","publisher":{"@id":"https:\/\/www.fuss-ev.de\/bremerhaven\/#organization"},"potentialAction":[{"@type":"SearchAction","target":{"@type":"EntryPoint","urlTemplate":"https:\/\/www.fuss-ev.de\/bremerhaven\/?s={search_term_string}"},"query-input":{"@type":"PropertyValueSpecification","valueRequired":true,"valueName":"search_term_string"}}],"inLanguage":"de"},{"@type":"Organization","@id":"https:\/\/www.fuss-ev.de\/bremerhaven\/#organization","name":"FUSS e.V. Bremerhaven","url":"https:\/\/www.fuss-ev.de\/bremerhaven\/","logo":{"@type":"ImageObject","inLanguage":"de","@id":"https:\/\/www.fuss-ev.de\/bremerhaven\/#\/schema\/logo\/image\/","url":"https:\/\/www.fuss-ev.de\/bremerhaven\/wp-content\/uploads\/sites\/36\/2025\/01\/FUSS_Logo.jpg","contentUrl":"https:\/\/www.fuss-ev.de\/bremerhaven\/wp-content\/uploads\/sites\/36\/2025\/01\/FUSS_Logo.jpg","width":2082,"height":979,"caption":"FUSS e.V. Bremerhaven"},"image":{"@id":"https:\/\/www.fuss-ev.de\/bremerhaven\/#\/schema\/logo\/image\/"}}]}},"publishpress_future_action":{"enabled":false,"date":"2026-04-25 19:54:42","action":"change-status","newStatus":"draft","terms":[],"taxonomy":"","extraData":[]},"publishpress_future_workflow_manual_trigger":{"enabledWorkflows":[]},"_links":{"self":[{"href":"https:\/\/www.fuss-ev.de\/bremerhaven\/wp-json\/wp\/v2\/pages\/4731","targetHints":{"allow":["GET"]}}],"collection":[{"href":"https:\/\/www.fuss-ev.de\/bremerhaven\/wp-json\/wp\/v2\/pages"}],"about":[{"href":"https:\/\/www.fuss-ev.de\/bremerhaven\/wp-json\/wp\/v2\/types\/page"}],"author":[{"embeddable":true,"href":"https:\/\/www.fuss-ev.de\/bremerhaven\/wp-json\/wp\/v2\/users\/70"}],"replies":[{"embeddable":true,"href":"https:\/\/www.fuss-ev.de\/bremerhaven\/wp-json\/wp\/v2\/comments?post=4731"}],"version-history":[{"count":70,"href":"https:\/\/www.fuss-ev.de\/bremerhaven\/wp-json\/wp\/v2\/pages\/4731\/revisions"}],"predecessor-version":[{"id":4947,"href":"https:\/\/www.fuss-ev.de\/bremerhaven\/wp-json\/wp\/v2\/pages\/4731\/revisions\/4947"}],"wp:attachment":[{"href":"https:\/\/www.fuss-ev.de\/bremerhaven\/wp-json\/wp\/v2\/media?parent=4731"}],"curies":[{"name":"wp","href":"https:\/\/api.w.org\/{rel}","templated":true}]}}