{"id":4710,"date":"2025-08-29T07:52:04","date_gmt":"2025-08-29T05:52:04","guid":{"rendered":"https:\/\/www.fuss-ev.de\/bremerhaven\/?page_id=4710"},"modified":"2026-02-02T12:37:19","modified_gmt":"2026-02-02T11:37:19","slug":"fussverkehrscheck","status":"publish","type":"page","link":"https:\/\/www.fuss-ev.de\/bremerhaven\/fussverkehrscheck\/","title":{"rendered":"Fussverkehrschecks"},"content":{"rendered":"<div class=\"wpb-content-wrapper\"><p>[vc_row][vc_column][vc_column_text css=&#8221;&#8221;]<\/p>\n<h3>Wir f\u00fchren Fu\u00dfverkehrs-Checks auch auf Wunsch durch!<\/h3>\n<p>&nbsp;<\/p>\n<p><strong>Was ist mit Fu\u00dfverkehrs-Checks gemeint?<\/strong><\/p>\n<p>Fu\u00dfverkehrs-Checks sind ein wichtiges Instrument in der Verkehrs- und Stadtplanung f\u00fcr Fu\u00dfg\u00e4nger*innen. Zum Beispiel unter der Fragestellung &#8216;Wie sicher ist der Schulweg f\u00fcr Kinder?&#8217; wird der Schulweg nach Kriterien wie Fu\u00dfg\u00e4nger\u00fcberwege, Fu\u00dfwegbreite, Ampelschaltungen usw. auf die Sicherheit aus Kindersicht gecheckt, die Ergebnisse dokumentiert und f\u00fcr die Planung des sicheren Schulweges genutzt.<\/p>\n<p>Andere Fragestellungen sind neben der Verkehrssicherheit auch die Barrierefreiheit, die Verkn\u00fcpfung mit dem \u00f6ffentlichen Nahverkehr, die Unterschiede der Bed\u00fcrfnisse der Fu\u00dfg\u00e4nger*innen f\u00fcr die zuk\u00fcnftige Stadtraumgestaltung.[\/vc_column_text][\/vc_column][\/vc_row]<\/p>\n<\/div>","protected":false},"excerpt":{"rendered":"<p>[vc_row][vc_column][vc_column_text css=&#8221;&#8221;] Wir f\u00fchren Fu\u00dfverkehrs-Checks auch auf Wunsch durch! &nbsp; Was ist mit Fu\u00dfverkehrs-Checks gemeint? Fu\u00dfverkehrs-Checks sind ein wichtiges Instrument in der Verkehrs- und Stadtplanung f\u00fcr Fu\u00dfg\u00e4nger*innen. Zum Beispiel unter der Fragestellung &#8216;Wie sicher ist [&hellip;]<\/p>\n","protected":false},"author":70,"featured_media":0,"parent":0,"menu_order":0,"comment_status":"closed","ping_status":"closed","template":"","meta":{"_acf_changed":false,"_relevanssi_hide_post":"","_relevanssi_hide_content":"","_relevanssi_pin_for_all":"","_relevanssi_pin_keywords":"","_relevanssi_unpin_keywords":"","_relevanssi_related_keywords":"","_relevanssi_related_include_ids":"","_relevanssi_related_exclude_ids":"","_relevanssi_related_no_append":"","_relevanssi_related_not_related":"","_relevanssi_related_posts":"","_relevanssi_noindex_reason":"","inline_featured_image":false,"footnotes":""},"class_list":["post-4710","page","type-page","status-publish","hentry"],"acf":[],"yoast_head":"<!-- This site is optimized with the Yoast SEO plugin v27.3 - https:\/\/yoast.com\/product\/yoast-seo-wordpress\/ -->\n<title>Fussverkehrschecks - FUSS e.V. Bremerhaven<\/title>\n<meta name=\"robots\" content=\"noindex, follow, max-snippet:-1, max-image-preview:large, max-video-preview:-1\" \/>\n<meta property=\"og:locale\" content=\"de_DE\" \/>\n<meta property=\"og:type\" content=\"article\" \/>\n<meta property=\"og:title\" content=\"Fussverkehrschecks - FUSS e.V. Bremerhaven\" \/>\n<meta property=\"og:description\" content=\"[vc_row][vc_column][vc_column_text css=&#8221;&#8221;] Wir f\u00fchren Fu\u00dfverkehrs-Checks auch auf Wunsch durch! &nbsp; Was ist mit Fu\u00dfverkehrs-Checks gemeint? Fu\u00dfverkehrs-Checks sind ein wichtiges Instrument in der Verkehrs- und Stadtplanung f\u00fcr Fu\u00dfg\u00e4nger*innen. Zum Beispiel unter der Fragestellung &#8216;Wie sicher ist [&hellip;]\" \/>\n<meta property=\"og:url\" content=\"https:\/\/www.fuss-ev.de\/bremerhaven\/fussverkehrscheck\/\" \/>\n<meta property=\"og:site_name\" content=\"FUSS e.V. Bremerhaven\" \/>\n<meta property=\"article:modified_time\" content=\"2026-02-02T11:37:19+00:00\" \/>\n<meta name=\"twitter:card\" content=\"summary_large_image\" \/>\n<meta name=\"twitter:label1\" content=\"Gesch\u00e4tzte Lesezeit\" \/>\n\t<meta name=\"twitter:data1\" content=\"1\u00a0Minute\" \/>\n<script type=\"application\/ld+json\" class=\"yoast-schema-graph\">{\"@context\":\"https:\\\/\\\/schema.org\",\"@graph\":[{\"@type\":\"WebPage\",\"@id\":\"https:\\\/\\\/www.fuss-ev.de\\\/bremerhaven\\\/fussverkehrscheck\\\/\",\"url\":\"https:\\\/\\\/www.fuss-ev.de\\\/bremerhaven\\\/fussverkehrscheck\\\/\",\"name\":\"Fussverkehrschecks - FUSS e.V. Bremerhaven\",\"isPartOf\":{\"@id\":\"https:\\\/\\\/www.fuss-ev.de\\\/bremerhaven\\\/#website\"},\"datePublished\":\"2025-08-29T05:52:04+00:00\",\"dateModified\":\"2026-02-02T11:37:19+00:00\",\"breadcrumb\":{\"@id\":\"https:\\\/\\\/www.fuss-ev.de\\\/bremerhaven\\\/fussverkehrscheck\\\/#breadcrumb\"},\"inLanguage\":\"de\",\"potentialAction\":[{\"@type\":\"ReadAction\",\"target\":[\"https:\\\/\\\/www.fuss-ev.de\\\/bremerhaven\\\/fussverkehrscheck\\\/\"]}]},{\"@type\":\"BreadcrumbList\",\"@id\":\"https:\\\/\\\/www.fuss-ev.de\\\/bremerhaven\\\/fussverkehrscheck\\\/#breadcrumb\",\"itemListElement\":[{\"@type\":\"ListItem\",\"position\":1,\"name\":\"Startseite\",\"item\":\"https:\\\/\\\/www.fuss-ev.de\\\/bremerhaven\\\/\"},{\"@type\":\"ListItem\",\"position\":2,\"name\":\"Fussverkehrschecks\"}]},{\"@type\":\"WebSite\",\"@id\":\"https:\\\/\\\/www.fuss-ev.de\\\/bremerhaven\\\/#website\",\"url\":\"https:\\\/\\\/www.fuss-ev.de\\\/bremerhaven\\\/\",\"name\":\"FUSS e.V. Bremerhaven\",\"description\":\"\",\"publisher\":{\"@id\":\"https:\\\/\\\/www.fuss-ev.de\\\/bremerhaven\\\/#organization\"},\"potentialAction\":[{\"@type\":\"SearchAction\",\"target\":{\"@type\":\"EntryPoint\",\"urlTemplate\":\"https:\\\/\\\/www.fuss-ev.de\\\/bremerhaven\\\/?s={search_term_string}\"},\"query-input\":{\"@type\":\"PropertyValueSpecification\",\"valueRequired\":true,\"valueName\":\"search_term_string\"}}],\"inLanguage\":\"de\"},{\"@type\":\"Organization\",\"@id\":\"https:\\\/\\\/www.fuss-ev.de\\\/bremerhaven\\\/#organization\",\"name\":\"FUSS e.V. Bremerhaven\",\"url\":\"https:\\\/\\\/www.fuss-ev.de\\\/bremerhaven\\\/\",\"logo\":{\"@type\":\"ImageObject\",\"inLanguage\":\"de\",\"@id\":\"https:\\\/\\\/www.fuss-ev.de\\\/bremerhaven\\\/#\\\/schema\\\/logo\\\/image\\\/\",\"url\":\"https:\\\/\\\/www.fuss-ev.de\\\/bremerhaven\\\/wp-content\\\/uploads\\\/sites\\\/36\\\/2025\\\/01\\\/FUSS_Logo.jpg\",\"contentUrl\":\"https:\\\/\\\/www.fuss-ev.de\\\/bremerhaven\\\/wp-content\\\/uploads\\\/sites\\\/36\\\/2025\\\/01\\\/FUSS_Logo.jpg\",\"width\":2082,\"height\":979,\"caption\":\"FUSS e.V. Bremerhaven\"},\"image\":{\"@id\":\"https:\\\/\\\/www.fuss-ev.de\\\/bremerhaven\\\/#\\\/schema\\\/logo\\\/image\\\/\"}}]}<\/script>\n<!-- \/ Yoast SEO plugin. -->","yoast_head_json":{"title":"Fussverkehrschecks - FUSS e.V. Bremerhaven","robots":{"index":"noindex","follow":"follow","max-snippet":"max-snippet:-1","max-image-preview":"max-image-preview:large","max-video-preview":"max-video-preview:-1"},"og_locale":"de_DE","og_type":"article","og_title":"Fussverkehrschecks - FUSS e.V. Bremerhaven","og_description":"[vc_row][vc_column][vc_column_text css=&#8221;&#8221;] Wir f\u00fchren Fu\u00dfverkehrs-Checks auch auf Wunsch durch! &nbsp; Was ist mit Fu\u00dfverkehrs-Checks gemeint? Fu\u00dfverkehrs-Checks sind ein wichtiges Instrument in der Verkehrs- und Stadtplanung f\u00fcr Fu\u00dfg\u00e4nger*innen. Zum Beispiel unter der Fragestellung &#8216;Wie sicher ist [&hellip;]","og_url":"https:\/\/www.fuss-ev.de\/bremerhaven\/fussverkehrscheck\/","og_site_name":"FUSS e.V. Bremerhaven","article_modified_time":"2026-02-02T11:37:19+00:00","twitter_card":"summary_large_image","twitter_misc":{"Gesch\u00e4tzte Lesezeit":"1\u00a0Minute"},"schema":{"@context":"https:\/\/schema.org","@graph":[{"@type":"WebPage","@id":"https:\/\/www.fuss-ev.de\/bremerhaven\/fussverkehrscheck\/","url":"https:\/\/www.fuss-ev.de\/bremerhaven\/fussverkehrscheck\/","name":"Fussverkehrschecks - FUSS e.V. Bremerhaven","isPartOf":{"@id":"https:\/\/www.fuss-ev.de\/bremerhaven\/#website"},"datePublished":"2025-08-29T05:52:04+00:00","dateModified":"2026-02-02T11:37:19+00:00","breadcrumb":{"@id":"https:\/\/www.fuss-ev.de\/bremerhaven\/fussverkehrscheck\/#breadcrumb"},"inLanguage":"de","potentialAction":[{"@type":"ReadAction","target":["https:\/\/www.fuss-ev.de\/bremerhaven\/fussverkehrscheck\/"]}]},{"@type":"BreadcrumbList","@id":"https:\/\/www.fuss-ev.de\/bremerhaven\/fussverkehrscheck\/#breadcrumb","itemListElement":[{"@type":"ListItem","position":1,"name":"Startseite","item":"https:\/\/www.fuss-ev.de\/bremerhaven\/"},{"@type":"ListItem","position":2,"name":"Fussverkehrschecks"}]},{"@type":"WebSite","@id":"https:\/\/www.fuss-ev.de\/bremerhaven\/#website","url":"https:\/\/www.fuss-ev.de\/bremerhaven\/","name":"FUSS e.V. Bremerhaven","description":"","publisher":{"@id":"https:\/\/www.fuss-ev.de\/bremerhaven\/#organization"},"potentialAction":[{"@type":"SearchAction","target":{"@type":"EntryPoint","urlTemplate":"https:\/\/www.fuss-ev.de\/bremerhaven\/?s={search_term_string}"},"query-input":{"@type":"PropertyValueSpecification","valueRequired":true,"valueName":"search_term_string"}}],"inLanguage":"de"},{"@type":"Organization","@id":"https:\/\/www.fuss-ev.de\/bremerhaven\/#organization","name":"FUSS e.V. Bremerhaven","url":"https:\/\/www.fuss-ev.de\/bremerhaven\/","logo":{"@type":"ImageObject","inLanguage":"de","@id":"https:\/\/www.fuss-ev.de\/bremerhaven\/#\/schema\/logo\/image\/","url":"https:\/\/www.fuss-ev.de\/bremerhaven\/wp-content\/uploads\/sites\/36\/2025\/01\/FUSS_Logo.jpg","contentUrl":"https:\/\/www.fuss-ev.de\/bremerhaven\/wp-content\/uploads\/sites\/36\/2025\/01\/FUSS_Logo.jpg","width":2082,"height":979,"caption":"FUSS e.V. Bremerhaven"},"image":{"@id":"https:\/\/www.fuss-ev.de\/bremerhaven\/#\/schema\/logo\/image\/"}}]}},"publishpress_future_action":{"enabled":false,"date":"2026-04-25 19:54:10","action":"change-status","newStatus":"draft","terms":[],"taxonomy":"","extraData":[]},"publishpress_future_workflow_manual_trigger":{"enabledWorkflows":[]},"_links":{"self":[{"href":"https:\/\/www.fuss-ev.de\/bremerhaven\/wp-json\/wp\/v2\/pages\/4710","targetHints":{"allow":["GET"]}}],"collection":[{"href":"https:\/\/www.fuss-ev.de\/bremerhaven\/wp-json\/wp\/v2\/pages"}],"about":[{"href":"https:\/\/www.fuss-ev.de\/bremerhaven\/wp-json\/wp\/v2\/types\/page"}],"author":[{"embeddable":true,"href":"https:\/\/www.fuss-ev.de\/bremerhaven\/wp-json\/wp\/v2\/users\/70"}],"replies":[{"embeddable":true,"href":"https:\/\/www.fuss-ev.de\/bremerhaven\/wp-json\/wp\/v2\/comments?post=4710"}],"version-history":[{"count":2,"href":"https:\/\/www.fuss-ev.de\/bremerhaven\/wp-json\/wp\/v2\/pages\/4710\/revisions"}],"predecessor-version":[{"id":4927,"href":"https:\/\/www.fuss-ev.de\/bremerhaven\/wp-json\/wp\/v2\/pages\/4710\/revisions\/4927"}],"wp:attachment":[{"href":"https:\/\/www.fuss-ev.de\/bremerhaven\/wp-json\/wp\/v2\/media?parent=4710"}],"curies":[{"name":"wp","href":"https:\/\/api.w.org\/{rel}","templated":true}]}}