{"id":4704,"date":"2025-08-29T07:52:18","date_gmt":"2025-08-29T05:52:18","guid":{"rendered":"https:\/\/www.fuss-ev.de\/bremerhaven\/?page_id=4704"},"modified":"2025-08-29T07:52:18","modified_gmt":"2025-08-29T05:52:18","slug":"los-gehts","status":"publish","type":"page","link":"https:\/\/www.fuss-ev.de\/bremerhaven\/los-gehts\/","title":{"rendered":"Los geht&#8217;s"},"content":{"rendered":"<div class=\"wpb-content-wrapper\"><p>[vc_row][vc_column][vc_column_text css=&#8221;&#8221;]<\/p>\n<h1>Die Stadt mit allen Sinnen erfassen.<\/h1>\n<p>Unsere beliebten Spazierg\u00e4nge unter dem Motto<strong>\u00a0Los geht\u00b4s<\/strong>\u00a0f\u00fchren wir in verschiedenen Stadtteilen Bremerhavens durch. Unsere Spazierg\u00e4nge bieten an, im &#8220;Vorbeigehen&#8221; mit allen Sinnen die Stadt wahrzunehmen. Es sind keine klassischen Stadtf\u00fchrungen, im Fokus steht der Weg und die damit verbundene Natur, Architektur und Geschichte der Stadt am Wegesrand.<\/p>\n<p>[\/vc_column_text][\/vc_column][\/vc_row]<\/p>\n<\/div>","protected":false},"excerpt":{"rendered":"<p>[vc_row][vc_column][vc_column_text css=&#8221;&#8221;] Die Stadt mit allen Sinnen erfassen. Unsere beliebten Spazierg\u00e4nge unter dem Motto\u00a0Los geht\u00b4s\u00a0f\u00fchren wir in verschiedenen Stadtteilen Bremerhavens durch. Unsere Spazierg\u00e4nge bieten an, im &#8220;Vorbeigehen&#8221; mit allen Sinnen die Stadt wahrzunehmen. Es sind [&hellip;]<\/p>\n","protected":false},"author":70,"featured_media":0,"parent":0,"menu_order":0,"comment_status":"closed","ping_status":"closed","template":"","meta":{"_acf_changed":false,"_relevanssi_hide_post":"","_relevanssi_hide_content":"","_relevanssi_pin_for_all":"","_relevanssi_pin_keywords":"","_relevanssi_unpin_keywords":"","_relevanssi_related_keywords":"","_relevanssi_related_include_ids":"","_relevanssi_related_exclude_ids":"","_relevanssi_related_no_append":"","_relevanssi_related_not_related":"","_relevanssi_related_posts":"","_relevanssi_noindex_reason":"","inline_featured_image":false,"footnotes":""},"class_list":["post-4704","page","type-page","status-publish","hentry"],"acf":[],"yoast_head":"<!-- This site is optimized with the Yoast SEO plugin v27.4 - https:\/\/yoast.com\/product\/yoast-seo-wordpress\/ -->\n<title>Los geht&#039;s - FUSS e.V. Bremerhaven<\/title>\n<meta name=\"robots\" content=\"noindex, follow, max-snippet:-1, max-image-preview:large, max-video-preview:-1\" \/>\n<meta property=\"og:locale\" content=\"de_DE\" \/>\n<meta property=\"og:type\" content=\"article\" \/>\n<meta property=\"og:title\" content=\"Los geht&#039;s - FUSS e.V. Bremerhaven\" \/>\n<meta property=\"og:description\" content=\"[vc_row][vc_column][vc_column_text css=&#8221;&#8221;] Die Stadt mit allen Sinnen erfassen. Unsere beliebten Spazierg\u00e4nge unter dem Motto\u00a0Los geht\u00b4s\u00a0f\u00fchren wir in verschiedenen Stadtteilen Bremerhavens durch. Unsere Spazierg\u00e4nge bieten an, im &#8220;Vorbeigehen&#8221; mit allen Sinnen die Stadt wahrzunehmen. Es sind [&hellip;]\" \/>\n<meta property=\"og:url\" content=\"https:\/\/www.fuss-ev.de\/bremerhaven\/los-gehts\/\" \/>\n<meta property=\"og:site_name\" content=\"FUSS e.V. Bremerhaven\" \/>\n<meta name=\"twitter:card\" content=\"summary_large_image\" \/>\n<meta name=\"twitter:label1\" content=\"Gesch\u00e4tzte Lesezeit\" \/>\n\t<meta name=\"twitter:data1\" content=\"1\u00a0Minute\" \/>\n<script type=\"application\/ld+json\" class=\"yoast-schema-graph\">{\"@context\":\"https:\\\/\\\/schema.org\",\"@graph\":[{\"@type\":\"WebPage\",\"@id\":\"https:\\\/\\\/www.fuss-ev.de\\\/bremerhaven\\\/los-gehts\\\/\",\"url\":\"https:\\\/\\\/www.fuss-ev.de\\\/bremerhaven\\\/los-gehts\\\/\",\"name\":\"Los geht's - FUSS e.V. Bremerhaven\",\"isPartOf\":{\"@id\":\"https:\\\/\\\/www.fuss-ev.de\\\/bremerhaven\\\/#website\"},\"datePublished\":\"2025-08-29T05:52:18+00:00\",\"breadcrumb\":{\"@id\":\"https:\\\/\\\/www.fuss-ev.de\\\/bremerhaven\\\/los-gehts\\\/#breadcrumb\"},\"inLanguage\":\"de\",\"potentialAction\":[{\"@type\":\"ReadAction\",\"target\":[\"https:\\\/\\\/www.fuss-ev.de\\\/bremerhaven\\\/los-gehts\\\/\"]}]},{\"@type\":\"BreadcrumbList\",\"@id\":\"https:\\\/\\\/www.fuss-ev.de\\\/bremerhaven\\\/los-gehts\\\/#breadcrumb\",\"itemListElement\":[{\"@type\":\"ListItem\",\"position\":1,\"name\":\"Startseite\",\"item\":\"https:\\\/\\\/www.fuss-ev.de\\\/bremerhaven\\\/\"},{\"@type\":\"ListItem\",\"position\":2,\"name\":\"Los geht&#8217;s\"}]},{\"@type\":\"WebSite\",\"@id\":\"https:\\\/\\\/www.fuss-ev.de\\\/bremerhaven\\\/#website\",\"url\":\"https:\\\/\\\/www.fuss-ev.de\\\/bremerhaven\\\/\",\"name\":\"FUSS e.V. Bremerhaven\",\"description\":\"\",\"publisher\":{\"@id\":\"https:\\\/\\\/www.fuss-ev.de\\\/bremerhaven\\\/#organization\"},\"potentialAction\":[{\"@type\":\"SearchAction\",\"target\":{\"@type\":\"EntryPoint\",\"urlTemplate\":\"https:\\\/\\\/www.fuss-ev.de\\\/bremerhaven\\\/?s={search_term_string}\"},\"query-input\":{\"@type\":\"PropertyValueSpecification\",\"valueRequired\":true,\"valueName\":\"search_term_string\"}}],\"inLanguage\":\"de\"},{\"@type\":\"Organization\",\"@id\":\"https:\\\/\\\/www.fuss-ev.de\\\/bremerhaven\\\/#organization\",\"name\":\"FUSS e.V. Bremerhaven\",\"url\":\"https:\\\/\\\/www.fuss-ev.de\\\/bremerhaven\\\/\",\"logo\":{\"@type\":\"ImageObject\",\"inLanguage\":\"de\",\"@id\":\"https:\\\/\\\/www.fuss-ev.de\\\/bremerhaven\\\/#\\\/schema\\\/logo\\\/image\\\/\",\"url\":\"https:\\\/\\\/www.fuss-ev.de\\\/bremerhaven\\\/wp-content\\\/uploads\\\/sites\\\/36\\\/2025\\\/01\\\/FUSS_Logo.jpg\",\"contentUrl\":\"https:\\\/\\\/www.fuss-ev.de\\\/bremerhaven\\\/wp-content\\\/uploads\\\/sites\\\/36\\\/2025\\\/01\\\/FUSS_Logo.jpg\",\"width\":2082,\"height\":979,\"caption\":\"FUSS e.V. Bremerhaven\"},\"image\":{\"@id\":\"https:\\\/\\\/www.fuss-ev.de\\\/bremerhaven\\\/#\\\/schema\\\/logo\\\/image\\\/\"}}]}<\/script>\n<!-- \/ Yoast SEO plugin. -->","yoast_head_json":{"title":"Los geht's - FUSS e.V. Bremerhaven","robots":{"index":"noindex","follow":"follow","max-snippet":"max-snippet:-1","max-image-preview":"max-image-preview:large","max-video-preview":"max-video-preview:-1"},"og_locale":"de_DE","og_type":"article","og_title":"Los geht's - FUSS e.V. Bremerhaven","og_description":"[vc_row][vc_column][vc_column_text css=&#8221;&#8221;] Die Stadt mit allen Sinnen erfassen. Unsere beliebten Spazierg\u00e4nge unter dem Motto\u00a0Los geht\u00b4s\u00a0f\u00fchren wir in verschiedenen Stadtteilen Bremerhavens durch. Unsere Spazierg\u00e4nge bieten an, im &#8220;Vorbeigehen&#8221; mit allen Sinnen die Stadt wahrzunehmen. Es sind [&hellip;]","og_url":"https:\/\/www.fuss-ev.de\/bremerhaven\/los-gehts\/","og_site_name":"FUSS e.V. Bremerhaven","twitter_card":"summary_large_image","twitter_misc":{"Gesch\u00e4tzte Lesezeit":"1\u00a0Minute"},"schema":{"@context":"https:\/\/schema.org","@graph":[{"@type":"WebPage","@id":"https:\/\/www.fuss-ev.de\/bremerhaven\/los-gehts\/","url":"https:\/\/www.fuss-ev.de\/bremerhaven\/los-gehts\/","name":"Los geht's - FUSS e.V. Bremerhaven","isPartOf":{"@id":"https:\/\/www.fuss-ev.de\/bremerhaven\/#website"},"datePublished":"2025-08-29T05:52:18+00:00","breadcrumb":{"@id":"https:\/\/www.fuss-ev.de\/bremerhaven\/los-gehts\/#breadcrumb"},"inLanguage":"de","potentialAction":[{"@type":"ReadAction","target":["https:\/\/www.fuss-ev.de\/bremerhaven\/los-gehts\/"]}]},{"@type":"BreadcrumbList","@id":"https:\/\/www.fuss-ev.de\/bremerhaven\/los-gehts\/#breadcrumb","itemListElement":[{"@type":"ListItem","position":1,"name":"Startseite","item":"https:\/\/www.fuss-ev.de\/bremerhaven\/"},{"@type":"ListItem","position":2,"name":"Los geht&#8217;s"}]},{"@type":"WebSite","@id":"https:\/\/www.fuss-ev.de\/bremerhaven\/#website","url":"https:\/\/www.fuss-ev.de\/bremerhaven\/","name":"FUSS e.V. Bremerhaven","description":"","publisher":{"@id":"https:\/\/www.fuss-ev.de\/bremerhaven\/#organization"},"potentialAction":[{"@type":"SearchAction","target":{"@type":"EntryPoint","urlTemplate":"https:\/\/www.fuss-ev.de\/bremerhaven\/?s={search_term_string}"},"query-input":{"@type":"PropertyValueSpecification","valueRequired":true,"valueName":"search_term_string"}}],"inLanguage":"de"},{"@type":"Organization","@id":"https:\/\/www.fuss-ev.de\/bremerhaven\/#organization","name":"FUSS e.V. Bremerhaven","url":"https:\/\/www.fuss-ev.de\/bremerhaven\/","logo":{"@type":"ImageObject","inLanguage":"de","@id":"https:\/\/www.fuss-ev.de\/bremerhaven\/#\/schema\/logo\/image\/","url":"https:\/\/www.fuss-ev.de\/bremerhaven\/wp-content\/uploads\/sites\/36\/2025\/01\/FUSS_Logo.jpg","contentUrl":"https:\/\/www.fuss-ev.de\/bremerhaven\/wp-content\/uploads\/sites\/36\/2025\/01\/FUSS_Logo.jpg","width":2082,"height":979,"caption":"FUSS e.V. Bremerhaven"},"image":{"@id":"https:\/\/www.fuss-ev.de\/bremerhaven\/#\/schema\/logo\/image\/"}}]}},"publishpress_future_action":{"enabled":false,"date":"2026-04-27 17:47:54","action":"change-status","newStatus":"draft","terms":[],"taxonomy":"","extraData":[]},"publishpress_future_workflow_manual_trigger":{"enabledWorkflows":[]},"_links":{"self":[{"href":"https:\/\/www.fuss-ev.de\/bremerhaven\/wp-json\/wp\/v2\/pages\/4704","targetHints":{"allow":["GET"]}}],"collection":[{"href":"https:\/\/www.fuss-ev.de\/bremerhaven\/wp-json\/wp\/v2\/pages"}],"about":[{"href":"https:\/\/www.fuss-ev.de\/bremerhaven\/wp-json\/wp\/v2\/types\/page"}],"author":[{"embeddable":true,"href":"https:\/\/www.fuss-ev.de\/bremerhaven\/wp-json\/wp\/v2\/users\/70"}],"replies":[{"embeddable":true,"href":"https:\/\/www.fuss-ev.de\/bremerhaven\/wp-json\/wp\/v2\/comments?post=4704"}],"version-history":[{"count":1,"href":"https:\/\/www.fuss-ev.de\/bremerhaven\/wp-json\/wp\/v2\/pages\/4704\/revisions"}],"predecessor-version":[{"id":4705,"href":"https:\/\/www.fuss-ev.de\/bremerhaven\/wp-json\/wp\/v2\/pages\/4704\/revisions\/4705"}],"wp:attachment":[{"href":"https:\/\/www.fuss-ev.de\/bremerhaven\/wp-json\/wp\/v2\/media?parent=4704"}],"curies":[{"name":"wp","href":"https:\/\/api.w.org\/{rel}","templated":true}]}}