{"id":4684,"date":"2025-08-27T12:12:55","date_gmt":"2025-08-27T10:12:55","guid":{"rendered":"https:\/\/www.fuss-ev.de\/bremerhaven\/?page_id=4684"},"modified":"2025-10-23T12:09:13","modified_gmt":"2025-10-23T10:09:13","slug":"verkehrswende-in-bremerhaven","status":"publish","type":"page","link":"https:\/\/www.fuss-ev.de\/bremerhaven\/verkehrswende-in-bremerhaven\/","title":{"rendered":"Verkehrswende in Bremerhaven"},"content":{"rendered":"<div class=\"wpb-content-wrapper\"><p>[vc_row][vc_column][vc_column_text css=&#8221;&#8221;]<\/p>\n<h1>Aktionen in Bremerhaven<\/h1>\n<div class=\"category-desc clearfix\"><\/div>\n<div class=\"com-content-category-blog__items blog-items items-leading \">\n<div class=\"com-content-category-blog__item blog-item\">\n<div class=\"item-content\">\n<p>FUSS e.V. hat sich mit folgenden Forderungen f\u00fcr die Fu\u00dfg\u00e4nger*innen an dem Verkehrswendeb\u00fcndnis vom Fr\u00fchjahr 2022 angeschlossen:<\/p>\n<p>&nbsp;<\/p>\n<p><strong>Verbesserung der Infrastruktur<\/strong><\/p>\n<ul>\n<li>Gehwege mit 2,50 m Breite: Neuaufteilung der Verkehrsfl\u00e4chen zur Umsetzung der notwendigen Gehwegverbreiterungen<\/li>\n<\/ul>\n<ul>\n<li>Gew\u00e4hrleistung, dass Gehwege behindertengerecht, gut beleuchtet und rutschsicher sind<\/li>\n<li>Keine Einengung von Gehwegen durch Zuparken, Zustellen und\/oder Haltestellen: konsequente Anwendung der Verordnung von Bu\u00dfgeldern f\u00fcr Parken auf Gehwegen<\/li>\n<\/ul>\n<ul>\n<li>Ampelschaltungen \u00fcberpr\u00fcfen und anpassen: Verl\u00e4ngerung der Ampel-Gr\u00fcnphase entsprechend dem Tempo von Fu\u00dfg\u00e4nger*innen und Verk\u00fcrzung der Rotphase f\u00fcr den Fu\u00dfverkehr<\/li>\n<li>Implementierung eines kurzen Verwaltungswegs f\u00fcr Problembehebung: Beseitigung von Baum\u00e4ngeln auf Fu\u00dfwegen, wie Sch\u00e4den in der Pflasterung, hochragende Baumwurzeln, in die Wege wachsende Hecken etc. rasch beseitigt werden k\u00f6nnen<\/li>\n<li>Neueinrichtung von Zebrastreifen (Fu\u00dfg\u00e4nger\u00fcberwege) bzw. Ersatz von Bedarfsampeln durch Zebrastreifen f\u00fcr eine deutliche Verbesserung der Querungsm\u00f6glichkeiten f\u00fcr Fu\u00dfg\u00e4nger (Abbau von Wartezeiten)<\/li>\n<li>Schaffung eines fl\u00e4chendeckenden Gehwegnetzes in ganz Bremerhaven (Gehwege auf beiden Stra\u00dfenseiten)<\/li>\n<li>Steigerung der Aufenthaltsqualit\u00e4t durch mehr Gr\u00fcnanlagen und B\u00e4nke: Schaffung von attraktiven Sozialr\u00e4umen als Treffpunkte im Freien<\/li>\n<\/ul>\n<ul>\n<li>Mehr \u00f6ffentliche Toiletten und damit gr\u00f6\u00dferer Aktionsradius vieler \u00e4lterer Menschen<\/li>\n<\/ul>\n<p>&nbsp;<\/p>\n<p><b>Sicherheit<\/b><\/p>\n<ul>\n<li>Aufzeigen und Schaffung sicherer Fu\u00dfwege f\u00fcr Kinder unter Beteiligung von Eltern, Kitas und Schulen<\/li>\n<li>Einrichten zus\u00e4tzlicher verkehrsberuhigter Stra\u00dfen und Spielstra\u00dfen<\/li>\n<li>Gew\u00e4hrleistung von freier Sicht f\u00fcr Fu\u00dfg\u00e4nger an Querungen<\/li>\n<li>Erm\u00f6glichung eines sicheren, behindertengerechten Passieren ohne Umwege bei Baustellen<\/li>\n<li>Regelm\u00e4\u00dfiges Freischneiden von Quer- und Stichwegen<\/li>\n<\/ul>\n<p>&nbsp;<\/p>\n<p><b>F\u00f6rderung des Fu\u00dfverkehrs<\/b><\/p>\n<ul>\n<li>Start einer Werbeaktion f\u00fcr das Zufu\u00dfgehen auf kurzen und langen Wegen<\/li>\n<li>Marketing f\u00fcr das Wandern \/ Spazierengehen in der Stadt f\u00fcr Einheimische und Touristen<\/li>\n<\/ul>\n<p>&nbsp;<\/p>\n<p><b>St\u00e4rkung der Umsetzung<\/b><\/p>\n<ul>\n<li>Einrichtung einer Stelle f\u00fcr eine*n Fu\u00dfbeauftragte*n<\/li>\n<\/ul>\n<\/div>\n<\/div>\n<\/div>\n<p>[\/vc_column_text][\/vc_column][\/vc_row]<\/p>\n<\/div>","protected":false},"excerpt":{"rendered":"<p>[vc_row][vc_column][vc_column_text css=&#8221;&#8221;] Aktionen in Bremerhaven FUSS e.V. hat sich mit folgenden Forderungen f\u00fcr die Fu\u00dfg\u00e4nger*innen an dem Verkehrswendeb\u00fcndnis vom Fr\u00fchjahr 2022 angeschlossen: &nbsp; Verbesserung der Infrastruktur Gehwege mit 2,50 m Breite: Neuaufteilung der Verkehrsfl\u00e4chen zur [&hellip;]<\/p>\n","protected":false},"author":70,"featured_media":0,"parent":0,"menu_order":0,"comment_status":"closed","ping_status":"closed","template":"","meta":{"_acf_changed":false,"_relevanssi_hide_post":"","_relevanssi_hide_content":"","_relevanssi_pin_for_all":"","_relevanssi_pin_keywords":"","_relevanssi_unpin_keywords":"","_relevanssi_related_keywords":"","_relevanssi_related_include_ids":"","_relevanssi_related_exclude_ids":"","_relevanssi_related_no_append":"","_relevanssi_related_not_related":"","_relevanssi_related_posts":"","_relevanssi_noindex_reason":"","inline_featured_image":false,"footnotes":""},"class_list":["post-4684","page","type-page","status-publish","hentry"],"acf":[],"yoast_head":"<!-- This site is optimized with the Yoast SEO plugin v27.4 - https:\/\/yoast.com\/product\/yoast-seo-wordpress\/ -->\n<title>Verkehrswende in Bremerhaven - FUSS e.V. Bremerhaven<\/title>\n<meta name=\"robots\" content=\"noindex, follow, max-snippet:-1, max-image-preview:large, max-video-preview:-1\" \/>\n<meta property=\"og:locale\" content=\"de_DE\" \/>\n<meta property=\"og:type\" content=\"article\" \/>\n<meta property=\"og:title\" content=\"Verkehrswende in Bremerhaven - FUSS e.V. Bremerhaven\" \/>\n<meta property=\"og:description\" content=\"[vc_row][vc_column][vc_column_text css=&#8221;&#8221;] Aktionen in Bremerhaven FUSS e.V. hat sich mit folgenden Forderungen f\u00fcr die Fu\u00dfg\u00e4nger*innen an dem Verkehrswendeb\u00fcndnis vom Fr\u00fchjahr 2022 angeschlossen: &nbsp; Verbesserung der Infrastruktur Gehwege mit 2,50 m Breite: Neuaufteilung der Verkehrsfl\u00e4chen zur [&hellip;]\" \/>\n<meta property=\"og:url\" content=\"https:\/\/www.fuss-ev.de\/bremerhaven\/verkehrswende-in-bremerhaven\/\" \/>\n<meta property=\"og:site_name\" content=\"FUSS e.V. Bremerhaven\" \/>\n<meta property=\"article:modified_time\" content=\"2025-10-23T10:09:13+00:00\" \/>\n<meta name=\"twitter:card\" content=\"summary_large_image\" \/>\n<meta name=\"twitter:label1\" content=\"Gesch\u00e4tzte Lesezeit\" \/>\n\t<meta name=\"twitter:data1\" content=\"2\u00a0Minuten\" \/>\n<script type=\"application\/ld+json\" class=\"yoast-schema-graph\">{\"@context\":\"https:\\\/\\\/schema.org\",\"@graph\":[{\"@type\":\"WebPage\",\"@id\":\"https:\\\/\\\/www.fuss-ev.de\\\/bremerhaven\\\/verkehrswende-in-bremerhaven\\\/\",\"url\":\"https:\\\/\\\/www.fuss-ev.de\\\/bremerhaven\\\/verkehrswende-in-bremerhaven\\\/\",\"name\":\"Verkehrswende in Bremerhaven - FUSS e.V. Bremerhaven\",\"isPartOf\":{\"@id\":\"https:\\\/\\\/www.fuss-ev.de\\\/bremerhaven\\\/#website\"},\"datePublished\":\"2025-08-27T10:12:55+00:00\",\"dateModified\":\"2025-10-23T10:09:13+00:00\",\"breadcrumb\":{\"@id\":\"https:\\\/\\\/www.fuss-ev.de\\\/bremerhaven\\\/verkehrswende-in-bremerhaven\\\/#breadcrumb\"},\"inLanguage\":\"de\",\"potentialAction\":[{\"@type\":\"ReadAction\",\"target\":[\"https:\\\/\\\/www.fuss-ev.de\\\/bremerhaven\\\/verkehrswende-in-bremerhaven\\\/\"]}]},{\"@type\":\"BreadcrumbList\",\"@id\":\"https:\\\/\\\/www.fuss-ev.de\\\/bremerhaven\\\/verkehrswende-in-bremerhaven\\\/#breadcrumb\",\"itemListElement\":[{\"@type\":\"ListItem\",\"position\":1,\"name\":\"Startseite\",\"item\":\"https:\\\/\\\/www.fuss-ev.de\\\/bremerhaven\\\/\"},{\"@type\":\"ListItem\",\"position\":2,\"name\":\"Verkehrswende in Bremerhaven\"}]},{\"@type\":\"WebSite\",\"@id\":\"https:\\\/\\\/www.fuss-ev.de\\\/bremerhaven\\\/#website\",\"url\":\"https:\\\/\\\/www.fuss-ev.de\\\/bremerhaven\\\/\",\"name\":\"FUSS e.V. Bremerhaven\",\"description\":\"\",\"publisher\":{\"@id\":\"https:\\\/\\\/www.fuss-ev.de\\\/bremerhaven\\\/#organization\"},\"potentialAction\":[{\"@type\":\"SearchAction\",\"target\":{\"@type\":\"EntryPoint\",\"urlTemplate\":\"https:\\\/\\\/www.fuss-ev.de\\\/bremerhaven\\\/?s={search_term_string}\"},\"query-input\":{\"@type\":\"PropertyValueSpecification\",\"valueRequired\":true,\"valueName\":\"search_term_string\"}}],\"inLanguage\":\"de\"},{\"@type\":\"Organization\",\"@id\":\"https:\\\/\\\/www.fuss-ev.de\\\/bremerhaven\\\/#organization\",\"name\":\"FUSS e.V. Bremerhaven\",\"url\":\"https:\\\/\\\/www.fuss-ev.de\\\/bremerhaven\\\/\",\"logo\":{\"@type\":\"ImageObject\",\"inLanguage\":\"de\",\"@id\":\"https:\\\/\\\/www.fuss-ev.de\\\/bremerhaven\\\/#\\\/schema\\\/logo\\\/image\\\/\",\"url\":\"https:\\\/\\\/www.fuss-ev.de\\\/bremerhaven\\\/wp-content\\\/uploads\\\/sites\\\/36\\\/2025\\\/01\\\/FUSS_Logo.jpg\",\"contentUrl\":\"https:\\\/\\\/www.fuss-ev.de\\\/bremerhaven\\\/wp-content\\\/uploads\\\/sites\\\/36\\\/2025\\\/01\\\/FUSS_Logo.jpg\",\"width\":2082,\"height\":979,\"caption\":\"FUSS e.V. Bremerhaven\"},\"image\":{\"@id\":\"https:\\\/\\\/www.fuss-ev.de\\\/bremerhaven\\\/#\\\/schema\\\/logo\\\/image\\\/\"}}]}<\/script>\n<!-- \/ Yoast SEO plugin. -->","yoast_head_json":{"title":"Verkehrswende in Bremerhaven - FUSS e.V. Bremerhaven","robots":{"index":"noindex","follow":"follow","max-snippet":"max-snippet:-1","max-image-preview":"max-image-preview:large","max-video-preview":"max-video-preview:-1"},"og_locale":"de_DE","og_type":"article","og_title":"Verkehrswende in Bremerhaven - FUSS e.V. Bremerhaven","og_description":"[vc_row][vc_column][vc_column_text css=&#8221;&#8221;] Aktionen in Bremerhaven FUSS e.V. hat sich mit folgenden Forderungen f\u00fcr die Fu\u00dfg\u00e4nger*innen an dem Verkehrswendeb\u00fcndnis vom Fr\u00fchjahr 2022 angeschlossen: &nbsp; Verbesserung der Infrastruktur Gehwege mit 2,50 m Breite: Neuaufteilung der Verkehrsfl\u00e4chen zur [&hellip;]","og_url":"https:\/\/www.fuss-ev.de\/bremerhaven\/verkehrswende-in-bremerhaven\/","og_site_name":"FUSS e.V. Bremerhaven","article_modified_time":"2025-10-23T10:09:13+00:00","twitter_card":"summary_large_image","twitter_misc":{"Gesch\u00e4tzte Lesezeit":"2\u00a0Minuten"},"schema":{"@context":"https:\/\/schema.org","@graph":[{"@type":"WebPage","@id":"https:\/\/www.fuss-ev.de\/bremerhaven\/verkehrswende-in-bremerhaven\/","url":"https:\/\/www.fuss-ev.de\/bremerhaven\/verkehrswende-in-bremerhaven\/","name":"Verkehrswende in Bremerhaven - FUSS e.V. Bremerhaven","isPartOf":{"@id":"https:\/\/www.fuss-ev.de\/bremerhaven\/#website"},"datePublished":"2025-08-27T10:12:55+00:00","dateModified":"2025-10-23T10:09:13+00:00","breadcrumb":{"@id":"https:\/\/www.fuss-ev.de\/bremerhaven\/verkehrswende-in-bremerhaven\/#breadcrumb"},"inLanguage":"de","potentialAction":[{"@type":"ReadAction","target":["https:\/\/www.fuss-ev.de\/bremerhaven\/verkehrswende-in-bremerhaven\/"]}]},{"@type":"BreadcrumbList","@id":"https:\/\/www.fuss-ev.de\/bremerhaven\/verkehrswende-in-bremerhaven\/#breadcrumb","itemListElement":[{"@type":"ListItem","position":1,"name":"Startseite","item":"https:\/\/www.fuss-ev.de\/bremerhaven\/"},{"@type":"ListItem","position":2,"name":"Verkehrswende in Bremerhaven"}]},{"@type":"WebSite","@id":"https:\/\/www.fuss-ev.de\/bremerhaven\/#website","url":"https:\/\/www.fuss-ev.de\/bremerhaven\/","name":"FUSS e.V. Bremerhaven","description":"","publisher":{"@id":"https:\/\/www.fuss-ev.de\/bremerhaven\/#organization"},"potentialAction":[{"@type":"SearchAction","target":{"@type":"EntryPoint","urlTemplate":"https:\/\/www.fuss-ev.de\/bremerhaven\/?s={search_term_string}"},"query-input":{"@type":"PropertyValueSpecification","valueRequired":true,"valueName":"search_term_string"}}],"inLanguage":"de"},{"@type":"Organization","@id":"https:\/\/www.fuss-ev.de\/bremerhaven\/#organization","name":"FUSS e.V. Bremerhaven","url":"https:\/\/www.fuss-ev.de\/bremerhaven\/","logo":{"@type":"ImageObject","inLanguage":"de","@id":"https:\/\/www.fuss-ev.de\/bremerhaven\/#\/schema\/logo\/image\/","url":"https:\/\/www.fuss-ev.de\/bremerhaven\/wp-content\/uploads\/sites\/36\/2025\/01\/FUSS_Logo.jpg","contentUrl":"https:\/\/www.fuss-ev.de\/bremerhaven\/wp-content\/uploads\/sites\/36\/2025\/01\/FUSS_Logo.jpg","width":2082,"height":979,"caption":"FUSS e.V. Bremerhaven"},"image":{"@id":"https:\/\/www.fuss-ev.de\/bremerhaven\/#\/schema\/logo\/image\/"}}]}},"publishpress_future_action":{"enabled":false,"date":"2026-04-27 17:47:24","action":"change-status","newStatus":"draft","terms":[],"taxonomy":"","extraData":[]},"publishpress_future_workflow_manual_trigger":{"enabledWorkflows":[]},"_links":{"self":[{"href":"https:\/\/www.fuss-ev.de\/bremerhaven\/wp-json\/wp\/v2\/pages\/4684","targetHints":{"allow":["GET"]}}],"collection":[{"href":"https:\/\/www.fuss-ev.de\/bremerhaven\/wp-json\/wp\/v2\/pages"}],"about":[{"href":"https:\/\/www.fuss-ev.de\/bremerhaven\/wp-json\/wp\/v2\/types\/page"}],"author":[{"embeddable":true,"href":"https:\/\/www.fuss-ev.de\/bremerhaven\/wp-json\/wp\/v2\/users\/70"}],"replies":[{"embeddable":true,"href":"https:\/\/www.fuss-ev.de\/bremerhaven\/wp-json\/wp\/v2\/comments?post=4684"}],"version-history":[{"count":3,"href":"https:\/\/www.fuss-ev.de\/bremerhaven\/wp-json\/wp\/v2\/pages\/4684\/revisions"}],"predecessor-version":[{"id":4890,"href":"https:\/\/www.fuss-ev.de\/bremerhaven\/wp-json\/wp\/v2\/pages\/4684\/revisions\/4890"}],"wp:attachment":[{"href":"https:\/\/www.fuss-ev.de\/bremerhaven\/wp-json\/wp\/v2\/media?parent=4684"}],"curies":[{"name":"wp","href":"https:\/\/api.w.org\/{rel}","templated":true}]}}