{"id":4680,"date":"2025-08-27T12:08:15","date_gmt":"2025-08-27T10:08:15","guid":{"rendered":"https:\/\/www.fuss-ev.de\/bremerhaven\/?page_id=4680"},"modified":"2026-03-19T09:38:32","modified_gmt":"2026-03-19T08:38:32","slug":"termine","status":"publish","type":"page","link":"https:\/\/www.fuss-ev.de\/bremerhaven\/termine\/","title":{"rendered":"Termine"},"content":{"rendered":"<div class=\"wpb-content-wrapper\"><p>[vc_row][vc_column][vc_column_text css=&#8221;&#8221;]<span style=\"font-family: Arial, serif\">KNEIPP und FUSS e.V.: <\/span><\/p>\n<div dir=\"auto\">KNEIPP und FUSS e.V., OG Bremerhaven laden wieder in Kooperation auch 2026 zu monatlichen Wandertouren in Bremerhaven und Umgebung ein. Die erste Wanderung startet am Samstag, den 28. M\u00e4rz. Wandern ist nicht nur die nat\u00fcrlichste und umweltfreundlichste Mobilit\u00e4tsform, Wandern ist auch gesund und in der Gruppe kommunikativ.<\/div>\n<div dir=\"auto\">Wir durchstreifen das Gebiet am n\u00f6rdlichen Rand von Leherheide von West nach Ost. Dabei erfahren wir unterschiedliche Landschaften, gehen durch Wiesen und Felder, \u00fcber schmale Pfade an Gr\u00e4ben und der alten Bahnstrecke Langen &#8211; Bederkesa entlang und auch durch das Fehrmoor- und zwei Waldgebiete.\u00a0 Die Wanderung\u00a0 ist ca. 12 km lang. Festes Schuhwerk und wetterangepasste Kleidung, aber auch etwas zu essen und zu trinken sollte jeder dabei haben.<\/div>\n<div dir=\"auto\"><span style=\"color: #ffffff\">X<\/span><\/div>\n<div dir=\"auto\">Treffpunkt ist am Samstag, den 28. M\u00e4rz um 9.45 Uhr vor dem Bremerhavener Hauptbahnhof.<\/div>\n<div dir=\"auto\"><span style=\"color: #ffffff\">X<\/span><\/div>\n<div dir=\"auto\">\n<div dir=\"auto\">Anmeldung und weitere Informationen per E-Mail an\u00a0<a href=\"mailto:wander-ju@web.de\" target=\"_blank\" rel=\"noopener\">wander-ju@web.de<\/a> oder per Telefon unter der Nummer 0178 2991339.<\/div>\n<\/div>\n<p>[\/vc_column_text][vc_single_image image=&#8221;4971&#8243; img_size=&#8221;large&#8221; css=&#8221;&#8221;][vc_single_image image=&#8221;4972&#8243; img_size=&#8221;large&#8221; css=&#8221;&#8221;][\/vc_column][\/vc_row][vc_row][vc_column][vc_single_image image=&#8221;4961&#8243; css=&#8221;.vc_custom_1771414679018{margin-top: -50px !important;}&#8221;][\/vc_column][\/vc_row]<\/p>\n<\/div>","protected":false},"excerpt":{"rendered":"<p>[vc_row][vc_column][vc_column_text css=&#8221;&#8221;]KNEIPP und FUSS e.V.: KNEIPP und FUSS e.V., OG Bremerhaven laden wieder in Kooperation auch 2026 zu monatlichen Wandertouren in Bremerhaven und Umgebung ein. Die erste Wanderung startet am Samstag, den 28. M\u00e4rz. Wandern [&hellip;]<\/p>\n","protected":false},"author":70,"featured_media":0,"parent":0,"menu_order":0,"comment_status":"closed","ping_status":"closed","template":"","meta":{"_acf_changed":false,"_relevanssi_hide_post":"","_relevanssi_hide_content":"","_relevanssi_pin_for_all":"","_relevanssi_pin_keywords":"","_relevanssi_unpin_keywords":"","_relevanssi_related_keywords":"","_relevanssi_related_include_ids":"","_relevanssi_related_exclude_ids":"","_relevanssi_related_no_append":"","_relevanssi_related_not_related":"","_relevanssi_related_posts":"","_relevanssi_noindex_reason":"","inline_featured_image":false,"footnotes":""},"class_list":["post-4680","page","type-page","status-publish","hentry"],"acf":[],"yoast_head":"<!-- This site is optimized with the Yoast SEO plugin v27.3 - https:\/\/yoast.com\/product\/yoast-seo-wordpress\/ -->\n<title>Termine - FUSS e.V. Bremerhaven<\/title>\n<meta name=\"robots\" content=\"noindex, follow, max-snippet:-1, max-image-preview:large, max-video-preview:-1\" \/>\n<meta property=\"og:locale\" content=\"de_DE\" \/>\n<meta property=\"og:type\" content=\"article\" \/>\n<meta property=\"og:title\" content=\"Termine - FUSS e.V. Bremerhaven\" \/>\n<meta property=\"og:description\" content=\"[vc_row][vc_column][vc_column_text css=&#8221;&#8221;]KNEIPP und FUSS e.V.: KNEIPP und FUSS e.V., OG Bremerhaven laden wieder in Kooperation auch 2026 zu monatlichen Wandertouren in Bremerhaven und Umgebung ein. Die erste Wanderung startet am Samstag, den 28. M\u00e4rz. Wandern [&hellip;]\" \/>\n<meta property=\"og:url\" content=\"https:\/\/www.fuss-ev.de\/bremerhaven\/termine\/\" \/>\n<meta property=\"og:site_name\" content=\"FUSS e.V. Bremerhaven\" \/>\n<meta property=\"article:modified_time\" content=\"2026-03-19T08:38:32+00:00\" \/>\n<meta name=\"twitter:card\" content=\"summary_large_image\" \/>\n<meta name=\"twitter:label1\" content=\"Gesch\u00e4tzte Lesezeit\" \/>\n\t<meta name=\"twitter:data1\" content=\"2\u00a0Minuten\" \/>\n<script type=\"application\/ld+json\" class=\"yoast-schema-graph\">{\"@context\":\"https:\\\/\\\/schema.org\",\"@graph\":[{\"@type\":\"WebPage\",\"@id\":\"https:\\\/\\\/www.fuss-ev.de\\\/bremerhaven\\\/termine\\\/\",\"url\":\"https:\\\/\\\/www.fuss-ev.de\\\/bremerhaven\\\/termine\\\/\",\"name\":\"Termine - FUSS e.V. Bremerhaven\",\"isPartOf\":{\"@id\":\"https:\\\/\\\/www.fuss-ev.de\\\/bremerhaven\\\/#website\"},\"datePublished\":\"2025-08-27T10:08:15+00:00\",\"dateModified\":\"2026-03-19T08:38:32+00:00\",\"breadcrumb\":{\"@id\":\"https:\\\/\\\/www.fuss-ev.de\\\/bremerhaven\\\/termine\\\/#breadcrumb\"},\"inLanguage\":\"de\",\"potentialAction\":[{\"@type\":\"ReadAction\",\"target\":[\"https:\\\/\\\/www.fuss-ev.de\\\/bremerhaven\\\/termine\\\/\"]}]},{\"@type\":\"BreadcrumbList\",\"@id\":\"https:\\\/\\\/www.fuss-ev.de\\\/bremerhaven\\\/termine\\\/#breadcrumb\",\"itemListElement\":[{\"@type\":\"ListItem\",\"position\":1,\"name\":\"Startseite\",\"item\":\"https:\\\/\\\/www.fuss-ev.de\\\/bremerhaven\\\/\"},{\"@type\":\"ListItem\",\"position\":2,\"name\":\"Termine\"}]},{\"@type\":\"WebSite\",\"@id\":\"https:\\\/\\\/www.fuss-ev.de\\\/bremerhaven\\\/#website\",\"url\":\"https:\\\/\\\/www.fuss-ev.de\\\/bremerhaven\\\/\",\"name\":\"FUSS e.V. Bremerhaven\",\"description\":\"\",\"publisher\":{\"@id\":\"https:\\\/\\\/www.fuss-ev.de\\\/bremerhaven\\\/#organization\"},\"potentialAction\":[{\"@type\":\"SearchAction\",\"target\":{\"@type\":\"EntryPoint\",\"urlTemplate\":\"https:\\\/\\\/www.fuss-ev.de\\\/bremerhaven\\\/?s={search_term_string}\"},\"query-input\":{\"@type\":\"PropertyValueSpecification\",\"valueRequired\":true,\"valueName\":\"search_term_string\"}}],\"inLanguage\":\"de\"},{\"@type\":\"Organization\",\"@id\":\"https:\\\/\\\/www.fuss-ev.de\\\/bremerhaven\\\/#organization\",\"name\":\"FUSS e.V. Bremerhaven\",\"url\":\"https:\\\/\\\/www.fuss-ev.de\\\/bremerhaven\\\/\",\"logo\":{\"@type\":\"ImageObject\",\"inLanguage\":\"de\",\"@id\":\"https:\\\/\\\/www.fuss-ev.de\\\/bremerhaven\\\/#\\\/schema\\\/logo\\\/image\\\/\",\"url\":\"https:\\\/\\\/www.fuss-ev.de\\\/bremerhaven\\\/wp-content\\\/uploads\\\/sites\\\/36\\\/2025\\\/01\\\/FUSS_Logo.jpg\",\"contentUrl\":\"https:\\\/\\\/www.fuss-ev.de\\\/bremerhaven\\\/wp-content\\\/uploads\\\/sites\\\/36\\\/2025\\\/01\\\/FUSS_Logo.jpg\",\"width\":2082,\"height\":979,\"caption\":\"FUSS e.V. Bremerhaven\"},\"image\":{\"@id\":\"https:\\\/\\\/www.fuss-ev.de\\\/bremerhaven\\\/#\\\/schema\\\/logo\\\/image\\\/\"}}]}<\/script>\n<!-- \/ Yoast SEO plugin. -->","yoast_head_json":{"title":"Termine - FUSS e.V. Bremerhaven","robots":{"index":"noindex","follow":"follow","max-snippet":"max-snippet:-1","max-image-preview":"max-image-preview:large","max-video-preview":"max-video-preview:-1"},"og_locale":"de_DE","og_type":"article","og_title":"Termine - FUSS e.V. Bremerhaven","og_description":"[vc_row][vc_column][vc_column_text css=&#8221;&#8221;]KNEIPP und FUSS e.V.: KNEIPP und FUSS e.V., OG Bremerhaven laden wieder in Kooperation auch 2026 zu monatlichen Wandertouren in Bremerhaven und Umgebung ein. Die erste Wanderung startet am Samstag, den 28. M\u00e4rz. Wandern [&hellip;]","og_url":"https:\/\/www.fuss-ev.de\/bremerhaven\/termine\/","og_site_name":"FUSS e.V. Bremerhaven","article_modified_time":"2026-03-19T08:38:32+00:00","twitter_card":"summary_large_image","twitter_misc":{"Gesch\u00e4tzte Lesezeit":"2\u00a0Minuten"},"schema":{"@context":"https:\/\/schema.org","@graph":[{"@type":"WebPage","@id":"https:\/\/www.fuss-ev.de\/bremerhaven\/termine\/","url":"https:\/\/www.fuss-ev.de\/bremerhaven\/termine\/","name":"Termine - FUSS e.V. Bremerhaven","isPartOf":{"@id":"https:\/\/www.fuss-ev.de\/bremerhaven\/#website"},"datePublished":"2025-08-27T10:08:15+00:00","dateModified":"2026-03-19T08:38:32+00:00","breadcrumb":{"@id":"https:\/\/www.fuss-ev.de\/bremerhaven\/termine\/#breadcrumb"},"inLanguage":"de","potentialAction":[{"@type":"ReadAction","target":["https:\/\/www.fuss-ev.de\/bremerhaven\/termine\/"]}]},{"@type":"BreadcrumbList","@id":"https:\/\/www.fuss-ev.de\/bremerhaven\/termine\/#breadcrumb","itemListElement":[{"@type":"ListItem","position":1,"name":"Startseite","item":"https:\/\/www.fuss-ev.de\/bremerhaven\/"},{"@type":"ListItem","position":2,"name":"Termine"}]},{"@type":"WebSite","@id":"https:\/\/www.fuss-ev.de\/bremerhaven\/#website","url":"https:\/\/www.fuss-ev.de\/bremerhaven\/","name":"FUSS e.V. Bremerhaven","description":"","publisher":{"@id":"https:\/\/www.fuss-ev.de\/bremerhaven\/#organization"},"potentialAction":[{"@type":"SearchAction","target":{"@type":"EntryPoint","urlTemplate":"https:\/\/www.fuss-ev.de\/bremerhaven\/?s={search_term_string}"},"query-input":{"@type":"PropertyValueSpecification","valueRequired":true,"valueName":"search_term_string"}}],"inLanguage":"de"},{"@type":"Organization","@id":"https:\/\/www.fuss-ev.de\/bremerhaven\/#organization","name":"FUSS e.V. Bremerhaven","url":"https:\/\/www.fuss-ev.de\/bremerhaven\/","logo":{"@type":"ImageObject","inLanguage":"de","@id":"https:\/\/www.fuss-ev.de\/bremerhaven\/#\/schema\/logo\/image\/","url":"https:\/\/www.fuss-ev.de\/bremerhaven\/wp-content\/uploads\/sites\/36\/2025\/01\/FUSS_Logo.jpg","contentUrl":"https:\/\/www.fuss-ev.de\/bremerhaven\/wp-content\/uploads\/sites\/36\/2025\/01\/FUSS_Logo.jpg","width":2082,"height":979,"caption":"FUSS e.V. Bremerhaven"},"image":{"@id":"https:\/\/www.fuss-ev.de\/bremerhaven\/#\/schema\/logo\/image\/"}}]}},"publishpress_future_action":{"enabled":false,"date":"2026-04-25 19:54:21","action":"change-status","newStatus":"draft","terms":[],"taxonomy":"","extraData":[]},"publishpress_future_workflow_manual_trigger":{"enabledWorkflows":[]},"_links":{"self":[{"href":"https:\/\/www.fuss-ev.de\/bremerhaven\/wp-json\/wp\/v2\/pages\/4680","targetHints":{"allow":["GET"]}}],"collection":[{"href":"https:\/\/www.fuss-ev.de\/bremerhaven\/wp-json\/wp\/v2\/pages"}],"about":[{"href":"https:\/\/www.fuss-ev.de\/bremerhaven\/wp-json\/wp\/v2\/types\/page"}],"author":[{"embeddable":true,"href":"https:\/\/www.fuss-ev.de\/bremerhaven\/wp-json\/wp\/v2\/users\/70"}],"replies":[{"embeddable":true,"href":"https:\/\/www.fuss-ev.de\/bremerhaven\/wp-json\/wp\/v2\/comments?post=4680"}],"version-history":[{"count":37,"href":"https:\/\/www.fuss-ev.de\/bremerhaven\/wp-json\/wp\/v2\/pages\/4680\/revisions"}],"predecessor-version":[{"id":4977,"href":"https:\/\/www.fuss-ev.de\/bremerhaven\/wp-json\/wp\/v2\/pages\/4680\/revisions\/4977"}],"wp:attachment":[{"href":"https:\/\/www.fuss-ev.de\/bremerhaven\/wp-json\/wp\/v2\/media?parent=4680"}],"curies":[{"name":"wp","href":"https:\/\/api.w.org\/{rel}","templated":true}]}}