{"id":5097,"date":"2026-01-11T11:34:49","date_gmt":"2026-01-11T10:34:49","guid":{"rendered":"https:\/\/www.fuss-ev.de\/bochum\/?page_id=5097"},"modified":"2026-01-11T12:09:07","modified_gmt":"2026-01-11T11:09:07","slug":"vor-ort","status":"publish","type":"page","link":"https:\/\/www.fuss-ev.de\/bochum\/vor-ort\/","title":{"rendered":"Vor Ort"},"content":{"rendered":"<div class=\"wpb-content-wrapper\"><p>[vc_row][vc_column]<section class=\"ziele-area\"><div class=\"container\">\r\n          <div class=\"row\">\r\n            <div class=\"col-12\">\r\n              <div class=\"width-1040\">\r\n\r\n                <div class=\"article-inner\">\r\n                  <div class=\"article-title title\">\r\n                    <h3>Aktuelles aus Bochum<\/h3>\r\n                  <\/div>\r\n                  <div class=\"article-arrows\">\r\n                    <div class=\"r-left\">\r\n                      <svg width=\"45\" height=\"45\" viewBox=\"0 0 45 45\" fill=\"none\" xmlns=\"http:\/\/www.w3.org\/2000\/svg\">\r\n                        <circle cx=\"22.5\" cy=\"22.5\" r=\"22\" transform=\"rotate(-180 22.5 22.5)\" stroke=\"#858585\" \/>\r\n                        <g clip-path=\"url(#clip0_2_130)\">\r\n                          <path\r\n                            d=\"M16.6233 23.9804L19.3646 26.7499C19.4304 26.8163 19.5088 26.869 19.5951 26.905C19.6814 26.941 19.774 26.9595 19.8675 26.9595C19.961 26.9595 20.0536 26.941 20.1399 26.905C20.2262 26.869 20.3046 26.8163 20.3704 26.7499C20.5023 26.6172 20.5764 26.4377 20.5764 26.2506C20.5764 26.0634 20.5023 25.8839 20.3704 25.7512L17.8487 23.2083L32.2917 23.2083C32.4795 23.2083 32.6597 23.1337 32.7925 23.0008C32.9254 22.868 33 22.6878 33 22.4999V22.4999C33 22.3121 32.9254 22.1319 32.7925 21.9991C32.6597 21.8662 32.4795 21.7916 32.2917 21.7916L17.8062 21.7916L20.3704 19.2345C20.4368 19.1687 20.4895 19.0903 20.5255 19.004C20.5614 18.9177 20.5799 18.8251 20.5799 18.7316C20.5799 18.6381 20.5614 18.5455 20.5255 18.4592C20.4895 18.3729 20.4368 18.2945 20.3704 18.2287C20.3046 18.1623 20.2262 18.1096 20.1399 18.0736C20.0536 18.0377 19.961 18.0192 19.8675 18.0192C19.774 18.0192 19.6814 18.0377 19.5951 18.0736C19.5088 18.1096 19.4304 18.1623 19.3646 18.2287L16.6233 20.977C16.2254 21.3755 16.0019 21.9156 16.0019 22.4787C16.0019 23.0418 16.2254 23.5819 16.6233 23.9804Z\"\r\n                            fill=\"#858585\" \/>\r\n                        <\/g>\r\n                        <defs>\r\n                          <clipPath id=\"clip0_2_130\">\r\n                            <rect width=\"17\" height=\"17\" fill=\"white\" transform=\"translate(33 31) rotate(-180)\" \/>\r\n                          <\/clipPath>\r\n                        <\/defs>\r\n                      <\/svg>\r\n\r\n                    <\/div><!-- \/.r-left -->\r\n                    <div class=\"r-right\">\r\n                      <svg width=\"45\" height=\"45\" viewBox=\"0 0 45 45\" fill=\"none\" xmlns=\"http:\/\/www.w3.org\/2000\/svg\">\r\n                        <circle cx=\"22.5\" cy=\"22.5\" r=\"22\" stroke=\"#858585\" \/>\r\n                        <g clip-path=\"url(#clip0_2_406)\">\r\n                          <path\r\n                            d=\"M28.3767 21.0196L25.6354 18.25C25.5696 18.1836 25.4912 18.1309 25.4049 18.0949C25.3186 18.059 25.226 18.0405 25.1325 18.0405C25.039 18.0405 24.9464 18.059 24.8601 18.0949C24.7738 18.1309 24.6954 18.1836 24.6296 18.25C24.4977 18.3827 24.4236 18.5622 24.4236 18.7494C24.4236 18.9365 24.4977 19.116 24.6296 19.2487L27.1513 21.7917H12.7083C12.5205 21.7917 12.3403 21.8663 12.2075 21.9991C12.0746 22.132 12 22.3121 12 22.5V22.5C12 22.6879 12.0746 22.868 12.2075 23.0009C12.3403 23.1337 12.5205 23.2083 12.7083 23.2083H27.1938L24.6296 25.7654C24.5632 25.8313 24.5105 25.9096 24.4745 25.9959C24.4386 26.0822 24.4201 26.1748 24.4201 26.2683C24.4201 26.3618 24.4386 26.4544 24.4745 26.5407C24.5105 26.627 24.5632 26.7054 24.6296 26.7712C24.6954 26.8376 24.7738 26.8903 24.8601 26.9263C24.9464 26.9622 25.039 26.9808 25.1325 26.9808C25.226 26.9808 25.3186 26.9622 25.4049 26.9263C25.4912 26.8903 25.5696 26.8376 25.6354 26.7712L28.3767 24.0229C28.7746 23.6245 28.9981 23.0844 28.9981 22.5212C28.9981 21.9581 28.7746 21.418 28.3767 21.0196Z\"\r\n                            fill=\"#858585\" \/>\r\n                        <\/g>\r\n                        <defs>\r\n                          <clipPath id=\"clip0_2_406\">\r\n                            <rect width=\"17\" height=\"17\" fill=\"white\" transform=\"translate(12 14)\" \/>\r\n                          <\/clipPath>\r\n                        <\/defs>\r\n                      <\/svg>\r\n\r\n                    <\/div><!-- \/.r-right -->\r\n\r\n                    <\/div>\r\n                  <\/div>\r\n                  <div class=\"ziele-slider\" >\r\n                \r\n<div class=\"article-card\">\r\n  <div class=\"article-inner-card\">\r\n    <div class=\"article-card-img\"><div class=\"single-image-holder\"><img loading=\"lazy\" decoding=\"async\" width=\"1455\" height=\"1455\" src=\"https:\/\/www.fuss-ev.de\/bochum\/wp-content\/uploads\/sites\/26\/2026\/01\/SchneeGlatteis-Kopie-1-scaled-e1768246855340.jpg\" class=\"attachment-full size-full wp-post-image\" alt=\"Das Bild zeigt einen Gehweg, der leicht mit Schnee bedeckt ist\" srcset=\"https:\/\/www.fuss-ev.de\/bochum\/wp-content\/uploads\/sites\/26\/2026\/01\/SchneeGlatteis-Kopie-1-scaled-e1768246855340.jpg 1455w, https:\/\/www.fuss-ev.de\/bochum\/wp-content\/uploads\/sites\/26\/2026\/01\/SchneeGlatteis-Kopie-1-scaled-e1768246855340-150x150.jpg 150w, https:\/\/www.fuss-ev.de\/bochum\/wp-content\/uploads\/sites\/26\/2026\/01\/SchneeGlatteis-Kopie-1-scaled-e1768246855340-300x300.jpg 300w, https:\/\/www.fuss-ev.de\/bochum\/wp-content\/uploads\/sites\/26\/2026\/01\/SchneeGlatteis-Kopie-1-scaled-e1768246855340-768x768.jpg 768w, https:\/\/www.fuss-ev.de\/bochum\/wp-content\/uploads\/sites\/26\/2026\/01\/SchneeGlatteis-Kopie-1-scaled-e1768246855340-1024x1024.jpg 1024w, https:\/\/www.fuss-ev.de\/bochum\/wp-content\/uploads\/sites\/26\/2026\/01\/SchneeGlatteis-Kopie-1-scaled-e1768246855340-100x100.jpg 100w\" sizes=\"auto, (max-width: 1455px) 100vw, 1455px\" \/><div class=\"img-source\"><span>Bild: Jutta Schr\u00f6der<\/span><\/div><\/div><\/div>    <div class=\"article-slider-text\">\r\n      <span>11.01.26<\/span>      <h3>Schnee und Glatteis gef\u00e4hrden Fu\u00dfg\u00e4ngerinnen und Fu\u00dfg\u00e4nger<\/h3>\r\n      <p><p>[vc_row][vc_column][vc_column_text css=&#8221;&#8221;] Im Winter gef\u00e4hrden vereiste Gehwege die zu Fu\u00df gehenden Menschen &#8211; wie hier an einer beispielhaften Stra\u00dfe in Bochum.\u00a0Das Wegr\u00e4umen von Schnee und Eis z\u00e4hlt zu den Aufgaben von Hausbesitzenden und Mietern. Dabei [&hellip;]<\/p>\n<\/p>\r\n      <a href=\"https:\/\/www.fuss-ev.de\/bochum\/2026\/01\/11\/schnee-und-glatteis-gefaehrden-fussgaengerinnen-und-fussgaenger\/\" target=\"_blank\">Mehr...<\/a>\r\n    <\/div>\r\n  <\/div>\r\n<\/div>\r\n\r\n<div class=\"article-card\">\r\n  <div class=\"article-inner-card\">\r\n    <div class=\"article-card-img\"><div class=\"single-image-holder\"><img loading=\"lazy\" decoding=\"async\" width=\"1355\" height=\"1355\" src=\"https:\/\/www.fuss-ev.de\/bochum\/wp-content\/uploads\/sites\/26\/2025\/12\/E-Scooter-e1768247215481.jpeg\" class=\"attachment-full size-full wp-post-image\" alt=\"Das Foto zeigt einen Stra\u00dfenbereich mit Gehwegen, die durch f\u00fcnf platzierte E-Scooter blockiert werden\" srcset=\"https:\/\/www.fuss-ev.de\/bochum\/wp-content\/uploads\/sites\/26\/2025\/12\/E-Scooter-e1768247215481.jpeg 1355w, https:\/\/www.fuss-ev.de\/bochum\/wp-content\/uploads\/sites\/26\/2025\/12\/E-Scooter-e1768247215481-150x150.jpeg 150w, https:\/\/www.fuss-ev.de\/bochum\/wp-content\/uploads\/sites\/26\/2025\/12\/E-Scooter-e1768247215481-300x300.jpeg 300w, https:\/\/www.fuss-ev.de\/bochum\/wp-content\/uploads\/sites\/26\/2025\/12\/E-Scooter-e1768247215481-768x768.jpeg 768w, https:\/\/www.fuss-ev.de\/bochum\/wp-content\/uploads\/sites\/26\/2025\/12\/E-Scooter-e1768247215481-1024x1024.jpeg 1024w, https:\/\/www.fuss-ev.de\/bochum\/wp-content\/uploads\/sites\/26\/2025\/12\/E-Scooter-e1768247215481-100x100.jpeg 100w\" sizes=\"auto, (max-width: 1355px) 100vw, 1355px\" \/><div class=\"img-source\"><span>Bild: Jutta Schr\u00f6der<\/span><\/div><\/div><\/div>    <div class=\"article-slider-text\">\r\n      <span>09.12.25<\/span>      <h3>Grobe Attacke auf den Fu\u00dfverkehr<\/h3>\r\n      <p><p>[vc_row][vc_column][vc_column_text css=&#8221;&#8221;]Unachtsam abgestellte E-Scooter blockieren oft den gesamten Gehweg &#8211; wie hier an der blauen Br\u00fccke an der Zollstra\u00dfe in H\u00f6ntrop. Gerade das kurzfristige Ausleihen verf\u00fchrt zu unverantwortlichem Abstellen. Deshalb w\u00fcnschen wir uns ausgewiesene Parkfl\u00e4chen, [&hellip;]<\/p>\n<\/p>\r\n      <a href=\"https:\/\/www.fuss-ev.de\/bochum\/2025\/12\/09\/grobe-attacke-auf-den-fussverkehr\/\" target=\"_blank\">Mehr...<\/a>\r\n    <\/div>\r\n  <\/div>\r\n<\/div>\r\n\r\n<div class=\"article-card\">\r\n  <div class=\"article-inner-card\">\r\n    <div class=\"article-card-img\"><div class=\"single-image-holder\"><img loading=\"lazy\" decoding=\"async\" width=\"610\" height=\"610\" src=\"https:\/\/www.fuss-ev.de\/bochum\/wp-content\/uploads\/sites\/26\/2025\/11\/Lokalzeit-Ruhr-e1768247328442.webp\" class=\"attachment-full size-full wp-post-image\" alt=\"Logo der Lokalzeit Ruhr. Blaues Design mit einem F\u00f6rderturm\" srcset=\"https:\/\/www.fuss-ev.de\/bochum\/wp-content\/uploads\/sites\/26\/2025\/11\/Lokalzeit-Ruhr-e1768247328442.webp 610w, https:\/\/www.fuss-ev.de\/bochum\/wp-content\/uploads\/sites\/26\/2025\/11\/Lokalzeit-Ruhr-e1768247328442-300x300.webp 300w, https:\/\/www.fuss-ev.de\/bochum\/wp-content\/uploads\/sites\/26\/2025\/11\/Lokalzeit-Ruhr-e1768247328442-150x150.webp 150w, https:\/\/www.fuss-ev.de\/bochum\/wp-content\/uploads\/sites\/26\/2025\/11\/Lokalzeit-Ruhr-e1768247328442-100x100.webp 100w\" sizes=\"auto, (max-width: 610px) 100vw, 610px\" \/><\/div><\/div>    <div class=\"article-slider-text\">\r\n      <span>27.11.25<\/span>      <h3>Fuss e.V. in der Lokalzeit<\/h3>\r\n      <p><p>[vc_row][vc_column][vc_column_text css=&#8221;&#8221;] Seit einigen Monaten setzt sich der Fuss e.V. f\u00fcr eine Verkehrsberuhigung in der Windthorststra\u00dfe in Riemke ein. Eine Anwohnerin schreibt dazu: &#8220;Seitdem im Nov. 2023 zwei Nachbarstra\u00dfen eine Abpollerung bekommen haben, f\u00e4hrt der [&hellip;]<\/p>\n<\/p>\r\n      <a href=\"https:\/\/www.fuss-ev.de\/bochum\/2025\/11\/27\/fuss-e-v-in-der-lokalzeit\/\" target=\"_blank\">Mehr...<\/a>\r\n    <\/div>\r\n  <\/div>\r\n<\/div>\r\n\r\n                  <\/div>\r\n                  <\/div>\r\n                  <\/div>\r\n                  <\/div>\r\n                  <\/div>\r\n                  <\/section>[vc_column_text css=&#8221;.vc_custom_1738151598483{margin-bottom: 0px !important;}&#8221;][\/vc_column_text][\/vc_column][\/vc_row]<\/p>\n<\/div>","protected":false},"excerpt":{"rendered":"<p>[vc_row][vc_column][vc_column_text css=&#8221;.vc_custom_1738151598483{margin-bottom: 0px !important;}&#8221;][\/vc_column_text][\/vc_column][\/vc_row]<\/p>\n","protected":false},"author":50,"featured_media":0,"parent":0,"menu_order":0,"comment_status":"closed","ping_status":"closed","template":"","meta":{"_acf_changed":false,"_relevanssi_hide_post":"","_relevanssi_hide_content":"","_relevanssi_pin_for_all":"","_relevanssi_pin_keywords":"","_relevanssi_unpin_keywords":"","_relevanssi_related_keywords":"","_relevanssi_related_include_ids":"","_relevanssi_related_exclude_ids":"","_relevanssi_related_no_append":"","_relevanssi_related_not_related":"","_relevanssi_related_posts":"","_relevanssi_noindex_reason":"","inline_featured_image":false,"footnotes":""},"class_list":["post-5097","page","type-page","status-publish","hentry"],"acf":[],"yoast_head":"<!-- This site is optimized with the Yoast SEO plugin v27.2 - https:\/\/yoast.com\/product\/yoast-seo-wordpress\/ -->\n<title>Vor Ort - Fuss e.V. Bochum<\/title>\n<meta name=\"robots\" content=\"noindex, follow, max-snippet:-1, max-image-preview:large, max-video-preview:-1\" \/>\n<meta property=\"og:locale\" content=\"de_DE\" \/>\n<meta property=\"og:type\" content=\"article\" \/>\n<meta property=\"og:title\" content=\"Vor Ort - Fuss e.V. Bochum\" \/>\n<meta property=\"og:description\" content=\"[vc_row][vc_column][vc_column_text css=&#8221;.vc_custom_1738151598483{margin-bottom: 0px !important;}&#8221;][\/vc_column_text][\/vc_column][\/vc_row]\" \/>\n<meta property=\"og:url\" content=\"https:\/\/www.fuss-ev.de\/bochum\/vor-ort\/\" \/>\n<meta property=\"og:site_name\" content=\"Fuss e.V. Bochum\" \/>\n<meta property=\"article:modified_time\" content=\"2026-01-11T11:09:07+00:00\" \/>\n<meta name=\"twitter:card\" content=\"summary_large_image\" \/>\n<meta name=\"twitter:label1\" content=\"Gesch\u00e4tzte Lesezeit\" \/>\n\t<meta name=\"twitter:data1\" content=\"1\u00a0Minute\" \/>\n<script type=\"application\/ld+json\" class=\"yoast-schema-graph\">{\"@context\":\"https:\/\/schema.org\",\"@graph\":[{\"@type\":\"WebPage\",\"@id\":\"https:\/\/www.fuss-ev.de\/bochum\/vor-ort\/\",\"url\":\"https:\/\/www.fuss-ev.de\/bochum\/vor-ort\/\",\"name\":\"Vor Ort - Fuss e.V. Bochum\",\"isPartOf\":{\"@id\":\"https:\/\/www.fuss-ev.de\/bochum\/#website\"},\"datePublished\":\"2026-01-11T10:34:49+00:00\",\"dateModified\":\"2026-01-11T11:09:07+00:00\",\"breadcrumb\":{\"@id\":\"https:\/\/www.fuss-ev.de\/bochum\/vor-ort\/#breadcrumb\"},\"inLanguage\":\"de\",\"potentialAction\":[{\"@type\":\"ReadAction\",\"target\":[\"https:\/\/www.fuss-ev.de\/bochum\/vor-ort\/\"]}]},{\"@type\":\"BreadcrumbList\",\"@id\":\"https:\/\/www.fuss-ev.de\/bochum\/vor-ort\/#breadcrumb\",\"itemListElement\":[{\"@type\":\"ListItem\",\"position\":1,\"name\":\"Startseite\",\"item\":\"https:\/\/www.fuss-ev.de\/bochum\/\"},{\"@type\":\"ListItem\",\"position\":2,\"name\":\"Vor Ort\"}]},{\"@type\":\"WebSite\",\"@id\":\"https:\/\/www.fuss-ev.de\/bochum\/#website\",\"url\":\"https:\/\/www.fuss-ev.de\/bochum\/\",\"name\":\"Fuss e.V. Bochum\",\"description\":\"\",\"publisher\":{\"@id\":\"https:\/\/www.fuss-ev.de\/bochum\/#organization\"},\"potentialAction\":[{\"@type\":\"SearchAction\",\"target\":{\"@type\":\"EntryPoint\",\"urlTemplate\":\"https:\/\/www.fuss-ev.de\/bochum\/?s={search_term_string}\"},\"query-input\":{\"@type\":\"PropertyValueSpecification\",\"valueRequired\":true,\"valueName\":\"search_term_string\"}}],\"inLanguage\":\"de\"},{\"@type\":\"Organization\",\"@id\":\"https:\/\/www.fuss-ev.de\/bochum\/#organization\",\"name\":\"Fuss e.V. Bochum\",\"url\":\"https:\/\/www.fuss-ev.de\/bochum\/\",\"logo\":{\"@type\":\"ImageObject\",\"inLanguage\":\"de\",\"@id\":\"https:\/\/www.fuss-ev.de\/bochum\/#\/schema\/logo\/image\/\",\"url\":\"https:\/\/www.fuss-ev.de\/bochum\/wp-content\/uploads\/sites\/26\/2025\/01\/FUSS_Logo.jpg\",\"contentUrl\":\"https:\/\/www.fuss-ev.de\/bochum\/wp-content\/uploads\/sites\/26\/2025\/01\/FUSS_Logo.jpg\",\"width\":2082,\"height\":979,\"caption\":\"Fuss e.V. Bochum\"},\"image\":{\"@id\":\"https:\/\/www.fuss-ev.de\/bochum\/#\/schema\/logo\/image\/\"}}]}<\/script>\n<!-- \/ Yoast SEO plugin. -->","yoast_head_json":{"title":"Vor Ort - Fuss e.V. Bochum","robots":{"index":"noindex","follow":"follow","max-snippet":"max-snippet:-1","max-image-preview":"max-image-preview:large","max-video-preview":"max-video-preview:-1"},"og_locale":"de_DE","og_type":"article","og_title":"Vor Ort - Fuss e.V. Bochum","og_description":"[vc_row][vc_column][vc_column_text css=&#8221;.vc_custom_1738151598483{margin-bottom: 0px !important;}&#8221;][\/vc_column_text][\/vc_column][\/vc_row]","og_url":"https:\/\/www.fuss-ev.de\/bochum\/vor-ort\/","og_site_name":"Fuss e.V. Bochum","article_modified_time":"2026-01-11T11:09:07+00:00","twitter_card":"summary_large_image","twitter_misc":{"Gesch\u00e4tzte Lesezeit":"1\u00a0Minute"},"schema":{"@context":"https:\/\/schema.org","@graph":[{"@type":"WebPage","@id":"https:\/\/www.fuss-ev.de\/bochum\/vor-ort\/","url":"https:\/\/www.fuss-ev.de\/bochum\/vor-ort\/","name":"Vor Ort - Fuss e.V. Bochum","isPartOf":{"@id":"https:\/\/www.fuss-ev.de\/bochum\/#website"},"datePublished":"2026-01-11T10:34:49+00:00","dateModified":"2026-01-11T11:09:07+00:00","breadcrumb":{"@id":"https:\/\/www.fuss-ev.de\/bochum\/vor-ort\/#breadcrumb"},"inLanguage":"de","potentialAction":[{"@type":"ReadAction","target":["https:\/\/www.fuss-ev.de\/bochum\/vor-ort\/"]}]},{"@type":"BreadcrumbList","@id":"https:\/\/www.fuss-ev.de\/bochum\/vor-ort\/#breadcrumb","itemListElement":[{"@type":"ListItem","position":1,"name":"Startseite","item":"https:\/\/www.fuss-ev.de\/bochum\/"},{"@type":"ListItem","position":2,"name":"Vor Ort"}]},{"@type":"WebSite","@id":"https:\/\/www.fuss-ev.de\/bochum\/#website","url":"https:\/\/www.fuss-ev.de\/bochum\/","name":"Fuss e.V. Bochum","description":"","publisher":{"@id":"https:\/\/www.fuss-ev.de\/bochum\/#organization"},"potentialAction":[{"@type":"SearchAction","target":{"@type":"EntryPoint","urlTemplate":"https:\/\/www.fuss-ev.de\/bochum\/?s={search_term_string}"},"query-input":{"@type":"PropertyValueSpecification","valueRequired":true,"valueName":"search_term_string"}}],"inLanguage":"de"},{"@type":"Organization","@id":"https:\/\/www.fuss-ev.de\/bochum\/#organization","name":"Fuss e.V. Bochum","url":"https:\/\/www.fuss-ev.de\/bochum\/","logo":{"@type":"ImageObject","inLanguage":"de","@id":"https:\/\/www.fuss-ev.de\/bochum\/#\/schema\/logo\/image\/","url":"https:\/\/www.fuss-ev.de\/bochum\/wp-content\/uploads\/sites\/26\/2025\/01\/FUSS_Logo.jpg","contentUrl":"https:\/\/www.fuss-ev.de\/bochum\/wp-content\/uploads\/sites\/26\/2025\/01\/FUSS_Logo.jpg","width":2082,"height":979,"caption":"Fuss e.V. Bochum"},"image":{"@id":"https:\/\/www.fuss-ev.de\/bochum\/#\/schema\/logo\/image\/"}}]}},"publishpress_future_action":{"enabled":false,"date":"2026-04-17 01:46:47","action":"change-status","newStatus":"draft","terms":[],"taxonomy":"","extraData":[]},"publishpress_future_workflow_manual_trigger":{"enabledWorkflows":[]},"_links":{"self":[{"href":"https:\/\/www.fuss-ev.de\/bochum\/wp-json\/wp\/v2\/pages\/5097","targetHints":{"allow":["GET"]}}],"collection":[{"href":"https:\/\/www.fuss-ev.de\/bochum\/wp-json\/wp\/v2\/pages"}],"about":[{"href":"https:\/\/www.fuss-ev.de\/bochum\/wp-json\/wp\/v2\/types\/page"}],"author":[{"embeddable":true,"href":"https:\/\/www.fuss-ev.de\/bochum\/wp-json\/wp\/v2\/users\/50"}],"replies":[{"embeddable":true,"href":"https:\/\/www.fuss-ev.de\/bochum\/wp-json\/wp\/v2\/comments?post=5097"}],"version-history":[{"count":4,"href":"https:\/\/www.fuss-ev.de\/bochum\/wp-json\/wp\/v2\/pages\/5097\/revisions"}],"predecessor-version":[{"id":5115,"href":"https:\/\/www.fuss-ev.de\/bochum\/wp-json\/wp\/v2\/pages\/5097\/revisions\/5115"}],"wp:attachment":[{"href":"https:\/\/www.fuss-ev.de\/bochum\/wp-json\/wp\/v2\/media?parent=5097"}],"curies":[{"name":"wp","href":"https:\/\/api.w.org\/{rel}","templated":true}]}}