{"id":4720,"date":"2025-04-29T16:05:08","date_gmt":"2025-04-29T14:05:08","guid":{"rendered":"https:\/\/www.fuss-ev.de\/berlin\/?page_id=4720"},"modified":"2026-02-01T12:32:29","modified_gmt":"2026-02-01T11:32:29","slug":"sicherheit","status":"publish","type":"page","link":"https:\/\/www.fuss-ev.de\/berlin\/infos-nuetzliches\/sicherheit\/","title":{"rendered":"Sicherheit"},"content":{"rendered":"<div class=\"wpb-content-wrapper\"><p>[vc_row][vc_column width=&#8221;1\/6&#8243;][\/vc_column][vc_column width=&#8221;2\/3&#8243;][vc_column_text css=&#8221;&#8221;]<\/p>\n<h1>Sicherheit: Dem Senat nicht so wichtig<\/h1>\n<p>Berlins Fu\u00dfverkehr hat ein gravierendes Sicherheitsproblem. 2024 starben 55 Menschen nach Verkehrsunf\u00e4llen, weitere 16.425 wurden verletzt. Fast die H\u00e4lfte der Get\u00f6teten &#8211; 24 Menschen &#8211; waren zu Fu\u00df unterwegs gewesen, von ihnen waren 17 \u00fcber 70 Jahre alt. Am st\u00e4rksten gef\u00e4hrdet sind also nicht ungest\u00fcme j\u00fcngere Menschen, sondern die besonders erfahrenen, bed\u00e4chtigen und regeltreuen \u00c4lteren. F\u00fcr sie ist oft Fahrverkehr zu schnell, zu viel und zu un\u00fcbersichtlich. Sie br\u00e4uchten Entschleunigung und mehr sichere Fahrbahn-Querungen.<\/p>\n<p>Das widerspricht jedoch dem ideologischen Ziel, das der Berliner Senat verfolgt: Er will vor allem Autoverkehr (Senatorin Bonde nennt ihn &#8220;den Verkehr&#8221;) schnell betreiben, auch wenn nur 22 Prozent aller Wege der Berliner im Auto zur\u00fcckgelegt werden. Auf Hauptverkehrsstra\u00dfen soll an 23 Orten Tempo 30 wieder aufgegeben werden, obwohl nach seiner Einf\u00fchrung die Zahl der Unf\u00e4lle mit Verletzten und Toten um 27 Prozent sank.<\/p>\n<p>Auch l\u00e4sst der Senat zu, dass seiner Polizei die Kontrolle \u00fcber den Verkehrsraum mehr und mehr entgleitet. Blitzerger\u00e4te werden nicht wie geplant gekauft, die Bu\u00dfgeldstelle ist unterbesetzt, die sehr wirksame Fahrradstaffel wird nicht aufgestockt. Das hat keine finanziellen Gr\u00fcnde &#8211; Blitzer und Bu\u00dfgeld-Eintreiber spielen weit mehr als ihre Geh\u00e4lter ein. Hauptmotiv ist die Angst vor fahrenden Schreih\u00e4lsen, die Bu\u00dfgelder als &#8220;Abzocke&#8221; bezeichnen und die vor allem die CDU als W\u00e4hler gewinnen und bewahren will.<\/p>\n<p>Dabei ist die <a href=\"https:\/\/www.fuss-ev.de\/blog\/aktuelles\/neues-verkehrsrecht-licht-und-schatten\/\" target=\"_blank\" rel=\"noopener\">Rechtslage f\u00fcr mehr Sicherheit bundesweit verbessert<\/a>. Der Senat braucht aber heftigen Druck, um sie in Berlin auch auszuf\u00fchren. Erste Reaktionen zeigten: Er will weiter Tempo-Anarchie statt Sicherheit f\u00fcr alle.[\/vc_column_text][\/vc_column][vc_column width=&#8221;1\/6&#8243;][\/vc_column][\/vc_row][vc_row][vc_column][\/vc_column][\/vc_row]<\/p>\n<\/div>","protected":false},"excerpt":{"rendered":"<p>[vc_row][vc_column width=&#8221;1\/6&#8243;][\/vc_column][vc_column width=&#8221;2\/3&#8243;][vc_column_text css=&#8221;&#8221;] Sicherheit: Dem Senat nicht so wichtig Berlins Fu\u00dfverkehr hat ein gravierendes Sicherheitsproblem. 2024 starben 55 Menschen nach Verkehrsunf\u00e4llen, weitere 16.425 wurden verletzt. Fast die H\u00e4lfte der Get\u00f6teten &#8211; 24 Menschen &#8211; [&hellip;]<\/p>\n","protected":false},"author":32,"featured_media":0,"parent":4958,"menu_order":2,"comment_status":"closed","ping_status":"closed","template":"","meta":{"_acf_changed":false,"_relevanssi_hide_post":"","_relevanssi_hide_content":"","_relevanssi_pin_for_all":"","_relevanssi_pin_keywords":"","_relevanssi_unpin_keywords":"","_relevanssi_related_keywords":"","_relevanssi_related_include_ids":"","_relevanssi_related_exclude_ids":"","_relevanssi_related_no_append":"","_relevanssi_related_not_related":"","_relevanssi_related_posts":"","_relevanssi_noindex_reason":"","footnotes":""},"class_list":["post-4720","page","type-page","status-publish","hentry"],"acf":[],"yoast_head":"<!-- This site is optimized with the Yoast SEO plugin v27.5 - https:\/\/yoast.com\/product\/yoast-seo-wordpress\/ -->\n<title>Sicherheit - Berlin - FUSS e.V.<\/title>\n<meta name=\"description\" content=\"Berlin: Hohe Unfallzahlen im Fu\u00dfverkehr, vor allem \u00c4ltere betroffen. Der Senat setzt weiter auf Auto statt auf sichere Querungen.\" \/>\n<meta name=\"robots\" content=\"index, follow, max-snippet:-1, max-image-preview:large, max-video-preview:-1\" \/>\n<link rel=\"canonical\" href=\"https:\/\/www.fuss-ev.de\/berlin\/infos-nuetzliches\/sicherheit\/\" \/>\n<meta property=\"og:locale\" content=\"de_DE\" \/>\n<meta property=\"og:type\" content=\"article\" \/>\n<meta property=\"og:title\" content=\"Sicherheit - Berlin - FUSS e.V.\" \/>\n<meta property=\"og:description\" content=\"Berlin: Hohe Unfallzahlen im Fu\u00dfverkehr, vor allem \u00c4ltere betroffen. Der Senat setzt weiter auf Auto statt auf sichere Querungen.\" \/>\n<meta property=\"og:url\" content=\"https:\/\/www.fuss-ev.de\/berlin\/infos-nuetzliches\/sicherheit\/\" \/>\n<meta property=\"og:site_name\" content=\"Berlin - FUSS e.V.\" \/>\n<meta property=\"article:modified_time\" content=\"2026-02-01T11:32:29+00:00\" \/>\n<meta name=\"twitter:card\" content=\"summary_large_image\" \/>\n<meta name=\"twitter:label1\" content=\"Gesch\u00e4tzte Lesezeit\" \/>\n\t<meta name=\"twitter:data1\" content=\"2\u00a0Minuten\" \/>\n<script type=\"application\/ld+json\" class=\"yoast-schema-graph\">{\"@context\":\"https:\\\/\\\/schema.org\",\"@graph\":[{\"@type\":\"WebPage\",\"@id\":\"https:\\\/\\\/www.fuss-ev.de\\\/berlin\\\/infos-nuetzliches\\\/sicherheit\\\/\",\"url\":\"https:\\\/\\\/www.fuss-ev.de\\\/berlin\\\/infos-nuetzliches\\\/sicherheit\\\/\",\"name\":\"Sicherheit - Berlin - FUSS e.V.\",\"isPartOf\":{\"@id\":\"https:\\\/\\\/www.fuss-ev.de\\\/berlin\\\/#website\"},\"datePublished\":\"2025-04-29T14:05:08+00:00\",\"dateModified\":\"2026-02-01T11:32:29+00:00\",\"description\":\"Berlin: Hohe Unfallzahlen im Fu\u00dfverkehr, vor allem \u00c4ltere betroffen. Der Senat setzt weiter auf Auto statt auf sichere Querungen.\",\"breadcrumb\":{\"@id\":\"https:\\\/\\\/www.fuss-ev.de\\\/berlin\\\/infos-nuetzliches\\\/sicherheit\\\/#breadcrumb\"},\"inLanguage\":\"de\",\"potentialAction\":[{\"@type\":\"ReadAction\",\"target\":[\"https:\\\/\\\/www.fuss-ev.de\\\/berlin\\\/infos-nuetzliches\\\/sicherheit\\\/\"]}]},{\"@type\":\"BreadcrumbList\",\"@id\":\"https:\\\/\\\/www.fuss-ev.de\\\/berlin\\\/infos-nuetzliches\\\/sicherheit\\\/#breadcrumb\",\"itemListElement\":[{\"@type\":\"ListItem\",\"position\":1,\"name\":\"Startseite\",\"item\":\"https:\\\/\\\/www.fuss-ev.de\\\/berlin\\\/\"},{\"@type\":\"ListItem\",\"position\":2,\"name\":\"Infos und N\u00fctzliches\",\"item\":\"https:\\\/\\\/www.fuss-ev.de\\\/berlin\\\/infos-nuetzliches\\\/\"},{\"@type\":\"ListItem\",\"position\":3,\"name\":\"Sicherheit\"}]},{\"@type\":\"WebSite\",\"@id\":\"https:\\\/\\\/www.fuss-ev.de\\\/berlin\\\/#website\",\"url\":\"https:\\\/\\\/www.fuss-ev.de\\\/berlin\\\/\",\"name\":\"Berlin - FUSS e.V.\",\"description\":\"\",\"publisher\":{\"@id\":\"https:\\\/\\\/www.fuss-ev.de\\\/berlin\\\/#organization\"},\"potentialAction\":[{\"@type\":\"SearchAction\",\"target\":{\"@type\":\"EntryPoint\",\"urlTemplate\":\"https:\\\/\\\/www.fuss-ev.de\\\/berlin\\\/?s={search_term_string}\"},\"query-input\":{\"@type\":\"PropertyValueSpecification\",\"valueRequired\":true,\"valueName\":\"search_term_string\"}}],\"inLanguage\":\"de\"},{\"@type\":\"Organization\",\"@id\":\"https:\\\/\\\/www.fuss-ev.de\\\/berlin\\\/#organization\",\"name\":\"Berlin - FUSS e.V.\",\"url\":\"https:\\\/\\\/www.fuss-ev.de\\\/berlin\\\/\",\"logo\":{\"@type\":\"ImageObject\",\"inLanguage\":\"de\",\"@id\":\"https:\\\/\\\/www.fuss-ev.de\\\/berlin\\\/#\\\/schema\\\/logo\\\/image\\\/\",\"url\":\"https:\\\/\\\/www.fuss-ev.de\\\/berlin\\\/wp-content\\\/uploads\\\/sites\\\/6\\\/2025\\\/01\\\/FUSS_Logo.jpg\",\"contentUrl\":\"https:\\\/\\\/www.fuss-ev.de\\\/berlin\\\/wp-content\\\/uploads\\\/sites\\\/6\\\/2025\\\/01\\\/FUSS_Logo.jpg\",\"width\":2082,\"height\":979,\"caption\":\"Berlin - FUSS e.V.\"},\"image\":{\"@id\":\"https:\\\/\\\/www.fuss-ev.de\\\/berlin\\\/#\\\/schema\\\/logo\\\/image\\\/\"},\"sameAs\":[\"https:\\\/\\\/www.instagram.com\\\/fuss.berlin\\\/\"]}]}<\/script>\n<!-- \/ Yoast SEO plugin. -->","yoast_head_json":{"title":"Sicherheit - Berlin - FUSS e.V.","description":"Berlin: Hohe Unfallzahlen im Fu\u00dfverkehr, vor allem \u00c4ltere betroffen. Der Senat setzt weiter auf Auto statt auf sichere Querungen.","robots":{"index":"index","follow":"follow","max-snippet":"max-snippet:-1","max-image-preview":"max-image-preview:large","max-video-preview":"max-video-preview:-1"},"canonical":"https:\/\/www.fuss-ev.de\/berlin\/infos-nuetzliches\/sicherheit\/","og_locale":"de_DE","og_type":"article","og_title":"Sicherheit - Berlin - FUSS e.V.","og_description":"Berlin: Hohe Unfallzahlen im Fu\u00dfverkehr, vor allem \u00c4ltere betroffen. Der Senat setzt weiter auf Auto statt auf sichere Querungen.","og_url":"https:\/\/www.fuss-ev.de\/berlin\/infos-nuetzliches\/sicherheit\/","og_site_name":"Berlin - FUSS e.V.","article_modified_time":"2026-02-01T11:32:29+00:00","twitter_card":"summary_large_image","twitter_misc":{"Gesch\u00e4tzte Lesezeit":"2\u00a0Minuten"},"schema":{"@context":"https:\/\/schema.org","@graph":[{"@type":"WebPage","@id":"https:\/\/www.fuss-ev.de\/berlin\/infos-nuetzliches\/sicherheit\/","url":"https:\/\/www.fuss-ev.de\/berlin\/infos-nuetzliches\/sicherheit\/","name":"Sicherheit - Berlin - FUSS e.V.","isPartOf":{"@id":"https:\/\/www.fuss-ev.de\/berlin\/#website"},"datePublished":"2025-04-29T14:05:08+00:00","dateModified":"2026-02-01T11:32:29+00:00","description":"Berlin: Hohe Unfallzahlen im Fu\u00dfverkehr, vor allem \u00c4ltere betroffen. Der Senat setzt weiter auf Auto statt auf sichere Querungen.","breadcrumb":{"@id":"https:\/\/www.fuss-ev.de\/berlin\/infos-nuetzliches\/sicherheit\/#breadcrumb"},"inLanguage":"de","potentialAction":[{"@type":"ReadAction","target":["https:\/\/www.fuss-ev.de\/berlin\/infos-nuetzliches\/sicherheit\/"]}]},{"@type":"BreadcrumbList","@id":"https:\/\/www.fuss-ev.de\/berlin\/infos-nuetzliches\/sicherheit\/#breadcrumb","itemListElement":[{"@type":"ListItem","position":1,"name":"Startseite","item":"https:\/\/www.fuss-ev.de\/berlin\/"},{"@type":"ListItem","position":2,"name":"Infos und N\u00fctzliches","item":"https:\/\/www.fuss-ev.de\/berlin\/infos-nuetzliches\/"},{"@type":"ListItem","position":3,"name":"Sicherheit"}]},{"@type":"WebSite","@id":"https:\/\/www.fuss-ev.de\/berlin\/#website","url":"https:\/\/www.fuss-ev.de\/berlin\/","name":"Berlin - FUSS e.V.","description":"","publisher":{"@id":"https:\/\/www.fuss-ev.de\/berlin\/#organization"},"potentialAction":[{"@type":"SearchAction","target":{"@type":"EntryPoint","urlTemplate":"https:\/\/www.fuss-ev.de\/berlin\/?s={search_term_string}"},"query-input":{"@type":"PropertyValueSpecification","valueRequired":true,"valueName":"search_term_string"}}],"inLanguage":"de"},{"@type":"Organization","@id":"https:\/\/www.fuss-ev.de\/berlin\/#organization","name":"Berlin - FUSS e.V.","url":"https:\/\/www.fuss-ev.de\/berlin\/","logo":{"@type":"ImageObject","inLanguage":"de","@id":"https:\/\/www.fuss-ev.de\/berlin\/#\/schema\/logo\/image\/","url":"https:\/\/www.fuss-ev.de\/berlin\/wp-content\/uploads\/sites\/6\/2025\/01\/FUSS_Logo.jpg","contentUrl":"https:\/\/www.fuss-ev.de\/berlin\/wp-content\/uploads\/sites\/6\/2025\/01\/FUSS_Logo.jpg","width":2082,"height":979,"caption":"Berlin - FUSS e.V."},"image":{"@id":"https:\/\/www.fuss-ev.de\/berlin\/#\/schema\/logo\/image\/"},"sameAs":["https:\/\/www.instagram.com\/fuss.berlin\/"]}]}},"publishpress_future_action":{"enabled":false,"date":"2026-05-22 12:24:23","action":"change-status","newStatus":"draft","terms":[],"taxonomy":"","extraData":[]},"publishpress_future_workflow_manual_trigger":{"enabledWorkflows":[]},"_links":{"self":[{"href":"https:\/\/www.fuss-ev.de\/berlin\/wp-json\/wp\/v2\/pages\/4720","targetHints":{"allow":["GET"]}}],"collection":[{"href":"https:\/\/www.fuss-ev.de\/berlin\/wp-json\/wp\/v2\/pages"}],"about":[{"href":"https:\/\/www.fuss-ev.de\/berlin\/wp-json\/wp\/v2\/types\/page"}],"author":[{"embeddable":true,"href":"https:\/\/www.fuss-ev.de\/berlin\/wp-json\/wp\/v2\/users\/32"}],"replies":[{"embeddable":true,"href":"https:\/\/www.fuss-ev.de\/berlin\/wp-json\/wp\/v2\/comments?post=4720"}],"version-history":[{"count":7,"href":"https:\/\/www.fuss-ev.de\/berlin\/wp-json\/wp\/v2\/pages\/4720\/revisions"}],"predecessor-version":[{"id":5738,"href":"https:\/\/www.fuss-ev.de\/berlin\/wp-json\/wp\/v2\/pages\/4720\/revisions\/5738"}],"up":[{"embeddable":true,"href":"https:\/\/www.fuss-ev.de\/berlin\/wp-json\/wp\/v2\/pages\/4958"}],"wp:attachment":[{"href":"https:\/\/www.fuss-ev.de\/berlin\/wp-json\/wp\/v2\/media?parent=4720"}],"curies":[{"name":"wp","href":"https:\/\/api.w.org\/{rel}","templated":true}]}}