{"id":4715,"date":"2025-04-29T15:55:30","date_gmt":"2025-04-29T13:55:30","guid":{"rendered":"https:\/\/www.fuss-ev.de\/berlin\/?page_id=4715"},"modified":"2026-02-01T12:33:10","modified_gmt":"2026-02-01T11:33:10","slug":"aemter-und-anlaufstellen","status":"publish","type":"page","link":"https:\/\/www.fuss-ev.de\/berlin\/infos-nuetzliches\/aemter-und-anlaufstellen\/","title":{"rendered":"\u00c4mter und Anlaufstellen"},"content":{"rendered":"<div class=\"wpb-content-wrapper\"><p>[vc_row][vc_column width=&#8221;1\/6&#8243;][\/vc_column][vc_column width=&#8221;2\/3&#8243;][vc_column_text css=&#8221;&#8221;]<\/p>\n<h1>\u00c4mter und Anlaufstellen<\/h1>\n<p>Es gibt zwei Arten von Stra\u00dfen: die normalen und die sogenannten \u201e\u00fcbergeordneten\u201c. Zu diesen mehr <a href=\"https:\/\/www.berlin.de\/sen\/uvk\/mobilitaet-und-verkehr\/verkehrsplanung\/strassen-und-kfz-verkehr\/uebergeordnetes-strassennetz\/\" target=\"_blank\" rel=\"noopener\"><strong>hier<\/strong>,<\/a> unter anderem eine Karte mit diesen Stra\u00dfen zum Download. F\u00fcr die normalen und die Gehwege der \u00fcbergeordneten sind die Bezirke zust\u00e4ndig und hier wiederum die Stra\u00dfen- und Gr\u00fcnfl\u00e4chen\u00e4mter. Sie planen und bauen sie, stellen Verkehrsschilder auf und legen zum Beispiel Zebrastreifen an. Nicht zust\u00e4ndig sind sie aber f\u00fcr die Ampeln. Bezirkssache sind auch die Ordnungs\u00e4mter, die im \u00f6ffentlichen Raum vor allem f\u00fcr Gehwege und geparkte Fahrzeuge zust\u00e4ndig sind.<\/p>\n<p>Der Senat hat im \u00fcbergeordneten Stra\u00dfennetz die Hoheit \u00fcber die Fahrbahnen und \u00fcber die Verkehrsregeln. Au\u00dferdem ist er in der ganzen Stadt f\u00fcr die Ampeln zust\u00e4ndig.<\/p>\n<p>Auch bei Verkehrsverst\u00f6\u00dfen ist es kompliziert: Geschehen sie auf Gehwegen oder beim Parken auf der Fahrbahn, sind die Bezirke zust\u00e4ndig. Haben sie mit rollenden Fahrzeugen zu tun, dagegen die Polizei. Diese kann aber bei gravierenden Gefahren und Hindernissen stets gerufen werden, zum Beispiel wenn Falschparker gef\u00e4hrdend Ecken versperren.<\/p>\n<p>Mit zwei Kontaktseiten wollen es Berlins Beh\u00f6rden leichter machen, M\u00e4ngel oder Vorschl\u00e4ge zu melden. M\u00e4ngel und Probleme aller Art und in allen Bezirken lassend sich <a href=\"https:\/\/ordnungsamt.berlin.de\/frontend\/dynamic\" target=\"_blank\" rel=\"noopener\"><strong>hier<\/strong><\/a> melden. Vorschl\u00e4ge zu neuen Zebrastreifen, Mittelinseln und in die Fahrbahn hineinragenden Gehweg-Vorstreckungen an die beiden <strong><a href=\"https:\/\/www.berlin.de\/sen\/uvk\/mobilitaet-und-verkehr\/verkehrsplanung\/fussverkehr\/infrastruktur\/standortvorschlaege\/\" target=\"_blank\" rel=\"noopener\">hier<\/a><\/strong> genannten Stellen. F\u00fcr Anliegen und Beschwerden zu Ampeln ist die zweite dort genannte Mailadresse richtig.[\/vc_column_text][\/vc_column][vc_column width=&#8221;1\/6&#8243;][\/vc_column][\/vc_row][vc_row][vc_column][\/vc_column][\/vc_row]<\/p>\n<\/div>","protected":false},"excerpt":{"rendered":"<p>[vc_row][vc_column width=&#8221;1\/6&#8243;][\/vc_column][vc_column width=&#8221;2\/3&#8243;][vc_column_text css=&#8221;&#8221;] \u00c4mter und Anlaufstellen Es gibt zwei Arten von Stra\u00dfen: die normalen und die sogenannten \u201e\u00fcbergeordneten\u201c. Zu diesen mehr hier, unter anderem eine Karte mit diesen Stra\u00dfen zum Download. F\u00fcr die normalen [&hellip;]<\/p>\n","protected":false},"author":32,"featured_media":0,"parent":4958,"menu_order":3,"comment_status":"closed","ping_status":"closed","template":"","meta":{"_acf_changed":false,"_relevanssi_hide_post":"","_relevanssi_hide_content":"","_relevanssi_pin_for_all":"","_relevanssi_pin_keywords":"","_relevanssi_unpin_keywords":"","_relevanssi_related_keywords":"","_relevanssi_related_include_ids":"","_relevanssi_related_exclude_ids":"","_relevanssi_related_no_append":"","_relevanssi_related_not_related":"","_relevanssi_related_posts":"","_relevanssi_noindex_reason":"","footnotes":""},"class_list":["post-4715","page","type-page","status-publish","hentry"],"acf":[],"yoast_head":"<!-- This site is optimized with the Yoast SEO plugin v27.5 - https:\/\/yoast.com\/product\/yoast-seo-wordpress\/ -->\n<title>\u00c4mter und Anlaufstellen - Berlin - FUSS e.V.<\/title>\n<meta name=\"description\" content=\"Zust\u00e4ndigkeiten f\u00fcr Stra\u00dfen, Gehwege und Ampeln in Berlin: Bezirke, Senat, Polizei und Ansprechpartner f\u00fcr M\u00e4ngel und Vorschl\u00e4ge.\" \/>\n<meta name=\"robots\" content=\"index, follow, max-snippet:-1, max-image-preview:large, max-video-preview:-1\" \/>\n<link rel=\"canonical\" href=\"https:\/\/www.fuss-ev.de\/berlin\/infos-nuetzliches\/aemter-und-anlaufstellen\/\" \/>\n<meta property=\"og:locale\" content=\"de_DE\" \/>\n<meta property=\"og:type\" content=\"article\" \/>\n<meta property=\"og:title\" content=\"\u00c4mter und Anlaufstellen - Berlin - FUSS e.V.\" \/>\n<meta property=\"og:description\" content=\"Zust\u00e4ndigkeiten f\u00fcr Stra\u00dfen, Gehwege und Ampeln in Berlin: Bezirke, Senat, Polizei und Ansprechpartner f\u00fcr M\u00e4ngel und Vorschl\u00e4ge.\" \/>\n<meta property=\"og:url\" content=\"https:\/\/www.fuss-ev.de\/berlin\/infos-nuetzliches\/aemter-und-anlaufstellen\/\" \/>\n<meta property=\"og:site_name\" content=\"Berlin - FUSS e.V.\" \/>\n<meta property=\"article:modified_time\" content=\"2026-02-01T11:33:10+00:00\" \/>\n<meta name=\"twitter:card\" content=\"summary_large_image\" \/>\n<meta name=\"twitter:label1\" content=\"Gesch\u00e4tzte Lesezeit\" \/>\n\t<meta name=\"twitter:data1\" content=\"2\u00a0Minuten\" \/>\n<script type=\"application\/ld+json\" class=\"yoast-schema-graph\">{\"@context\":\"https:\\\/\\\/schema.org\",\"@graph\":[{\"@type\":\"WebPage\",\"@id\":\"https:\\\/\\\/www.fuss-ev.de\\\/berlin\\\/infos-nuetzliches\\\/aemter-und-anlaufstellen\\\/\",\"url\":\"https:\\\/\\\/www.fuss-ev.de\\\/berlin\\\/infos-nuetzliches\\\/aemter-und-anlaufstellen\\\/\",\"name\":\"\u00c4mter und Anlaufstellen - Berlin - FUSS e.V.\",\"isPartOf\":{\"@id\":\"https:\\\/\\\/www.fuss-ev.de\\\/berlin\\\/#website\"},\"datePublished\":\"2025-04-29T13:55:30+00:00\",\"dateModified\":\"2026-02-01T11:33:10+00:00\",\"description\":\"Zust\u00e4ndigkeiten f\u00fcr Stra\u00dfen, Gehwege und Ampeln in Berlin: Bezirke, Senat, Polizei und Ansprechpartner f\u00fcr M\u00e4ngel und Vorschl\u00e4ge.\",\"breadcrumb\":{\"@id\":\"https:\\\/\\\/www.fuss-ev.de\\\/berlin\\\/infos-nuetzliches\\\/aemter-und-anlaufstellen\\\/#breadcrumb\"},\"inLanguage\":\"de\",\"potentialAction\":[{\"@type\":\"ReadAction\",\"target\":[\"https:\\\/\\\/www.fuss-ev.de\\\/berlin\\\/infos-nuetzliches\\\/aemter-und-anlaufstellen\\\/\"]}]},{\"@type\":\"BreadcrumbList\",\"@id\":\"https:\\\/\\\/www.fuss-ev.de\\\/berlin\\\/infos-nuetzliches\\\/aemter-und-anlaufstellen\\\/#breadcrumb\",\"itemListElement\":[{\"@type\":\"ListItem\",\"position\":1,\"name\":\"Startseite\",\"item\":\"https:\\\/\\\/www.fuss-ev.de\\\/berlin\\\/\"},{\"@type\":\"ListItem\",\"position\":2,\"name\":\"Infos und N\u00fctzliches\",\"item\":\"https:\\\/\\\/www.fuss-ev.de\\\/berlin\\\/infos-nuetzliches\\\/\"},{\"@type\":\"ListItem\",\"position\":3,\"name\":\"\u00c4mter und Anlaufstellen\"}]},{\"@type\":\"WebSite\",\"@id\":\"https:\\\/\\\/www.fuss-ev.de\\\/berlin\\\/#website\",\"url\":\"https:\\\/\\\/www.fuss-ev.de\\\/berlin\\\/\",\"name\":\"Berlin - FUSS e.V.\",\"description\":\"\",\"publisher\":{\"@id\":\"https:\\\/\\\/www.fuss-ev.de\\\/berlin\\\/#organization\"},\"potentialAction\":[{\"@type\":\"SearchAction\",\"target\":{\"@type\":\"EntryPoint\",\"urlTemplate\":\"https:\\\/\\\/www.fuss-ev.de\\\/berlin\\\/?s={search_term_string}\"},\"query-input\":{\"@type\":\"PropertyValueSpecification\",\"valueRequired\":true,\"valueName\":\"search_term_string\"}}],\"inLanguage\":\"de\"},{\"@type\":\"Organization\",\"@id\":\"https:\\\/\\\/www.fuss-ev.de\\\/berlin\\\/#organization\",\"name\":\"Berlin - FUSS e.V.\",\"url\":\"https:\\\/\\\/www.fuss-ev.de\\\/berlin\\\/\",\"logo\":{\"@type\":\"ImageObject\",\"inLanguage\":\"de\",\"@id\":\"https:\\\/\\\/www.fuss-ev.de\\\/berlin\\\/#\\\/schema\\\/logo\\\/image\\\/\",\"url\":\"https:\\\/\\\/www.fuss-ev.de\\\/berlin\\\/wp-content\\\/uploads\\\/sites\\\/6\\\/2025\\\/01\\\/FUSS_Logo.jpg\",\"contentUrl\":\"https:\\\/\\\/www.fuss-ev.de\\\/berlin\\\/wp-content\\\/uploads\\\/sites\\\/6\\\/2025\\\/01\\\/FUSS_Logo.jpg\",\"width\":2082,\"height\":979,\"caption\":\"Berlin - FUSS e.V.\"},\"image\":{\"@id\":\"https:\\\/\\\/www.fuss-ev.de\\\/berlin\\\/#\\\/schema\\\/logo\\\/image\\\/\"},\"sameAs\":[\"https:\\\/\\\/www.instagram.com\\\/fuss.berlin\\\/\"]}]}<\/script>\n<!-- \/ Yoast SEO plugin. -->","yoast_head_json":{"title":"\u00c4mter und Anlaufstellen - Berlin - FUSS e.V.","description":"Zust\u00e4ndigkeiten f\u00fcr Stra\u00dfen, Gehwege und Ampeln in Berlin: Bezirke, Senat, Polizei und Ansprechpartner f\u00fcr M\u00e4ngel und Vorschl\u00e4ge.","robots":{"index":"index","follow":"follow","max-snippet":"max-snippet:-1","max-image-preview":"max-image-preview:large","max-video-preview":"max-video-preview:-1"},"canonical":"https:\/\/www.fuss-ev.de\/berlin\/infos-nuetzliches\/aemter-und-anlaufstellen\/","og_locale":"de_DE","og_type":"article","og_title":"\u00c4mter und Anlaufstellen - Berlin - FUSS e.V.","og_description":"Zust\u00e4ndigkeiten f\u00fcr Stra\u00dfen, Gehwege und Ampeln in Berlin: Bezirke, Senat, Polizei und Ansprechpartner f\u00fcr M\u00e4ngel und Vorschl\u00e4ge.","og_url":"https:\/\/www.fuss-ev.de\/berlin\/infos-nuetzliches\/aemter-und-anlaufstellen\/","og_site_name":"Berlin - FUSS e.V.","article_modified_time":"2026-02-01T11:33:10+00:00","twitter_card":"summary_large_image","twitter_misc":{"Gesch\u00e4tzte Lesezeit":"2\u00a0Minuten"},"schema":{"@context":"https:\/\/schema.org","@graph":[{"@type":"WebPage","@id":"https:\/\/www.fuss-ev.de\/berlin\/infos-nuetzliches\/aemter-und-anlaufstellen\/","url":"https:\/\/www.fuss-ev.de\/berlin\/infos-nuetzliches\/aemter-und-anlaufstellen\/","name":"\u00c4mter und Anlaufstellen - Berlin - FUSS e.V.","isPartOf":{"@id":"https:\/\/www.fuss-ev.de\/berlin\/#website"},"datePublished":"2025-04-29T13:55:30+00:00","dateModified":"2026-02-01T11:33:10+00:00","description":"Zust\u00e4ndigkeiten f\u00fcr Stra\u00dfen, Gehwege und Ampeln in Berlin: Bezirke, Senat, Polizei und Ansprechpartner f\u00fcr M\u00e4ngel und Vorschl\u00e4ge.","breadcrumb":{"@id":"https:\/\/www.fuss-ev.de\/berlin\/infos-nuetzliches\/aemter-und-anlaufstellen\/#breadcrumb"},"inLanguage":"de","potentialAction":[{"@type":"ReadAction","target":["https:\/\/www.fuss-ev.de\/berlin\/infos-nuetzliches\/aemter-und-anlaufstellen\/"]}]},{"@type":"BreadcrumbList","@id":"https:\/\/www.fuss-ev.de\/berlin\/infos-nuetzliches\/aemter-und-anlaufstellen\/#breadcrumb","itemListElement":[{"@type":"ListItem","position":1,"name":"Startseite","item":"https:\/\/www.fuss-ev.de\/berlin\/"},{"@type":"ListItem","position":2,"name":"Infos und N\u00fctzliches","item":"https:\/\/www.fuss-ev.de\/berlin\/infos-nuetzliches\/"},{"@type":"ListItem","position":3,"name":"\u00c4mter und Anlaufstellen"}]},{"@type":"WebSite","@id":"https:\/\/www.fuss-ev.de\/berlin\/#website","url":"https:\/\/www.fuss-ev.de\/berlin\/","name":"Berlin - FUSS e.V.","description":"","publisher":{"@id":"https:\/\/www.fuss-ev.de\/berlin\/#organization"},"potentialAction":[{"@type":"SearchAction","target":{"@type":"EntryPoint","urlTemplate":"https:\/\/www.fuss-ev.de\/berlin\/?s={search_term_string}"},"query-input":{"@type":"PropertyValueSpecification","valueRequired":true,"valueName":"search_term_string"}}],"inLanguage":"de"},{"@type":"Organization","@id":"https:\/\/www.fuss-ev.de\/berlin\/#organization","name":"Berlin - FUSS e.V.","url":"https:\/\/www.fuss-ev.de\/berlin\/","logo":{"@type":"ImageObject","inLanguage":"de","@id":"https:\/\/www.fuss-ev.de\/berlin\/#\/schema\/logo\/image\/","url":"https:\/\/www.fuss-ev.de\/berlin\/wp-content\/uploads\/sites\/6\/2025\/01\/FUSS_Logo.jpg","contentUrl":"https:\/\/www.fuss-ev.de\/berlin\/wp-content\/uploads\/sites\/6\/2025\/01\/FUSS_Logo.jpg","width":2082,"height":979,"caption":"Berlin - FUSS e.V."},"image":{"@id":"https:\/\/www.fuss-ev.de\/berlin\/#\/schema\/logo\/image\/"},"sameAs":["https:\/\/www.instagram.com\/fuss.berlin\/"]}]}},"publishpress_future_action":{"enabled":false,"date":"2026-05-16 04:38:11","action":"change-status","newStatus":"draft","terms":[],"taxonomy":"","extraData":[]},"publishpress_future_workflow_manual_trigger":{"enabledWorkflows":[]},"_links":{"self":[{"href":"https:\/\/www.fuss-ev.de\/berlin\/wp-json\/wp\/v2\/pages\/4715","targetHints":{"allow":["GET"]}}],"collection":[{"href":"https:\/\/www.fuss-ev.de\/berlin\/wp-json\/wp\/v2\/pages"}],"about":[{"href":"https:\/\/www.fuss-ev.de\/berlin\/wp-json\/wp\/v2\/types\/page"}],"author":[{"embeddable":true,"href":"https:\/\/www.fuss-ev.de\/berlin\/wp-json\/wp\/v2\/users\/32"}],"replies":[{"embeddable":true,"href":"https:\/\/www.fuss-ev.de\/berlin\/wp-json\/wp\/v2\/comments?post=4715"}],"version-history":[{"count":7,"href":"https:\/\/www.fuss-ev.de\/berlin\/wp-json\/wp\/v2\/pages\/4715\/revisions"}],"predecessor-version":[{"id":5739,"href":"https:\/\/www.fuss-ev.de\/berlin\/wp-json\/wp\/v2\/pages\/4715\/revisions\/5739"}],"up":[{"embeddable":true,"href":"https:\/\/www.fuss-ev.de\/berlin\/wp-json\/wp\/v2\/pages\/4958"}],"wp:attachment":[{"href":"https:\/\/www.fuss-ev.de\/berlin\/wp-json\/wp\/v2\/media?parent=4715"}],"curies":[{"name":"wp","href":"https:\/\/api.w.org\/{rel}","templated":true}]}}