{"id":4666,"date":"2025-04-15T12:00:22","date_gmt":"2025-04-15T10:00:22","guid":{"rendered":"https:\/\/www.fuss-ev.de\/berlin\/?page_id=4666"},"modified":"2026-02-01T13:40:51","modified_gmt":"2026-02-01T12:40:51","slug":"bezirke","status":"publish","type":"page","link":"https:\/\/www.fuss-ev.de\/berlin\/bezirke\/","title":{"rendered":"Bezirksgruppen"},"content":{"rendered":"<div class=\"wpb-content-wrapper\"><p>[vc_row][vc_column][vc_column_text css=&#8221;&#8221;]<\/p>\n<h1>Bezirksgruppen<\/h1>\n<p data-start=\"136\" data-end=\"343\">In Berlin gibt es mehrere <strong data-start=\"162\" data-end=\"187\">aktive Bezirksgruppen<\/strong>, die sich vor Ort engagieren: Tempelhof-Sch\u00f6neberg, Friedrichshain-Kreuzberg, Charlottenburg-Wilmersdorf, Reinickendorf und Neuk\u00f6lln.<\/p>\n<p data-start=\"345\" data-end=\"596\">F\u00fcr den Kontakt wenden Sie sich bitte direkt an die jeweilige <strong data-start=\"407\" data-end=\"423\">Bezirksseite<\/strong> oder an unser <strong data-start=\"438\" data-end=\"457\">Kontaktformular<\/strong>.<br data-start=\"458\" data-end=\"461\" \/>Auch wenn es in Ihrem Bezirk noch keine eigene Seite oder aktive Gruppe gibt: Mitglieder sind in allen Berliner Bezirken vertreten.<\/p>\n<p data-start=\"598\" data-end=\"735\">Sie haben Interesse, eine neue Bezirksgruppe mit aufzubauen?<br data-start=\"702\" data-end=\"705\" \/><strong data-start=\"708\" data-end=\"794\">Schreiben Sie uns gerne an <a class=\"decorated-link cursor-pointer\" href=\"mailto:berlin@fuss-ev.de\" rel=\"noopener\" data-start=\"737\" data-end=\"754\">berlin@fuss-ev.de<\/a> \u2013 wir freuen uns \u00fcber Ihr Engagement!<\/strong><\/p>\n<p>[\/vc_column_text][vc_row_inner][vc_column_inner][vc_column_text css=&#8221;&#8221;]<\/p>\n<h2>Aktive Bezirksgruppen in Berlin<\/h2>\n<p>[\/vc_column_text][\/vc_column_inner][\/vc_row_inner][vc_row_inner][vc_column_inner width=&#8221;1\/4&#8243;]<a href=\"https:\/\/www.fuss-ev.de\/berlin\/bezirke\/charlottenburg-wilmersdorf\/\" title=\"Charlottenburg-Wilmersdorf\" class=\"wb-media-link\">\r\n      <div class=\"single-image-holder\"><img loading=\"lazy\" decoding=\"async\" width=\"2560\" height=\"1050\" src=\"https:\/\/www.fuss-ev.de\/berlin\/wp-content\/uploads\/sites\/6\/2025\/05\/goke-obasa-17teTuhowqg-unsplash-scaled-e1748189752126.jpg\" class=\"attachment-full size-full\" alt=\"Schloss Charlottenburg\" srcset=\"https:\/\/www.fuss-ev.de\/berlin\/wp-content\/uploads\/sites\/6\/2025\/05\/goke-obasa-17teTuhowqg-unsplash-scaled-e1748189752126.jpg 2560w, https:\/\/www.fuss-ev.de\/berlin\/wp-content\/uploads\/sites\/6\/2025\/05\/goke-obasa-17teTuhowqg-unsplash-scaled-e1748189752126-300x123.jpg 300w, https:\/\/www.fuss-ev.de\/berlin\/wp-content\/uploads\/sites\/6\/2025\/05\/goke-obasa-17teTuhowqg-unsplash-scaled-e1748189752126-1024x420.jpg 1024w, https:\/\/www.fuss-ev.de\/berlin\/wp-content\/uploads\/sites\/6\/2025\/05\/goke-obasa-17teTuhowqg-unsplash-scaled-e1748189752126-768x315.jpg 768w, https:\/\/www.fuss-ev.de\/berlin\/wp-content\/uploads\/sites\/6\/2025\/05\/goke-obasa-17teTuhowqg-unsplash-scaled-e1748189752126-1536x630.jpg 1536w, https:\/\/www.fuss-ev.de\/berlin\/wp-content\/uploads\/sites\/6\/2025\/05\/goke-obasa-17teTuhowqg-unsplash-scaled-e1748189752126-2048x840.jpg 2048w\" sizes=\"auto, (max-width: 2560px) 100vw, 2560px\" \/><\/div><div class=\"wb-media-link-text-title\">Charlottenburg-Wilmersdorf<\/div><\/a>[\/vc_column_inner][vc_column_inner width=&#8221;1\/4&#8243;]<a href=\"https:\/\/www.fuss-ev.de\/berlin\/bezirke\/tempelhof-schoeneberg\/\" title=\"Tempelhof-Sch\u00f6neberg\" class=\"wb-media-link\">\r\n      <div class=\"single-image-holder\"><img loading=\"lazy\" decoding=\"async\" width=\"2560\" height=\"695\" src=\"https:\/\/www.fuss-ev.de\/berlin\/wp-content\/uploads\/sites\/6\/2025\/06\/cecile-z2wrf4N8z4-unsplash-scaled-e1749042136447.jpg\" class=\"attachment-full size-full\" alt=\"Tempelhofer Feld\" srcset=\"https:\/\/www.fuss-ev.de\/berlin\/wp-content\/uploads\/sites\/6\/2025\/06\/cecile-z2wrf4N8z4-unsplash-scaled-e1749042136447.jpg 2560w, https:\/\/www.fuss-ev.de\/berlin\/wp-content\/uploads\/sites\/6\/2025\/06\/cecile-z2wrf4N8z4-unsplash-scaled-e1749042136447-300x81.jpg 300w, https:\/\/www.fuss-ev.de\/berlin\/wp-content\/uploads\/sites\/6\/2025\/06\/cecile-z2wrf4N8z4-unsplash-scaled-e1749042136447-1024x278.jpg 1024w, https:\/\/www.fuss-ev.de\/berlin\/wp-content\/uploads\/sites\/6\/2025\/06\/cecile-z2wrf4N8z4-unsplash-scaled-e1749042136447-768x209.jpg 768w, https:\/\/www.fuss-ev.de\/berlin\/wp-content\/uploads\/sites\/6\/2025\/06\/cecile-z2wrf4N8z4-unsplash-scaled-e1749042136447-1536x417.jpg 1536w, https:\/\/www.fuss-ev.de\/berlin\/wp-content\/uploads\/sites\/6\/2025\/06\/cecile-z2wrf4N8z4-unsplash-scaled-e1749042136447-2048x556.jpg 2048w\" sizes=\"auto, (max-width: 2560px) 100vw, 2560px\" \/><\/div><div class=\"wb-media-link-text-title\">Tempelhof-Sch\u00f6neberg<\/div><\/a>[\/vc_column_inner][vc_column_inner width=&#8221;1\/4&#8243;]<a href=\"https:\/\/www.fuss-ev.de\/berlin\/bezirke\/friedrichshain-kreuzberg\/\" title=\"Friedrichshain-Kreuzberg\" class=\"wb-media-link\">\r\n      <div class=\"single-image-holder\"><img loading=\"lazy\" decoding=\"async\" width=\"2560\" height=\"853\" src=\"https:\/\/www.fuss-ev.de\/berlin\/wp-content\/uploads\/sites\/6\/2025\/04\/dan-braga-WqNhZWeeOzM-unsplash-scaled-e1745936571281.jpg\" class=\"attachment-full size-full\" alt=\"Oberbaumbruecke\" srcset=\"https:\/\/www.fuss-ev.de\/berlin\/wp-content\/uploads\/sites\/6\/2025\/04\/dan-braga-WqNhZWeeOzM-unsplash-scaled-e1745936571281.jpg 2560w, https:\/\/www.fuss-ev.de\/berlin\/wp-content\/uploads\/sites\/6\/2025\/04\/dan-braga-WqNhZWeeOzM-unsplash-scaled-e1745936571281-300x100.jpg 300w, https:\/\/www.fuss-ev.de\/berlin\/wp-content\/uploads\/sites\/6\/2025\/04\/dan-braga-WqNhZWeeOzM-unsplash-scaled-e1745936571281-1024x341.jpg 1024w, https:\/\/www.fuss-ev.de\/berlin\/wp-content\/uploads\/sites\/6\/2025\/04\/dan-braga-WqNhZWeeOzM-unsplash-scaled-e1745936571281-768x256.jpg 768w, https:\/\/www.fuss-ev.de\/berlin\/wp-content\/uploads\/sites\/6\/2025\/04\/dan-braga-WqNhZWeeOzM-unsplash-scaled-e1745936571281-1536x512.jpg 1536w, https:\/\/www.fuss-ev.de\/berlin\/wp-content\/uploads\/sites\/6\/2025\/04\/dan-braga-WqNhZWeeOzM-unsplash-scaled-e1745936571281-2048x682.jpg 2048w\" sizes=\"auto, (max-width: 2560px) 100vw, 2560px\" \/><\/div><div class=\"wb-media-link-text-title\">Friedrichshain-Kreuzberg<\/div><\/a>[\/vc_column_inner][vc_column_inner width=&#8221;1\/4&#8243;]<a href=\"https:\/\/www.fuss-ev.de\/berlin\/bezirke\/reinickendorf\/\" title=\"Reinickendorf\" class=\"wb-media-link\">\r\n      <div class=\"single-image-holder\"><img loading=\"lazy\" decoding=\"async\" width=\"2560\" height=\"1028\" src=\"https:\/\/www.fuss-ev.de\/berlin\/wp-content\/uploads\/sites\/6\/2025\/07\/jacek-dylag-PMxT0XtQ-A-unsplash-scaled-e1752055932603.jpg\" class=\"attachment-full size-full\" alt=\"Vienna pedestrians placceholder\" srcset=\"https:\/\/www.fuss-ev.de\/berlin\/wp-content\/uploads\/sites\/6\/2025\/07\/jacek-dylag-PMxT0XtQ-A-unsplash-scaled-e1752055932603.jpg 2560w, https:\/\/www.fuss-ev.de\/berlin\/wp-content\/uploads\/sites\/6\/2025\/07\/jacek-dylag-PMxT0XtQ-A-unsplash-scaled-e1752055932603-300x120.jpg 300w, https:\/\/www.fuss-ev.de\/berlin\/wp-content\/uploads\/sites\/6\/2025\/07\/jacek-dylag-PMxT0XtQ-A-unsplash-scaled-e1752055932603-1024x411.jpg 1024w, https:\/\/www.fuss-ev.de\/berlin\/wp-content\/uploads\/sites\/6\/2025\/07\/jacek-dylag-PMxT0XtQ-A-unsplash-scaled-e1752055932603-768x308.jpg 768w, https:\/\/www.fuss-ev.de\/berlin\/wp-content\/uploads\/sites\/6\/2025\/07\/jacek-dylag-PMxT0XtQ-A-unsplash-scaled-e1752055932603-1536x617.jpg 1536w, https:\/\/www.fuss-ev.de\/berlin\/wp-content\/uploads\/sites\/6\/2025\/07\/jacek-dylag-PMxT0XtQ-A-unsplash-scaled-e1752055932603-2048x822.jpg 2048w\" sizes=\"auto, (max-width: 2560px) 100vw, 2560px\" \/><\/div><div class=\"wb-media-link-text-title\">Reinickendorf<\/div><\/a>[\/vc_column_inner][\/vc_row_inner][\/vc_column][\/vc_row][vc_row][vc_column][vc_column_text css=&#8221;&#8221;]<\/p>\n<h2>Aktuelles aus den Bezirken<\/h2>\n<p>[\/vc_column_text][vc_basic_grid post_type=&#8221;post&#8221; max_items=&#8221;&#8221; style=&#8221;pagination&#8221; items_per_page=&#8221;6&#8243; css=&#8221;&#8221; grid_id=&#8221;vc_gid:1769949437567-3471dfeb-ea08-4&#8243; taxonomies=&#8221;55, 39, 24, 22, 36&#8243;][\/vc_column][vc_column][\/vc_column][\/vc_row]<\/p>\n<\/div>","protected":false},"excerpt":{"rendered":"<p>[vc_row][vc_column][vc_column_text css=&#8221;&#8221;] Bezirksgruppen In Berlin gibt es mehrere aktive Bezirksgruppen, die sich vor Ort engagieren: Tempelhof-Sch\u00f6neberg, Friedrichshain-Kreuzberg, Charlottenburg-Wilmersdorf, Reinickendorf und Neuk\u00f6lln. F\u00fcr den Kontakt wenden Sie sich bitte direkt an die jeweilige Bezirksseite oder an [&hellip;]<\/p>\n","protected":false},"author":32,"featured_media":0,"parent":0,"menu_order":3,"comment_status":"closed","ping_status":"closed","template":"","meta":{"_acf_changed":false,"_relevanssi_hide_post":"","_relevanssi_hide_content":"","_relevanssi_pin_for_all":"","_relevanssi_pin_keywords":"","_relevanssi_unpin_keywords":"","_relevanssi_related_keywords":"","_relevanssi_related_include_ids":"","_relevanssi_related_exclude_ids":"","_relevanssi_related_no_append":"","_relevanssi_related_not_related":"","_relevanssi_related_posts":"","_relevanssi_noindex_reason":"","inline_featured_image":false,"footnotes":""},"class_list":["post-4666","page","type-page","status-publish","hentry"],"acf":[],"yoast_head":"<!-- This site is optimized with the Yoast SEO plugin v27.3 - https:\/\/yoast.com\/product\/yoast-seo-wordpress\/ -->\n<title>Bezirksgruppen - Berlin - FUSS e.V.<\/title>\n<meta name=\"robots\" content=\"index, follow, max-snippet:-1, max-image-preview:large, max-video-preview:-1\" \/>\n<link rel=\"canonical\" href=\"https:\/\/www.fuss-ev.de\/berlin\/bezirke\/\" \/>\n<meta property=\"og:locale\" content=\"de_DE\" \/>\n<meta property=\"og:type\" content=\"article\" \/>\n<meta property=\"og:title\" content=\"Bezirksgruppen - Berlin - FUSS e.V.\" \/>\n<meta property=\"og:description\" content=\"[vc_row][vc_column][vc_column_text css=&#8221;&#8221;] Bezirksgruppen In Berlin gibt es mehrere aktive Bezirksgruppen, die sich vor Ort engagieren: Tempelhof-Sch\u00f6neberg, Friedrichshain-Kreuzberg, Charlottenburg-Wilmersdorf, Reinickendorf und Neuk\u00f6lln. F\u00fcr den Kontakt wenden Sie sich bitte direkt an die jeweilige Bezirksseite oder an [&hellip;]\" \/>\n<meta property=\"og:url\" content=\"https:\/\/www.fuss-ev.de\/berlin\/bezirke\/\" \/>\n<meta property=\"og:site_name\" content=\"Berlin - FUSS e.V.\" \/>\n<meta property=\"article:modified_time\" content=\"2026-02-01T12:40:51+00:00\" \/>\n<meta name=\"twitter:card\" content=\"summary_large_image\" \/>\n<meta name=\"twitter:label1\" content=\"Gesch\u00e4tzte Lesezeit\" \/>\n\t<meta name=\"twitter:data1\" content=\"2\u00a0Minuten\" \/>\n<script type=\"application\/ld+json\" class=\"yoast-schema-graph\">{\"@context\":\"https:\\\/\\\/schema.org\",\"@graph\":[{\"@type\":\"WebPage\",\"@id\":\"https:\\\/\\\/www.fuss-ev.de\\\/berlin\\\/bezirke\\\/\",\"url\":\"https:\\\/\\\/www.fuss-ev.de\\\/berlin\\\/bezirke\\\/\",\"name\":\"Bezirksgruppen - Berlin - FUSS e.V.\",\"isPartOf\":{\"@id\":\"https:\\\/\\\/www.fuss-ev.de\\\/berlin\\\/#website\"},\"datePublished\":\"2025-04-15T10:00:22+00:00\",\"dateModified\":\"2026-02-01T12:40:51+00:00\",\"breadcrumb\":{\"@id\":\"https:\\\/\\\/www.fuss-ev.de\\\/berlin\\\/bezirke\\\/#breadcrumb\"},\"inLanguage\":\"de\",\"potentialAction\":[{\"@type\":\"ReadAction\",\"target\":[\"https:\\\/\\\/www.fuss-ev.de\\\/berlin\\\/bezirke\\\/\"]}]},{\"@type\":\"BreadcrumbList\",\"@id\":\"https:\\\/\\\/www.fuss-ev.de\\\/berlin\\\/bezirke\\\/#breadcrumb\",\"itemListElement\":[{\"@type\":\"ListItem\",\"position\":1,\"name\":\"Startseite\",\"item\":\"https:\\\/\\\/www.fuss-ev.de\\\/berlin\\\/\"},{\"@type\":\"ListItem\",\"position\":2,\"name\":\"Bezirksgruppen\"}]},{\"@type\":\"WebSite\",\"@id\":\"https:\\\/\\\/www.fuss-ev.de\\\/berlin\\\/#website\",\"url\":\"https:\\\/\\\/www.fuss-ev.de\\\/berlin\\\/\",\"name\":\"Berlin - FUSS e.V.\",\"description\":\"\",\"publisher\":{\"@id\":\"https:\\\/\\\/www.fuss-ev.de\\\/berlin\\\/#organization\"},\"potentialAction\":[{\"@type\":\"SearchAction\",\"target\":{\"@type\":\"EntryPoint\",\"urlTemplate\":\"https:\\\/\\\/www.fuss-ev.de\\\/berlin\\\/?s={search_term_string}\"},\"query-input\":{\"@type\":\"PropertyValueSpecification\",\"valueRequired\":true,\"valueName\":\"search_term_string\"}}],\"inLanguage\":\"de\"},{\"@type\":\"Organization\",\"@id\":\"https:\\\/\\\/www.fuss-ev.de\\\/berlin\\\/#organization\",\"name\":\"Berlin - FUSS e.V.\",\"url\":\"https:\\\/\\\/www.fuss-ev.de\\\/berlin\\\/\",\"logo\":{\"@type\":\"ImageObject\",\"inLanguage\":\"de\",\"@id\":\"https:\\\/\\\/www.fuss-ev.de\\\/berlin\\\/#\\\/schema\\\/logo\\\/image\\\/\",\"url\":\"https:\\\/\\\/www.fuss-ev.de\\\/berlin\\\/wp-content\\\/uploads\\\/sites\\\/6\\\/2025\\\/01\\\/FUSS_Logo.jpg\",\"contentUrl\":\"https:\\\/\\\/www.fuss-ev.de\\\/berlin\\\/wp-content\\\/uploads\\\/sites\\\/6\\\/2025\\\/01\\\/FUSS_Logo.jpg\",\"width\":2082,\"height\":979,\"caption\":\"Berlin - FUSS e.V.\"},\"image\":{\"@id\":\"https:\\\/\\\/www.fuss-ev.de\\\/berlin\\\/#\\\/schema\\\/logo\\\/image\\\/\"},\"sameAs\":[\"https:\\\/\\\/www.instagram.com\\\/fuss.berlin\\\/\"]}]}<\/script>\n<!-- \/ Yoast SEO plugin. -->","yoast_head_json":{"title":"Bezirksgruppen - Berlin - FUSS e.V.","robots":{"index":"index","follow":"follow","max-snippet":"max-snippet:-1","max-image-preview":"max-image-preview:large","max-video-preview":"max-video-preview:-1"},"canonical":"https:\/\/www.fuss-ev.de\/berlin\/bezirke\/","og_locale":"de_DE","og_type":"article","og_title":"Bezirksgruppen - Berlin - FUSS e.V.","og_description":"[vc_row][vc_column][vc_column_text css=&#8221;&#8221;] Bezirksgruppen In Berlin gibt es mehrere aktive Bezirksgruppen, die sich vor Ort engagieren: Tempelhof-Sch\u00f6neberg, Friedrichshain-Kreuzberg, Charlottenburg-Wilmersdorf, Reinickendorf und Neuk\u00f6lln. F\u00fcr den Kontakt wenden Sie sich bitte direkt an die jeweilige Bezirksseite oder an [&hellip;]","og_url":"https:\/\/www.fuss-ev.de\/berlin\/bezirke\/","og_site_name":"Berlin - FUSS e.V.","article_modified_time":"2026-02-01T12:40:51+00:00","twitter_card":"summary_large_image","twitter_misc":{"Gesch\u00e4tzte Lesezeit":"2\u00a0Minuten"},"schema":{"@context":"https:\/\/schema.org","@graph":[{"@type":"WebPage","@id":"https:\/\/www.fuss-ev.de\/berlin\/bezirke\/","url":"https:\/\/www.fuss-ev.de\/berlin\/bezirke\/","name":"Bezirksgruppen - Berlin - FUSS e.V.","isPartOf":{"@id":"https:\/\/www.fuss-ev.de\/berlin\/#website"},"datePublished":"2025-04-15T10:00:22+00:00","dateModified":"2026-02-01T12:40:51+00:00","breadcrumb":{"@id":"https:\/\/www.fuss-ev.de\/berlin\/bezirke\/#breadcrumb"},"inLanguage":"de","potentialAction":[{"@type":"ReadAction","target":["https:\/\/www.fuss-ev.de\/berlin\/bezirke\/"]}]},{"@type":"BreadcrumbList","@id":"https:\/\/www.fuss-ev.de\/berlin\/bezirke\/#breadcrumb","itemListElement":[{"@type":"ListItem","position":1,"name":"Startseite","item":"https:\/\/www.fuss-ev.de\/berlin\/"},{"@type":"ListItem","position":2,"name":"Bezirksgruppen"}]},{"@type":"WebSite","@id":"https:\/\/www.fuss-ev.de\/berlin\/#website","url":"https:\/\/www.fuss-ev.de\/berlin\/","name":"Berlin - FUSS e.V.","description":"","publisher":{"@id":"https:\/\/www.fuss-ev.de\/berlin\/#organization"},"potentialAction":[{"@type":"SearchAction","target":{"@type":"EntryPoint","urlTemplate":"https:\/\/www.fuss-ev.de\/berlin\/?s={search_term_string}"},"query-input":{"@type":"PropertyValueSpecification","valueRequired":true,"valueName":"search_term_string"}}],"inLanguage":"de"},{"@type":"Organization","@id":"https:\/\/www.fuss-ev.de\/berlin\/#organization","name":"Berlin - FUSS e.V.","url":"https:\/\/www.fuss-ev.de\/berlin\/","logo":{"@type":"ImageObject","inLanguage":"de","@id":"https:\/\/www.fuss-ev.de\/berlin\/#\/schema\/logo\/image\/","url":"https:\/\/www.fuss-ev.de\/berlin\/wp-content\/uploads\/sites\/6\/2025\/01\/FUSS_Logo.jpg","contentUrl":"https:\/\/www.fuss-ev.de\/berlin\/wp-content\/uploads\/sites\/6\/2025\/01\/FUSS_Logo.jpg","width":2082,"height":979,"caption":"Berlin - FUSS e.V."},"image":{"@id":"https:\/\/www.fuss-ev.de\/berlin\/#\/schema\/logo\/image\/"},"sameAs":["https:\/\/www.instagram.com\/fuss.berlin\/"]}]}},"publishpress_future_action":{"enabled":false,"date":"2026-04-22 09:23:09","action":"change-status","newStatus":"draft","terms":[],"taxonomy":"","extraData":[]},"publishpress_future_workflow_manual_trigger":{"enabledWorkflows":[]},"_links":{"self":[{"href":"https:\/\/www.fuss-ev.de\/berlin\/wp-json\/wp\/v2\/pages\/4666","targetHints":{"allow":["GET"]}}],"collection":[{"href":"https:\/\/www.fuss-ev.de\/berlin\/wp-json\/wp\/v2\/pages"}],"about":[{"href":"https:\/\/www.fuss-ev.de\/berlin\/wp-json\/wp\/v2\/types\/page"}],"author":[{"embeddable":true,"href":"https:\/\/www.fuss-ev.de\/berlin\/wp-json\/wp\/v2\/users\/32"}],"replies":[{"embeddable":true,"href":"https:\/\/www.fuss-ev.de\/berlin\/wp-json\/wp\/v2\/comments?post=4666"}],"version-history":[{"count":12,"href":"https:\/\/www.fuss-ev.de\/berlin\/wp-json\/wp\/v2\/pages\/4666\/revisions"}],"predecessor-version":[{"id":5766,"href":"https:\/\/www.fuss-ev.de\/berlin\/wp-json\/wp\/v2\/pages\/4666\/revisions\/5766"}],"wp:attachment":[{"href":"https:\/\/www.fuss-ev.de\/berlin\/wp-json\/wp\/v2\/media?parent=4666"}],"curies":[{"name":"wp","href":"https:\/\/api.w.org\/{rel}","templated":true}]}}